{"id":4231,"date":"2016-01-27T10:25:38","date_gmt":"2016-01-27T09:25:38","guid":{"rendered":"http:\/\/ecorrector.com\/de\/?page_id=4231"},"modified":"2017-11-21T12:25:03","modified_gmt":"2017-11-21T11:25:03","slug":"professionelle-uebersetzungen-experten-muttersprachler","status":"publish","type":"page","link":"https:\/\/ecorrector.com\/de\/professionelle-uebersetzungen-experten-muttersprachler\/","title":{"rendered":"Professionelle \u00dcbersetzungen &#8211; Experten und Muttersprachler"},"content":{"rendered":"[vc_row][vc_column][vc_column_text css_animation=&#8221;top-to-bottom&#8221;]\n<div style=\"text-align: center;\">\n<h1 style=\"margin-bottom: 25px; text-align: left;\"><strong><span style=\"color: #fd7800; line-height: 1;\">Unser Team<\/span><\/strong><\/h1>\n<h2 style=\"margin-bottom: 0px; text-align: left;\"><span style=\"font-size: 1px; color: #ffffff; line-height: 1;\">Professionelle \u00dcbersetzungen von Experten Muttersprachler<\/span><\/h2>\n<\/div>\n<div class=\"one_fourth\">\n<div style=\"padding-top: 65px;\"><img decoding=\"async\" class=\"mark-photo aligncenter\" title=\"photo\" src=\"http:\/\/ecorrector.com\/wp-content\/uploads\/2015\/10\/mark.png\" alt=\"Professionelle \u00dcbersetzungen - Mark hunt\" width=\"100%\" \/><\/div>\n<\/div>\n<div class=\"three_fourth last_column\">\n<h3><span style=\"color: #1e90ff;\">Mark J Hunt, PhD<\/span><\/h3>\n<h6><span style=\"color: #1e90ff;\"><strong>Gr\u00fcnder, Wissenschaftlicher Leiter,<\/strong><\/span><\/h6>\n<p style=\"text-align: justify;\">Dr. Mark J Hunt, Co-Gr\u00fcnder von eCORRECTOR, ist im Besitz eines BSc in Pharmakologie des renommierten King?s College in London und eines PhD in Pharmakologie des TrinityCollege, University of Cambridge. Mark hat zahlreiche Texte und Publikationen in Biomedizin ver\u00f6ffentlicht (u.a. im Neurologischen Journal, Neurologische Wissenschaften, Biologische Psychiatrie, usw.). Er kennt den hohen Standard f\u00fcr wissenschaftliche Artikel und hat zahlreichen Wissenschaftlern dabei geholfen, deren Arbeiten erfolgreich zu publizieren.<br \/>\n<strong>E-mail:<\/strong> <a href=\"mailto:mhunt@ecorrector.com\">mhunt@ecorrector.com<\/a><br \/>\n<strong>Telefon:<\/strong> (0044) 7884-977-809<br \/>\n<\/div>\n<div class=\"divider top-of-page\"><a href=\"#top\" title=\"Top of Page\">Back to Top<\/a><\/div>\n<div class=\"one_fourth\">\n<div style=\"padding-top: 38px;\"><img decoding=\"async\" title=\"photo\" src=\"http:\/\/ecorrector.com\/wp-content\/uploads\/2015\/10\/dorota.png\" alt=\"Translation Services - Dorota Sakowska\" width=\"100%\" \/><\/div>\n<\/div> <div class=\"three_fourth last_column\">\n<h3><span style=\"color: #1e90ff;\">Dorota Sakowska, MBA<\/span><\/h3>\n<h6><span style=\"color: #1e90ff;\"><strong>Gr\u00fcnderin, Gesch\u00e4ftsf\u00fchrerin,<\/strong><\/span><\/h6>\n<p style=\"text-align: justify;\">Dorota Sakowska, Co-Gr\u00fcnderin von eCORRECTOR, besitzt einen Masters in Internationalen Beziehungen der Universit\u00e4t Lodz und einen MBA von der Universit\u00e4t von Monaco. Dorota spricht f\u00fcnf Sprachen und war f\u00fcr mehr als 15 Jahre als Marketingdirektorin bei Sako-Expo besch\u00e4ftigt. Durch ihre langj\u00e4hrige Erfahrung in internationalen Gesch\u00e4ftsbeziehungen kennt sie den hohen Standard und die Wichtigkeit einer zweckgebundenen Sprache, um gesch\u00e4ftliche Texte den Kunden verst\u00e4ndlich zu machen.<br \/>\n<strong>E-mail:<\/strong> <a href=\"mailto:dorota@ecorrector.com\">dorota@ecorrector.com<\/a><br \/>\n<strong>Telefon:<\/strong> (0048) 602-224-277<br \/>\n<\/div>\n<div class=\"divider top-of-page\"><a href=\"#top\" title=\"Top of Page\">Back to Top<\/a><\/div>\n[\/vc_column_text][vc_column_text css_animation=&#8221;bottom-to-top&#8221;]<div class=\"one_fourth\">\n<div style=\"padding-top: 70px;\"><img decoding=\"async\" class=\"mark-zdjecie aligncenter\" title=\"photo\" src=\"http:\/\/ecorrector.com\/wp-content\/uploads\/2015\/10\/kolko-agata.png\" alt=\"Translation Services - Agata Lena Sibilska\" width=\"100%\" \/><\/div>\n<\/div>\n<div class=\"three_fourth last_column\">\n<h3><span style=\"color: #1e90ff;\">Agata Lena Sibilska, MSc<\/span><\/h3>\n<h6><span style=\"color: #1e90ff;\"><strong>Kundenservice<\/strong><\/span><\/h6>\n<p style=\"text-align: justify;\">W\u00f6rter sind ihre Leidenschaft und sie besitzt einen Master in russischer Staatskunde. Sie liebt B\u00fccher \u00fcber alles und hat viel Spa\u00df beim Lesen. Agata liebt es, mit Fremdsprachlern zusammenzuarbeiten, weil es ihr eine einzigartige M\u00f6glichkeit bietet, sich mit Personen aus vielen verschiedenen Kulturen auszutauschen. Neben ihrem Hobby, dem Motorradfahren, trifft man sie auch oft auf der Pferderennbahn mit ihrer treuen Stute Domino.<br \/>\n<strong>E-mail:<\/strong> <a href=\"mailto:info@ecorrector.com\">info@ecorrector.com<\/a><br \/>\n<strong>Telefon:<\/strong> (0048) 607 770 235<br \/>\n<\/div>\n<div class=\"divider top-of-page\"><a href=\"#top\" title=\"Top of Page\">Back to Top<\/a><\/div>\n[\/vc_column_text][vc_column_text css_animation=&#8221;top-to-bottom&#8221; css=&#8221;.vc_custom_1467108669722{padding-bottom: 20px !important;}&#8221;]\n<h1 style=\"text-align: center;\"><span style=\"font-weight: 500; color: #808080; font-size: 22px; line-height: 28px; margin: 0px 0px 16px;\">Wir arbeiten mit mehr als 200 Muttersprachlern weltweit<\/span><\/h1>\n[\/vc_column_text][\/vc_column][\/vc_row][vc_row css=&#8221;.vc_custom_1446035319719{margin-top: -20px !important;}&#8221;][vc_column width=&#8221;3\/4&#8243;][vc_column_text css_animation=&#8221;left-to-right&#8221; css=&#8221;.vc_custom_1446803391040{margin-top: -20px !important;}&#8221;]\t\t<style type=\"text\/css\">\r\n\t\t    #content-block-background-1292 { background-image: url(http:\/\/ecorrector.com\/wp-content\/uploads\/2015\/10\/110.jpg); background-position: center center; background-repeat: repeat-x; background-color: #293037; background-attachment: fixed; background-size: auto; }\r\n\t\t    #content-block-body-1292 { padding: 35px 0 35px 0; color: #FFFFFF; }\r\n\t\t    .content-block-body { margin-left: auto; margin-right: auto; position: relative; }\r\n\t\t<\/style>\r\n\t\t\t\t\t<style type=\"text\/css\">\r\n\t\t\t\t#wrapper-1 { overflow-x: hidden; }\r\n\t\t\t\t#content-block-background-1292 { margin: 0 -10000px; padding: 0 10000px; }\r\n\t\t\t<\/style>\r\n\t\t\r\n\t\t\r\n\t\t<div class=\"clear\"><\/div>\r\n\t\t<div id=\"content-block-background-1292\" class=\"content-block-background we-are-passionate-block\">\r\n\t\t\t<div id=\"content-block-body-1292\" class=\"content-block-body\">\r\n\t\t\t\t<div class=\"clear\"><\/div>\r\n\t\t\t\t\n<div style=\"text-align: center;\">\n<h4 style=\"margin-bottom: 30px; text-align: left;\"><span style=\"font-size: 36px; color: #fd7800; line-height: 1.2;\">Warum ist es von Vorteil, mit Muttersprachlern zusammenzuarbeiten?<\/span><\/h4>\n<\/div>\n<div style=\"font-size: 1.2em; color: #a9a9a9;\">\n<ul class=\"list-2\" style=\"color: #999999; font-size: 17px !important; margin-top: 20px;\">\n<li><span style=\"color: #ffffff;\">um den staendiigen Anfragen internationaler Medien gerecht zu werden<\/span><\/li>\n<li><span style=\"color: #ffffff;\">um Ihre Produkte mit korrektem Sprachgebrauch zu bewerben<\/span><\/li>\n<li><span style=\"color: #ffffff;\">um Ihre Ideen im gewaehlten Land den Kunden gegenueber klar darzustellen<\/span><\/li>\n<\/ul>\n<\/div>\n\t\t\t\t<div class=\"clear\"><\/div>\r\n\t\t\t<\/div>\r\n\t\t<\/div>\r\n\t\t<div class=\"clear\"><\/div>\r\n\t[\/vc_column_text][\/vc_column][vc_column width=&#8221;1\/4&#8243; css=&#8221;.vc_custom_1446559252998{margin-top: 30px !important;}&#8221;][vc_column_text css_animation=&#8221;right-to-left&#8221;][vc_btn title=&#8221;Unsere Muttersprachlern&#8221; style=&#8221;3d&#8221; shape=&#8221;round&#8221; color=&#8221;primary&#8221; size=&#8221;lg&#8221; align=&#8221;center&#8221; css_animation=&#8221;top-to-bottom&#8221; link=&#8221;url:http%3A%2F%2Fecorrector.com%2Fde%2Funser-experte-englisch-muttersprachler%2F|title:Unsere Muttersprachlern|&#8221; css=&#8221;.vc_custom_1445942189510{margin-top: -20px !important;}&#8221;][\/vc_column_text][\/vc_column][\/vc_row]\n","protected":false},"excerpt":{"rendered":"<p>[vc_row][vc_column][vc_column_text css_animation=&#8221;top-to-bottom&#8221;] Unser Team Professionelle \u00dcbersetzungen von Experten Muttersprachler [\/vc_column_text][vc_column_text css_animation=&#8221;bottom-to-top&#8221;] [\/vc_column_text][vc_column_text css_animation=&#8221;top-to-bottom&#8221; css=&#8221;.vc_custom_1467108669722{padding-bottom: 20px !important;}&#8221;] Wir arbeiten mit mehr als 200 Muttersprachlern weltweit [\/vc_column_text][\/vc_column][\/vc_row][vc_row css=&#8221;.vc_custom_1446035319719{margin-top: -20px !important;}&#8221;][vc_column width=&#8221;3\/4&#8243;][vc_column_text css_animation=&#8221;left-to-right&#8221; css=&#8221;.vc_custom_1446803391040{margin-top: -20px !important;}&#8221;][\/vc_column_text][\/vc_column][vc_column width=&#8221;1\/4&#8243; css=&#8221;.vc_custom_1446559252998{margin-top: 30px !important;}&#8221;][vc_column_text css_animation=&#8221;right-to-left&#8221;][vc_btn title=&#8221;Unsere Muttersprachlern&#8221; style=&#8221;3d&#8221; shape=&#8221;round&#8221; color=&#8221;primary&#8221; size=&#8221;lg&#8221; align=&#8221;center&#8221; css_animation=&#8221;top-to-bottom&#8221; link=&#8221;url:http%3A%2F%2Fecorrector.com%2Fde%2Funser-experte-englisch-muttersprachler%2F|title:Unsere Muttersprachlern|&#8221; css=&#8221;.vc_custom_1445942189510{margin-top: -20px !important;}&#8221;][\/vc_column_text][\/vc_column][\/vc_row]<\/p>\n","protected":false},"author":1,"featured_media":0,"parent":0,"menu_order":0,"comment_status":"closed","ping_status":"closed","template":"page-FullWidth.php","meta":{"_monsterinsights_skip_tracking":false,"_monsterinsights_sitenote_active":false,"_monsterinsights_sitenote_note":"","_monsterinsights_sitenote_category":0,"footnotes":""},"class_list":["post-4231","page","type-page","status-publish","hentry"],"yoast_head":"<!-- This site is optimized with the Yoast SEO plugin v21.0 - https:\/\/yoast.com\/wordpress\/plugins\/seo\/ -->\n<title>Professionelle \u00dcbersetzungen - Experten und Muttersprachler - eCORRECTOR<\/title>\n<meta name=\"robots\" content=\"index, follow, max-snippet:-1, max-image-preview:large, max-video-preview:-1\" \/>\n<link rel=\"canonical\" href=\"https:\/\/ecorrector.com\/de\/professionelle-uebersetzungen-experten-muttersprachler\/\" \/>\n<meta property=\"og:locale\" content=\"de_DE\" \/>\n<meta property=\"og:type\" content=\"article\" \/>\n<meta property=\"og:title\" content=\"Professionelle \u00dcbersetzungen - Experten und Muttersprachler - eCORRECTOR\" \/>\n<meta property=\"og:description\" content=\"[vc_row][vc_column][vc_column_text css_animation=&#8221;top-to-bottom&#8221;] Unser Team Professionelle \u00dcbersetzungen von Experten Muttersprachler [\/vc_column_text][vc_column_text css_animation=&#8221;bottom-to-top&#8221;] [\/vc_column_text][vc_column_text css_animation=&#8221;top-to-bottom&#8221; css=&#8221;.vc_custom_1467108669722{padding-bottom: 20px !important;}&#8221;] Wir arbeiten mit mehr als 200 Muttersprachlern weltweit [\/vc_column_text][\/vc_column][\/vc_row][vc_row css=&#8221;.vc_custom_1446035319719{margin-top: -20px !important;}&#8221;][vc_column width=&#8221;3\/4&#8243;][vc_column_text css_animation=&#8221;left-to-right&#8221; css=&#8221;.vc_custom_1446803391040{margin-top: -20px !important;}&#8221;][\/vc_column_text][\/vc_column][vc_column width=&#8221;1\/4&#8243; css=&#8221;.vc_custom_1446559252998{margin-top: 30px !important;}&#8221;][vc_column_text css_animation=&#8221;right-to-left&#8221;][vc_btn title=&#8221;Unsere Muttersprachlern&#8221; style=&#8221;3d&#8221; shape=&#8221;round&#8221; color=&#8221;primary&#8221; size=&#8221;lg&#8221; align=&#8221;center&#8221; css_animation=&#8221;top-to-bottom&#8221; link=&#8221;url:http%3A%2F%2Fecorrector.com%2Fde%2Funser-experte-englisch-muttersprachler%2F|title:Unsere Muttersprachlern|&#8221; css=&#8221;.vc_custom_1445942189510{margin-top: -20px !important;}&#8221;][\/vc_column_text][\/vc_column][\/vc_row]\" \/>\n<meta property=\"og:url\" content=\"https:\/\/ecorrector.com\/de\/professionelle-uebersetzungen-experten-muttersprachler\/\" \/>\n<meta property=\"og:site_name\" content=\"eCORRECTOR\" \/>\n<meta property=\"article:modified_time\" content=\"2017-11-21T11:25:03+00:00\" \/>\n<meta property=\"og:image\" content=\"http:\/\/ecorrector.com\/wp-content\/uploads\/2015\/10\/mark.png\" \/>\n<meta name=\"twitter:card\" content=\"summary_large_image\" \/>\n<meta name=\"twitter:label1\" content=\"Gesch\u00e4tzte Lesezeit\" \/>\n\t<meta name=\"twitter:data1\" content=\"3\u00a0Minuten\" \/>\n<script type=\"application\/ld+json\" class=\"yoast-schema-graph\">{\"@context\":\"https:\/\/schema.org\",\"@graph\":[{\"@type\":\"WebPage\",\"@id\":\"https:\/\/ecorrector.com\/de\/professionelle-uebersetzungen-experten-muttersprachler\/\",\"url\":\"https:\/\/ecorrector.com\/de\/professionelle-uebersetzungen-experten-muttersprachler\/\",\"name\":\"Professionelle \u00dcbersetzungen - Experten und Muttersprachler - eCORRECTOR\",\"isPartOf\":{\"@id\":\"https:\/\/ecorrector.com\/#website\"},\"datePublished\":\"2016-01-27T09:25:38+00:00\",\"dateModified\":\"2017-11-21T11:25:03+00:00\",\"breadcrumb\":{\"@id\":\"https:\/\/ecorrector.com\/de\/professionelle-uebersetzungen-experten-muttersprachler\/#breadcrumb\"},\"inLanguage\":\"de\",\"potentialAction\":[{\"@type\":\"ReadAction\",\"target\":[\"https:\/\/ecorrector.com\/de\/professionelle-uebersetzungen-experten-muttersprachler\/\"]}]},{\"@type\":\"BreadcrumbList\",\"@id\":\"https:\/\/ecorrector.com\/de\/professionelle-uebersetzungen-experten-muttersprachler\/#breadcrumb\",\"itemListElement\":[{\"@type\":\"ListItem\",\"position\":1,\"name\":\"Home\",\"item\":\"https:\/\/ecorrector.com\/de\/\"},{\"@type\":\"ListItem\",\"position\":2,\"name\":\"Professionelle \u00dcbersetzungen &#8211; Experten und Muttersprachler\"}]},{\"@type\":\"WebSite\",\"@id\":\"https:\/\/ecorrector.com\/#website\",\"url\":\"https:\/\/ecorrector.com\/\",\"name\":\"eCORRECTOR\",\"description\":\"\u00dcbersetzen und Korrekturlesen von Muttersprachler\",\"potentialAction\":[{\"@type\":\"SearchAction\",\"target\":{\"@type\":\"EntryPoint\",\"urlTemplate\":\"https:\/\/ecorrector.com\/?s={search_term_string}\"},\"query-input\":\"required name=search_term_string\"}],\"inLanguage\":\"de\"}]}<\/script>\n<!-- \/ Yoast SEO plugin. -->","yoast_head_json":{"title":"Professionelle \u00dcbersetzungen - Experten und Muttersprachler - eCORRECTOR","robots":{"index":"index","follow":"follow","max-snippet":"max-snippet:-1","max-image-preview":"max-image-preview:large","max-video-preview":"max-video-preview:-1"},"canonical":"https:\/\/ecorrector.com\/de\/professionelle-uebersetzungen-experten-muttersprachler\/","og_locale":"de_DE","og_type":"article","og_title":"Professionelle \u00dcbersetzungen - Experten und Muttersprachler - eCORRECTOR","og_description":"[vc_row][vc_column][vc_column_text css_animation=&#8221;top-to-bottom&#8221;] Unser Team Professionelle \u00dcbersetzungen von Experten Muttersprachler [\/vc_column_text][vc_column_text css_animation=&#8221;bottom-to-top&#8221;] [\/vc_column_text][vc_column_text css_animation=&#8221;top-to-bottom&#8221; css=&#8221;.vc_custom_1467108669722{padding-bottom: 20px !important;}&#8221;] Wir arbeiten mit mehr als 200 Muttersprachlern weltweit [\/vc_column_text][\/vc_column][\/vc_row][vc_row css=&#8221;.vc_custom_1446035319719{margin-top: -20px !important;}&#8221;][vc_column width=&#8221;3\/4&#8243;][vc_column_text css_animation=&#8221;left-to-right&#8221; css=&#8221;.vc_custom_1446803391040{margin-top: -20px !important;}&#8221;][\/vc_column_text][\/vc_column][vc_column width=&#8221;1\/4&#8243; css=&#8221;.vc_custom_1446559252998{margin-top: 30px !important;}&#8221;][vc_column_text css_animation=&#8221;right-to-left&#8221;][vc_btn title=&#8221;Unsere Muttersprachlern&#8221; style=&#8221;3d&#8221; shape=&#8221;round&#8221; color=&#8221;primary&#8221; size=&#8221;lg&#8221; align=&#8221;center&#8221; css_animation=&#8221;top-to-bottom&#8221; link=&#8221;url:http%3A%2F%2Fecorrector.com%2Fde%2Funser-experte-englisch-muttersprachler%2F|title:Unsere Muttersprachlern|&#8221; css=&#8221;.vc_custom_1445942189510{margin-top: -20px !important;}&#8221;][\/vc_column_text][\/vc_column][\/vc_row]","og_url":"https:\/\/ecorrector.com\/de\/professionelle-uebersetzungen-experten-muttersprachler\/","og_site_name":"eCORRECTOR","article_modified_time":"2017-11-21T11:25:03+00:00","og_image":[{"url":"http:\/\/ecorrector.com\/wp-content\/uploads\/2015\/10\/mark.png"}],"twitter_card":"summary_large_image","twitter_misc":{"Gesch\u00e4tzte Lesezeit":"3\u00a0Minuten"},"schema":{"@context":"https:\/\/schema.org","@graph":[{"@type":"WebPage","@id":"https:\/\/ecorrector.com\/de\/professionelle-uebersetzungen-experten-muttersprachler\/","url":"https:\/\/ecorrector.com\/de\/professionelle-uebersetzungen-experten-muttersprachler\/","name":"Professionelle \u00dcbersetzungen - Experten und Muttersprachler - eCORRECTOR","isPartOf":{"@id":"https:\/\/ecorrector.com\/#website"},"datePublished":"2016-01-27T09:25:38+00:00","dateModified":"2017-11-21T11:25:03+00:00","breadcrumb":{"@id":"https:\/\/ecorrector.com\/de\/professionelle-uebersetzungen-experten-muttersprachler\/#breadcrumb"},"inLanguage":"de","potentialAction":[{"@type":"ReadAction","target":["https:\/\/ecorrector.com\/de\/professionelle-uebersetzungen-experten-muttersprachler\/"]}]},{"@type":"BreadcrumbList","@id":"https:\/\/ecorrector.com\/de\/professionelle-uebersetzungen-experten-muttersprachler\/#breadcrumb","itemListElement":[{"@type":"ListItem","position":1,"name":"Home","item":"https:\/\/ecorrector.com\/de\/"},{"@type":"ListItem","position":2,"name":"Professionelle \u00dcbersetzungen &#8211; Experten und Muttersprachler"}]},{"@type":"WebSite","@id":"https:\/\/ecorrector.com\/#website","url":"https:\/\/ecorrector.com\/","name":"eCORRECTOR","description":"\u00dcbersetzen und Korrekturlesen von Muttersprachler","potentialAction":[{"@type":"SearchAction","target":{"@type":"EntryPoint","urlTemplate":"https:\/\/ecorrector.com\/?s={search_term_string}"},"query-input":"required name=search_term_string"}],"inLanguage":"de"}]}},"_links":{"self":[{"href":"https:\/\/ecorrector.com\/de\/wp-json\/wp\/v2\/pages\/4231","targetHints":{"allow":["GET"]}}],"collection":[{"href":"https:\/\/ecorrector.com\/de\/wp-json\/wp\/v2\/pages"}],"about":[{"href":"https:\/\/ecorrector.com\/de\/wp-json\/wp\/v2\/types\/page"}],"author":[{"embeddable":true,"href":"https:\/\/ecorrector.com\/de\/wp-json\/wp\/v2\/users\/1"}],"replies":[{"embeddable":true,"href":"https:\/\/ecorrector.com\/de\/wp-json\/wp\/v2\/comments?post=4231"}],"version-history":[{"count":0,"href":"https:\/\/ecorrector.com\/de\/wp-json\/wp\/v2\/pages\/4231\/revisions"}],"wp:attachment":[{"href":"https:\/\/ecorrector.com\/de\/wp-json\/wp\/v2\/media?parent=4231"}],"curies":[{"name":"wp","href":"https:\/\/api.w.org\/{rel}","templated":true}]}}