{"id":4242,"date":"2016-01-27T13:08:45","date_gmt":"2016-01-27T12:08:45","guid":{"rendered":"http:\/\/ecorrector.com\/de\/?page_id=4242"},"modified":"2016-02-04T09:52:23","modified_gmt":"2016-02-04T08:52:23","slug":"professionellen-texterstellung","status":"publish","type":"page","link":"https:\/\/ecorrector.com\/de\/professionellen-texterstellung\/","title":{"rendered":"Erfahrung bei professioneller Texterstellung"},"content":{"rendered":"[vc_row][vc_column][vc_column_text css_animation=&#8221;appear&#8221;][vc_row][vc_column][vc_column_text css_animation=&#8221;appear&#8221;]\t\t<style type=\"text\/css\">\r\n\t\t    #content-block-background-1717 { background-image: url(http:\/\/ecorrector.com\/wp-content\/uploads\/2015\/10\/33.jpg); background-position: center center; background-repeat: repeat-x; background-color: #293037; background-attachment: fixed; background-size: auto; }\r\n\t\t    #content-block-body-1717 { padding: 10px 0 0; color: #FFFFFF; }\r\n\t\t    .content-block-body { margin-left: auto; margin-right: auto; position: relative; }\r\n\t\t<\/style>\r\n\t\t\t\t\t<style type=\"text\/css\">\r\n\t\t\t\t#wrapper-1 { overflow-x: hidden; }\r\n\t\t\t\t#content-block-background-1717 { margin: 0 -10000px; padding: 0 10000px; }\r\n\t\t\t<\/style>\r\n\t\t\r\n\t\t\r\n\t\t<div class=\"clear\"><\/div>\r\n\t\t<div id=\"content-block-background-1717\" class=\"content-block-background we-are-passionate-block\">\r\n\t\t\t<div id=\"content-block-body-1717\" class=\"content-block-body\">\r\n\t\t\t\t<div class=\"clear\"><\/div>\r\n\t\t\t\t\n<div style=\"text-align: center;\">\n<h1 style=\"margin-bottom: 0px;\"><span style=\"font-size: 1px; color: #1b2741; line-height: 1;\">Erfahrungen in einem professionellen Texterstellung<\/span><\/h1>\n<h4 style=\"margin-bottom: 10px;\"><span style=\"font-size: 36px; color: #ffffff; line-height: 1.2;\">Texterstellung<\/span><\/h4>\n[vc_separator color=&#8221;white&#8221; border_width=&#8221;2&#8243; el_width=&#8221;90&#8243;]\n<h5 style=\"margin-bottom: 20px; margin-top: -30px;\"><span style=\"font-size: 20px; color: #adaaaa; line-height: 1.5;\">eCORRECTOR kann Ihnen bei der Erstellung ihrer Marketing und Medientexte behilflich sein<\/span><\/h5>\n<div class=\"one_third\"><a href=\"http:\/\/ecorrector.com\/de\/kataloge-der-firma-amway-fuer-den-winter-20152016\/\"><img decoding=\"async\" class=\"aligncenter\" src=\"http:\/\/ecorrector.com\/wp-content\/uploads\/2015\/10\/1-1.png\" alt=\"Professionellen Texterstellung von erfahrenen Muttersprachlern\" \/><\/a><\/p>\n<div style=\"text-align: center;\">\n<h3 style=\"margin: 0 auto; padding-bottom: 20px;\"><span style=\"color: #ffffff;\"><a style=\"color: #ffffff;\" title=\"Texterstellung von erfahrenen Muttersprachlern\" href=\"http:\/\/ecorrector.com\/de\/kataloge-der-firma-amway-fuer-den-winter-20152016\/\">Texterstellung durch erfahrene Muttersprachler<\/a><\/span><\/h3>\n<\/div>\n<\/div> <div class=\"one_third\"><a href=\"http:\/\/ecorrector.com\/de\/kataloge-der-firma-amway-fuer-den-winter-20152016\/\"><img decoding=\"async\" class=\"aligncenter\" src=\"http:\/\/ecorrector.com\/wp-content\/uploads\/2015\/10\/6.png\" alt=\"Copywriting by experience native speakers\" \/><\/a><\/p>\n<div style=\"text-align: center;\">\n<h3 style=\"margin: 0 auto; padding-bottom: 20px;\"><span style=\"color: #ffffff;\"><a style=\"color: #ffffff;\" title=\"Texte f\u00fcr Blogs, Firmenwebseiten, Kataloge und andere Gesch\u00e4ftstexte\" href=\"http:\/\/ecorrector.com\/de\/kataloge-der-firma-amway-fuer-den-winter-20152016\/\">Texte f\u00fcr Blogs, Firmenwebseiten, Kataloge und andere Gesch\u00e4ftstexte<\/a><\/span><\/h3>\n<\/div>\n<\/div> <div class=\"one_third last_column\"><a href=\"http:\/\/ecorrector.com\/en\/copywriting-for-amways-winter-catalogue\/\"><img decoding=\"async\" class=\"aligncenter\" src=\"http:\/\/ecorrector.com\/wp-content\/uploads\/2015\/10\/31.png\" alt=\"Lernen Sie mehr\" \/><\/a><\/p>\n<div style=\"text-align: center;\">\n<h3 style=\"margin: 0px auto; padding-bottom: 20px;\"><span style=\"color: #ffffff;\"><a style=\"color: #ffffff;\" title=\"Lernen Sie mehr\" href=\"http:\/\/ecorrector.com\/de\/kataloge-der-firma-amway-fuer-den-winter-20152016\/\">Lernen Sie mehr<\/a><\/span><\/h3>\n<\/div>\n<\/div>\n<\/div>\n\t\t\t\t<div class=\"clear\"><\/div>\r\n\t\t\t<\/div>\r\n\t\t<\/div>\r\n\t\t<div class=\"clear\"><\/div>\r\n\t[\/vc_column_text][\/vc_column][\/vc_row][vc_row][vc_column][vc_column_text css_animation=&#8221;top-to-bottom&#8221;]\n<h5 style=\"margin-bottom: 0px; margin-top: 0px; text-align: center;\"><span style=\"font-size: 18px; color: #000000; line-height: 1.5;\">Einige unserer Kunden<\/span><\/h5>\n[\/vc_column_text][\/vc_column][\/vc_row][vc_row full_width=&#8221;stretch_row_content_no_spaces&#8221;][vc_column][vc_separator color=&#8221;custom&#8221; border_width=&#8221;2&#8243; el_width=&#8221;50&#8243; accent_color=&#8221;#293037&#8243; css=&#8221;.vc_custom_1445506268907{margin-top: -20px !important;}&#8221;][vc_column_text css=&#8221;.vc_custom_1445596417996{margin-top: px !important;margin-bottom: 60px !important;}&#8221;]<ul class=\"kiwi-logo-carousel kiwi-logo-carousel-dla-biznesu default align-center col4\"><li style=\"height:100px;\" ><div class=\"helper\" style=\"height:100px; width:150px;\" ><img decoding=\"async\" src=\"https:\/\/ecorrector.com\/wp-content\/uploads\/2015\/10\/header_logo.png\" alt=\"YOHO\" title=\"YOHO\" style=\"max-width:150px; padding-left: 0px; padding-right:0px\" ><\/div><\/li><li style=\"height:100px;\" ><div class=\"helper\" style=\"height:100px; width:150px;\" ><img decoding=\"async\" src=\"https:\/\/ecorrector.com\/wp-content\/uploads\/2015\/10\/czd_logo.jpg\" alt=\"CENTRUM ZDROWIA DZIECKA\" title=\"CENTRUM ZDROWIA DZIECKA\" style=\"max-width:150px; padding-left: 0px; padding-right:0px\" ><\/div><\/li><li style=\"height:100px;\" ><div class=\"helper\" style=\"height:100px; width:150px;\" ><img decoding=\"async\" src=\"https:\/\/ecorrector.com\/wp-content\/uploads\/2015\/10\/logo_oficynka_czarne.jpg\" alt=\"OFICYNKA\" title=\"OFICYNKA\" style=\"max-width:150px; padding-left: 0px; padding-right:0px\" ><\/div><\/li><li style=\"height:100px;\" ><div class=\"helper\" style=\"height:100px; width:150px;\" ><img decoding=\"async\" src=\"https:\/\/ecorrector.com\/wp-content\/uploads\/2015\/10\/Gol-Box-logo2.png\" alt=\"GOL BOX\" title=\"GOL BOX\" style=\"max-width:150px; padding-left: 0px; padding-right:0px\" ><\/div><\/li><li style=\"height:100px;\" ><div class=\"helper\" style=\"height:100px; width:150px;\" ><img decoding=\"async\" src=\"https:\/\/ecorrector.com\/wp-content\/uploads\/2015\/10\/114620.png\" alt=\"WICKLER PERSONAL\" title=\"WICKLER PERSONAL\" style=\"max-width:150px; padding-left: 0px; padding-right:0px\" ><\/div><\/li><li style=\"height:100px;\" ><div class=\"helper\" style=\"height:100px; width:150px;\" ><img decoding=\"async\" src=\"https:\/\/ecorrector.com\/wp-content\/uploads\/2015\/10\/logo1.png\" alt=\"BIOELEKTRA GROUP\" title=\"BIOELEKTRA GROUP\" style=\"max-width:150px; padding-left: 0px; padding-right:0px\" ><\/div><\/li><li style=\"height:100px;\" ><div class=\"helper\" style=\"height:100px; width:150px;\" ><img decoding=\"async\" src=\"https:\/\/ecorrector.com\/wp-content\/uploads\/2015\/10\/melle-logo_min.jpg\" alt=\"MELLE\" title=\"MELLE\" style=\"max-width:150px; padding-left: 0px; padding-right:0px\" ><\/div><\/li><li style=\"height:100px;\" ><div class=\"helper\" style=\"height:100px; width:150px;\" ><img decoding=\"async\" src=\"https:\/\/ecorrector.com\/wp-content\/uploads\/2015\/10\/tetex.png\" alt=\"tetex\" title=\"tetex\" style=\"max-width:150px; padding-left: 0px; padding-right:0px\" ><\/div><\/li><li style=\"height:100px;\" ><div class=\"helper\" style=\"height:100px; width:150px;\" ><img decoding=\"async\" src=\"https:\/\/ecorrector.com\/wp-content\/uploads\/2015\/10\/PGS-621x116px.png\" alt=\"PRACOWNIA GIER\" title=\"PRACOWNIA GIER\" style=\"max-width:150px; padding-left: 0px; padding-right:0px\" ><\/div><\/li><li style=\"height:100px;\" ><div class=\"helper\" style=\"height:100px; width:150px;\" ><img decoding=\"async\" src=\"https:\/\/ecorrector.com\/wp-content\/uploads\/2015\/10\/logo.png\" alt=\"sako expo\" title=\"sako expo\" style=\"max-width:150px; padding-left: 0px; padding-right:0px\" ><\/div><\/li><li style=\"height:100px;\" ><div class=\"helper\" style=\"height:100px; width:150px;\" ><img decoding=\"async\" src=\"https:\/\/ecorrector.com\/wp-content\/uploads\/2015\/10\/logo-11.png\" alt=\"LAMPEX\" title=\"LAMPEX\" style=\"max-width:150px; padding-left: 0px; padding-right:0px\" ><\/div><\/li><li style=\"height:100px;\" ><div class=\"helper\" style=\"height:100px; width:150px;\" ><img decoding=\"async\" src=\"https:\/\/ecorrector.com\/wp-content\/uploads\/2016\/01\/logo_polske_1w_RGB.jpg\" alt=\"Fundacja Nauki Polskiej\" title=\"Fundacja Nauki Polskiej\" style=\"max-width:150px; padding-left: 0px; padding-right:0px\" ><\/div><\/li><li style=\"height:100px;\" ><div class=\"helper\" style=\"height:100px; width:150px;\" ><img decoding=\"async\" src=\"https:\/\/ecorrector.com\/wp-content\/uploads\/2015\/10\/dwor_kombornia-logo.jpg\" alt=\"DW\u00d3R KAMBORNIA\" title=\"DW\u00d3R KAMBORNIA\" style=\"max-width:150px; padding-left: 0px; padding-right:0px\" ><\/div><\/li><li style=\"height:100px;\" ><div class=\"helper\" style=\"height:100px; width:150px;\" ><img decoding=\"async\" src=\"https:\/\/ecorrector.com\/wp-content\/uploads\/2015\/10\/polska_siec_ambasadorow_przedsiebiorczosci_kobiet.png\" alt=\"POLSKA SIE\u0106 AMBASADOR\u00d3W PRZEDSI\u0118BIORCZO\u015aCI KOBIET\" title=\"POLSKA SIE\u0106 AMBASADOR\u00d3W PRZEDSI\u0118BIORCZO\u015aCI KOBIET\" style=\"max-width:150px; padding-left: 0px; padding-right:0px\" ><\/div><\/li><li style=\"height:100px;\" ><div class=\"helper\" style=\"height:100px; width:150px;\" ><img decoding=\"async\" src=\"https:\/\/ecorrector.com\/wp-content\/uploads\/2015\/10\/logo-2.png\" alt=\"infoscan\" title=\"infoscan\" style=\"max-width:150px; padding-left: 0px; padding-right:0px\" ><\/div><\/li><li style=\"height:100px;\"><a target=\"_blank\" href=\"http:\/\/www.zamek.malbork.pl\/\"><div class=\"helper\" style=\"height:100px; width:150px;\" ><img decoding=\"async\" src=\"https:\/\/ecorrector.com\/wp-content\/uploads\/2016\/01\/zamek_logo3046x3118.jpg\" alt=\"Zamek w Malborku\" title=\"Zamek w Malborku\"><\/div><\/a><\/li><li style=\"height:100px;\" ><div class=\"helper\" style=\"height:100px; width:150px;\" ><img decoding=\"async\" src=\"https:\/\/ecorrector.com\/wp-content\/uploads\/2015\/10\/logo-1.png\" alt=\"ttsupport\" title=\"ttsupport\" style=\"max-width:150px; padding-left: 0px; padding-right:0px\" ><\/div><\/li><li style=\"height:100px;\" ><div class=\"helper\" style=\"height:100px; width:150px;\" ><img decoding=\"async\" src=\"https:\/\/ecorrector.com\/wp-content\/uploads\/2016\/01\/one_warsaw_logotype-05.jpg\" alt=\"Warszawska Organizacja Turystyczna\" title=\"Warszawska Organizacja Turystyczna\" style=\"max-width:150px; padding-left: 0px; padding-right:0px\" ><\/div><\/li><li style=\"height:100px;\" ><div class=\"helper\" style=\"height:100px; width:150px;\" ><img decoding=\"async\" src=\"https:\/\/ecorrector.com\/wp-content\/uploads\/2015\/10\/evio_nakedh156.png\" alt=\"evio\" title=\"evio\" style=\"max-width:150px; padding-left: 0px; padding-right:0px\" ><\/div><\/li><\/ul>[\/vc_column_text][\/vc_column][\/vc_row][vc_row][vc_column][vc_column_text css_animation=&#8221;top-to-bottom&#8221; css=&#8221;.vc_custom_1446111402637{margin-top: -60px !important;}&#8221;]\n<h5 style=\"margin-bottom: 0px; margin-top: 0px; text-align: left;\"><span style=\"font-size: 18px; color: #7a7777; line-height: 1.5;\">Referenzen<\/span><\/h5>\n[\/vc_column_text][vc_separator color=&#8221;custom&#8221; border_width=&#8221;2&#8243; accent_color=&#8221;#293037&#8243; css=&#8221;.vc_custom_1445506367842{margin-top: -25px !important;}&#8221;][vc_column_text css_animation=&#8221;top-to-bottom&#8221; css=&#8221;.vc_custom_1446468007309{margin-top: -25px !important;}&#8221;]\n<blockquote>\n<div style=\"margin-top: 10px; color: #000000; font-size: 12px; font-style: italic; text-align: right;\"><span style=\"color: #000000;\"><strong>Super serwis, fantastyczny kontakt i perfekcyjny tekst po korekcie- wprost do publikacji.<\/strong><\/span><\/div>\n<\/blockquote>\n<div style=\"color: #f95a09; text-align: right;\"><span style=\"color: #1e90ff;\">&#8211; Rados\u0142aw \u0141uczak, Dyrektor Handlowy:<\/span> <span style=\"color: #1e90ff;\"><a style=\"color: #1e90ff;\" href=\"http:\/\/www.sakoexpo.com.pl\" target=\"_blank\">www.sakoexpo.com.pl<\/a><\/span><\/div>\n[\/vc_column_text][vc_column_text css_animation=&#8221;top-to-bottom&#8221; css=&#8221;.vc_custom_1446468045566{margin-top: -25px !important;}&#8221;]\n<blockquote>\n<div style=\"margin-top: 10px; color: #000000; font-size: 12px; font-style: italic; text-align: right;\"><span style=\"color: #000000;\"><strong>Ein professionelles Team, erfahrene \u00dcbersetzer, schnelle Bearbeitung und absolut erstklassiger Kundenservice ? Diese Gr\u00fcnde waren f\u00fcr uns ausschlaggebend zur Zusammenarbeit.<\/strong><\/span><\/div>\n<\/blockquote>\n<div style=\"color: #f95a09; text-align: right;\"><span style=\"color: #1e90ff;\">? Agnieszka Chmielewska, CEO:<\/span> <span style=\"color: #1e90ff;\"><a style=\"color: #1e90ff;\" href=\"http:\/\/www.dogadamycie.pl\" target=\"_blank\">www.dogadamycie.pl<\/a><\/span><\/div>\n[\/vc_column_text][vc_column_text css_animation=&#8221;top-to-bottom&#8221; css=&#8221;.vc_custom_1446468059138{margin-top: -25px !important;}&#8221;]\n<blockquote>\n<div style=\"margin-top: 10px; color: #000000; font-size: 12px; font-style: italic; text-align: right;\"><span style=\"color: #000000;\"><strong>Polecamy eCORRECTOR przede wszystkim za bardzo szybki czas realizacji us\u0142ug, sprawn\u0105 komunikacj\u0119 mailow\u0105 z klientem oraz profesjonalne podej\u015bcie do zlece\u0144.<\/strong><\/span><\/div>\n<\/blockquote>\n<div style=\"color: #f95a09; text-align: right;\"><span style=\"color: #1e90ff;\">&#8211; YOHO Agencja Reklamowa:<\/span> <span style=\"color: #1e90ff;\"><a style=\"color: #1e90ff;\" href=\"http:\/\/www.yoho.pl\" target=\"_blank\">www.yoho.pl<\/a><\/span><\/div>\n[\/vc_column_text][\/vc_column][\/vc_row]\n","protected":false},"excerpt":{"rendered":"<p>[vc_row][vc_column][vc_column_text css_animation=&#8221;appear&#8221;][vc_row][vc_column][vc_column_text css_animation=&#8221;appear&#8221;][\/vc_column_text][\/vc_column][\/vc_row][vc_row][vc_column][vc_column_text css_animation=&#8221;top-to-bottom&#8221;] Einige unserer Kunden [\/vc_column_text][\/vc_column][\/vc_row][vc_row full_width=&#8221;stretch_row_content_no_spaces&#8221;][vc_column][vc_separator color=&#8221;custom&#8221; border_width=&#8221;2&#8243; el_width=&#8221;50&#8243; accent_color=&#8221;#293037&#8243; css=&#8221;.vc_custom_1445506268907{margin-top: -20px !important;}&#8221;][vc_column_text css=&#8221;.vc_custom_1445596417996{margin-top: px !important;margin-bottom: 60px !important;}&#8221;][\/vc_column_text][\/vc_column][\/vc_row][vc_row][vc_column][vc_column_text css_animation=&#8221;top-to-bottom&#8221; css=&#8221;.vc_custom_1446111402637{margin-top: -60px !important;}&#8221;] Referenzen [\/vc_column_text][vc_separator color=&#8221;custom&#8221; border_width=&#8221;2&#8243; accent_color=&#8221;#293037&#8243; css=&#8221;.vc_custom_1445506367842{margin-top: -25px !important;}&#8221;][vc_column_text css_animation=&#8221;top-to-bottom&#8221; css=&#8221;.vc_custom_1446468007309{margin-top: -25px !important;}&#8221;] Super serwis, fantastyczny kontakt i perfekcyjny tekst po korekcie- wprost do publikacji. &#8211; Rados\u0142aw \u0141uczak, Dyrektor Handlowy: www.sakoexpo.com.pl [\/vc_column_text][vc_column_text css_animation=&#8221;top-to-bottom&#8221; css=&#8221;.vc_custom_1446468045566{margin-top: -25px !important;}&#8221;] Ein professionelles Team, erfahrene \u00dcbersetzer, schnelle Bearbeitung und absolut erstklassiger Kundenservice ? Diese Gr\u00fcnde waren f\u00fcr uns ausschlaggebend zur Zusammenarbeit.<\/p>\n","protected":false},"author":1,"featured_media":0,"parent":0,"menu_order":0,"comment_status":"closed","ping_status":"closed","template":"page-FullWidth.php","meta":{"_monsterinsights_skip_tracking":false,"_monsterinsights_sitenote_active":false,"_monsterinsights_sitenote_note":"","_monsterinsights_sitenote_category":0,"footnotes":""},"class_list":["post-4242","page","type-page","status-publish","hentry"],"yoast_head":"<!-- This site is optimized with the Yoast SEO plugin v21.0 - https:\/\/yoast.com\/wordpress\/plugins\/seo\/ -->\n<title>Erfahrungen in einem professionellen Texterstellung<\/title>\n<meta name=\"description\" content=\"eCORRECTOR kann Ihnen bei der Erstellung,\u00a0in einem professionellen Texterstellung,\u00a0ihrer Marketing und Medientexte behilflich\u00a0sein.\" \/>\n<meta name=\"robots\" content=\"index, follow, max-snippet:-1, max-image-preview:large, max-video-preview:-1\" \/>\n<link rel=\"canonical\" href=\"https:\/\/ecorrector.com\/de\/professionellen-texterstellung\/\" \/>\n<meta property=\"og:locale\" content=\"de_DE\" \/>\n<meta property=\"og:type\" content=\"article\" \/>\n<meta property=\"og:title\" content=\"Erfahrungen in einem professionellen Texterstellung\" \/>\n<meta property=\"og:description\" content=\"eCORRECTOR kann Ihnen bei der Erstellung,\u00a0in einem professionellen Texterstellung,\u00a0ihrer Marketing und Medientexte behilflich\u00a0sein.\" \/>\n<meta property=\"og:url\" content=\"https:\/\/ecorrector.com\/de\/professionellen-texterstellung\/\" \/>\n<meta property=\"og:site_name\" content=\"eCORRECTOR\" \/>\n<meta property=\"article:modified_time\" content=\"2016-02-04T08:52:23+00:00\" \/>\n<meta property=\"og:image\" content=\"http:\/\/ecorrector.com\/wp-content\/uploads\/2015\/10\/1-1.png\" \/>\n<meta name=\"twitter:card\" content=\"summary_large_image\" \/>\n<meta name=\"twitter:label1\" content=\"Gesch\u00e4tzte Lesezeit\" \/>\n\t<meta name=\"twitter:data1\" content=\"2\u00a0Minuten\" \/>\n<script type=\"application\/ld+json\" class=\"yoast-schema-graph\">{\"@context\":\"https:\/\/schema.org\",\"@graph\":[{\"@type\":\"WebPage\",\"@id\":\"https:\/\/ecorrector.com\/de\/professionellen-texterstellung\/\",\"url\":\"https:\/\/ecorrector.com\/de\/professionellen-texterstellung\/\",\"name\":\"Erfahrungen in einem professionellen Texterstellung\",\"isPartOf\":{\"@id\":\"https:\/\/ecorrector.com\/#website\"},\"datePublished\":\"2016-01-27T12:08:45+00:00\",\"dateModified\":\"2016-02-04T08:52:23+00:00\",\"description\":\"eCORRECTOR kann Ihnen bei der Erstellung,\u00a0in einem professionellen Texterstellung,\u00a0ihrer Marketing und Medientexte behilflich\u00a0sein.\",\"breadcrumb\":{\"@id\":\"https:\/\/ecorrector.com\/de\/professionellen-texterstellung\/#breadcrumb\"},\"inLanguage\":\"de\",\"potentialAction\":[{\"@type\":\"ReadAction\",\"target\":[\"https:\/\/ecorrector.com\/de\/professionellen-texterstellung\/\"]}]},{\"@type\":\"BreadcrumbList\",\"@id\":\"https:\/\/ecorrector.com\/de\/professionellen-texterstellung\/#breadcrumb\",\"itemListElement\":[{\"@type\":\"ListItem\",\"position\":1,\"name\":\"Home\",\"item\":\"https:\/\/ecorrector.com\/de\/\"},{\"@type\":\"ListItem\",\"position\":2,\"name\":\"Erfahrung bei professioneller Texterstellung\"}]},{\"@type\":\"WebSite\",\"@id\":\"https:\/\/ecorrector.com\/#website\",\"url\":\"https:\/\/ecorrector.com\/\",\"name\":\"eCORRECTOR\",\"description\":\"\u00dcbersetzen und Korrekturlesen von Muttersprachler\",\"potentialAction\":[{\"@type\":\"SearchAction\",\"target\":{\"@type\":\"EntryPoint\",\"urlTemplate\":\"https:\/\/ecorrector.com\/?s={search_term_string}\"},\"query-input\":\"required name=search_term_string\"}],\"inLanguage\":\"de\"}]}<\/script>\n<!-- \/ Yoast SEO plugin. -->","yoast_head_json":{"title":"Erfahrungen in einem professionellen Texterstellung","description":"eCORRECTOR kann Ihnen bei der Erstellung,\u00a0in einem professionellen Texterstellung,\u00a0ihrer Marketing und Medientexte behilflich\u00a0sein.","robots":{"index":"index","follow":"follow","max-snippet":"max-snippet:-1","max-image-preview":"max-image-preview:large","max-video-preview":"max-video-preview:-1"},"canonical":"https:\/\/ecorrector.com\/de\/professionellen-texterstellung\/","og_locale":"de_DE","og_type":"article","og_title":"Erfahrungen in einem professionellen Texterstellung","og_description":"eCORRECTOR kann Ihnen bei der Erstellung,\u00a0in einem professionellen Texterstellung,\u00a0ihrer Marketing und Medientexte behilflich\u00a0sein.","og_url":"https:\/\/ecorrector.com\/de\/professionellen-texterstellung\/","og_site_name":"eCORRECTOR","article_modified_time":"2016-02-04T08:52:23+00:00","og_image":[{"url":"http:\/\/ecorrector.com\/wp-content\/uploads\/2015\/10\/1-1.png"}],"twitter_card":"summary_large_image","twitter_misc":{"Gesch\u00e4tzte Lesezeit":"2\u00a0Minuten"},"schema":{"@context":"https:\/\/schema.org","@graph":[{"@type":"WebPage","@id":"https:\/\/ecorrector.com\/de\/professionellen-texterstellung\/","url":"https:\/\/ecorrector.com\/de\/professionellen-texterstellung\/","name":"Erfahrungen in einem professionellen Texterstellung","isPartOf":{"@id":"https:\/\/ecorrector.com\/#website"},"datePublished":"2016-01-27T12:08:45+00:00","dateModified":"2016-02-04T08:52:23+00:00","description":"eCORRECTOR kann Ihnen bei der Erstellung,\u00a0in einem professionellen Texterstellung,\u00a0ihrer Marketing und Medientexte behilflich\u00a0sein.","breadcrumb":{"@id":"https:\/\/ecorrector.com\/de\/professionellen-texterstellung\/#breadcrumb"},"inLanguage":"de","potentialAction":[{"@type":"ReadAction","target":["https:\/\/ecorrector.com\/de\/professionellen-texterstellung\/"]}]},{"@type":"BreadcrumbList","@id":"https:\/\/ecorrector.com\/de\/professionellen-texterstellung\/#breadcrumb","itemListElement":[{"@type":"ListItem","position":1,"name":"Home","item":"https:\/\/ecorrector.com\/de\/"},{"@type":"ListItem","position":2,"name":"Erfahrung bei professioneller Texterstellung"}]},{"@type":"WebSite","@id":"https:\/\/ecorrector.com\/#website","url":"https:\/\/ecorrector.com\/","name":"eCORRECTOR","description":"\u00dcbersetzen und Korrekturlesen von Muttersprachler","potentialAction":[{"@type":"SearchAction","target":{"@type":"EntryPoint","urlTemplate":"https:\/\/ecorrector.com\/?s={search_term_string}"},"query-input":"required name=search_term_string"}],"inLanguage":"de"}]}},"_links":{"self":[{"href":"https:\/\/ecorrector.com\/de\/wp-json\/wp\/v2\/pages\/4242","targetHints":{"allow":["GET"]}}],"collection":[{"href":"https:\/\/ecorrector.com\/de\/wp-json\/wp\/v2\/pages"}],"about":[{"href":"https:\/\/ecorrector.com\/de\/wp-json\/wp\/v2\/types\/page"}],"author":[{"embeddable":true,"href":"https:\/\/ecorrector.com\/de\/wp-json\/wp\/v2\/users\/1"}],"replies":[{"embeddable":true,"href":"https:\/\/ecorrector.com\/de\/wp-json\/wp\/v2\/comments?post=4242"}],"version-history":[{"count":0,"href":"https:\/\/ecorrector.com\/de\/wp-json\/wp\/v2\/pages\/4242\/revisions"}],"wp:attachment":[{"href":"https:\/\/ecorrector.com\/de\/wp-json\/wp\/v2\/media?parent=4242"}],"curies":[{"name":"wp","href":"https:\/\/api.w.org\/{rel}","templated":true}]}}