{"id":4283,"date":"2016-01-28T09:38:15","date_gmt":"2016-01-28T08:38:15","guid":{"rendered":"http:\/\/ecorrector.com\/de\/?page_id=4283"},"modified":"2016-02-03T09:19:12","modified_gmt":"2016-02-03T08:19:12","slug":"neuigkeiten-aus-sprache-und-linguistik-welt","status":"publish","type":"page","link":"https:\/\/ecorrector.com\/de\/neuigkeiten-aus-sprache-und-linguistik-welt\/","title":{"rendered":"Neuigkeiten aus der Welt der Sprache und Linguistik"},"content":{"rendered":"","protected":false},"excerpt":{"rendered":"","protected":false},"author":1,"featured_media":0,"parent":0,"menu_order":0,"comment_status":"closed","ping_status":"closed","template":"page-Blog.php","meta":{"_monsterinsights_skip_tracking":false,"_monsterinsights_sitenote_active":false,"_monsterinsights_sitenote_note":"","_monsterinsights_sitenote_category":0,"footnotes":""},"class_list":["post-4283","page","type-page","status-publish","hentry"],"yoast_head":"<!-- This site is optimized with the Yoast SEO plugin v21.0 - https:\/\/yoast.com\/wordpress\/plugins\/seo\/ -->\n<title>Neuigkeiten aus der Welt der Sprache und Linguistik - eCORRECTOR<\/title>\n<meta name=\"description\" content=\"Wir stellen Aktuelles und Fakten aus Sprache und Linguistik Welt\u00a0k\u00f6nnen Sie nicht \u00fcber wissen m\u00fcssen.\" \/>\n<meta name=\"robots\" content=\"index, follow, max-snippet:-1, max-image-preview:large, max-video-preview:-1\" \/>\n<link rel=\"canonical\" href=\"https:\/\/ecorrector.com\/de\/neuigkeiten-aus-sprache-und-linguistik-welt\/\" \/>\n<meta property=\"og:locale\" content=\"de_DE\" \/>\n<meta property=\"og:type\" content=\"article\" \/>\n<meta property=\"og:title\" content=\"Neuigkeiten aus der Welt der Sprache und Linguistik - eCORRECTOR\" \/>\n<meta property=\"og:description\" content=\"Wir stellen Aktuelles und Fakten aus Sprache und Linguistik Welt\u00a0k\u00f6nnen Sie nicht \u00fcber wissen m\u00fcssen.\" \/>\n<meta property=\"og:url\" content=\"https:\/\/ecorrector.com\/de\/neuigkeiten-aus-sprache-und-linguistik-welt\/\" \/>\n<meta property=\"og:site_name\" content=\"eCORRECTOR\" \/>\n<meta property=\"article:modified_time\" content=\"2016-02-03T08:19:12+00:00\" \/>\n<meta name=\"twitter:card\" content=\"summary_large_image\" \/>\n<script type=\"application\/ld+json\" class=\"yoast-schema-graph\">{\"@context\":\"https:\/\/schema.org\",\"@graph\":[{\"@type\":\"WebPage\",\"@id\":\"https:\/\/ecorrector.com\/de\/neuigkeiten-aus-sprache-und-linguistik-welt\/\",\"url\":\"https:\/\/ecorrector.com\/de\/neuigkeiten-aus-sprache-und-linguistik-welt\/\",\"name\":\"Neuigkeiten aus der Welt der Sprache und Linguistik - eCORRECTOR\",\"isPartOf\":{\"@id\":\"https:\/\/ecorrector.com\/#website\"},\"datePublished\":\"2016-01-28T08:38:15+00:00\",\"dateModified\":\"2016-02-03T08:19:12+00:00\",\"description\":\"Wir stellen Aktuelles und Fakten aus Sprache und Linguistik Welt\u00a0k\u00f6nnen Sie nicht \u00fcber wissen m\u00fcssen.\",\"breadcrumb\":{\"@id\":\"https:\/\/ecorrector.com\/de\/neuigkeiten-aus-sprache-und-linguistik-welt\/#breadcrumb\"},\"inLanguage\":\"de\",\"potentialAction\":[{\"@type\":\"ReadAction\",\"target\":[\"https:\/\/ecorrector.com\/de\/neuigkeiten-aus-sprache-und-linguistik-welt\/\"]}]},{\"@type\":\"BreadcrumbList\",\"@id\":\"https:\/\/ecorrector.com\/de\/neuigkeiten-aus-sprache-und-linguistik-welt\/#breadcrumb\",\"itemListElement\":[{\"@type\":\"ListItem\",\"position\":1,\"name\":\"Home\",\"item\":\"https:\/\/ecorrector.com\/de\/\"},{\"@type\":\"ListItem\",\"position\":2,\"name\":\"Neuigkeiten aus der Welt der Sprache und Linguistik\"}]},{\"@type\":\"WebSite\",\"@id\":\"https:\/\/ecorrector.com\/#website\",\"url\":\"https:\/\/ecorrector.com\/\",\"name\":\"eCORRECTOR\",\"description\":\"\u00dcbersetzen und Korrekturlesen von Muttersprachler\",\"potentialAction\":[{\"@type\":\"SearchAction\",\"target\":{\"@type\":\"EntryPoint\",\"urlTemplate\":\"https:\/\/ecorrector.com\/?s={search_term_string}\"},\"query-input\":\"required name=search_term_string\"}],\"inLanguage\":\"de\"}]}<\/script>\n<!-- \/ Yoast SEO plugin. -->","yoast_head_json":{"title":"Neuigkeiten aus der Welt der Sprache und Linguistik - eCORRECTOR","description":"Wir stellen Aktuelles und Fakten aus Sprache und Linguistik Welt\u00a0k\u00f6nnen Sie nicht \u00fcber wissen m\u00fcssen.","robots":{"index":"index","follow":"follow","max-snippet":"max-snippet:-1","max-image-preview":"max-image-preview:large","max-video-preview":"max-video-preview:-1"},"canonical":"https:\/\/ecorrector.com\/de\/neuigkeiten-aus-sprache-und-linguistik-welt\/","og_locale":"de_DE","og_type":"article","og_title":"Neuigkeiten aus der Welt der Sprache und Linguistik - eCORRECTOR","og_description":"Wir stellen Aktuelles und Fakten aus Sprache und Linguistik Welt\u00a0k\u00f6nnen Sie nicht \u00fcber wissen m\u00fcssen.","og_url":"https:\/\/ecorrector.com\/de\/neuigkeiten-aus-sprache-und-linguistik-welt\/","og_site_name":"eCORRECTOR","article_modified_time":"2016-02-03T08:19:12+00:00","twitter_card":"summary_large_image","schema":{"@context":"https:\/\/schema.org","@graph":[{"@type":"WebPage","@id":"https:\/\/ecorrector.com\/de\/neuigkeiten-aus-sprache-und-linguistik-welt\/","url":"https:\/\/ecorrector.com\/de\/neuigkeiten-aus-sprache-und-linguistik-welt\/","name":"Neuigkeiten aus der Welt der Sprache und Linguistik - eCORRECTOR","isPartOf":{"@id":"https:\/\/ecorrector.com\/#website"},"datePublished":"2016-01-28T08:38:15+00:00","dateModified":"2016-02-03T08:19:12+00:00","description":"Wir stellen Aktuelles und Fakten aus Sprache und Linguistik Welt\u00a0k\u00f6nnen Sie nicht \u00fcber wissen m\u00fcssen.","breadcrumb":{"@id":"https:\/\/ecorrector.com\/de\/neuigkeiten-aus-sprache-und-linguistik-welt\/#breadcrumb"},"inLanguage":"de","potentialAction":[{"@type":"ReadAction","target":["https:\/\/ecorrector.com\/de\/neuigkeiten-aus-sprache-und-linguistik-welt\/"]}]},{"@type":"BreadcrumbList","@id":"https:\/\/ecorrector.com\/de\/neuigkeiten-aus-sprache-und-linguistik-welt\/#breadcrumb","itemListElement":[{"@type":"ListItem","position":1,"name":"Home","item":"https:\/\/ecorrector.com\/de\/"},{"@type":"ListItem","position":2,"name":"Neuigkeiten aus der Welt der Sprache und Linguistik"}]},{"@type":"WebSite","@id":"https:\/\/ecorrector.com\/#website","url":"https:\/\/ecorrector.com\/","name":"eCORRECTOR","description":"\u00dcbersetzen und Korrekturlesen von Muttersprachler","potentialAction":[{"@type":"SearchAction","target":{"@type":"EntryPoint","urlTemplate":"https:\/\/ecorrector.com\/?s={search_term_string}"},"query-input":"required name=search_term_string"}],"inLanguage":"de"}]}},"_links":{"self":[{"href":"https:\/\/ecorrector.com\/de\/wp-json\/wp\/v2\/pages\/4283","targetHints":{"allow":["GET"]}}],"collection":[{"href":"https:\/\/ecorrector.com\/de\/wp-json\/wp\/v2\/pages"}],"about":[{"href":"https:\/\/ecorrector.com\/de\/wp-json\/wp\/v2\/types\/page"}],"author":[{"embeddable":true,"href":"https:\/\/ecorrector.com\/de\/wp-json\/wp\/v2\/users\/1"}],"replies":[{"embeddable":true,"href":"https:\/\/ecorrector.com\/de\/wp-json\/wp\/v2\/comments?post=4283"}],"version-history":[{"count":0,"href":"https:\/\/ecorrector.com\/de\/wp-json\/wp\/v2\/pages\/4283\/revisions"}],"wp:attachment":[{"href":"https:\/\/ecorrector.com\/de\/wp-json\/wp\/v2\/media?parent=4283"}],"curies":[{"name":"wp","href":"https:\/\/api.w.org\/{rel}","templated":true}]}}