{"id":16231,"date":"2020-04-17T18:20:11","date_gmt":"2020-04-17T16:20:11","guid":{"rendered":"https:\/\/ecorrector.com\/?page_id=16231"},"modified":"2023-11-03T13:46:14","modified_gmt":"2023-11-03T12:46:14","slug":"latex-redakcja-i-korekta","status":"publish","type":"page","link":"https:\/\/ecorrector.com\/pl\/latex-redakcja-i-korekta\/","title":{"rendered":"LaTeX &#8211; redakcja i korekta"},"content":{"rendered":"[vc_row full_width=&#8221;stretch_row&#8221; css=&#8221;.vc_custom_1548616907756{margin-top: -30px !important;background: #12181f url(http:\/\/ecorrector.com\/wp-content\/uploads\/2019\/01\/dark-background-blue.png?id=12571) !important;}&#8221;][vc_column css=&#8221;.vc_custom_1546792884528{margin-top: -15px !important;}&#8221;][vc_column_text css=&#8221;.vc_custom_1698760568852{padding-top: 30px !important;padding-bottom: 0px !important;}&#8221;]\n<h2 style=\"text-align: center;color: #ffffff;margin-top: -25px;margin-bottom: 30px\">LaTeX &#8211; redakcja i korekta<\/h2>\n[\/vc_column_text][vc_row_inner][vc_column_inner width=&#8221;1\/3&#8243;][vc_column_text]\n<div style=\"text-align: center\"><i class=\"fa fa-graduation-cap circle-wrap\" style=\"color:#ffffff;font-size:2.5em;\"><\/i><\/div>\n[\/vc_column_text][vc_column_text]\n<h3 style=\"text-align: center\"><span style=\"color: #ffffff;font-size: 22px\"><strong>Native speakerzy ze stopniem doktora nauk<\/strong><\/span><\/h3>\n[\/vc_column_text][\/vc_column_inner][vc_column_inner width=&#8221;1\/3&#8243;][vc_column_text]\n<div style=\"text-align: center\"><i class=\"fa fa-handshake-o circle-wrap\" style=\"color:#ffffff;font-size:2.5em;\"><\/i><\/div>\n[\/vc_column_text][vc_column_text]\n<h3 style=\"text-align: center\"><span style=\"color: #ffffff;font-size: 22px\"><strong>Ugruntowana reputacja<\/strong><\/span><\/h3>\n[\/vc_column_text][\/vc_column_inner][vc_column_inner width=&#8221;1\/3&#8243;][vc_column_text]\n<div style=\"text-align: center\"><i class=\"fa fa-book circle-wrap\" style=\"color:#ffffff;font-size:2.5em;\"><\/i><\/div>\n[\/vc_column_text][vc_column_text]\n<h3 style=\"text-align: center\"><span style=\"color: #ffffff;font-size: 22px\"><strong>Kontrola jako\u015bci<\/strong><\/span><\/h3>\n[\/vc_column_text][\/vc_column_inner][\/vc_row_inner][vc_row_inner css=&#8221;.vc_custom_1546792820671{margin-top: -40px !important;}&#8221;][vc_column_inner][vc_separator color=&#8221;white&#8221; border_width=&#8221;4&#8243; el_width=&#8221;80&#8243;][\/vc_column_inner][\/vc_row_inner][vc_column_text]<div class=\"align-btn-center\"><a class=\"flat-custom-button\" href=\"http:\/\/ecorrector.com\/pl\/wyslij-tekst-do-darmowej-wyceny\/\" title=\"Wy\u015blij tekst do bezp\u0142atnej wyceny\"><span style=\"padding:10px 100px; background-color:#FD7800; border:1px solid #FD7800; color:#FFFFFF; font-size:16px;\">Wy\u015blij tekst do bezp\u0142atnej wyceny<\/span><\/a><\/div>[\/vc_column_text][\/vc_column][\/vc_row][vc_row full_width=&#8221;stretch_row&#8221; gap=&#8221;20&#8243; content_placement=&#8221;middle&#8221; css=&#8221;.vc_custom_1548616463961{padding-top: 60px !important;padding-bottom: 20px !important;background-color: #ffffff !important;}&#8221;][vc_column css=&#8221;.vc_custom_1548615891702{margin-top: -50px !important;margin-bottom: 0px !important;padding-top: 0px !important;}&#8221; offset=&#8221;vc_col-lg-6 vc_col-md-6 vc_col-xs-12&#8243;][vc_column_text css_animation=&#8221;none&#8221; css=&#8221;.vc_custom_1588091181170{padding-top: 30px !important;}&#8221;]\n<p style=\"text-align: justify\">LaTeX jest narz\u0119dziem do sk\u0142adu tekstu, powszechnie u\u017cywanym na uniwersytetach oraz uczelniach wy\u017cszych podczas opracowania artyku\u0142\u00f3w i innych prac naukowych. U pocz\u0105tk\u00f3w w latach osiemdziesi\u0105tych rozwijano go jako oprogramowanie dla matematyk\u00f3w. Z czasem sta\u0142 si\u0119 g\u0142\u00f3wnym narz\u0119dziem do obr\u00f3bki prac badaczy z zakresu informatyki, in\u017cynierii, fizyki i ekonomii. LaTeX ma wiele zalet, spo\u015br\u00f3d kt\u00f3rych mo\u017cna wyr\u00f3\u017cni\u0107: dostosowanie uk\u0142adu tre\u015bci do bie\u017c\u0105cych potrzeb, prac\u0119 ze wzorami matematycznymi i, co najwa\u017cniejsze, bezp\u0142atne korzystanie z tego oprogramowania.<\/p>\n<p style=\"text-align: justify\">Ze wzgl\u0119du na specjalny j\u0119zyk kodowania oraz stosowanie komend trzeba po\u015bwi\u0119ci\u0107 troch\u0119 czasu na zaznajomienie z programem. Dlatego w\u0142a\u015bnie LaTeX mo\u017ce stanowi\u0107 wyzwanie dla tych korektor\u00f3w, kt\u00f3rzy nie potrafi\u0105 z niego swobodnie korzysta\u0107.<\/p>\n[\/vc_column_text][\/vc_column][vc_column offset=&#8221;vc_col-lg-6 vc_col-md-6 vc_col-xs-12&#8243; css=&#8221;.vc_custom_1548616780246{margin-top: -50px !important;padding-top: 0px !important;}&#8221;][vc_column_text css=&#8221;.vc_custom_1587141718237{padding-top: 40px !important;}&#8221;]<img loading=\"lazy\" decoding=\"async\" class=\"aligncenter wp-image-16234 size-full\" src=\"https:\/\/ecorrector.com\/wp-content\/uploads\/2020\/04\/LaTeX_korekta-edycja.jpg\" alt=\"\" width=\"500\" height=\"208\" srcset=\"https:\/\/ecorrector.com\/wp-content\/uploads\/2020\/04\/LaTeX_korekta-edycja.jpg 500w, https:\/\/ecorrector.com\/wp-content\/uploads\/2020\/04\/LaTeX_korekta-edycja-300x125.jpg 300w\" sizes=\"auto, (max-width: 500px) 100vw, 500px\" \/>[\/vc_column_text][\/vc_column][\/vc_row][vc_row full_width=&#8221;stretch_row&#8221; content_placement=&#8221;middle&#8221; css=&#8221;.vc_custom_1548317705209{padding-top: 30px !important;background: #293037 url(http:\/\/ecorrector.com\/wp-content\/uploads\/2019\/01\/background-why-us-v4.jpg?id=12548) !important;background-position: center !important;background-repeat: no-repeat !important;background-size: cover !important;}&#8221;][vc_column][vc_column_text css=&#8221;.vc_custom_1588091250543{padding-bottom: 20px !important;}&#8221;]\n<div style=\"color: #f1f1f1;padding-bottom: 10px;text-align: center;font-size: 17px\">W przypadku z\u0142o\u017cenia zam\u00f3wienia w eCORRECTOR na us\u0142ug\u0119 uwzgl\u0119dniaj\u0105c\u0105 prac\u0119 w formacie LaTeX wymagamy przes\u0142ania nam pliku \u017ar\u00f3d\u0142owego .tex. Po zako\u0144czeniu pracy nad tekstem odsy\u0142amy autorowi uaktualniony plik .tex wraz z plikiem PDF, w kt\u00f3rym zaznaczone s\u0105 wszelkie naniesione zmiany.<\/div>\n<div style=\"color: #f1f1f1;text-align: center;font-size: 17px\">Traktujemy redakcj\u0119 i korekt\u0119 w \u015brodowisku LaTeX w taki sam spos\u00f3b jak wszystkie inne us\u0142ugi. Dlatego te\u017c udzielimy wszelkich odpowiedzi na dodatkowe pytania i spe\u0142nimy oczekiwania autora.<\/div>\n[\/vc_column_text][\/vc_column][\/vc_row][vc_row][vc_column][vc_column_text css_animation=&#8221;zoomIn&#8221;]\n<h3 style=\"text-align: center\">Native speakerzy j\u0119zyka angielskiego ze stopniem doktora nauk<\/h3>\n<p style=\"text-align: justify\">eCORRECTOR wsp\u00f3\u0142pracuje z wieloma edytorami i korektorami, kt\u00f3rzy s\u0105 native speakerami j\u0119zyka angielskiego oraz uzyskali stopie\u0144 doktora nauk. Wielu z nich to aktywni badacze z w\u0142asnym dorobkiem publikacji. Native speakerzy dzia\u0142aj\u0105cy w obszarze zwi\u0105zanym z matematyk\u0105 s\u0105 zaznajomieni z oprogramowaniem LaTeX i cz\u0119sto edytuj\u0105 w nim swoje dokumenty. Ostatni rok przyni\u00f3s\u0142 wzrost zapyta\u0144 o us\u0142ugi korekty specjalistycznej w tym programie. By sprosta\u0107 temu zapotrzebowaniu, powi\u0119kszyli\u015bmy grup\u0119 naszych specjalist\u00f3w operuj\u0105cych plikami w formacie .tex i wprowadzili\u015bmy edycj\u0119 dokument\u00f3w w LaTeX do sta\u0142ej oferty firmy.<\/p>\n<p style=\"text-align: justify\">Wysoki poziom angielskiego odgrywa istotn\u0105 rol\u0119 w procesie publikacji. Nasi edytorzy i korektorzy pracuj\u0105 nad tym, aby nada\u0107 zdaniom naturaln\u0105 p\u0142ynno\u015b\u0107 i wewn\u0119trzn\u0105 sp\u00f3jno\u015b\u0107. Co wi\u0119cej, pracuj\u0105cy z nami native speakerzy ze stopniem doktora s\u0105 ekspertami w swoich dziedzinach i podczas korekty zwracaj\u0105 uwag\u0119 na wszelkie potencjalne problemy merytoryczne, co umo\u017cliwia ich wyeliminowanie jeszcze przed wys\u0142aniem tekstu do publikacji.<\/p>\n[\/vc_column_text][\/vc_column][\/vc_row][vc_row css=&#8221;.vc_custom_1518548074085{margin-bottom: -30px !important;}&#8221;][vc_column]\t\t<style type=\"text\/css\">\r\n\t\t    #content-block-background-1331 { background-image: url(); background-position: center top; background-repeat: no-repeat; background-color: #fd7800; background-attachment: fixed; background-size: auto; }\r\n\t\t    #content-block-body-1331 { padding: 40px 0; color: #ffffff; }\r\n\t\t    .content-block-body { margin-left: auto; margin-right: auto; position: relative; }\r\n\t\t<\/style>\r\n\t\t\t\t\t<style type=\"text\/css\">\r\n\t\t\t\t#wrapper-1 { overflow-x: hidden; }\r\n\t\t\t\t#content-block-background-1331 { margin: 0 -10000px; padding: 0 10000px; }\r\n\t\t\t<\/style>\r\n\t\t\r\n\t\t\r\n\t\t<div class=\"clear\"><\/div>\r\n\t\t<div id=\"content-block-background-1331\" class=\"content-block-background \">\r\n\t\t\t<div id=\"content-block-body-1331\" class=\"content-block-body\">\r\n\t\t\t\t<div class=\"clear\"><\/div>\r\n\t\t\t\t\n<h3 style=\"float: left;margin: 10px 0;font-size: 20px !important;color: #fff\">For scientists by scientists<\/h3>\n<a class=\"flat-custom-button align-btn-right\" href=\"http:\/\/ecorrector.com\/pl\/wyslij-tekst-do-darmowej-wyceny\/\" title=\"Wy\u015blij tekst do bezp\u0142atnej wyceny\" target=\"_blank\"><span style=\"padding:15px 20px; background-color:transparent; border:2px solid #FFFFFF; color:#FFFFFF; font-size:14px;\">Wy\u015blij tekst do bezp\u0142atnej wyceny<\/span><\/a>\t\t\t\t<div class=\"clear\"><\/div>\r\n\t\t\t<\/div>\r\n\t\t<\/div>\r\n\t\t<div class=\"clear\"><\/div>\r\n\t[\/vc_column][\/vc_row]\n","protected":false},"excerpt":{"rendered":"<p>[vc_row full_width=&#8221;stretch_row&#8221; css=&#8221;.vc_custom_1548616907756{margin-top: -30px !important;background: #12181f url(http:\/\/ecorrector.com\/wp-content\/uploads\/2019\/01\/dark-background-blue.png?id=12571) !important;}&#8221;][vc_column css=&#8221;.vc_custom_1546792884528{margin-top: -15px !important;}&#8221;][vc_column_text css=&#8221;.vc_custom_1698760568852{padding-top: 30px !important;padding-bottom: 0px !important;}&#8221;] LaTeX &#8211; redakcja i korekta [\/vc_column_text][vc_row_inner][vc_column_inner width=&#8221;1\/3&#8243;][vc_column_text] [\/vc_column_text][vc_column_text] Native speakerzy ze stopniem doktora nauk [\/vc_column_text][\/vc_column_inner][vc_column_inner width=&#8221;1\/3&#8243;][vc_column_text] [\/vc_column_text][vc_column_text] Ugruntowana reputacja [\/vc_column_text][\/vc_column_inner][vc_column_inner width=&#8221;1\/3&#8243;][vc_column_text] [\/vc_column_text][vc_column_text] Kontrola jako\u015bci [\/vc_column_text][\/vc_column_inner][\/vc_row_inner][vc_row_inner css=&#8221;.vc_custom_1546792820671{margin-top: -40px !important;}&#8221;][vc_column_inner][vc_separator color=&#8221;white&#8221; border_width=&#8221;4&#8243; el_width=&#8221;80&#8243;][\/vc_column_inner][\/vc_row_inner][vc_column_text][\/vc_column_text][\/vc_column][\/vc_row][vc_row full_width=&#8221;stretch_row&#8221; gap=&#8221;20&#8243; content_placement=&#8221;middle&#8221; css=&#8221;.vc_custom_1548616463961{padding-top: 60px !important;padding-bottom: 20px !important;background-color: #ffffff !important;}&#8221;][vc_column css=&#8221;.vc_custom_1548615891702{margin-top: -50px !important;margin-bottom: 0px !important;padding-top: 0px !important;}&#8221; offset=&#8221;vc_col-lg-6 vc_col-md-6 vc_col-xs-12&#8243;][vc_column_text css_animation=&#8221;none&#8221; css=&#8221;.vc_custom_1588091181170{padding-top: 30px !important;}&#8221;] LaTeX jest narz\u0119dziem do sk\u0142adu tekstu, powszechnie u\u017cywanym na<\/p>\n","protected":false},"author":1,"featured_media":0,"parent":0,"menu_order":0,"comment_status":"closed","ping_status":"closed","template":"page-FullWidth.php","meta":{"_monsterinsights_skip_tracking":false,"_monsterinsights_sitenote_active":false,"_monsterinsights_sitenote_note":"","_monsterinsights_sitenote_category":0,"footnotes":""},"class_list":["post-16231","page","type-page","status-publish","hentry"],"yoast_head":"<!-- This site is optimized with the Yoast SEO plugin v21.0 - https:\/\/yoast.com\/wordpress\/plugins\/seo\/ -->\n<title>LaTeX - redakcja i korekta - eCORRECTOR<\/title>\n<meta name=\"robots\" content=\"index, follow, max-snippet:-1, max-image-preview:large, max-video-preview:-1\" \/>\n<link rel=\"canonical\" href=\"https:\/\/ecorrector.com\/pl\/latex-redakcja-i-korekta\/\" \/>\n<meta property=\"og:locale\" content=\"pl_PL\" \/>\n<meta property=\"og:type\" content=\"article\" \/>\n<meta property=\"og:title\" content=\"LaTeX - redakcja i korekta - eCORRECTOR\" \/>\n<meta property=\"og:description\" content=\"[vc_row full_width=&#8221;stretch_row&#8221; css=&#8221;.vc_custom_1548616907756{margin-top: -30px !important;background: #12181f url(http:\/\/ecorrector.com\/wp-content\/uploads\/2019\/01\/dark-background-blue.png?id=12571) !important;}&#8221;][vc_column css=&#8221;.vc_custom_1546792884528{margin-top: -15px !important;}&#8221;][vc_column_text css=&#8221;.vc_custom_1698760568852{padding-top: 30px !important;padding-bottom: 0px !important;}&#8221;] LaTeX &#8211; redakcja i korekta [\/vc_column_text][vc_row_inner][vc_column_inner width=&#8221;1\/3&#8243;][vc_column_text] [\/vc_column_text][vc_column_text] Native speakerzy ze stopniem doktora nauk [\/vc_column_text][\/vc_column_inner][vc_column_inner width=&#8221;1\/3&#8243;][vc_column_text] [\/vc_column_text][vc_column_text] Ugruntowana reputacja [\/vc_column_text][\/vc_column_inner][vc_column_inner width=&#8221;1\/3&#8243;][vc_column_text] [\/vc_column_text][vc_column_text] Kontrola jako\u015bci [\/vc_column_text][\/vc_column_inner][\/vc_row_inner][vc_row_inner css=&#8221;.vc_custom_1546792820671{margin-top: -40px !important;}&#8221;][vc_column_inner][vc_separator color=&#8221;white&#8221; border_width=&#8221;4&#8243; el_width=&#8221;80&#8243;][\/vc_column_inner][\/vc_row_inner][vc_column_text][\/vc_column_text][\/vc_column][\/vc_row][vc_row full_width=&#8221;stretch_row&#8221; gap=&#8221;20&#8243; content_placement=&#8221;middle&#8221; css=&#8221;.vc_custom_1548616463961{padding-top: 60px !important;padding-bottom: 20px !important;background-color: #ffffff !important;}&#8221;][vc_column css=&#8221;.vc_custom_1548615891702{margin-top: -50px !important;margin-bottom: 0px !important;padding-top: 0px !important;}&#8221; offset=&#8221;vc_col-lg-6 vc_col-md-6 vc_col-xs-12&#8243;][vc_column_text css_animation=&#8221;none&#8221; css=&#8221;.vc_custom_1588091181170{padding-top: 30px !important;}&#8221;] LaTeX jest narz\u0119dziem do sk\u0142adu tekstu, powszechnie u\u017cywanym na\" \/>\n<meta property=\"og:url\" content=\"https:\/\/ecorrector.com\/pl\/latex-redakcja-i-korekta\/\" \/>\n<meta property=\"og:site_name\" content=\"eCORRECTOR\" \/>\n<meta property=\"article:modified_time\" content=\"2023-11-03T12:46:14+00:00\" \/>\n<meta property=\"og:image\" content=\"https:\/\/ecorrector.com\/wp-content\/uploads\/2020\/04\/LaTeX_korekta-edycja.jpg\" \/>\n<meta name=\"twitter:card\" content=\"summary_large_image\" \/>\n<meta name=\"twitter:label1\" content=\"Szacowany czas czytania\" \/>\n\t<meta name=\"twitter:data1\" content=\"3 minuty\" \/>\n<script type=\"application\/ld+json\" class=\"yoast-schema-graph\">{\"@context\":\"https:\/\/schema.org\",\"@graph\":[{\"@type\":\"WebPage\",\"@id\":\"https:\/\/ecorrector.com\/pl\/latex-redakcja-i-korekta\/\",\"url\":\"https:\/\/ecorrector.com\/pl\/latex-redakcja-i-korekta\/\",\"name\":\"LaTeX - redakcja i korekta - eCORRECTOR\",\"isPartOf\":{\"@id\":\"https:\/\/ecorrector.com\/#website\"},\"datePublished\":\"2020-04-17T16:20:11+00:00\",\"dateModified\":\"2023-11-03T12:46:14+00:00\",\"breadcrumb\":{\"@id\":\"https:\/\/ecorrector.com\/pl\/latex-redakcja-i-korekta\/#breadcrumb\"},\"inLanguage\":\"pl-PL\",\"potentialAction\":[{\"@type\":\"ReadAction\",\"target\":[\"https:\/\/ecorrector.com\/pl\/latex-redakcja-i-korekta\/\"]}]},{\"@type\":\"BreadcrumbList\",\"@id\":\"https:\/\/ecorrector.com\/pl\/latex-redakcja-i-korekta\/#breadcrumb\",\"itemListElement\":[{\"@type\":\"ListItem\",\"position\":1,\"name\":\"Home\",\"item\":\"https:\/\/ecorrector.com\/pl\/glowna\/\"},{\"@type\":\"ListItem\",\"position\":2,\"name\":\"LaTeX &#8211; redakcja i korekta\"}]},{\"@type\":\"WebSite\",\"@id\":\"https:\/\/ecorrector.com\/#website\",\"url\":\"https:\/\/ecorrector.com\/\",\"name\":\"eCORRECTOR\",\"description\":\"Korekty i T\u0142umaczenia Specjalistyczne\",\"potentialAction\":[{\"@type\":\"SearchAction\",\"target\":{\"@type\":\"EntryPoint\",\"urlTemplate\":\"https:\/\/ecorrector.com\/?s={search_term_string}\"},\"query-input\":\"required name=search_term_string\"}],\"inLanguage\":\"pl-PL\"}]}<\/script>\n<!-- \/ Yoast SEO plugin. -->","yoast_head_json":{"title":"LaTeX - redakcja i korekta - eCORRECTOR","robots":{"index":"index","follow":"follow","max-snippet":"max-snippet:-1","max-image-preview":"max-image-preview:large","max-video-preview":"max-video-preview:-1"},"canonical":"https:\/\/ecorrector.com\/pl\/latex-redakcja-i-korekta\/","og_locale":"pl_PL","og_type":"article","og_title":"LaTeX - redakcja i korekta - eCORRECTOR","og_description":"[vc_row full_width=&#8221;stretch_row&#8221; css=&#8221;.vc_custom_1548616907756{margin-top: -30px !important;background: #12181f url(http:\/\/ecorrector.com\/wp-content\/uploads\/2019\/01\/dark-background-blue.png?id=12571) !important;}&#8221;][vc_column css=&#8221;.vc_custom_1546792884528{margin-top: -15px !important;}&#8221;][vc_column_text css=&#8221;.vc_custom_1698760568852{padding-top: 30px !important;padding-bottom: 0px !important;}&#8221;] LaTeX &#8211; redakcja i korekta [\/vc_column_text][vc_row_inner][vc_column_inner width=&#8221;1\/3&#8243;][vc_column_text] [\/vc_column_text][vc_column_text] Native speakerzy ze stopniem doktora nauk [\/vc_column_text][\/vc_column_inner][vc_column_inner width=&#8221;1\/3&#8243;][vc_column_text] [\/vc_column_text][vc_column_text] Ugruntowana reputacja [\/vc_column_text][\/vc_column_inner][vc_column_inner width=&#8221;1\/3&#8243;][vc_column_text] [\/vc_column_text][vc_column_text] Kontrola jako\u015bci [\/vc_column_text][\/vc_column_inner][\/vc_row_inner][vc_row_inner css=&#8221;.vc_custom_1546792820671{margin-top: -40px !important;}&#8221;][vc_column_inner][vc_separator color=&#8221;white&#8221; border_width=&#8221;4&#8243; el_width=&#8221;80&#8243;][\/vc_column_inner][\/vc_row_inner][vc_column_text][\/vc_column_text][\/vc_column][\/vc_row][vc_row full_width=&#8221;stretch_row&#8221; gap=&#8221;20&#8243; content_placement=&#8221;middle&#8221; css=&#8221;.vc_custom_1548616463961{padding-top: 60px !important;padding-bottom: 20px !important;background-color: #ffffff !important;}&#8221;][vc_column css=&#8221;.vc_custom_1548615891702{margin-top: -50px !important;margin-bottom: 0px !important;padding-top: 0px !important;}&#8221; offset=&#8221;vc_col-lg-6 vc_col-md-6 vc_col-xs-12&#8243;][vc_column_text css_animation=&#8221;none&#8221; css=&#8221;.vc_custom_1588091181170{padding-top: 30px !important;}&#8221;] LaTeX jest narz\u0119dziem do sk\u0142adu tekstu, powszechnie u\u017cywanym na","og_url":"https:\/\/ecorrector.com\/pl\/latex-redakcja-i-korekta\/","og_site_name":"eCORRECTOR","article_modified_time":"2023-11-03T12:46:14+00:00","og_image":[{"url":"https:\/\/ecorrector.com\/wp-content\/uploads\/2020\/04\/LaTeX_korekta-edycja.jpg"}],"twitter_card":"summary_large_image","twitter_misc":{"Szacowany czas czytania":"3 minuty"},"schema":{"@context":"https:\/\/schema.org","@graph":[{"@type":"WebPage","@id":"https:\/\/ecorrector.com\/pl\/latex-redakcja-i-korekta\/","url":"https:\/\/ecorrector.com\/pl\/latex-redakcja-i-korekta\/","name":"LaTeX - redakcja i korekta - eCORRECTOR","isPartOf":{"@id":"https:\/\/ecorrector.com\/#website"},"datePublished":"2020-04-17T16:20:11+00:00","dateModified":"2023-11-03T12:46:14+00:00","breadcrumb":{"@id":"https:\/\/ecorrector.com\/pl\/latex-redakcja-i-korekta\/#breadcrumb"},"inLanguage":"pl-PL","potentialAction":[{"@type":"ReadAction","target":["https:\/\/ecorrector.com\/pl\/latex-redakcja-i-korekta\/"]}]},{"@type":"BreadcrumbList","@id":"https:\/\/ecorrector.com\/pl\/latex-redakcja-i-korekta\/#breadcrumb","itemListElement":[{"@type":"ListItem","position":1,"name":"Home","item":"https:\/\/ecorrector.com\/pl\/glowna\/"},{"@type":"ListItem","position":2,"name":"LaTeX &#8211; redakcja i korekta"}]},{"@type":"WebSite","@id":"https:\/\/ecorrector.com\/#website","url":"https:\/\/ecorrector.com\/","name":"eCORRECTOR","description":"Korekty i T\u0142umaczenia Specjalistyczne","potentialAction":[{"@type":"SearchAction","target":{"@type":"EntryPoint","urlTemplate":"https:\/\/ecorrector.com\/?s={search_term_string}"},"query-input":"required name=search_term_string"}],"inLanguage":"pl-PL"}]}},"_links":{"self":[{"href":"https:\/\/ecorrector.com\/pl\/wp-json\/wp\/v2\/pages\/16231","targetHints":{"allow":["GET"]}}],"collection":[{"href":"https:\/\/ecorrector.com\/pl\/wp-json\/wp\/v2\/pages"}],"about":[{"href":"https:\/\/ecorrector.com\/pl\/wp-json\/wp\/v2\/types\/page"}],"author":[{"embeddable":true,"href":"https:\/\/ecorrector.com\/pl\/wp-json\/wp\/v2\/users\/1"}],"replies":[{"embeddable":true,"href":"https:\/\/ecorrector.com\/pl\/wp-json\/wp\/v2\/comments?post=16231"}],"version-history":[{"count":4,"href":"https:\/\/ecorrector.com\/pl\/wp-json\/wp\/v2\/pages\/16231\/revisions"}],"predecessor-version":[{"id":19938,"href":"https:\/\/ecorrector.com\/pl\/wp-json\/wp\/v2\/pages\/16231\/revisions\/19938"}],"wp:attachment":[{"href":"https:\/\/ecorrector.com\/pl\/wp-json\/wp\/v2\/media?parent=16231"}],"curies":[{"name":"wp","href":"https:\/\/api.w.org\/{rel}","templated":true}]}}