{"id":2244,"date":"2015-10-22T10:34:06","date_gmt":"2015-10-22T08:34:06","guid":{"rendered":"http:\/\/ecorrector.com\/?page_id=2244"},"modified":"2017-11-21T12:15:51","modified_gmt":"2017-11-21T11:15:51","slug":"nagrania-audio","status":"publish","type":"page","link":"https:\/\/ecorrector.com\/pl\/nagrania-audio\/","title":{"rendered":"Nagrania audio z nienagannym akcentem"},"content":{"rendered":"[vc_row][vc_column][vc_column_text css_animation=&#8221;appear&#8221;]\t\t<style type=\"text\/css\">\r\n\t\t    #content-block-background-1559 { background-image: url(http:\/\/ecorrector.com\/wp-content\/uploads\/2015\/10\/44.jpg); background-position: center center; background-repeat: repeat-x; background-color: #293037; background-attachment: fixed; background-size: auto; }\r\n\t\t    #content-block-body-1559 { padding: 10px 0 0; color: #FFFFFF; }\r\n\t\t    .content-block-body { margin-left: auto; margin-right: auto; position: relative; }\r\n\t\t<\/style>\r\n\t\t\t\t\t<style type=\"text\/css\">\r\n\t\t\t\t#wrapper-1 { overflow-x: hidden; }\r\n\t\t\t\t#content-block-background-1559 { margin: 0 -10000px; padding: 0 10000px; }\r\n\t\t\t<\/style>\r\n\t\t\r\n\t\t\r\n\t\t<div class=\"clear\"><\/div>\r\n\t\t<div id=\"content-block-background-1559\" class=\"content-block-background we-are-passionate-block\">\r\n\t\t\t<div id=\"content-block-body-1559\" class=\"content-block-body\">\r\n\t\t\t\t<div class=\"clear\"><\/div>\r\n\t\t\t\t\n<div style=\"text-align: center;\">\n<h4 style=\"margin-bottom: 10px;\"><span style=\"font-size: 36px; color: #ffffff; line-height: 1.2;\">Nagrania audio<\/span><\/h4>\n[vc_separator color=&#8221;white&#8221; border_width=&#8221;2&#8243; el_width=&#8221;50&#8243;]\n<div class=\"one_fourth\"><a href=\"http:\/\/ecorrector.com\/nowa-usluga-w-ofercie-ecorrector\/\"><img decoding=\"async\" class=\"aligncenter\" src=\"http:\/\/ecorrector.com\/wp-content\/uploads\/2015\/10\/21.png\" alt=\"Nagrania audio wykonywane przez native speaker\u00f3w\" \/><\/a><\/p>\n<div style=\"text-align: center;\">\n<h3 style=\"margin: 0 auto; padding-bottom: 0;\"><span style=\"color: #ffffff;\"><a style=\"color: #ffffff;\" title=\"Nienaganny akcent\" href=\"http:\/\/ecorrector.com\/nowa-usluga-w-ofercie-ecorrector\/\">Nagrania audio wykonywane przez native speaker\u00f3w z nienagannym akcentem<\/a><\/span><\/h3>\n<\/div>\n<\/div> <div class=\"one_fourth\"><a href=\"http:\/\/ecorrector.com\/nowa-usluga-w-ofercie-ecorrector\/\"><img decoding=\"async\" class=\"aligncenter\" src=\"http:\/\/ecorrector.com\/wp-content\/uploads\/2015\/10\/41.png\" alt=\"Pliki audio przesy\u0142ane zdalnie\" \/><\/a><\/p>\n<div style=\"text-align: center;\">\n<h3 style=\"margin: 0 auto; padding-bottom: 0;\"><span style=\"color: #ffffff;\"><a style=\"color: #ffffff;\" title=\"Pliki audio przesy\u0142ane zdalnie\" href=\"http:\/\/ecorrector.com\/nowa-usluga-w-ofercie-ecorrector\/\">Mo\u017cliwo\u015b\u0107 zamawiania nagra\u0144 w plikach audio przesy\u0142anych zdalnie<\/a><\/span><\/h3>\n<\/div>\n<\/div> <div class=\"one_fourth\"><a href=\"http:\/\/ecorrector.com\/nowa-usluga-w-ofercie-ecorrector\/\"><img decoding=\"async\" class=\"aligncenter\" src=\"http:\/\/ecorrector.com\/wp-content\/uploads\/2015\/10\/11.png\" alt=\"Nagrania audio w studio nagra\u0144\" \/><\/a><\/p>\n<div style=\"text-align: center;\">\n<h3 style=\"margin: 0 auto; padding-bottom: 0;\"><span style=\"color: #ffffff;\"><a style=\"color: #ffffff;\" title=\"Nagranie w dowolnym studiu nagra\u0144\" href=\"http:\/\/ecorrector.com\/nowa-usluga-w-ofercie-ecorrector\/\">Nagrania w studio nagra\u0144 w wybranych lokalizacjach<\/a><\/span><\/h3>\n<\/div>\n<\/div> <div class=\"one_fourth last_column\"><a href=\"http:\/\/ecorrector.com\/nowa-usluga-w-ofercie-ecorrector\/\"><img decoding=\"async\" class=\"aligncenter\" src=\"http:\/\/ecorrector.com\/wp-content\/uploads\/2015\/10\/31.png\" alt=\"Wi\u0119cej\" \/><\/a><\/p>\n<div style=\"text-align: center;\">\n<h3 style=\"margin: 0px auto; padding-bottom: 20px;\"><span style=\"color: #ffffff;\"><a style=\"color: #ffffff;\" title=\"Dowiedz si\u0119 wi\u0119cej\" href=\"mailto:info@ecorrector.com\">Dowiedz si\u0119 wi\u0119cej<\/a><\/span><\/h3>\n<\/div>\n<\/div>\n<\/div>\n\t\t\t\t<div class=\"clear\"><\/div>\r\n\t\t\t<\/div>\r\n\t\t<\/div>\r\n\t\t<div class=\"clear\"><\/div>\r\n\t[\/vc_column_text][\/vc_column][\/vc_row][vc_row][vc_column][vc_column_text css_animation=&#8221;top-to-bottom&#8221;]\n<h5 style=\"margin-bottom: 0px; margin-top: 0px; text-align: center;\"><span style=\"font-size: 18px; color: #000000; line-height: 1.5;\">Przyk\u0142ady firm i organizacji, dla kt\u00f3rych wykonywali\u015bmy t\u0142umaczenia i korekty j\u0119zykowe<\/span><\/h5>\n[\/vc_column_text][\/vc_column][\/vc_row][vc_row][vc_column][vc_separator color=&#8221;custom&#8221; border_width=&#8221;2&#8243; el_width=&#8221;40&#8243; accent_color=&#8221;#293037&#8243; css=&#8221;.vc_custom_1446042449222{margin-top: -20px !important;}&#8221;][vc_column_text css=&#8221;.vc_custom_1445596100788{margin-top: 0px !important;margin-bottom: 60px !important;}&#8221;]<ul class=\"kiwi-logo-carousel kiwi-logo-carousel-dla-biznesu default align-center col4\"><li style=\"height:100px;\" ><div class=\"helper\" style=\"height:100px; width:150px;\" ><img decoding=\"async\" src=\"https:\/\/ecorrector.com\/wp-content\/uploads\/2015\/10\/header_logo.png\" alt=\"YOHO\" title=\"YOHO\" style=\"max-width:150px; padding-left: 0px; padding-right:0px\" ><\/div><\/li><li style=\"height:100px;\" ><div class=\"helper\" style=\"height:100px; width:150px;\" ><img decoding=\"async\" src=\"https:\/\/ecorrector.com\/wp-content\/uploads\/2015\/10\/114620.png\" alt=\"WICKLER PERSONAL\" title=\"WICKLER PERSONAL\" style=\"max-width:150px; padding-left: 0px; padding-right:0px\" ><\/div><\/li><li style=\"height:100px;\" ><div class=\"helper\" style=\"height:100px; width:150px;\" ><img decoding=\"async\" src=\"https:\/\/ecorrector.com\/wp-content\/uploads\/2015\/10\/logo_oficynka_czarne.jpg\" alt=\"OFICYNKA\" title=\"OFICYNKA\" style=\"max-width:150px; padding-left: 0px; padding-right:0px\" ><\/div><\/li><li style=\"height:100px;\" ><div class=\"helper\" style=\"height:100px; width:150px;\" ><img decoding=\"async\" src=\"https:\/\/ecorrector.com\/wp-content\/uploads\/2015\/10\/logo1.png\" alt=\"BIOELEKTRA GROUP\" title=\"BIOELEKTRA GROUP\" style=\"max-width:150px; padding-left: 0px; padding-right:0px\" ><\/div><\/li><li style=\"height:100px;\" ><div class=\"helper\" style=\"height:100px; width:150px;\" ><img decoding=\"async\" src=\"https:\/\/ecorrector.com\/wp-content\/uploads\/2015\/10\/melle-logo_min.jpg\" alt=\"MELLE\" title=\"MELLE\" style=\"max-width:150px; padding-left: 0px; padding-right:0px\" ><\/div><\/li><li style=\"height:100px;\" ><div class=\"helper\" style=\"height:100px; width:150px;\" ><img decoding=\"async\" src=\"https:\/\/ecorrector.com\/wp-content\/uploads\/2015\/10\/PGS-621x116px.png\" alt=\"PRACOWNIA GIER\" title=\"PRACOWNIA GIER\" style=\"max-width:150px; padding-left: 0px; padding-right:0px\" ><\/div><\/li><li style=\"height:100px;\" ><div class=\"helper\" style=\"height:100px; width:150px;\" ><img decoding=\"async\" src=\"https:\/\/ecorrector.com\/wp-content\/uploads\/2016\/01\/logo_polske_1w_RGB.jpg\" alt=\"Fundacja Nauki Polskiej\" title=\"Fundacja Nauki Polskiej\" style=\"max-width:150px; padding-left: 0px; padding-right:0px\" ><\/div><\/li><li style=\"height:100px;\" ><div class=\"helper\" style=\"height:100px; width:150px;\" ><img decoding=\"async\" src=\"https:\/\/ecorrector.com\/wp-content\/uploads\/2015\/10\/evio_nakedh156.png\" alt=\"evio\" title=\"evio\" style=\"max-width:150px; padding-left: 0px; padding-right:0px\" ><\/div><\/li><li style=\"height:100px;\"><a target=\"_blank\" href=\"http:\/\/www.zamek.malbork.pl\/\"><div class=\"helper\" style=\"height:100px; width:150px;\" ><img decoding=\"async\" src=\"https:\/\/ecorrector.com\/wp-content\/uploads\/2016\/01\/zamek_logo3046x3118.jpg\" alt=\"Zamek w Malborku\" title=\"Zamek w Malborku\"><\/div><\/a><\/li><li style=\"height:100px;\" ><div class=\"helper\" style=\"height:100px; width:150px;\" ><img decoding=\"async\" src=\"https:\/\/ecorrector.com\/wp-content\/uploads\/2015\/10\/logo-11.png\" alt=\"LAMPEX\" title=\"LAMPEX\" style=\"max-width:150px; padding-left: 0px; padding-right:0px\" ><\/div><\/li><li style=\"height:100px;\" ><div class=\"helper\" style=\"height:100px; width:150px;\" ><img decoding=\"async\" src=\"https:\/\/ecorrector.com\/wp-content\/uploads\/2015\/10\/logo.png\" alt=\"sako expo\" title=\"sako expo\" style=\"max-width:150px; padding-left: 0px; padding-right:0px\" ><\/div><\/li><li style=\"height:100px;\" ><div class=\"helper\" style=\"height:100px; width:150px;\" ><img decoding=\"async\" src=\"https:\/\/ecorrector.com\/wp-content\/uploads\/2016\/01\/one_warsaw_logotype-05.jpg\" alt=\"Warszawska Organizacja Turystyczna\" title=\"Warszawska Organizacja Turystyczna\" style=\"max-width:150px; padding-left: 0px; padding-right:0px\" ><\/div><\/li><li style=\"height:100px;\" ><div class=\"helper\" style=\"height:100px; width:150px;\" ><img decoding=\"async\" src=\"https:\/\/ecorrector.com\/wp-content\/uploads\/2015\/10\/logo-1.png\" alt=\"ttsupport\" title=\"ttsupport\" style=\"max-width:150px; padding-left: 0px; padding-right:0px\" ><\/div><\/li><li style=\"height:100px;\" ><div class=\"helper\" style=\"height:100px; width:150px;\" ><img decoding=\"async\" src=\"https:\/\/ecorrector.com\/wp-content\/uploads\/2015\/10\/logo-2.png\" alt=\"infoscan\" title=\"infoscan\" style=\"max-width:150px; padding-left: 0px; padding-right:0px\" ><\/div><\/li><li style=\"height:100px;\" ><div class=\"helper\" style=\"height:100px; width:150px;\" ><img decoding=\"async\" src=\"https:\/\/ecorrector.com\/wp-content\/uploads\/2015\/10\/polska_siec_ambasadorow_przedsiebiorczosci_kobiet.png\" alt=\"POLSKA SIE\u0106 AMBASADOR\u00d3W PRZEDSI\u0118BIORCZO\u015aCI KOBIET\" title=\"POLSKA SIE\u0106 AMBASADOR\u00d3W PRZEDSI\u0118BIORCZO\u015aCI KOBIET\" style=\"max-width:150px; padding-left: 0px; padding-right:0px\" ><\/div><\/li><li style=\"height:100px;\" ><div class=\"helper\" style=\"height:100px; width:150px;\" ><img decoding=\"async\" src=\"https:\/\/ecorrector.com\/wp-content\/uploads\/2015\/10\/tetex.png\" alt=\"tetex\" title=\"tetex\" style=\"max-width:150px; padding-left: 0px; padding-right:0px\" ><\/div><\/li><li style=\"height:100px;\" ><div class=\"helper\" style=\"height:100px; width:150px;\" ><img decoding=\"async\" src=\"https:\/\/ecorrector.com\/wp-content\/uploads\/2015\/10\/Gol-Box-logo2.png\" alt=\"GOL BOX\" title=\"GOL BOX\" style=\"max-width:150px; padding-left: 0px; padding-right:0px\" ><\/div><\/li><li style=\"height:100px;\" ><div class=\"helper\" style=\"height:100px; width:150px;\" ><img decoding=\"async\" src=\"https:\/\/ecorrector.com\/wp-content\/uploads\/2015\/10\/dwor_kombornia-logo.jpg\" alt=\"DW\u00d3R KAMBORNIA\" title=\"DW\u00d3R KAMBORNIA\" style=\"max-width:150px; padding-left: 0px; padding-right:0px\" ><\/div><\/li><li style=\"height:100px;\" ><div class=\"helper\" style=\"height:100px; width:150px;\" ><img decoding=\"async\" src=\"https:\/\/ecorrector.com\/wp-content\/uploads\/2015\/10\/czd_logo.jpg\" alt=\"CENTRUM ZDROWIA DZIECKA\" title=\"CENTRUM ZDROWIA DZIECKA\" style=\"max-width:150px; padding-left: 0px; padding-right:0px\" ><\/div><\/li><\/ul>[\/vc_column_text][vc_empty_space][\/vc_column][\/vc_row][vc_row][vc_column][vc_column_text css_animation=&#8221;top-to-bottom&#8221; css=&#8221;.vc_custom_1446642004465{margin-top: -60px !important;}&#8221;]\n<h5 style=\"margin-bottom: 0px; margin-top: 0px; text-align: left;\"><span style=\"font-size: 18px; color: #000000; line-height: 1.5;\">Referencje<\/span><\/h5>\n[\/vc_column_text][vc_separator color=&#8221;custom&#8221; border_width=&#8221;2&#8243; accent_color=&#8221;#293037&#8243; css=&#8221;.vc_custom_1445506367842{margin-top: -25px !important;}&#8221;][vc_column_text css_animation=&#8221;top-to-bottom&#8221; css=&#8221;.vc_custom_1446641994034{margin-top: -25px !important;}&#8221;]\n<blockquote>\n<div style=\"margin-top: 10px; color: #000000; font-size: 12px; font-style: italic; text-align: right;\"><span style=\"color: #000000;\"><strong>Super serwis, fantastyczny kontakt i perfekcyjny tekst po korekcie- wprost do publikacji.<\/strong><\/span><\/div>\n<\/blockquote>\n<div style=\"color: #f95a09; text-align: right;\"><span style=\"color: #1e90ff;\">&#8211; Rados\u0142aw \u0141uczak, Dyrektor Handlowy:<\/span> <span style=\"color: #1e90ff;\"><a style=\"color: #1e90ff;\" href=\"http:\/\/www.sakoexpo.com.pl\" target=\"_blank\" rel=\"noopener\">www.sakoexpo.com.pl<\/a><\/span><\/div>\n[\/vc_column_text][vc_column_text css_animation=&#8221;top-to-bottom&#8221; css=&#8221;.vc_custom_1446641971529{margin-top: -25px !important;}&#8221;]\n<blockquote>\n<div style=\"margin-top: 10px; color: #000000; font-size: 12px; font-style: italic; text-align: right;\"><span style=\"color: #000000;\"><strong>Profesjonalny zesp\u00f3\u0142, korektorzy z do\u015bwiadczeniem, szybki czas reakcji, obs\u0142uga nastawiona na klienta ? atuty, kt\u00f3re powoduj\u0105, \u017ce chcemy wsp\u00f3\u0142pracowa\u0107.<\/strong><\/span><\/div>\n<\/blockquote>\n<div style=\"color: #f95a09; text-align: right;\"><span style=\"color: #1e90ff;\">&#8211; Agnieszka Chmielewska, Prezes Zarz\u0105du:<\/span> <span style=\"color: #1e90ff;\"><a style=\"color: #1e90ff;\" href=\"http:\/\/www.dogadamycie.pl\" target=\"_blank\" rel=\"noopener\">www.dogadamycie.pl<\/a><\/span><\/div>\n[\/vc_column_text][vc_column_text css_animation=&#8221;top-to-bottom&#8221; css=&#8221;.vc_custom_1446641982193{margin-top: -25px !important;}&#8221;]\n<blockquote>\n<div style=\"margin-top: 10px; color: #000000; font-size: 12px; font-style: italic; text-align: right;\"><span style=\"color: #000000;\"><strong>Polecamy eCORRECTOR przede wszystkim za bardzo szybki czas realizacji us\u0142ug, sprawn\u0105 komunikacj\u0119 mailow\u0105 z klientem oraz profesjonalne podej\u015bcie do zlece\u0144.<\/strong><\/span><\/div>\n<\/blockquote>\n<div style=\"color: #f95a09; text-align: right;\"><span style=\"color: #1e90ff;\">&#8211; YOHO Agencja Reklamowa:<\/span> <span style=\"color: #1e90ff;\"><a style=\"color: #1e90ff;\" href=\"http:\/\/www.yoho.pl\" target=\"_blank\" rel=\"noopener\">www.yoho.pl<\/a><\/span><\/div>\n[\/vc_column_text][\/vc_column][\/vc_row]\n","protected":false},"excerpt":{"rendered":"<p>[vc_row][vc_column][vc_column_text css_animation=&#8221;appear&#8221;][\/vc_column_text][\/vc_column][\/vc_row][vc_row][vc_column][vc_column_text css_animation=&#8221;top-to-bottom&#8221;] Przyk\u0142ady firm i organizacji, dla kt\u00f3rych wykonywali\u015bmy t\u0142umaczenia i korekty j\u0119zykowe [\/vc_column_text][\/vc_column][\/vc_row][vc_row][vc_column][vc_separator color=&#8221;custom&#8221; border_width=&#8221;2&#8243; el_width=&#8221;40&#8243; accent_color=&#8221;#293037&#8243; css=&#8221;.vc_custom_1446042449222{margin-top: -20px !important;}&#8221;][vc_column_text css=&#8221;.vc_custom_1445596100788{margin-top: 0px !important;margin-bottom: 60px !important;}&#8221;][\/vc_column_text][vc_empty_space][\/vc_column][\/vc_row][vc_row][vc_column][vc_column_text css_animation=&#8221;top-to-bottom&#8221; css=&#8221;.vc_custom_1446642004465{margin-top: -60px !important;}&#8221;] Referencje [\/vc_column_text][vc_separator color=&#8221;custom&#8221; border_width=&#8221;2&#8243; accent_color=&#8221;#293037&#8243; css=&#8221;.vc_custom_1445506367842{margin-top: -25px !important;}&#8221;][vc_column_text css_animation=&#8221;top-to-bottom&#8221; css=&#8221;.vc_custom_1446641994034{margin-top: -25px !important;}&#8221;] Super serwis, fantastyczny kontakt i perfekcyjny tekst po korekcie- wprost do publikacji. &#8211; Rados\u0142aw \u0141uczak, Dyrektor Handlowy: www.sakoexpo.com.pl [\/vc_column_text][vc_column_text css_animation=&#8221;top-to-bottom&#8221; css=&#8221;.vc_custom_1446641971529{margin-top: -25px !important;}&#8221;] Profesjonalny zesp\u00f3\u0142, korektorzy z do\u015bwiadczeniem, szybki czas reakcji, obs\u0142uga nastawiona na klienta ? atuty,<\/p>\n","protected":false},"author":2,"featured_media":0,"parent":0,"menu_order":0,"comment_status":"closed","ping_status":"closed","template":"page-FullWidth.php","meta":{"_monsterinsights_skip_tracking":false,"_monsterinsights_sitenote_active":false,"_monsterinsights_sitenote_note":"","_monsterinsights_sitenote_category":0,"footnotes":""},"class_list":["post-2244","page","type-page","status-publish","hentry"],"yoast_head":"<!-- This site is optimized with the Yoast SEO plugin v21.0 - https:\/\/yoast.com\/wordpress\/plugins\/seo\/ -->\n<title>Nagrania audio z nienagannym akcentem - eCORRECTOR<\/title>\n<meta name=\"description\" content=\"Nagrania audio wykonywane przez native speaker\u00f3w z nienagannym akcentem. Przeprowadzane w studio nagra\u0144 w wybranych lokalizacjach.\" \/>\n<meta name=\"robots\" content=\"index, follow, max-snippet:-1, max-image-preview:large, max-video-preview:-1\" \/>\n<link rel=\"canonical\" href=\"https:\/\/ecorrector.com\/pl\/nagrania-audio\/\" \/>\n<meta property=\"og:locale\" content=\"pl_PL\" \/>\n<meta property=\"og:type\" content=\"article\" \/>\n<meta property=\"og:title\" content=\"Nagrania audio z nienagannym akcentem - eCORRECTOR\" \/>\n<meta property=\"og:description\" content=\"Nagrania audio wykonywane przez native speaker\u00f3w z nienagannym akcentem. Przeprowadzane w studio nagra\u0144 w wybranych lokalizacjach.\" \/>\n<meta property=\"og:url\" content=\"https:\/\/ecorrector.com\/pl\/nagrania-audio\/\" \/>\n<meta property=\"og:site_name\" content=\"eCORRECTOR\" \/>\n<meta property=\"article:modified_time\" content=\"2017-11-21T11:15:51+00:00\" \/>\n<meta property=\"og:image\" content=\"http:\/\/ecorrector.com\/wp-content\/uploads\/2015\/10\/21.png\" \/>\n<meta name=\"twitter:card\" content=\"summary_large_image\" \/>\n<meta name=\"twitter:label1\" content=\"Szacowany czas czytania\" \/>\n\t<meta name=\"twitter:data1\" content=\"2 minuty\" \/>\n<script type=\"application\/ld+json\" class=\"yoast-schema-graph\">{\"@context\":\"https:\/\/schema.org\",\"@graph\":[{\"@type\":\"WebPage\",\"@id\":\"https:\/\/ecorrector.com\/pl\/nagrania-audio\/\",\"url\":\"https:\/\/ecorrector.com\/pl\/nagrania-audio\/\",\"name\":\"Nagrania audio z nienagannym akcentem - eCORRECTOR\",\"isPartOf\":{\"@id\":\"https:\/\/ecorrector.com\/#website\"},\"datePublished\":\"2015-10-22T08:34:06+00:00\",\"dateModified\":\"2017-11-21T11:15:51+00:00\",\"description\":\"Nagrania audio wykonywane przez native speaker\u00f3w z nienagannym akcentem. Przeprowadzane w studio nagra\u0144 w wybranych lokalizacjach.\",\"breadcrumb\":{\"@id\":\"https:\/\/ecorrector.com\/pl\/nagrania-audio\/#breadcrumb\"},\"inLanguage\":\"pl-PL\",\"potentialAction\":[{\"@type\":\"ReadAction\",\"target\":[\"https:\/\/ecorrector.com\/pl\/nagrania-audio\/\"]}]},{\"@type\":\"BreadcrumbList\",\"@id\":\"https:\/\/ecorrector.com\/pl\/nagrania-audio\/#breadcrumb\",\"itemListElement\":[{\"@type\":\"ListItem\",\"position\":1,\"name\":\"Home\",\"item\":\"https:\/\/ecorrector.com\/pl\/glowna\/\"},{\"@type\":\"ListItem\",\"position\":2,\"name\":\"Nagrania audio z nienagannym akcentem\"}]},{\"@type\":\"WebSite\",\"@id\":\"https:\/\/ecorrector.com\/#website\",\"url\":\"https:\/\/ecorrector.com\/\",\"name\":\"eCORRECTOR\",\"description\":\"Korekty i T\u0142umaczenia Specjalistyczne\",\"potentialAction\":[{\"@type\":\"SearchAction\",\"target\":{\"@type\":\"EntryPoint\",\"urlTemplate\":\"https:\/\/ecorrector.com\/?s={search_term_string}\"},\"query-input\":\"required name=search_term_string\"}],\"inLanguage\":\"pl-PL\"}]}<\/script>\n<!-- \/ Yoast SEO plugin. -->","yoast_head_json":{"title":"Nagrania audio z nienagannym akcentem - eCORRECTOR","description":"Nagrania audio wykonywane przez native speaker\u00f3w z nienagannym akcentem. Przeprowadzane w studio nagra\u0144 w wybranych lokalizacjach.","robots":{"index":"index","follow":"follow","max-snippet":"max-snippet:-1","max-image-preview":"max-image-preview:large","max-video-preview":"max-video-preview:-1"},"canonical":"https:\/\/ecorrector.com\/pl\/nagrania-audio\/","og_locale":"pl_PL","og_type":"article","og_title":"Nagrania audio z nienagannym akcentem - eCORRECTOR","og_description":"Nagrania audio wykonywane przez native speaker\u00f3w z nienagannym akcentem. Przeprowadzane w studio nagra\u0144 w wybranych lokalizacjach.","og_url":"https:\/\/ecorrector.com\/pl\/nagrania-audio\/","og_site_name":"eCORRECTOR","article_modified_time":"2017-11-21T11:15:51+00:00","og_image":[{"url":"http:\/\/ecorrector.com\/wp-content\/uploads\/2015\/10\/21.png"}],"twitter_card":"summary_large_image","twitter_misc":{"Szacowany czas czytania":"2 minuty"},"schema":{"@context":"https:\/\/schema.org","@graph":[{"@type":"WebPage","@id":"https:\/\/ecorrector.com\/pl\/nagrania-audio\/","url":"https:\/\/ecorrector.com\/pl\/nagrania-audio\/","name":"Nagrania audio z nienagannym akcentem - eCORRECTOR","isPartOf":{"@id":"https:\/\/ecorrector.com\/#website"},"datePublished":"2015-10-22T08:34:06+00:00","dateModified":"2017-11-21T11:15:51+00:00","description":"Nagrania audio wykonywane przez native speaker\u00f3w z nienagannym akcentem. Przeprowadzane w studio nagra\u0144 w wybranych lokalizacjach.","breadcrumb":{"@id":"https:\/\/ecorrector.com\/pl\/nagrania-audio\/#breadcrumb"},"inLanguage":"pl-PL","potentialAction":[{"@type":"ReadAction","target":["https:\/\/ecorrector.com\/pl\/nagrania-audio\/"]}]},{"@type":"BreadcrumbList","@id":"https:\/\/ecorrector.com\/pl\/nagrania-audio\/#breadcrumb","itemListElement":[{"@type":"ListItem","position":1,"name":"Home","item":"https:\/\/ecorrector.com\/pl\/glowna\/"},{"@type":"ListItem","position":2,"name":"Nagrania audio z nienagannym akcentem"}]},{"@type":"WebSite","@id":"https:\/\/ecorrector.com\/#website","url":"https:\/\/ecorrector.com\/","name":"eCORRECTOR","description":"Korekty i T\u0142umaczenia Specjalistyczne","potentialAction":[{"@type":"SearchAction","target":{"@type":"EntryPoint","urlTemplate":"https:\/\/ecorrector.com\/?s={search_term_string}"},"query-input":"required name=search_term_string"}],"inLanguage":"pl-PL"}]}},"_links":{"self":[{"href":"https:\/\/ecorrector.com\/pl\/wp-json\/wp\/v2\/pages\/2244","targetHints":{"allow":["GET"]}}],"collection":[{"href":"https:\/\/ecorrector.com\/pl\/wp-json\/wp\/v2\/pages"}],"about":[{"href":"https:\/\/ecorrector.com\/pl\/wp-json\/wp\/v2\/types\/page"}],"author":[{"embeddable":true,"href":"https:\/\/ecorrector.com\/pl\/wp-json\/wp\/v2\/users\/2"}],"replies":[{"embeddable":true,"href":"https:\/\/ecorrector.com\/pl\/wp-json\/wp\/v2\/comments?post=2244"}],"version-history":[{"count":0,"href":"https:\/\/ecorrector.com\/pl\/wp-json\/wp\/v2\/pages\/2244\/revisions"}],"wp:attachment":[{"href":"https:\/\/ecorrector.com\/pl\/wp-json\/wp\/v2\/media?parent=2244"}],"curies":[{"name":"wp","href":"https:\/\/api.w.org\/{rel}","templated":true}]}}