{"id":2838,"date":"2015-10-28T14:14:26","date_gmt":"2015-10-28T13:14:26","guid":{"rendered":"http:\/\/ecorrector.com\/?page_id=2838"},"modified":"2019-06-04T12:45:13","modified_gmt":"2019-06-04T10:45:13","slug":"korekta-standardowa-native-speakerow","status":"publish","type":"page","link":"https:\/\/ecorrector.com\/pl\/korekta-standardowa-native-speakerow\/","title":{"rendered":"Korekta standardowa native speaker\u00f3w"},"content":{"rendered":"[vc_row full_width=&#8221;stretch_row&#8221; css=&#8221;.vc_custom_1548616907756{margin-top: -30px !important;background: #12181f url(http:\/\/ecorrector.com\/wp-content\/uploads\/2019\/01\/dark-background-blue.png?id=12571) !important;}&#8221;][vc_column css=&#8221;.vc_custom_1546792884528{margin-top: -15px !important;}&#8221;][vc_column_text css=&#8221;.vc_custom_1558959055717{padding-top: 0px !important;padding-bottom: 0px !important;}&#8221;]\n<div id=\"responsive\" style=\"text-align: center;\">\n<h2 style=\"margin-bottom: 0px; margin-top: -4px; color: #ffffff; font-size: 30px;\">Korekty <span style=\"color: #fe5e08;\">Wykwalifikowanych\u00a0<\/span>Ekspert\u00f3w<\/h2>\n<\/div>\n[\/vc_column_text][vc_row_inner css=&#8221;.vc_custom_1548622548499{margin-top: -10px !important;}&#8221;][vc_column_inner width=&#8221;1\/4&#8243;][vc_column_text]\n<div style=\"text-align: center;\"><i class=\"fa fa-street-view circle-wrap\" style=\"color: #ffffff; font-size: 2.5em;\"><!-- icon --><\/i><\/div>\n<div style=\"text-align: center;\">\n<h5><span style=\"color: #ffffff;\">Rodzimi u\u017cytkownicy j\u0119zyka<\/span><\/h5>\n<p style=\"text-align: center;\"><span style=\"color: #ffffff;\">Wsp\u00f3\u0142pracujemy z korektorami, dla kt\u00f3rych j\u0119zyk docelowy jest ich j\u0119zykiem ojczystym. Nie uwa\u017camy os\u00f3b z wysokimi kwalifikacjami w danym j\u0119zyku za native speaker\u00f3w.<\/span><\/p>\n<\/div>\n[\/vc_column_text][\/vc_column_inner][vc_column_inner width=&#8221;1\/4&#8243;][vc_column_text]\n<div style=\"text-align: center;\"><i class=\"fa fa-globe circle-wrap\" style=\"color: #ffffff; font-size: 2.5em;\"><!-- icon --><\/i><\/div>\n<div style=\"text-align: center;\">\n<h5><span style=\"color: #ffffff;\">Optymalna lokalizacja tekstu<\/span><\/h5>\n<p style=\"text-align: center;\"><span style=\"color: #ffffff;\">Nasi korektorzy\/t\u0142umacze zazwyczaj zamieszkuj\u0105 sw\u00f3j rodzinny kraj, dzi\u0119ki czemu na co dzie\u0144 u\u017cywaj\u0105 rodzimego j\u0119zyka, maj\u0105 z nim ci\u0105g\u0142\u0105 styczno\u015b\u0107 i reaguj\u0105 na wszelkie modyfikacje.<\/span><\/p>\n<\/div>\n[\/vc_column_text][\/vc_column_inner][vc_column_inner width=&#8221;1\/4&#8243;][vc_column_text]\n<div style=\"text-align: center;\"><i class=\"fa fa-user-plus circle-wrap\" style=\"color: #ffffff; font-size: 2.5em;\"><!-- icon --><\/i><\/div>\n<div style=\"text-align: center;\">\n<h5><span style=\"color: #ffffff;\">Do\u015bwiadczeni specjali\u015bci<\/span><\/h5>\n<p style=\"text-align: center;\"><span style=\"color: #ffffff;\">Wsp\u00f3\u0142pracujemy z korektorami i t\u0142umaczami, kt\u00f3rzy specjalizuj\u0105 si\u0119 w danej dziedzinie i s\u0105 w stanie poradzi\u0107 sobie z nawet najbardziej skomplikowanymi tekstami.<\/span><\/p>\n<\/div>\n[\/vc_column_text][\/vc_column_inner][vc_column_inner width=&#8221;1\/4&#8243;][vc_column_text]\n<div style=\"text-align: center;\"><i class=\"fa fa-language circle-wrap\" style=\"color: #ffffff; font-size: 2.5em;\"><!-- icon --><\/i><\/div>\n<div style=\"text-align: center;\">\n<h5><span style=\"color: #ffffff;\">Wyspecjalizowani lingwi\u015bci<\/span><\/h5>\n<p style=\"text-align: center;\"><span style=\"color: #ffffff;\">Nasi korektorzy posiadaj\u0105 odpowiednie wykszta\u0142cenie, do\u015bwiadczenie zgromadzone dzi\u0119ki pracy nad r\u00f3\u017cnego rodzaju tekstami oraz umiej\u0119tno\u015bci potwierdzone kwalifikacjami uzyskanymi od mi\u0119dzynarodowego stowarzyszenia zawodowego, the Society for Proofreaders and Editors.<\/span><\/p>\n<\/div>\n[\/vc_column_text][\/vc_column_inner][\/vc_row_inner][vc_row_inner css=&#8221;.vc_custom_1546792820671{margin-top: -40px !important;}&#8221;][vc_column_inner css=&#8221;.vc_custom_1548622462610{margin-top: -10px !important;}&#8221;][vc_separator color=&#8221;white&#8221; border_width=&#8221;4&#8243; css=&#8221;.vc_custom_1548622819599{padding-top: 10px !important;}&#8221;][vc_column_text]<div class=\"align-btn-center\"><a class=\"flat-custom-button\" href=\"http:\/\/ecorrector.com\/pl\/wyslij-tekst-do-darmowej-wyceny\/\" title=\"Wy\u015blij tekst do darmowej wyceny\"><span style=\"padding:10px 100px; background-color:#FD7800; border:1px solid #fe5e08; color:#FFFFFF; font-size:16px;\">Wy\u015blij tekst do darmowej wyceny<\/span><\/a><\/div>[\/vc_column_text][\/vc_column_inner][\/vc_row_inner][\/vc_column][\/vc_row][vc_row gap=&#8221;20&#8243; css=&#8221;.vc_custom_1548623701732{border-bottom-width: 40px !important;padding-top: 20px !important;}&#8221;][vc_column][vc_row_inner][vc_column_inner][vc_column_text]\n<div id=\"more-features\"><\/div>\n<div style=\"text-align: center;\">\n<h4><span style=\"font-size: 28px; color: #444444;\">Edycja i korekta <span style=\"color: #1e90ff;\">najwy\u017cszej <\/span> jako\u015bci<\/span><\/h4>\n<h5><span style=\"font-size: 16px; color: #555555; line-height: 1.7;\">Nasi korektorzy posiadaj\u0105 odpowiednie kwalifikacje, do\u015bwiadczenie w pracy z tekstami o r\u00f3\u017cnorodnej tematyce, jak r\u00f3wnie\u017c umiej\u0119tno\u015bci potwierdzone przez kwalifikacje zdobyte od specjalistycznych mi\u0119dzynarodowych stowarzysze\u0144, takich jak  <a href=\"https:\/\/www.sfep.org.uk\/\" target=\"_blank\" rel=\"noopener\">Society for Proofreaders and Editors<\/a>. Gdy powierzasz sw\u00f3j manuskrypt naszym ekspertom, mo\u017cesz mie\u0107 pewno\u015b\u0107, \u017ce zadbaj\u0105 o s\u0142ownictwo, styl oraz pisowni\u0119 tekstu.<br \/>\n<\/span><\/h5>\n<\/div>\n[\/vc_column_text][\/vc_column_inner][\/vc_row_inner][\/vc_column][\/vc_row][vc_row full_width=&#8221;stretch_row&#8221; css=&#8221;.vc_custom_1548623681831{padding-top: 20px !important;padding-bottom: 50px !important;background-image: url(http:\/\/ecorrector.com\/wp-content\/uploads\/2019\/01\/background-why-us-v4.jpg?id=12548) !important;}&#8221;][vc_column][vc_row_inner][vc_column_inner][vc_column_text]\n<h4 style=\"margin-bottom: 25px;\"><span style=\"font-size: 28px; color: #ffffff; line-height: 1.1; font-weight: bold;\">Czym jest Korekta Native Speakera?<\/span><\/h4>\n[\/vc_column_text][\/vc_column_inner][\/vc_row_inner][vc_row_inner][vc_column_inner width=&#8221;1\/2&#8243;][vc_column_text]\n<h6 style=\"margin-bottom: 25px; text-align: left;\"><span style=\"font-size: 16px; color: #fe5e08; line-height: 1.1; font-weight: bold;\"> (Je\u015bli t\u0142umacz jest dobry, czy potrzebuj\u0119 dodatkowej korekty?)<br \/>\n<\/span><\/h6>\n[\/vc_column_text][vc_column_text]\n<p style=\"font-size: 14 px;\"><span style=\"color: #ffffff;\">Ta kwestia jest uzale\u017cniona od tego, czy t\u0142umacz jest native speakerem j\u0119zyka docelowego. Wsp\u00f3\u0142pracujemy z do\u015bwiadczonymi t\u0142umaczami, jednak w sytuacjach gdy tekst powinien by\u0107 zlokalizowany dla \u015bci\u015ble okre\u015blonej grupy odbiorc\u00f3w lub jest przeznaczony do publikacji w mi\u0119dzynarodowych czasopismach recenzowanych, polecamy dodatkowy etap pracy nad tekstem w postaci korekty. Przyk\u0142adem mog\u0142yby by\u0107 t\u0142umaczenia tekst\u00f3w z polskiego na angielski, kt\u00f3re maj\u0105 zosta\u0107 opublikowane w czasopismach recenzowanych. Pierwszy krok w postaci t\u0142umaczenia zosta\u0142by prawdopodobnie przeprowadzony przez jednego z naszych do\u015bwiadczonych t\u0142umaczy, b\u0119d\u0105cych native speakerami j\u0119zyka polskiego. W rezultacie tekst mo\u017ce nie mie\u0107 oczekiwanego stylu lub p\u0142ynno\u015bci, czyli cech charakterystycznych dla tekst\u00f3w napisanych przez native speakera j\u0119zyka docelowego. W takich przypadkach polecamy korekt\u0119 specjalistyczn\u0105 przeprowadzon\u0105 przez naszych ekspert\u00f3w, kt\u00f3rzy edytuj\u0105 tekst, sprawiaj\u0105c tym samym, \u017ce jego odbi\u00f3r jest tak samo naturalny, jak w przypadku artyku\u0142u akademickiego napisanego przez naukowca b\u0119d\u0105cego native speakerem j\u0119zyka angielskiego.<\/span><\/p>\n[\/vc_column_text][\/vc_column_inner][vc_column_inner width=&#8221;1\/2&#8243;][vc_single_image image=&#8221;13282&#8243; img_size=&#8221;full&#8221; alignment=&#8221;right&#8221; css=&#8221;.vc_custom_1548626118673{padding-top: 30px !important;}&#8221;][\/vc_column_inner][\/vc_row_inner][\/vc_column][\/vc_row][vc_row css=&#8221;.vc_custom_1548624917712{margin-top: 60px !important;}&#8221;][vc_column width=&#8221;1\/3&#8243; css=&#8221;.vc_custom_1548625782064{margin-bottom: 60px !important;padding-right: 20px !important;padding-left: 20px !important;background-color: #1a64ad !important;}&#8221;][vc_column_text css=&#8221;.vc_custom_1558632739967{padding-bottom: 55px !important;}&#8221;]\n<h4 style=\"margin-bottom: 25px;\"><span style=\"font-size: 28px; color: #ffffff; line-height: 1.1; font-weight: bold;\">Korekta standardowa native speakera<\/span><\/h4>\n<p style=\"text-align: justify;\"><span style=\"color: #ffffff;\">eCORRECTOR oferuje us\u0142ug\u0119 korekty native speakera, dzi\u0119ki kt\u00f3rej mo\u017cliwe jest optymalne dopasowanie tekstu do kultury docelowej oraz za\u0142o\u017conego celu. Korekta native speakera pozwala pozwala przekaza\u0107 wiadomo\u015b\u0107 w spos\u00f3b naturalny i zamierzony. Jedynie osoba b\u0119d\u0105ca dobrze zaznajomiona z j\u0119zykiem i kultur\u0105 jest w stanie sprawi\u0107, \u017ce tekst wygl\u0105da na napisany przez native speakera j\u0119zyka docelowego. Ta us\u0142uga wyeliminuje potencjalne b\u0142\u0119dy kulturowe i j\u0119zykowe oraz pozwoli Twoim materia\u0142om dotrze\u0107 do mi\u0119dzynarodowego grona odbiorc\u00f3w.<\/span><\/p>\n[\/vc_column_text][\/vc_column][vc_column width=&#8221;2\/3&#8243; css=&#8221;.vc_custom_1548625593261{padding-left: 40px !important;}&#8221;][vc_column_text]\n<h4 style=\"margin-bottom: 25px;\"><span style=\"font-size: 28px; color: #171d2d; line-height: 1.1; font-weight: bold;\">Dla jakich tekst\u00f3w korekta standardowa jest odpowiednia?<\/span><\/h4>\n<p style=\"font-size: 14 px;\">Korekta standardowa to najlepszy wyb\u00f3r w przypadku tekst\u00f3w innych ni\u017c techniczne, zatem dla zawarto\u015bci stron internetowych, materia\u0142\u00f3w marketingowych, pism przewodnich, \u017cyciorys\u00f3w naukowych, esej\u00f3w, prac popularnonaukowych, jak r\u00f3wnie\u017c dla nieskomplikowanych lub nie wysoce specjalistycznych tre\u015bci humanistycznych i socjologicznych.<\/p>\n<p style=\"font-size: 14 px;\">Korekta standardowa obejmuje:<\/p>\n<ul class=\"fa-ul\">\n<li><i class=\"fa fa-check-square-o\" style=\"color: #1a64ad;\"><\/i> Sprawdzenie i poprawienie pisowni<\/li>\n<li><i class=\"fa fa-check-square-o\" style=\"color: #1a64ad;\"><\/i> Gramatyk\u0119<\/li>\n<li><i class=\"fa fa-check-square-o\" style=\"color: #1a64ad;\"><\/i> Interpunkcj\u0119<\/li>\n<li><i class=\"fa fa-check-square-o\" style=\"color: #1a64ad;\"><\/i> Sk\u0142adni\u0119 zdania<\/li>\n<li><i class=\"fa fa-check-square-o\" style=\"color: #1a64ad;\"><\/i> Styl<\/li>\n<li><i class=\"fa fa-check-square-o\" style=\"color: #1a64ad;\"><\/i> P\u0142ynno\u015b\u0107 tekstu<\/li>\n<li><i class=\"fa fa-check-square-o\" style=\"color: #1a64ad;\"><\/i> Usuwanie b\u0142\u0119d\u00f3w kulturowych<\/li>\n<li><i class=\"fa fa-check-square-o\" style=\"color: #1a64ad;\"><\/i> Dopasowanie j\u0119zyka do obowi\u0105zuj\u0105cych standard\u00f3w<\/li>\n<li><i class=\"fa fa-check-square-o\" style=\"color: #1a64ad;\"><\/i> Ujednolicenie pisowni zgodnie z normami obowi\u0105zuj\u0105cymi w Wielkiej Brytanii, USA itp<\/li>\n<\/ul>\n[\/vc_column_text][\/vc_column][\/vc_row][vc_row][vc_column]\t\t<style type=\"text\/css\">\r\n\t\t    #content-block-background-1718 { background-image: url(https:\/\/ecorrector.com\/wp-content\/uploads\/2019\/01\/background-why-us-v3.jpg); background-position: center bottom; background-repeat: no-repeat; background-color: #1a2632; background-attachment: fixed; background-size: auto; }\r\n\t\t    #content-block-body-1718 { padding: 40px 0; color: #ffffff; }\r\n\t\t    .content-block-body { margin-left: auto; margin-right: auto; position: relative; }\r\n\t\t<\/style>\r\n\t\t\t\t\t<style type=\"text\/css\">\r\n\t\t\t\t#wrapper-1 { overflow-x: hidden; }\r\n\t\t\t\t#content-block-background-1718 { margin: 0 -10000px; padding: 0 10000px; }\r\n\t\t\t<\/style>\r\n\t\t\r\n\t\t\r\n\t\t<div class=\"clear\"><\/div>\r\n\t\t<div id=\"content-block-background-1718\" class=\"content-block-background \">\r\n\t\t\t<div id=\"content-block-body-1718\" class=\"content-block-body\">\r\n\t\t\t\t<div class=\"clear\"><\/div>\r\n\t\t\t\t\n<div style=\"text-align: center;\">\n<h4 style=\"margin-bottom: 20px;\"><span style=\"font-size: 28px; color: #ffffff;\">Czy chcesz mie\u0107 <span style=\"color: #1e90ff;\">pewno\u015b\u0107, <\/span> \u017ce Tw\u00f3j tekst jest w dobrych r\u0119kach? <\/span><\/h4>\n<h4 style=\"margin-bottom: 20px;\"><span style=\"font-size: 28px; color: #ffffff;\"><span style=\"color: #1e90ff;\">Przeczytaj,<\/span> co m\u00f3wi\u0105 o nas nasi klienci.<\/span><\/h4>\n<\/div>\n<div style=\"text-align: center; margin-top: 20px;\"><strong><a href=\"http:\/\/ecorrector.com\/pl\/opinie-klientow\/\"><span style=\"font-size: 16px; font-style: italic;\">Sprawd\u017a opinie u\u017cytkownik\u00f3w&#8230;<\/span><\/a><\/strong><\/div>\n\t\t\t\t<div class=\"clear\"><\/div>\r\n\t\t\t<\/div>\r\n\t\t<\/div>\r\n\t\t<div class=\"clear\"><\/div>\r\n\t[\/vc_column][\/vc_row][vc_row full_width=&#8221;stretch_row&#8221; css=&#8221;.vc_custom_1548317294965{margin-bottom: 20px !important;}&#8221;][vc_column]\t\t<style type=\"text\/css\">\r\n\t\t    #content-block-background-1703 { background-image: url(); background-position: center top; background-repeat: no-repeat; background-color: #fd7800; background-attachment: fixed; background-size: auto; }\r\n\t\t    #content-block-body-1703 { padding: 40px 0; color: #ffffff; }\r\n\t\t    .content-block-body { margin-left: auto; margin-right: auto; position: relative; }\r\n\t\t<\/style>\r\n\t\t\t\t\t<style type=\"text\/css\">\r\n\t\t\t\t#wrapper-1 { overflow-x: hidden; }\r\n\t\t\t\t#content-block-background-1703 { margin: 0 -10000px; padding: 0 10000px; }\r\n\t\t\t<\/style>\r\n\t\t\r\n\t\t\r\n\t\t<div class=\"clear\"><\/div>\r\n\t\t<div id=\"content-block-background-1703\" class=\"content-block-background \">\r\n\t\t\t<div id=\"content-block-body-1703\" class=\"content-block-body\">\r\n\t\t\t\t<div class=\"clear\"><\/div>\r\n\t\t\t\t\n<h3 style=\"float: left; margin: 10px 0; font-size: 20px !important; color: #fff;\">Wy\u015blij tekst do darmowej wyceny<\/h3>\n<a class=\"flat-custom-button align-btn-right\" href=\"http:\/\/ecorrector.com\/pl\/wyslij-tekst-do-darmowej-wyceny\/\" title=\"Wy\u015blij tekst do darmowej wyceny\" target=\"_blank\"><span style=\"padding:15px 20px; background-color:transparent; border:2px solid #FFFFFF; color:#FFFFFF; font-size:14px;\">Wy\u015blij tekst<\/span><\/a>\t\t\t\t<div class=\"clear\"><\/div>\r\n\t\t\t<\/div>\r\n\t\t<\/div>\r\n\t\t<div class=\"clear\"><\/div>\r\n\t[\/vc_column][\/vc_row]\n","protected":false},"excerpt":{"rendered":"<p>[vc_row full_width=&#8221;stretch_row&#8221; css=&#8221;.vc_custom_1548616907756{margin-top: -30px !important;background: #12181f url(http:\/\/ecorrector.com\/wp-content\/uploads\/2019\/01\/dark-background-blue.png?id=12571) !important;}&#8221;][vc_column css=&#8221;.vc_custom_1546792884528{margin-top: -15px !important;}&#8221;][vc_column_text css=&#8221;.vc_custom_1558959055717{padding-top: 0px !important;padding-bottom: 0px !important;}&#8221;] Korekty Wykwalifikowanych\u00a0Ekspert\u00f3w [\/vc_column_text][vc_row_inner css=&#8221;.vc_custom_1548622548499{margin-top: -10px !important;}&#8221;][vc_column_inner width=&#8221;1\/4&#8243;][vc_column_text] Rodzimi u\u017cytkownicy j\u0119zyka Wsp\u00f3\u0142pracujemy z korektorami, dla kt\u00f3rych j\u0119zyk docelowy jest ich j\u0119zykiem ojczystym. Nie uwa\u017camy os\u00f3b z wysokimi kwalifikacjami w danym j\u0119zyku za native speaker\u00f3w. [\/vc_column_text][\/vc_column_inner][vc_column_inner width=&#8221;1\/4&#8243;][vc_column_text] Optymalna lokalizacja tekstu Nasi korektorzy\/t\u0142umacze zazwyczaj zamieszkuj\u0105 sw\u00f3j rodzinny kraj, dzi\u0119ki czemu na co dzie\u0144 u\u017cywaj\u0105 rodzimego j\u0119zyka, maj\u0105 z nim ci\u0105g\u0142\u0105 styczno\u015b\u0107 i reaguj\u0105 na wszelkie modyfikacje. [\/vc_column_text][\/vc_column_inner][vc_column_inner<\/p>\n","protected":false},"author":1,"featured_media":0,"parent":0,"menu_order":0,"comment_status":"closed","ping_status":"closed","template":"page-FullWidth.php","meta":{"_monsterinsights_skip_tracking":false,"_monsterinsights_sitenote_active":false,"_monsterinsights_sitenote_note":"","_monsterinsights_sitenote_category":0,"footnotes":""},"class_list":["post-2838","page","type-page","status-publish","hentry"],"yoast_head":"<!-- This site is optimized with the Yoast SEO plugin v21.0 - https:\/\/yoast.com\/wordpress\/plugins\/seo\/ -->\n<title>Korekta standardowa native speaker\u00f3w - eCORRECTOR<\/title>\n<meta name=\"description\" content=\"Ka\u017cda korekta standardowa\u00a0wykonywana jest przez native speakera. eCORRECTOR to profesjonalny zesp\u00f3\u0142 i korektorzy z do\u015bwiadczeniem.\" \/>\n<meta name=\"robots\" content=\"index, follow, max-snippet:-1, max-image-preview:large, max-video-preview:-1\" \/>\n<link rel=\"canonical\" href=\"https:\/\/ecorrector.com\/pl\/korekta-standardowa-native-speakerow\/\" \/>\n<meta property=\"og:locale\" content=\"pl_PL\" \/>\n<meta property=\"og:type\" content=\"article\" \/>\n<meta property=\"og:title\" content=\"Korekta standardowa native speaker\u00f3w - eCORRECTOR\" \/>\n<meta property=\"og:description\" content=\"Ka\u017cda korekta standardowa\u00a0wykonywana jest przez native speakera. eCORRECTOR to profesjonalny zesp\u00f3\u0142 i korektorzy z do\u015bwiadczeniem.\" \/>\n<meta property=\"og:url\" content=\"https:\/\/ecorrector.com\/pl\/korekta-standardowa-native-speakerow\/\" \/>\n<meta property=\"og:site_name\" content=\"eCORRECTOR\" \/>\n<meta property=\"article:modified_time\" content=\"2019-06-04T10:45:13+00:00\" \/>\n<meta name=\"twitter:card\" content=\"summary_large_image\" \/>\n<meta name=\"twitter:label1\" content=\"Szacowany czas czytania\" \/>\n\t<meta name=\"twitter:data1\" content=\"6 minut\" \/>\n<script type=\"application\/ld+json\" class=\"yoast-schema-graph\">{\"@context\":\"https:\/\/schema.org\",\"@graph\":[{\"@type\":\"WebPage\",\"@id\":\"https:\/\/ecorrector.com\/pl\/korekta-standardowa-native-speakerow\/\",\"url\":\"https:\/\/ecorrector.com\/pl\/korekta-standardowa-native-speakerow\/\",\"name\":\"Korekta standardowa native speaker\u00f3w - eCORRECTOR\",\"isPartOf\":{\"@id\":\"https:\/\/ecorrector.com\/#website\"},\"datePublished\":\"2015-10-28T13:14:26+00:00\",\"dateModified\":\"2019-06-04T10:45:13+00:00\",\"description\":\"Ka\u017cda korekta standardowa\u00a0wykonywana jest przez native speakera. eCORRECTOR to profesjonalny zesp\u00f3\u0142 i korektorzy z do\u015bwiadczeniem.\",\"breadcrumb\":{\"@id\":\"https:\/\/ecorrector.com\/pl\/korekta-standardowa-native-speakerow\/#breadcrumb\"},\"inLanguage\":\"pl-PL\",\"potentialAction\":[{\"@type\":\"ReadAction\",\"target\":[\"https:\/\/ecorrector.com\/pl\/korekta-standardowa-native-speakerow\/\"]}]},{\"@type\":\"BreadcrumbList\",\"@id\":\"https:\/\/ecorrector.com\/pl\/korekta-standardowa-native-speakerow\/#breadcrumb\",\"itemListElement\":[{\"@type\":\"ListItem\",\"position\":1,\"name\":\"Home\",\"item\":\"https:\/\/ecorrector.com\/pl\/glowna\/\"},{\"@type\":\"ListItem\",\"position\":2,\"name\":\"Korekta standardowa native speaker\u00f3w\"}]},{\"@type\":\"WebSite\",\"@id\":\"https:\/\/ecorrector.com\/#website\",\"url\":\"https:\/\/ecorrector.com\/\",\"name\":\"eCORRECTOR\",\"description\":\"Korekty i T\u0142umaczenia Specjalistyczne\",\"potentialAction\":[{\"@type\":\"SearchAction\",\"target\":{\"@type\":\"EntryPoint\",\"urlTemplate\":\"https:\/\/ecorrector.com\/?s={search_term_string}\"},\"query-input\":\"required name=search_term_string\"}],\"inLanguage\":\"pl-PL\"}]}<\/script>\n<!-- \/ Yoast SEO plugin. -->","yoast_head_json":{"title":"Korekta standardowa native speaker\u00f3w - eCORRECTOR","description":"Ka\u017cda korekta standardowa\u00a0wykonywana jest przez native speakera. eCORRECTOR to profesjonalny zesp\u00f3\u0142 i korektorzy z do\u015bwiadczeniem.","robots":{"index":"index","follow":"follow","max-snippet":"max-snippet:-1","max-image-preview":"max-image-preview:large","max-video-preview":"max-video-preview:-1"},"canonical":"https:\/\/ecorrector.com\/pl\/korekta-standardowa-native-speakerow\/","og_locale":"pl_PL","og_type":"article","og_title":"Korekta standardowa native speaker\u00f3w - eCORRECTOR","og_description":"Ka\u017cda korekta standardowa\u00a0wykonywana jest przez native speakera. eCORRECTOR to profesjonalny zesp\u00f3\u0142 i korektorzy z do\u015bwiadczeniem.","og_url":"https:\/\/ecorrector.com\/pl\/korekta-standardowa-native-speakerow\/","og_site_name":"eCORRECTOR","article_modified_time":"2019-06-04T10:45:13+00:00","twitter_card":"summary_large_image","twitter_misc":{"Szacowany czas czytania":"6 minut"},"schema":{"@context":"https:\/\/schema.org","@graph":[{"@type":"WebPage","@id":"https:\/\/ecorrector.com\/pl\/korekta-standardowa-native-speakerow\/","url":"https:\/\/ecorrector.com\/pl\/korekta-standardowa-native-speakerow\/","name":"Korekta standardowa native speaker\u00f3w - eCORRECTOR","isPartOf":{"@id":"https:\/\/ecorrector.com\/#website"},"datePublished":"2015-10-28T13:14:26+00:00","dateModified":"2019-06-04T10:45:13+00:00","description":"Ka\u017cda korekta standardowa\u00a0wykonywana jest przez native speakera. eCORRECTOR to profesjonalny zesp\u00f3\u0142 i korektorzy z do\u015bwiadczeniem.","breadcrumb":{"@id":"https:\/\/ecorrector.com\/pl\/korekta-standardowa-native-speakerow\/#breadcrumb"},"inLanguage":"pl-PL","potentialAction":[{"@type":"ReadAction","target":["https:\/\/ecorrector.com\/pl\/korekta-standardowa-native-speakerow\/"]}]},{"@type":"BreadcrumbList","@id":"https:\/\/ecorrector.com\/pl\/korekta-standardowa-native-speakerow\/#breadcrumb","itemListElement":[{"@type":"ListItem","position":1,"name":"Home","item":"https:\/\/ecorrector.com\/pl\/glowna\/"},{"@type":"ListItem","position":2,"name":"Korekta standardowa native speaker\u00f3w"}]},{"@type":"WebSite","@id":"https:\/\/ecorrector.com\/#website","url":"https:\/\/ecorrector.com\/","name":"eCORRECTOR","description":"Korekty i T\u0142umaczenia Specjalistyczne","potentialAction":[{"@type":"SearchAction","target":{"@type":"EntryPoint","urlTemplate":"https:\/\/ecorrector.com\/?s={search_term_string}"},"query-input":"required name=search_term_string"}],"inLanguage":"pl-PL"}]}},"_links":{"self":[{"href":"https:\/\/ecorrector.com\/pl\/wp-json\/wp\/v2\/pages\/2838","targetHints":{"allow":["GET"]}}],"collection":[{"href":"https:\/\/ecorrector.com\/pl\/wp-json\/wp\/v2\/pages"}],"about":[{"href":"https:\/\/ecorrector.com\/pl\/wp-json\/wp\/v2\/types\/page"}],"author":[{"embeddable":true,"href":"https:\/\/ecorrector.com\/pl\/wp-json\/wp\/v2\/users\/1"}],"replies":[{"embeddable":true,"href":"https:\/\/ecorrector.com\/pl\/wp-json\/wp\/v2\/comments?post=2838"}],"version-history":[{"count":0,"href":"https:\/\/ecorrector.com\/pl\/wp-json\/wp\/v2\/pages\/2838\/revisions"}],"wp:attachment":[{"href":"https:\/\/ecorrector.com\/pl\/wp-json\/wp\/v2\/media?parent=2838"}],"curies":[{"name":"wp","href":"https:\/\/api.w.org\/{rel}","templated":true}]}}