{"id":2946,"date":"2015-10-29T14:58:35","date_gmt":"2015-10-29T13:58:35","guid":{"rendered":"http:\/\/ecorrector.com\/?page_id=2946"},"modified":"2016-09-06T15:11:27","modified_gmt":"2016-09-06T13:11:27","slug":"oblicz-oszczednosc-ecorrector","status":"publish","type":"page","link":"https:\/\/ecorrector.com\/pl\/oblicz-oszczednosc-ecorrector\/","title":{"rendered":"Oblicz oszcz\u0119dno\u015b\u0107 w eCORRECTOR"},"content":{"rendered":"[vc_row][vc_column][vc_column_text]\n<h1 style=\"text-align: center;\"><span style=\"color: #1e90ff; font-size: 22px;\">Oblicz oszcz\u0119dno\u015b\u0107 w eCORRECTOR<\/span><\/h1>\n<table class=\"custom-table\"  style=\"height: 354px;\" summary=\"Oblicz oszcz\u0119dno\u015b\u0107 w eCORRECTOR \" width=\"auto\">\n<thead>\n<tr>\n<th scope=\"col\">\n<h1 style=\"text-align: left;\"><span style=\"font-size: 12px; color: #1e90ff; font-weight: bold;\">Korekta obejmuje:<\/span><\/h1>\n<\/th>\n<th scope=\"col\">\n<h1 style=\"text-align: center;\"><span style=\"font-size: 12px; color: #7a7777; font-weight: bold;\">AJE<\/span><\/h1>\n<\/th>\n<th scope=\"col\">\n<h1 style=\"text-align: center;\"><span style=\"font-size: 12px; color: #7a7777; font-weight: bold;\">Elsevier<\/span><\/h1>\n<\/th>\n<th scope=\"col\">\n<h1 style=\"text-align: center;\"><span style=\"font-size: 12px; color: #7a7777; font-weight: bold;\">BioScience Writers<\/span><\/h1>\n<\/th>\n<th scope=\"col\">\n<h1 style=\"text-align: center;\"><span style=\"font-size: 18px; color: #1e90ff; font-weight: bold;\">eCORRECTOR<\/span><\/h1>\n<\/th>\n<\/tr>\n<\/thead>\n<tbody>\n<tr>\n<td><span style=\"font-size: 12px; color: #000000; font-weight: bold;\">Native speaker j. angielskiego<\/span><\/td>\n<td style=\"text-align: center;\"><i class=\"fa fa-check-square-o\" style=\"color: #07c403; font-size: 1.5em;\"><!-- icon --><\/i><\/td>\n<td style=\"text-align: center;\"><i class=\"fa fa-check-square-o\" style=\"color: #07c403; font-size: 1.5em;\"><!-- icon --><\/i><\/td>\n<td style=\"text-align: center;\"><i class=\"fa fa-check-square-o\" style=\"color: #07c403; font-size: 1.5em;\"><!-- icon --><\/i><\/td>\n<td style=\"text-align: center;\"><i class=\"fa fa-check-square-o\" style=\"color: #07c403; font-size: 1.5em;\"><!-- icon --><\/i><\/td>\n<\/tr>\n<tr>\n<td><span style=\"font-size: 12px; color: #000000; font-weight: bold;\">Edytor z tytu\u0142em doktora<\/span><span style=\"font-size: 12px; color: #000000; font-weight: bold;\">\u00a0w pokrewnej dziedzinie<\/span><\/td>\n<td style=\"text-align: center;\"><i class=\"fa fa-check-square-o\" style=\"color: #07c403; font-size: 1.5em;\"><!-- icon --><\/i><\/td>\n<td style=\"text-align: center;\"><i class=\"fa fa-check-square-o\" style=\"color: #07c403; font-size: 1.5em;\"><!-- icon --><\/i><\/td>\n<td style=\"text-align: center;\"><i class=\"fa fa-check-square-o\" style=\"color: #07c403; font-size: 1.5em;\"><!-- icon --><\/i><\/td>\n<td style=\"text-align: center;\"><i class=\"fa fa-check-square-o\" style=\"color: #07c403; font-size: 1.5em;\"><!-- icon --><\/i><\/td>\n<\/tr>\n<tr>\n<td><span style=\"font-size: 12px; color: #000000; font-weight: bold;\">Gramatyka, interpunkcja, s\u0142ownictwo bran\u017cowe<\/span><\/td>\n<td style=\"text-align: center;\"><i class=\"fa fa-check-square-o\" style=\"color: #07c403; font-size: 1.5em;\"><!-- icon --><\/i><\/td>\n<td style=\"text-align: center;\"><i class=\"fa fa-check-square-o\" style=\"color: #07c403; font-size: 1.5em;\"><!-- icon --><\/i><\/td>\n<td style=\"text-align: center;\"><i class=\"fa fa-check-square-o\" style=\"color: #07c403; font-size: 1.5em;\"><!-- icon --><\/i><\/td>\n<td style=\"text-align: center;\"><i class=\"fa fa-check-square-o\" style=\"color: #07c403; font-size: 1.5em;\"><!-- icon --><\/i><\/td>\n<\/tr>\n<tr>\n<td><span style=\"color: #000000;\"><span style=\"font-size: 12px; line-height: 18px;\"><b>G\u0142\u0119boka edycja w celu poprawy stylistyki<\/b><\/span><\/span><\/td>\n<td style=\"text-align: center;\"><i class=\"fa fa-check-square-o\" style=\"color: #07c403; font-size: 1.5em;\"><!-- icon --><\/i><\/td>\n<td style=\"text-align: center;\"><i class=\"fa fa-check-square-o\" style=\"color: #07c403; font-size: 1.5em;\"><!-- icon --><\/i><\/td>\n<td style=\"text-align: center;\"><i class=\"fa fa-check-square-o\" style=\"color: #07c403; font-size: 1.5em;\"><!-- icon --><\/i><\/td>\n<td style=\"text-align: center;\"><i class=\"fa fa-check-square-o\" style=\"color: #07c403; font-size: 1.5em;\"><!-- icon --><\/i><\/td>\n<\/tr>\n<tr>\n<td><span style=\"font-size: 12px; color: #000000; font-weight: bold;\">Poprawki wliczone w cen\u0119<\/span><\/td>\n<td style=\"text-align: center;\"><i class=\"fa fa-check-square-o\" style=\"color: #07c403; font-size: 1.5em;\"><!-- icon --><\/i><\/td>\n<td style=\"text-align: center;\"><i class=\"fa fa-check-square-o\" style=\"color: #07c403; font-size: 1.5em;\"><!-- icon --><\/i><\/td>\n<td style=\"text-align: center;\"><i class=\"fa fa-check-square-o\" style=\"color: #07c403; font-size: 1.5em;\"><!-- icon --><\/i><\/td>\n<td style=\"text-align: center;\"><i class=\"fa fa-check-square-o\" style=\"color: #07c403; font-size: 1.5em;\"><!-- icon --><\/i><\/td>\n<\/tr>\n<tr>\n<td><span style=\"font-size: 12px; color: #000000; font-weight: bold;\">Czas realizacji do 4 dni<\/span><\/td>\n<td style=\"text-align: center;\"><i class=\"fa fa-check-square-o\" style=\"color: #07c403; font-size: 1.5em;\"><!-- icon --><\/i><\/td>\n<td style=\"text-align: center;\"><i class=\"fa fa-check-square-o\" style=\"color: #07c403; font-size: 1.5em;\"><!-- icon --><\/i><\/td>\n<td style=\"text-align: center;\"><i class=\"fa fa-check-square-o\" style=\"color: #07c403; font-size: 1.5em;\"><!-- icon --><\/i><\/td>\n<td style=\"text-align: center;\"><i class=\"fa fa-check-square-o\" style=\"color: #07c403; font-size: 1.5em;\"><!-- icon --><\/i><\/td>\n<\/tr>\n<tr>\n<td style=\"text-align: left; background-color: #293037;\"><span style=\"font-size: 14px; color: #ffffff; font-weight: bold;\">Przybli\u017cony koszt*<\/span><\/td>\n<td style=\"text-align: center; background-color: #293037;\"><span style=\"font-size: 14px; color: #ffffff; font-weight: bold;\">2250\u00a0<\/span><\/td>\n<td style=\"text-align: center; background-color: #293037;\"><span style=\"font-size: 14px; color: #ffffff; font-weight: bold;\">950\u00a0<\/span><\/td>\n<td style=\"text-align: center; background-color: #293037;\"><span style=\"font-size: 14px; color: #ffffff; font-weight: bold;\">1450**\u00a0<\/span><\/td>\n<td style=\"text-align: center; background-color: #293037;\"><span style=\"font-size: 18px; color: #1e90ff; font-weight: bold;\">600**\u00a0<\/span><\/td>\n<\/tr>\n<\/tbody>\n<tfoot>\n<tr>\n<td colspan=\"4\">*cena NETTO w PLN<br \/>\n**cena u\u015bredniona dla artyku\u0142u ok. 4800 s\u0142\u00f3w<\/td>\n<\/tr>\n<\/tfoot>\n<\/table>\n[\/vc_column_text][\/vc_column][\/vc_row]\n","protected":false},"excerpt":{"rendered":"<p>[vc_row][vc_column][vc_column_text][\/vc_column_text][\/vc_column][\/vc_row]<\/p>\n","protected":false},"author":1,"featured_media":0,"parent":0,"menu_order":0,"comment_status":"closed","ping_status":"closed","template":"page-FullWidth.php","meta":{"_monsterinsights_skip_tracking":false,"_monsterinsights_sitenote_active":false,"_monsterinsights_sitenote_note":"","_monsterinsights_sitenote_category":0,"footnotes":""},"class_list":["post-2946","page","type-page","status-publish","hentry"],"yoast_head":"<!-- This site is optimized with the Yoast SEO plugin v21.0 - https:\/\/yoast.com\/wordpress\/plugins\/seo\/ -->\n<title>Oblicz oszcz\u0119dno\u015b\u0107 w eCORRECTOR - eCORRECTOR<\/title>\n<meta name=\"description\" content=\"Kalkulator oszcz\u0119dno\u015bci - oblicz oszcz\u0119dno\u015b\u0107. Sprawd\u017a ile mo\u017cesz zaoszcz\u0119dzi\u0107 wybieraj\u0105c serwis eCORRECTOR. Mo\u017ce to by\u0107 nawet 1500 PLN!\" \/>\n<meta name=\"robots\" content=\"index, follow, max-snippet:-1, max-image-preview:large, max-video-preview:-1\" \/>\n<link rel=\"canonical\" href=\"https:\/\/ecorrector.com\/pl\/oblicz-oszczednosc-ecorrector\/\" \/>\n<meta property=\"og:locale\" content=\"pl_PL\" \/>\n<meta property=\"og:type\" content=\"article\" \/>\n<meta property=\"og:title\" content=\"Oblicz oszcz\u0119dno\u015b\u0107 w eCORRECTOR - eCORRECTOR\" \/>\n<meta property=\"og:description\" content=\"Kalkulator oszcz\u0119dno\u015bci - oblicz oszcz\u0119dno\u015b\u0107. Sprawd\u017a ile mo\u017cesz zaoszcz\u0119dzi\u0107 wybieraj\u0105c serwis eCORRECTOR. Mo\u017ce to by\u0107 nawet 1500 PLN!\" \/>\n<meta property=\"og:url\" content=\"https:\/\/ecorrector.com\/pl\/oblicz-oszczednosc-ecorrector\/\" \/>\n<meta property=\"og:site_name\" content=\"eCORRECTOR\" \/>\n<meta property=\"article:modified_time\" content=\"2016-09-06T13:11:27+00:00\" \/>\n<meta name=\"twitter:card\" content=\"summary_large_image\" \/>\n<script type=\"application\/ld+json\" class=\"yoast-schema-graph\">{\"@context\":\"https:\/\/schema.org\",\"@graph\":[{\"@type\":\"WebPage\",\"@id\":\"https:\/\/ecorrector.com\/pl\/oblicz-oszczednosc-ecorrector\/\",\"url\":\"https:\/\/ecorrector.com\/pl\/oblicz-oszczednosc-ecorrector\/\",\"name\":\"Oblicz oszcz\u0119dno\u015b\u0107 w eCORRECTOR - eCORRECTOR\",\"isPartOf\":{\"@id\":\"https:\/\/ecorrector.com\/#website\"},\"datePublished\":\"2015-10-29T13:58:35+00:00\",\"dateModified\":\"2016-09-06T13:11:27+00:00\",\"description\":\"Kalkulator oszcz\u0119dno\u015bci - oblicz oszcz\u0119dno\u015b\u0107. Sprawd\u017a ile mo\u017cesz zaoszcz\u0119dzi\u0107 wybieraj\u0105c serwis eCORRECTOR. Mo\u017ce to by\u0107 nawet 1500 PLN!\",\"breadcrumb\":{\"@id\":\"https:\/\/ecorrector.com\/pl\/oblicz-oszczednosc-ecorrector\/#breadcrumb\"},\"inLanguage\":\"pl-PL\",\"potentialAction\":[{\"@type\":\"ReadAction\",\"target\":[\"https:\/\/ecorrector.com\/pl\/oblicz-oszczednosc-ecorrector\/\"]}]},{\"@type\":\"BreadcrumbList\",\"@id\":\"https:\/\/ecorrector.com\/pl\/oblicz-oszczednosc-ecorrector\/#breadcrumb\",\"itemListElement\":[{\"@type\":\"ListItem\",\"position\":1,\"name\":\"Home\",\"item\":\"https:\/\/ecorrector.com\/pl\/glowna\/\"},{\"@type\":\"ListItem\",\"position\":2,\"name\":\"Oblicz oszcz\u0119dno\u015b\u0107 w eCORRECTOR\"}]},{\"@type\":\"WebSite\",\"@id\":\"https:\/\/ecorrector.com\/#website\",\"url\":\"https:\/\/ecorrector.com\/\",\"name\":\"eCORRECTOR\",\"description\":\"Korekty i T\u0142umaczenia Specjalistyczne\",\"potentialAction\":[{\"@type\":\"SearchAction\",\"target\":{\"@type\":\"EntryPoint\",\"urlTemplate\":\"https:\/\/ecorrector.com\/?s={search_term_string}\"},\"query-input\":\"required name=search_term_string\"}],\"inLanguage\":\"pl-PL\"}]}<\/script>\n<!-- \/ Yoast SEO plugin. -->","yoast_head_json":{"title":"Oblicz oszcz\u0119dno\u015b\u0107 w eCORRECTOR - eCORRECTOR","description":"Kalkulator oszcz\u0119dno\u015bci - oblicz oszcz\u0119dno\u015b\u0107. Sprawd\u017a ile mo\u017cesz zaoszcz\u0119dzi\u0107 wybieraj\u0105c serwis eCORRECTOR. Mo\u017ce to by\u0107 nawet 1500 PLN!","robots":{"index":"index","follow":"follow","max-snippet":"max-snippet:-1","max-image-preview":"max-image-preview:large","max-video-preview":"max-video-preview:-1"},"canonical":"https:\/\/ecorrector.com\/pl\/oblicz-oszczednosc-ecorrector\/","og_locale":"pl_PL","og_type":"article","og_title":"Oblicz oszcz\u0119dno\u015b\u0107 w eCORRECTOR - eCORRECTOR","og_description":"Kalkulator oszcz\u0119dno\u015bci - oblicz oszcz\u0119dno\u015b\u0107. Sprawd\u017a ile mo\u017cesz zaoszcz\u0119dzi\u0107 wybieraj\u0105c serwis eCORRECTOR. Mo\u017ce to by\u0107 nawet 1500 PLN!","og_url":"https:\/\/ecorrector.com\/pl\/oblicz-oszczednosc-ecorrector\/","og_site_name":"eCORRECTOR","article_modified_time":"2016-09-06T13:11:27+00:00","twitter_card":"summary_large_image","schema":{"@context":"https:\/\/schema.org","@graph":[{"@type":"WebPage","@id":"https:\/\/ecorrector.com\/pl\/oblicz-oszczednosc-ecorrector\/","url":"https:\/\/ecorrector.com\/pl\/oblicz-oszczednosc-ecorrector\/","name":"Oblicz oszcz\u0119dno\u015b\u0107 w eCORRECTOR - eCORRECTOR","isPartOf":{"@id":"https:\/\/ecorrector.com\/#website"},"datePublished":"2015-10-29T13:58:35+00:00","dateModified":"2016-09-06T13:11:27+00:00","description":"Kalkulator oszcz\u0119dno\u015bci - oblicz oszcz\u0119dno\u015b\u0107. Sprawd\u017a ile mo\u017cesz zaoszcz\u0119dzi\u0107 wybieraj\u0105c serwis eCORRECTOR. Mo\u017ce to by\u0107 nawet 1500 PLN!","breadcrumb":{"@id":"https:\/\/ecorrector.com\/pl\/oblicz-oszczednosc-ecorrector\/#breadcrumb"},"inLanguage":"pl-PL","potentialAction":[{"@type":"ReadAction","target":["https:\/\/ecorrector.com\/pl\/oblicz-oszczednosc-ecorrector\/"]}]},{"@type":"BreadcrumbList","@id":"https:\/\/ecorrector.com\/pl\/oblicz-oszczednosc-ecorrector\/#breadcrumb","itemListElement":[{"@type":"ListItem","position":1,"name":"Home","item":"https:\/\/ecorrector.com\/pl\/glowna\/"},{"@type":"ListItem","position":2,"name":"Oblicz oszcz\u0119dno\u015b\u0107 w eCORRECTOR"}]},{"@type":"WebSite","@id":"https:\/\/ecorrector.com\/#website","url":"https:\/\/ecorrector.com\/","name":"eCORRECTOR","description":"Korekty i T\u0142umaczenia Specjalistyczne","potentialAction":[{"@type":"SearchAction","target":{"@type":"EntryPoint","urlTemplate":"https:\/\/ecorrector.com\/?s={search_term_string}"},"query-input":"required name=search_term_string"}],"inLanguage":"pl-PL"}]}},"_links":{"self":[{"href":"https:\/\/ecorrector.com\/pl\/wp-json\/wp\/v2\/pages\/2946","targetHints":{"allow":["GET"]}}],"collection":[{"href":"https:\/\/ecorrector.com\/pl\/wp-json\/wp\/v2\/pages"}],"about":[{"href":"https:\/\/ecorrector.com\/pl\/wp-json\/wp\/v2\/types\/page"}],"author":[{"embeddable":true,"href":"https:\/\/ecorrector.com\/pl\/wp-json\/wp\/v2\/users\/1"}],"replies":[{"embeddable":true,"href":"https:\/\/ecorrector.com\/pl\/wp-json\/wp\/v2\/comments?post=2946"}],"version-history":[{"count":0,"href":"https:\/\/ecorrector.com\/pl\/wp-json\/wp\/v2\/pages\/2946\/revisions"}],"wp:attachment":[{"href":"https:\/\/ecorrector.com\/pl\/wp-json\/wp\/v2\/media?parent=2946"}],"curies":[{"name":"wp","href":"https:\/\/api.w.org\/{rel}","templated":true}]}}