{"id":35,"date":"2015-10-16T09:50:39","date_gmt":"2015-10-16T07:50:39","guid":{"rendered":"http:\/\/ecorrector.com\/?page_id=35"},"modified":"2015-12-23T09:17:43","modified_gmt":"2015-12-23T08:17:43","slug":"aktualnosci","status":"publish","type":"page","link":"https:\/\/ecorrector.com\/pl\/aktualnosci\/","title":{"rendered":"Aktualno\u015bci"},"content":{"rendered":"","protected":false},"excerpt":{"rendered":"","protected":false},"author":1,"featured_media":0,"parent":0,"menu_order":0,"comment_status":"closed","ping_status":"closed","template":"page-Blog.php","meta":{"_monsterinsights_skip_tracking":false,"_monsterinsights_sitenote_active":false,"_monsterinsights_sitenote_note":"","_monsterinsights_sitenote_category":0,"footnotes":""},"class_list":["post-35","page","type-page","status-publish","hentry"],"yoast_head":"<!-- This site is optimized with the Yoast SEO plugin v21.0 - https:\/\/yoast.com\/wordpress\/plugins\/seo\/ -->\n<title>Konkurencyjne ceny i najwy\u017csza jako\u015b\u0107 wykonywanych t\u0142umacze\u0144<\/title>\n<meta name=\"description\" content=\"Je\u015bli od d\u0142u\u017cszego czasu nie odnalaz\u0142e\u015b odpowiedniego biura t\u0142umacze\u0144, to koniecznie zapoznaj si\u0119 z ofert\u0105 do\u015bwiadczonego biura t\u0142umacze\u0144 na www.ecorrector.com.\" \/>\n<meta name=\"robots\" content=\"index, follow, max-snippet:-1, max-image-preview:large, max-video-preview:-1\" \/>\n<link rel=\"canonical\" href=\"https:\/\/ecorrector.com\/pl\/aktualnosci\/\" \/>\n<meta property=\"og:locale\" content=\"pl_PL\" \/>\n<meta property=\"og:type\" content=\"article\" \/>\n<meta property=\"og:title\" content=\"Konkurencyjne ceny i najwy\u017csza jako\u015b\u0107 wykonywanych t\u0142umacze\u0144\" \/>\n<meta property=\"og:description\" content=\"Je\u015bli od d\u0142u\u017cszego czasu nie odnalaz\u0142e\u015b odpowiedniego biura t\u0142umacze\u0144, to koniecznie zapoznaj si\u0119 z ofert\u0105 do\u015bwiadczonego biura t\u0142umacze\u0144 na www.ecorrector.com.\" \/>\n<meta property=\"og:url\" content=\"https:\/\/ecorrector.com\/pl\/aktualnosci\/\" \/>\n<meta property=\"og:site_name\" content=\"eCORRECTOR\" \/>\n<meta property=\"article:modified_time\" content=\"2015-12-23T08:17:43+00:00\" \/>\n<meta name=\"twitter:card\" content=\"summary_large_image\" \/>\n<script type=\"application\/ld+json\" class=\"yoast-schema-graph\">{\"@context\":\"https:\/\/schema.org\",\"@graph\":[{\"@type\":\"WebPage\",\"@id\":\"https:\/\/ecorrector.com\/pl\/aktualnosci\/\",\"url\":\"https:\/\/ecorrector.com\/pl\/aktualnosci\/\",\"name\":\"Konkurencyjne ceny i najwy\u017csza jako\u015b\u0107 wykonywanych t\u0142umacze\u0144\",\"isPartOf\":{\"@id\":\"https:\/\/ecorrector.com\/#website\"},\"datePublished\":\"2015-10-16T07:50:39+00:00\",\"dateModified\":\"2015-12-23T08:17:43+00:00\",\"description\":\"Je\u015bli od d\u0142u\u017cszego czasu nie odnalaz\u0142e\u015b odpowiedniego biura t\u0142umacze\u0144, to koniecznie zapoznaj si\u0119 z ofert\u0105 do\u015bwiadczonego biura t\u0142umacze\u0144 na www.ecorrector.com.\",\"breadcrumb\":{\"@id\":\"https:\/\/ecorrector.com\/pl\/aktualnosci\/#breadcrumb\"},\"inLanguage\":\"pl-PL\",\"potentialAction\":[{\"@type\":\"ReadAction\",\"target\":[\"https:\/\/ecorrector.com\/pl\/aktualnosci\/\"]}]},{\"@type\":\"BreadcrumbList\",\"@id\":\"https:\/\/ecorrector.com\/pl\/aktualnosci\/#breadcrumb\",\"itemListElement\":[{\"@type\":\"ListItem\",\"position\":1,\"name\":\"Home\",\"item\":\"https:\/\/ecorrector.com\/pl\/glowna\/\"},{\"@type\":\"ListItem\",\"position\":2,\"name\":\"Aktualno\u015bci\"}]},{\"@type\":\"WebSite\",\"@id\":\"https:\/\/ecorrector.com\/#website\",\"url\":\"https:\/\/ecorrector.com\/\",\"name\":\"eCORRECTOR\",\"description\":\"Korekty i T\u0142umaczenia Specjalistyczne\",\"potentialAction\":[{\"@type\":\"SearchAction\",\"target\":{\"@type\":\"EntryPoint\",\"urlTemplate\":\"https:\/\/ecorrector.com\/?s={search_term_string}\"},\"query-input\":\"required name=search_term_string\"}],\"inLanguage\":\"pl-PL\"}]}<\/script>\n<!-- \/ Yoast SEO plugin. -->","yoast_head_json":{"title":"Konkurencyjne ceny i najwy\u017csza jako\u015b\u0107 wykonywanych t\u0142umacze\u0144","description":"Je\u015bli od d\u0142u\u017cszego czasu nie odnalaz\u0142e\u015b odpowiedniego biura t\u0142umacze\u0144, to koniecznie zapoznaj si\u0119 z ofert\u0105 do\u015bwiadczonego biura t\u0142umacze\u0144 na www.ecorrector.com.","robots":{"index":"index","follow":"follow","max-snippet":"max-snippet:-1","max-image-preview":"max-image-preview:large","max-video-preview":"max-video-preview:-1"},"canonical":"https:\/\/ecorrector.com\/pl\/aktualnosci\/","og_locale":"pl_PL","og_type":"article","og_title":"Konkurencyjne ceny i najwy\u017csza jako\u015b\u0107 wykonywanych t\u0142umacze\u0144","og_description":"Je\u015bli od d\u0142u\u017cszego czasu nie odnalaz\u0142e\u015b odpowiedniego biura t\u0142umacze\u0144, to koniecznie zapoznaj si\u0119 z ofert\u0105 do\u015bwiadczonego biura t\u0142umacze\u0144 na www.ecorrector.com.","og_url":"https:\/\/ecorrector.com\/pl\/aktualnosci\/","og_site_name":"eCORRECTOR","article_modified_time":"2015-12-23T08:17:43+00:00","twitter_card":"summary_large_image","schema":{"@context":"https:\/\/schema.org","@graph":[{"@type":"WebPage","@id":"https:\/\/ecorrector.com\/pl\/aktualnosci\/","url":"https:\/\/ecorrector.com\/pl\/aktualnosci\/","name":"Konkurencyjne ceny i najwy\u017csza jako\u015b\u0107 wykonywanych t\u0142umacze\u0144","isPartOf":{"@id":"https:\/\/ecorrector.com\/#website"},"datePublished":"2015-10-16T07:50:39+00:00","dateModified":"2015-12-23T08:17:43+00:00","description":"Je\u015bli od d\u0142u\u017cszego czasu nie odnalaz\u0142e\u015b odpowiedniego biura t\u0142umacze\u0144, to koniecznie zapoznaj si\u0119 z ofert\u0105 do\u015bwiadczonego biura t\u0142umacze\u0144 na www.ecorrector.com.","breadcrumb":{"@id":"https:\/\/ecorrector.com\/pl\/aktualnosci\/#breadcrumb"},"inLanguage":"pl-PL","potentialAction":[{"@type":"ReadAction","target":["https:\/\/ecorrector.com\/pl\/aktualnosci\/"]}]},{"@type":"BreadcrumbList","@id":"https:\/\/ecorrector.com\/pl\/aktualnosci\/#breadcrumb","itemListElement":[{"@type":"ListItem","position":1,"name":"Home","item":"https:\/\/ecorrector.com\/pl\/glowna\/"},{"@type":"ListItem","position":2,"name":"Aktualno\u015bci"}]},{"@type":"WebSite","@id":"https:\/\/ecorrector.com\/#website","url":"https:\/\/ecorrector.com\/","name":"eCORRECTOR","description":"Korekty i T\u0142umaczenia Specjalistyczne","potentialAction":[{"@type":"SearchAction","target":{"@type":"EntryPoint","urlTemplate":"https:\/\/ecorrector.com\/?s={search_term_string}"},"query-input":"required name=search_term_string"}],"inLanguage":"pl-PL"}]}},"_links":{"self":[{"href":"https:\/\/ecorrector.com\/pl\/wp-json\/wp\/v2\/pages\/35","targetHints":{"allow":["GET"]}}],"collection":[{"href":"https:\/\/ecorrector.com\/pl\/wp-json\/wp\/v2\/pages"}],"about":[{"href":"https:\/\/ecorrector.com\/pl\/wp-json\/wp\/v2\/types\/page"}],"author":[{"embeddable":true,"href":"https:\/\/ecorrector.com\/pl\/wp-json\/wp\/v2\/users\/1"}],"replies":[{"embeddable":true,"href":"https:\/\/ecorrector.com\/pl\/wp-json\/wp\/v2\/comments?post=35"}],"version-history":[{"count":0,"href":"https:\/\/ecorrector.com\/pl\/wp-json\/wp\/v2\/pages\/35\/revisions"}],"wp:attachment":[{"href":"https:\/\/ecorrector.com\/pl\/wp-json\/wp\/v2\/media?parent=35"}],"curies":[{"name":"wp","href":"https:\/\/api.w.org\/{rel}","templated":true}]}}