{"id":3587,"date":"2015-11-12T12:15:49","date_gmt":"2015-11-12T11:15:49","guid":{"rendered":"http:\/\/ecorrector.com\/?page_id=3587"},"modified":"2020-04-28T17:40:44","modified_gmt":"2020-04-28T15:40:44","slug":"wyslij-tekst-do-darmowej-wyceny","status":"publish","type":"page","link":"https:\/\/ecorrector.com\/pl\/wyslij-tekst-do-darmowej-wyceny\/","title":{"rendered":"Wy\u015blij tekst do darmowej wyceny"},"content":{"rendered":"[vc_row][vc_column width=&#8221;2\/5&#8243;][vc_empty_space height=&#8221;29px&#8221;][contact-form-7 404 \"Nie znaleziono\"][\/vc_column][vc_column width=&#8221;3\/5&#8243;][vc_column_text css=&#8221;.vc_custom_1558957435318{margin-top: 0px !important;margin-bottom: 0px !important;padding-top: 8px !important;}&#8221;]\n<h5>5 dni w tygodniu<\/h5>\n[\/vc_column_text][vc_column_text css=&#8221;.vc_custom_1558957449332{margin-bottom: 0px !important;}&#8221;]\n<p style=\"text-align: justify\">Nasz zesp\u00f3\u0142 obs\u0142ugi klienta jest do Twojej dyspozycji od poniedzia\u0142ku do pi\u0105tku w godzinach od 8:00 do 18:00. Wsp\u00f3\u0142pracujemy z du\u017c\u0105 liczb\u0105 native speaker\u00f3w j\u0119zyka angielskiego, posiadaj\u0105cych stopie\u0144 doktora, kt\u00f3rzy s\u0105 odpowiedzialni za profesjonaln\u0105 korekt\u0119 tekst\u00f3w przeznaczonych do publikacji w czasopismach naukowych. Dzi\u0119ki wieloletniemu do\u015bwiadczeniu w zakresie korekty tekst\u00f3w akademickich zbudowali\u015bmy silny zesp\u00f3\u0142 korektor\u00f3w o r\u00f3\u017cnorodnym do\u015bwiadczeniu. Pracujemy z tekstami ze wszystkich dziedzin akademickich, w tym z nauk biomedycznych, chemii, fizyki, ekologii, in\u017cynierii, geografii i nauk spo\u0142ecznych.<\/p>\n[\/vc_column_text][vc_column_text css=&#8221;.vc_custom_1558957466648{margin-top: -10px !important;margin-bottom: 0px !important;}&#8221;]\n<h5>Dopasowanie do Twoich potrzeb<\/h5>\n[\/vc_column_text][vc_column_text css=&#8221;.vc_custom_1558957538490{margin-bottom: 0px !important;}&#8221;]\n<p style=\"text-align: justify\">Je\u015bli potrzebujesz uzyska\u0107 szczeg\u00f3\u0142owe informacje\u00a0na temat jako\u015bci tekstu, obszar\u00f3w wymagaj\u0105cych poprawy lub potencjalnych s\u0142abych punkt\u00f3w, skontaktuj si\u0119 z nami. Poza zajmowaniem si\u0119 manuskryptami akademickimi, oferujemy r\u00f3wnie\u017c korekt\u0119 propozycji grant\u00f3w, odpowiedzi na listy recenzent\u00f3w, list\u00f3w motywacyjnych i przewodnik\u00f3w dla instytut\u00f3w.<\/p>\n[\/vc_column_text][vc_column_text css=&#8221;.vc_custom_1555670601181{margin-top: -10px !important;margin-bottom: 0px !important;}&#8221;]\n<h5>Niezawodna jako\u015b\u0107 us\u0142ug<\/h5>\n[\/vc_column_text][vc_column_text]\n<p style=\"text-align: justify\">Aby przygotowa\u0107 wycen\u0119, zazwyczaj potrzebujemy 30 minut, jednak ten czas mo\u017ce si\u0119 nieco wyd\u0142u\u017cy\u0107 w\u00a0okresach zwi\u0119kszonej ilo\u015bci zam\u00f3wie\u0144. Czas potrzebny na odes\u0142anie gotowego manuskryptu o standardowej obj\u0119to\u015bci (4000 s\u0142\u00f3w) wynosi 5 dni. Je\u017celi potrzebujesz gotowego tekstu w kr\u00f3tszym czasie, ch\u0119tnie pomo\u017cemy dzi\u0119ki us\u0142udze korekty w trybie przyspieszonym. Co wi\u0119cej, obs\u0142ugujemy r\u00f3\u017cne formaty plik\u00f3w, w tym standardowe Word, Latex i PDF.<\/p>\n[\/vc_column_text][\/vc_column][\/vc_row][vc_row][vc_column]\t\t<style type=\"text\/css\">\r\n\t\t    #content-block-background-1244 { background-image: url(https:\/\/ecorrector.com\/wp-content\/uploads\/2019\/01\/dark-background-blue.png); background-position: center bottom; background-repeat: repeat; background-color: #1a2632; background-attachment: fixed; background-size: auto; }\r\n\t\t    #content-block-body-1244 { padding: 80px 0; color: #ffffff; }\r\n\t\t    .content-block-body { margin-left: auto; margin-right: auto; position: relative; }\r\n\t\t<\/style>\r\n\t\t\t\t\t<style type=\"text\/css\">\r\n\t\t\t\t#wrapper-1 { overflow-x: hidden; }\r\n\t\t\t\t#content-block-background-1244 { margin: 0 -10000px; padding: 0 10000px; }\r\n\t\t\t<\/style>\r\n\t\t\r\n\t\t\r\n\t\t<div class=\"clear\"><\/div>\r\n\t\t<div id=\"content-block-background-1244\" class=\"content-block-background \">\r\n\t\t\t<div id=\"content-block-body-1244\" class=\"content-block-body\">\r\n\t\t\t\t<div class=\"clear\"><\/div>\r\n\t\t\t\t\n<div style=\"text-align: center\">\n<h4 style=\"margin-bottom: 20px\"><span style=\"font-size: 30px;color: #ffffff\">Je\u015bli masz inne pytania dotycz\u0105ce naszych us\u0142ug, <span style=\"color: #ff6600\"><a style=\"color: #fe5e08\" href=\"http:\/\/ecorrector.com\/pl\/kontakt\/\">skontaktuj si\u0119<\/a><\/span> z nami.<\/span><\/h4>\n<\/div>\n\t\t\t\t<div class=\"clear\"><\/div>\r\n\t\t\t<\/div>\r\n\t\t<\/div>\r\n\t\t<div class=\"clear\"><\/div>\r\n\t[\/vc_column][\/vc_row]\n","protected":false},"excerpt":{"rendered":"<p>[vc_row][vc_column width=&#8221;2\/5&#8243;][vc_empty_space height=&#8221;29px&#8221;][\/vc_column][vc_column width=&#8221;3\/5&#8243;][vc_column_text css=&#8221;.vc_custom_1558957435318{margin-top: 0px !important;margin-bottom: 0px !important;padding-top: 8px !important;}&#8221;] 5 dni w tygodniu [\/vc_column_text][vc_column_text css=&#8221;.vc_custom_1558957449332{margin-bottom: 0px !important;}&#8221;] Nasz zesp\u00f3\u0142 obs\u0142ugi klienta jest do Twojej dyspozycji od poniedzia\u0142ku do pi\u0105tku w godzinach od 8:00 do 18:00. Wsp\u00f3\u0142pracujemy z du\u017c\u0105 liczb\u0105 native speaker\u00f3w j\u0119zyka angielskiego, posiadaj\u0105cych stopie\u0144 doktora, kt\u00f3rzy s\u0105 odpowiedzialni za profesjonaln\u0105 korekt\u0119 tekst\u00f3w przeznaczonych do publikacji w czasopismach naukowych. Dzi\u0119ki wieloletniemu do\u015bwiadczeniu w zakresie korekty tekst\u00f3w akademickich zbudowali\u015bmy silny zesp\u00f3\u0142 korektor\u00f3w o r\u00f3\u017cnorodnym do\u015bwiadczeniu. Pracujemy z tekstami ze<\/p>\n","protected":false},"author":1,"featured_media":0,"parent":0,"menu_order":0,"comment_status":"closed","ping_status":"closed","template":"page-FullWidth.php","meta":{"_monsterinsights_skip_tracking":false,"_monsterinsights_sitenote_active":false,"_monsterinsights_sitenote_note":"","_monsterinsights_sitenote_category":0,"footnotes":""},"class_list":["post-3587","page","type-page","status-publish","hentry"],"yoast_head":"<!-- This site is optimized with the Yoast SEO plugin v21.0 - https:\/\/yoast.com\/wordpress\/plugins\/seo\/ -->\n<title>Wy\u015blij tekst do darmowej wyceny - eCORRECTOR<\/title>\n<meta name=\"description\" content=\"Wy\u015blij tekst do darmowej wyceny. Ode\u015blemy go w ci\u0105gu 1 godziny. Odpowiemy na wszystkie pytania najlepiej jak potrafimy oraz udzielimy potrzebnych informacji\" \/>\n<meta name=\"robots\" content=\"index, follow, max-snippet:-1, max-image-preview:large, max-video-preview:-1\" \/>\n<link rel=\"canonical\" href=\"https:\/\/ecorrector.com\/pl\/wyslij-tekst-do-darmowej-wyceny\/\" \/>\n<meta property=\"og:locale\" content=\"pl_PL\" \/>\n<meta property=\"og:type\" content=\"article\" \/>\n<meta property=\"og:title\" content=\"Wy\u015blij tekst do darmowej wyceny - eCORRECTOR\" \/>\n<meta property=\"og:description\" content=\"Wy\u015blij tekst do darmowej wyceny. Ode\u015blemy go w ci\u0105gu 1 godziny. Odpowiemy na wszystkie pytania najlepiej jak potrafimy oraz udzielimy potrzebnych informacji\" \/>\n<meta property=\"og:url\" content=\"https:\/\/ecorrector.com\/pl\/wyslij-tekst-do-darmowej-wyceny\/\" \/>\n<meta property=\"og:site_name\" content=\"eCORRECTOR\" \/>\n<meta property=\"article:modified_time\" content=\"2020-04-28T15:40:44+00:00\" \/>\n<meta name=\"twitter:card\" content=\"summary_large_image\" \/>\n<meta name=\"twitter:label1\" content=\"Szacowany czas czytania\" \/>\n\t<meta name=\"twitter:data1\" content=\"2 minuty\" \/>\n<script type=\"application\/ld+json\" class=\"yoast-schema-graph\">{\"@context\":\"https:\/\/schema.org\",\"@graph\":[{\"@type\":\"WebPage\",\"@id\":\"https:\/\/ecorrector.com\/pl\/wyslij-tekst-do-darmowej-wyceny\/\",\"url\":\"https:\/\/ecorrector.com\/pl\/wyslij-tekst-do-darmowej-wyceny\/\",\"name\":\"Wy\u015blij tekst do darmowej wyceny - eCORRECTOR\",\"isPartOf\":{\"@id\":\"https:\/\/ecorrector.com\/#website\"},\"datePublished\":\"2015-11-12T11:15:49+00:00\",\"dateModified\":\"2020-04-28T15:40:44+00:00\",\"description\":\"Wy\u015blij tekst do darmowej wyceny. Ode\u015blemy go w ci\u0105gu 1 godziny. Odpowiemy na wszystkie pytania najlepiej jak potrafimy oraz udzielimy potrzebnych informacji\",\"breadcrumb\":{\"@id\":\"https:\/\/ecorrector.com\/pl\/wyslij-tekst-do-darmowej-wyceny\/#breadcrumb\"},\"inLanguage\":\"pl-PL\",\"potentialAction\":[{\"@type\":\"ReadAction\",\"target\":[\"https:\/\/ecorrector.com\/pl\/wyslij-tekst-do-darmowej-wyceny\/\"]}]},{\"@type\":\"BreadcrumbList\",\"@id\":\"https:\/\/ecorrector.com\/pl\/wyslij-tekst-do-darmowej-wyceny\/#breadcrumb\",\"itemListElement\":[{\"@type\":\"ListItem\",\"position\":1,\"name\":\"Home\",\"item\":\"https:\/\/ecorrector.com\/pl\/glowna\/\"},{\"@type\":\"ListItem\",\"position\":2,\"name\":\"Wy\u015blij tekst do darmowej wyceny\"}]},{\"@type\":\"WebSite\",\"@id\":\"https:\/\/ecorrector.com\/#website\",\"url\":\"https:\/\/ecorrector.com\/\",\"name\":\"eCORRECTOR\",\"description\":\"Korekty i T\u0142umaczenia Specjalistyczne\",\"potentialAction\":[{\"@type\":\"SearchAction\",\"target\":{\"@type\":\"EntryPoint\",\"urlTemplate\":\"https:\/\/ecorrector.com\/?s={search_term_string}\"},\"query-input\":\"required name=search_term_string\"}],\"inLanguage\":\"pl-PL\"}]}<\/script>\n<!-- \/ Yoast SEO plugin. -->","yoast_head_json":{"title":"Wy\u015blij tekst do darmowej wyceny - eCORRECTOR","description":"Wy\u015blij tekst do darmowej wyceny. Ode\u015blemy go w ci\u0105gu 1 godziny. Odpowiemy na wszystkie pytania najlepiej jak potrafimy oraz udzielimy potrzebnych informacji","robots":{"index":"index","follow":"follow","max-snippet":"max-snippet:-1","max-image-preview":"max-image-preview:large","max-video-preview":"max-video-preview:-1"},"canonical":"https:\/\/ecorrector.com\/pl\/wyslij-tekst-do-darmowej-wyceny\/","og_locale":"pl_PL","og_type":"article","og_title":"Wy\u015blij tekst do darmowej wyceny - eCORRECTOR","og_description":"Wy\u015blij tekst do darmowej wyceny. Ode\u015blemy go w ci\u0105gu 1 godziny. Odpowiemy na wszystkie pytania najlepiej jak potrafimy oraz udzielimy potrzebnych informacji","og_url":"https:\/\/ecorrector.com\/pl\/wyslij-tekst-do-darmowej-wyceny\/","og_site_name":"eCORRECTOR","article_modified_time":"2020-04-28T15:40:44+00:00","twitter_card":"summary_large_image","twitter_misc":{"Szacowany czas czytania":"2 minuty"},"schema":{"@context":"https:\/\/schema.org","@graph":[{"@type":"WebPage","@id":"https:\/\/ecorrector.com\/pl\/wyslij-tekst-do-darmowej-wyceny\/","url":"https:\/\/ecorrector.com\/pl\/wyslij-tekst-do-darmowej-wyceny\/","name":"Wy\u015blij tekst do darmowej wyceny - eCORRECTOR","isPartOf":{"@id":"https:\/\/ecorrector.com\/#website"},"datePublished":"2015-11-12T11:15:49+00:00","dateModified":"2020-04-28T15:40:44+00:00","description":"Wy\u015blij tekst do darmowej wyceny. Ode\u015blemy go w ci\u0105gu 1 godziny. Odpowiemy na wszystkie pytania najlepiej jak potrafimy oraz udzielimy potrzebnych informacji","breadcrumb":{"@id":"https:\/\/ecorrector.com\/pl\/wyslij-tekst-do-darmowej-wyceny\/#breadcrumb"},"inLanguage":"pl-PL","potentialAction":[{"@type":"ReadAction","target":["https:\/\/ecorrector.com\/pl\/wyslij-tekst-do-darmowej-wyceny\/"]}]},{"@type":"BreadcrumbList","@id":"https:\/\/ecorrector.com\/pl\/wyslij-tekst-do-darmowej-wyceny\/#breadcrumb","itemListElement":[{"@type":"ListItem","position":1,"name":"Home","item":"https:\/\/ecorrector.com\/pl\/glowna\/"},{"@type":"ListItem","position":2,"name":"Wy\u015blij tekst do darmowej wyceny"}]},{"@type":"WebSite","@id":"https:\/\/ecorrector.com\/#website","url":"https:\/\/ecorrector.com\/","name":"eCORRECTOR","description":"Korekty i T\u0142umaczenia Specjalistyczne","potentialAction":[{"@type":"SearchAction","target":{"@type":"EntryPoint","urlTemplate":"https:\/\/ecorrector.com\/?s={search_term_string}"},"query-input":"required name=search_term_string"}],"inLanguage":"pl-PL"}]}},"_links":{"self":[{"href":"https:\/\/ecorrector.com\/pl\/wp-json\/wp\/v2\/pages\/3587","targetHints":{"allow":["GET"]}}],"collection":[{"href":"https:\/\/ecorrector.com\/pl\/wp-json\/wp\/v2\/pages"}],"about":[{"href":"https:\/\/ecorrector.com\/pl\/wp-json\/wp\/v2\/types\/page"}],"author":[{"embeddable":true,"href":"https:\/\/ecorrector.com\/pl\/wp-json\/wp\/v2\/users\/1"}],"replies":[{"embeddable":true,"href":"https:\/\/ecorrector.com\/pl\/wp-json\/wp\/v2\/comments?post=3587"}],"version-history":[{"count":0,"href":"https:\/\/ecorrector.com\/pl\/wp-json\/wp\/v2\/pages\/3587\/revisions"}],"wp:attachment":[{"href":"https:\/\/ecorrector.com\/pl\/wp-json\/wp\/v2\/media?parent=3587"}],"curies":[{"name":"wp","href":"https:\/\/api.w.org\/{rel}","templated":true}]}}