{"id":36198,"date":"2026-02-05T09:17:19","date_gmt":"2026-02-05T08:17:19","guid":{"rendered":"https:\/\/ecorrector.com\/?page_id=36198"},"modified":"2026-02-06T15:22:34","modified_gmt":"2026-02-06T14:22:34","slug":"analiza-danych-i-wykresy","status":"publish","type":"page","link":"https:\/\/ecorrector.com\/pl\/analiza-danych-i-wykresy\/","title":{"rendered":"Od surowych danych do przejrzystych wynik\u00f3w: analiza danych i wykresy dla naukowc\u00f3w, lekarzy oraz zespo\u0142\u00f3w biotech i pharma"},"content":{"rendered":"[vc_row full_width=&#8221;stretch_row&#8221; css=&#8221;.vc_custom_1770204708749{margin-top: -30px !important;background: #0c0c0c url(https:\/\/ecorrector.com\/wp-content\/uploads\/2026\/02\/3-scaled.jpg?id=36149) !important;background-position: center !important;background-repeat: no-repeat !important;background-size: cover !important;}&#8221;][vc_column][vc_row_inner][vc_column_inner]\t\t<style type=\"text\/css\">\r\n\t\t    #content-block-background-1316 { background-image: url(); background-position: center center; background-repeat: no-repeat; background-color: ; background-attachment: fixed; background-size: cover; }\r\n\t\t    #content-block-body-1316 { padding: ; color: #ffffff; }\r\n\t\t    .content-block-body { margin-left: auto; margin-right: auto; position: relative; }\r\n\t\t<\/style>\r\n\t\t\t\t\t<style type=\"text\/css\">\r\n\t\t\t\t#wrapper-1 { overflow-x: hidden; }\r\n\t\t\t\t#content-block-background-1316 { margin: 0 -10000px; padding: 0 10000px; }\r\n\t\t\t<\/style>\r\n\t\t\r\n\t\t\r\n\t\t<div class=\"clear\"><\/div>\r\n\t\t<div id=\"content-block-background-1316\" class=\"content-block-background \">\r\n\t\t\t<div id=\"content-block-body-1316\" class=\"content-block-body\">\r\n\t\t\t\t<div class=\"clear\"><\/div>\r\n\t\t\t\t\n<div id=\"responsive\" style=\"text-align: center;\">\n<h2><\/h2>\n<h2 style=\"margin-bottom: 15px; margin-top: -15px; color: #ffffff; font-size: 30px;\"><span style=\"color: #1e90ff;\">Analiza danych i wykresy<\/span> dla naukowc\u00f3w, lekarzy<br \/>\noraz zespo\u0142\u00f3w biotech i pharma<\/h2>\n<h5><\/h5>\n<h5 style=\"margin-bottom: 10px; font-size: 16px; color: #ffffff; line-height: 1.7;\">eCORRECTOR pomaga zapracowanym naukowcom, lekarzom oraz zespo\u0142om pharma\/biotechnologicznym przekszta\u0142ca\u0107 surowe lub nieuporz\u0105dkowane zbiory danych w jasne, mo\u017cliwe do obrony wnioski. Oferujemy dwa poziomy wsparcia: analiz\u0119 podstawow\u0105 do u\u017cytku wewn\u0119trznego\/na etapie wst\u0119pnym, skoncentrowan\u0105 na szybkich, \u201edecyzyjnych\u201d podsumowaniach i klarownych wnioskach, albo bardziej kompleksowy pakiet publikacyjny przygotowany z my\u015bl\u0105 o mi\u0119dzynarodowych czasopismach recenzowanych, obejmuj\u0105cy pog\u0142\u0119bion\u0105 analiz\u0119, lepsz\u0105 dokumentacj\u0119 oraz wykresy o jako\u015bci nadaj\u0105cej si\u0119 do publikacji (np. w GraphPad Prism), sformatowane zgodnie z wymaganiami czasopism.<\/h5>\n<\/div>\n<div><\/div>\n\t\t\t\t<div class=\"clear\"><\/div>\r\n\t\t\t<\/div>\r\n\t\t<\/div>\r\n\t\t<div class=\"clear\"><\/div>\r\n\t[\/vc_column_inner][\/vc_row_inner][\/vc_column][\/vc_row][vc_row css=&#8221;.vc_custom_1770278711001{border-bottom-width: 40px !important;padding-top: 50px !important;}&#8221;][vc_column][vc_column_text]\n<div style=\"text-align: center\">\n<h4><span style=\"font-size: 30px;color: #444444\">Jak mo\u017cemy pom\u00f3c<\/span><\/h4>\n<p><span style=\"font-size: 19px;color: #444444;text-align: center\">Tworzymy wykresy gotowe do publikacji i prezentacji konferencyjnych w GraphPad Prism, z wykorzystaniem SPSS, STATA, SAS, R, oraz Python, z ustawieniami eksportu dopasowanymi do wymaga\u0144 zlecenia.<\/span><\/p>\n<\/div>\n[\/vc_column_text][vc_row_inner gap=&#8221;20&#8243;][vc_column_inner width=&#8221;1\/3&#8243;][vc_column_text]\n<div style=\"text-align: center\"><i class=\"fa fa-line-chart circle-wrap\" style=\"color: #1e90ff;font-size: 2em\"><!-- icon --><\/i><\/div>\n<div style=\"text-align: center\">\n<h4 style=\"font-size: 16px\">Analiza jako\u015bciowa<br \/>\n(w standardzie badawczym)<\/h4>\n<p style=\"text-align: center\">\u2022 Analiza tematyczna i analiza tre\u015bci<br \/>\n\u2022 Por\u00f3wnania mi\u0119dzy przypadkami<br \/>\ni ustrukturyzowana synteza<br \/>\n\u2022 Jasne raportowanie z ilustruj\u0105cymi wniosek fragmentami (je\u015bli dotyczy)<\/p>\n<\/div>\n[\/vc_column_text][\/vc_column_inner][vc_column_inner width=&#8221;1\/3&#8243;][vc_column_text]\n<div style=\"text-align: center\"><i class=\"fa fa-star circle-wrap\" style=\"color: #1e90ff;font-size: 2em\"><!-- icon --><\/i><\/div>\n<div style=\"text-align: center\">\n<h4 style=\"font-size: 16px\">Wyniki przyjazne<br \/>\npublikacji<\/h4>\n<p style=\"text-align: center\">\u2022 Podsumowania wynik\u00f3w dopasowane do struktury manuskryptu oraz pyta\u0144 badawczych\/hipotez<br \/>\n\u2022 Czyste tabele i zbiory danych gotowe<br \/>\ndo tworzenia wykres\u00f3w<br \/>\n\u2022 Opcjonalne wsparcie redakcyjne w precyzyjnym<br \/>\ni zrozumia\u0142ym opisywaniu wynik\u00f3w<\/p>\n<\/div>\n[\/vc_column_text][\/vc_column_inner][vc_column_inner width=&#8221;1\/3&#8243;][vc_column_text]\n<div style=\"text-align: center\"><i class=\"fa fa-pie-chart circle-wrap\" style=\"color: #1e90ff;font-size: 2em\"><!-- icon --><\/i><\/div>\n<div style=\"text-align: center\">\n<h4 style=\"font-size: 16px\">Tworzenie i formatowanie<br \/>\nwykres\u00f3w<\/h4>\n<p style=\"text-align: center\">\u2022 Sp\u00f3jna stylistyka, czytelne opisy<br \/>\ni uk\u0142ad gotowy do publikacji<br \/>\n\u2022 Personalizacja eksportu: typ pliku, rozdzielczo\u015b\u0107, wymiary, przezroczysto\u015b\u0107, RGB\/CMYK<br \/>\n(w razie potrzeby)<br \/>\n\u2022 Obs\u0142ugiwane standardowe formaty eksportu:<br \/>\nTIFF, JPEG, PDF<\/p>\n<\/div>\n[\/vc_column_text][\/vc_column_inner][\/vc_row_inner][\/vc_column][\/vc_row][vc_row full_width=&#8221;stretch_row&#8221; css=&#8221;.vc_custom_1770208972099{padding-top: 50px !important;padding-bottom: 30px !important;background-image: url(https:\/\/ecorrector.com\/wp-content\/uploads\/2026\/02\/5-scaled.jpg?id=36156) !important;background-position: center !important;background-repeat: no-repeat !important;background-size: cover !important;}&#8221;][vc_column][vc_column_text]\n<h4 style=\"margin-bottom: 25px\"><span style=\"font-size: 30px;color: #ffffff;line-height: 1.1;font-weight: bold\">Ilo\u015bciowa analiza opisowa i eksploracyjna<\/span><\/h4>\n[\/vc_column_text][vc_column_text]<span style=\"font-size: 20px;color: #ffffff\"><i class=\"fa fa-arrow-circle-right\" style=\"color: #1e90ff;font-size: 1em\"><\/i> Czyszczenie danych, strukturyzacja i dokumentacja<br \/>\n<\/span><\/p>\n<p><span style=\"font-size: 20px;color: #ffffff\"><i class=\"fa fa-arrow-circle-right\" style=\"color: #1e90ff;font-size: 1em\"><\/i> Podsumowania opisowe: wzorce, trendy i analiza podgrup<br \/>\n<\/span><\/p>\n<p><span style=\"font-size: 20px;color: #ffffff\"><i class=\"fa fa-arrow-circle-right\" style=\"color: #1e90ff;font-size: 1em\"><\/i> Statystyki opisowe: \u015brednie, mediany, SD, IQR, odsetki\/proporcje<br \/>\n<\/span><\/p>\n<p><span style=\"font-size: 20px;color: #ffffff\"><i class=\"fa fa-arrow-circle-right\" style=\"color: #1e90ff;font-size: 1em\"><\/i> Wizualizacja danych: histogramy, wykresy pude\u0142kowe, wykresy rozrzutu, trendy w czasie<br \/>\n<\/span><\/p>\n<p><span style=\"font-size: 20px;color: #ffffff\"><i class=\"fa fa-arrow-circle-right\" style=\"color: #1e90ff;font-size: 1em\"><\/i> Por\u00f3wnania\/testy: test t, ANOVA, chi-kwadrat, testy nieparametryczne<br \/>\n<\/span><\/p>\n<p><span style=\"font-size: 20px;color: #ffffff\"><i class=\"fa fa-arrow-circle-right\" style=\"color: #1e90ff;font-size: 1em\"><\/i> Korelacja: Pearson\/Spearman<br \/>\n<\/span><\/p>\n<p><span style=\"font-size: 20px;color: #ffffff\"><i class=\"fa fa-arrow-circle-right\" style=\"color: #1e90ff;font-size: 1em\"><\/i> Modele regresyjne: liniowa\/logistyczna (je\u015bli w zakresie)<br \/>\n<\/span><\/p>\n<p><span style=\"font-size: 20px;color: #ffffff\"><i class=\"fa fa-arrow-circle-right\" style=\"color: #1e90ff;font-size: 1em\"><\/i> Praktyczna interpretacja wspieraj\u0105ca narracj\u0119 sekcji Wyniki\/Dyskusja<\/span>[\/vc_column_text][\/vc_column][\/vc_row][vc_row full_width=&#8221;stretch_row&#8221; css=&#8221;.vc_custom_1770212545579{background-color: rgba(30,144,255,0.19) !important;background-position: center !important;background-repeat: no-repeat !important;background-size: contain !important;*background-color: rgb(30,144,255) !important;}&#8221;][vc_column][vc_column_text]\n<h4 style=\"margin-bottom: 25px;text-align: center\"><span style=\"font-size: 30px;color: #444444;line-height: 1.1;font-weight: bold\">Dla firm: przejrzysta analiza i gotowe raportowanie<\/span><\/h4>\n<p style=\"text-align: center\"><span style=\"font-size: 20px;color: #444444;line-height: 1.1;font-weight: bold\">eCORRECTOR wspiera tak\u017ce organizacje, kt\u00f3re potrzebuj\u0105 rzetelnych wniosk\u00f3w z nieuporz\u0105dkowanych lub z\u0142o\u017conych zbior\u00f3w danych \u2014 bez gubienia si\u0119 w technicznych niuansach.<\/span><\/p>\n[\/vc_column_text][\/vc_column][\/vc_row][vc_row full_width=&#8221;stretch_row&#8221; gap=&#8221;20&#8243; content_placement=&#8221;middle&#8221; css=&#8221;.vc_custom_1549915518634{margin-top: -20px !important;padding-top: 0px !important;padding-bottom: 0px !important;background-color: #ffffff !important;}&#8221;][vc_column offset=&#8221;vc_col-lg-6 vc_col-md-6 vc_col-xs-12&#8243;][vc_column_text]<span style=\"font-size: 20px;color: #1e90ff;line-height: 1.1;font-weight: bold\">Czyszczenie i strukturyzacja danych<\/span><\/p>\n<ul>\n<li>Porz\u0105dkowanie surowych plik\u00f3w (Excel\/CSV\/dane w stylu SPSS)<\/li>\n<li>Standaryzacja zmiennych i poprawa u\u017cyteczno\u015bci danych<\/li>\n<\/ul>\n[\/vc_column_text][\/vc_column][vc_column offset=&#8221;vc_col-lg-6 vc_col-md-6 vc_hidden-sm vc_col-xs-12 vc_hidden-xs&#8221;][vc_column_text]<span style=\"font-size: 20px;color: #1e90ff;line-height: 1.1;font-weight: bold\">Analizy eksploracyjne i opisowe<\/span><\/p>\n<ul>\n<li>Podsumowania, wzorce, trendy i analiza segment\u00f3w<\/li>\n<li>Praktyczna interpretacja skupiona na tym, co istotne dla sytuacji<\/li>\n<\/ul>\n[\/vc_column_text][\/vc_column][\/vc_row][vc_row full_width=&#8221;stretch_row&#8221; gap=&#8221;20&#8243; content_placement=&#8221;middle&#8221; css=&#8221;.vc_custom_1549916221016{margin-top: -20px !important;padding-top: 0px !important;padding-bottom: 40px !important;background-color: #ffffff !important;}&#8221;][vc_column offset=&#8221;vc_col-lg-6 vc_col-md-6 vc_col-xs-12&#8243;][vc_column_text]<span style=\"font-size: 20px;color: #1e90ff;line-height: 1.1;font-weight: bold\">Raportowanie i wizualizacja<\/span><\/p>\n<ul>\n<li>Przejrzyste raporty gotowe dla klienta z kluczowymi wnioskami<\/li>\n<li>Wizualizacje projektowane dla interesariuszy i na potrzeby prezentacji<\/li>\n<\/ul>\n[\/vc_column_text][\/vc_column][vc_column offset=&#8221;vc_col-lg-6 vc_col-md-6 vc_hidden-sm vc_col-xs-12 vc_hidden-xs&#8221;][vc_column_text]<span style=\"font-size: 20px;color: #1e90ff;line-height: 1.1;font-weight: bold\">Jak dzia\u0142amy w tej us\u0142udze<\/span><\/p>\n<ul>\n<li>Korzystamy z SPSS, STATA, SAS, R, Python i GraphPad Prism<\/li>\n<li>Ka\u017cdy projekt wyceniamy indywidualnie \u2014 w zale\u017cno\u015bci od zakresu, typu danych i stopnia z\u0142o\u017cono\u015bci.<\/li>\n<\/ul>\n[\/vc_column_text][\/vc_column][\/vc_row][vc_row][vc_column]\t\t<style type=\"text\/css\">\r\n\t\t    #content-block-background-1369 { background-image: url(https:\/\/ecorrector.com\/wp-content\/uploads\/2026\/02\/15-scaled.jpg); background-position: center bottom; background-repeat: no-repeat; background-color: #1a2632; background-attachment: fixed; background-size: auto; }\r\n\t\t    #content-block-body-1369 { padding: 80px 0; color: #ffffff; }\r\n\t\t    .content-block-body { margin-left: auto; margin-right: auto; position: relative; }\r\n\t\t<\/style>\r\n\t\t\t\t\t<style type=\"text\/css\">\r\n\t\t\t\t#wrapper-1 { overflow-x: hidden; }\r\n\t\t\t\t#content-block-background-1369 { margin: 0 -10000px; padding: 0 10000px; }\r\n\t\t\t<\/style>\r\n\t\t\r\n\t\t\r\n\t\t<div class=\"clear\"><\/div>\r\n\t\t<div id=\"content-block-background-1369\" class=\"content-block-background \">\r\n\t\t\t<div id=\"content-block-body-1369\" class=\"content-block-body\">\r\n\t\t\t\t<div class=\"clear\"><\/div>\r\n\t\t\t\t\n<div style=\"text-align: center\">\n<h4 style=\"margin-bottom: 20px\"><span style=\"font-size: 30px;color: #ffffff\">B\u0105d\u017amy w kontakcie<\/span><\/h4>\n<h4 style=\"margin-bottom: 20px\"><span style=\"font-size: 22px;color: #ffffff\">Je\u015bli chcesz <span style=\"color: #1e90ff\">by\u0107 na bie\u017c\u0105co <\/span> z najnowszymi przewodnikami eCORRECTOR i naj\u015bwie\u017cszymi materia\u0142ami, zostaw nam sw\u00f3j adres e-mail.<\/span><\/h4>\n<\/div>\n<div style=\"text-align: center;margin-top: 20px\"><a href=\"http:\/\/ecorrector.com\/pl\/newsletter\/\"><span style=\"font-size: 16px;font-style: italic\">Subskrybuj tutaj<\/span><\/a><\/div>\n\t\t\t\t<div class=\"clear\"><\/div>\r\n\t\t\t<\/div>\r\n\t\t<\/div>\r\n\t\t<div class=\"clear\"><\/div>\r\n\t[\/vc_column][\/vc_row][vc_row full_width=&#8221;stretch_row&#8221; css=&#8221;.vc_custom_1548710124000{margin-bottom: -20px !important;}&#8221;][vc_column]\t\t<style type=\"text\/css\">\r\n\t\t    #content-block-background-1573 { background-image: url(); background-position: center top; background-repeat: no-repeat; background-color: #fd7800; background-attachment: fixed; background-size: auto; }\r\n\t\t    #content-block-body-1573 { padding: 40px 0; color: #ffffff; }\r\n\t\t    .content-block-body { margin-left: auto; margin-right: auto; position: relative; }\r\n\t\t<\/style>\r\n\t\t\t\t\t<style type=\"text\/css\">\r\n\t\t\t\t#wrapper-1 { overflow-x: hidden; }\r\n\t\t\t\t#content-block-background-1573 { margin: 0 -10000px; padding: 0 10000px; }\r\n\t\t\t<\/style>\r\n\t\t\r\n\t\t\r\n\t\t<div class=\"clear\"><\/div>\r\n\t\t<div id=\"content-block-background-1573\" class=\"content-block-background \">\r\n\t\t\t<div id=\"content-block-body-1573\" class=\"content-block-body\">\r\n\t\t\t\t<div class=\"clear\"><\/div>\r\n\t\t\t\t\n<h3 style=\"float: left;margin: 10px 0;font-size: 20px !important;color: #fff\">Wy\u015blij tekst do darmowej wyceny<\/h3>\n<a class=\"flat-custom-button align-btn-right\" href=\"https:\/\/ecorrector.com\/pl\/wyslij-tekst-do-darmowej-wyceny\/\" title=\"Wy\u015blij tekst do darmowej wyceny\" target=\"_blank\"><span style=\"padding:15px 20px; background-color:transparent; border:2px solid #FFFFFF; color:#FFFFFF; font-size:14px;\">Wy\u015blij tekst do darmowej wyceny<\/span><\/a>\t\t\t\t<div class=\"clear\"><\/div>\r\n\t\t\t<\/div>\r\n\t\t<\/div>\r\n\t\t<div class=\"clear\"><\/div>\r\n\t[\/vc_column][\/vc_row]\n","protected":false},"excerpt":{"rendered":"<p>[vc_row full_width=&#8221;stretch_row&#8221; css=&#8221;.vc_custom_1770204708749{margin-top: -30px !important;background: #0c0c0c url(https:\/\/ecorrector.com\/wp-content\/uploads\/2026\/02\/3-scaled.jpg?id=36149) !important;background-position: center !important;background-repeat: no-repeat !important;background-size: cover !important;}&#8221;][vc_column][vc_row_inner][vc_column_inner][\/vc_column_inner][\/vc_row_inner][\/vc_column][\/vc_row][vc_row css=&#8221;.vc_custom_1770278711001{border-bottom-width: 40px !important;padding-top: 50px !important;}&#8221;][vc_column][vc_column_text] Jak mo\u017cemy pom\u00f3c Tworzymy wykresy gotowe do publikacji i prezentacji konferencyjnych w GraphPad Prism, z wykorzystaniem SPSS, STATA, SAS, R, oraz Python, z ustawieniami eksportu dopasowanymi do wymaga\u0144 zlecenia. [\/vc_column_text][vc_row_inner gap=&#8221;20&#8243;][vc_column_inner width=&#8221;1\/3&#8243;][vc_column_text] Analiza jako\u015bciowa (w standardzie badawczym) \u2022 Analiza tematyczna i analiza tre\u015bci \u2022 Por\u00f3wnania mi\u0119dzy przypadkami i ustrukturyzowana synteza \u2022 Jasne raportowanie z ilustruj\u0105cymi wniosek fragmentami (je\u015bli dotyczy) [\/vc_column_text][\/vc_column_inner][vc_column_inner width=&#8221;1\/3&#8243;][vc_column_text]<\/p>\n","protected":false},"author":11,"featured_media":0,"parent":0,"menu_order":0,"comment_status":"closed","ping_status":"closed","template":"page-FullWidth.php","meta":{"_monsterinsights_skip_tracking":false,"_monsterinsights_sitenote_active":false,"_monsterinsights_sitenote_note":"","_monsterinsights_sitenote_category":0,"footnotes":""},"class_list":["post-36198","page","type-page","status-publish","hentry"],"yoast_head":"<!-- This site is optimized with the Yoast SEO plugin v21.0 - https:\/\/yoast.com\/wordpress\/plugins\/seo\/ -->\n<title>Od surowych danych do przejrzystych wynik\u00f3w: analiza danych i wykresy dla naukowc\u00f3w, lekarzy oraz zespo\u0142\u00f3w biotech i pharma - eCORRECTOR<\/title>\n<meta name=\"robots\" content=\"index, follow, max-snippet:-1, max-image-preview:large, max-video-preview:-1\" \/>\n<link rel=\"canonical\" href=\"https:\/\/ecorrector.com\/pl\/analiza-danych-i-wykresy\/\" \/>\n<meta property=\"og:locale\" content=\"pl_PL\" \/>\n<meta property=\"og:type\" content=\"article\" \/>\n<meta property=\"og:title\" content=\"Od surowych danych do przejrzystych wynik\u00f3w: analiza danych i wykresy dla naukowc\u00f3w, lekarzy oraz zespo\u0142\u00f3w biotech i pharma - eCORRECTOR\" \/>\n<meta property=\"og:description\" content=\"[vc_row full_width=&#8221;stretch_row&#8221; css=&#8221;.vc_custom_1770204708749{margin-top: -30px !important;background: #0c0c0c url(https:\/\/ecorrector.com\/wp-content\/uploads\/2026\/02\/3-scaled.jpg?id=36149) !important;background-position: center !important;background-repeat: no-repeat !important;background-size: cover !important;}&#8221;][vc_column][vc_row_inner][vc_column_inner][\/vc_column_inner][\/vc_row_inner][\/vc_column][\/vc_row][vc_row css=&#8221;.vc_custom_1770278711001{border-bottom-width: 40px !important;padding-top: 50px !important;}&#8221;][vc_column][vc_column_text] Jak mo\u017cemy pom\u00f3c Tworzymy wykresy gotowe do publikacji i prezentacji konferencyjnych w GraphPad Prism, z wykorzystaniem SPSS, STATA, SAS, R, oraz Python, z ustawieniami eksportu dopasowanymi do wymaga\u0144 zlecenia. [\/vc_column_text][vc_row_inner gap=&#8221;20&#8243;][vc_column_inner width=&#8221;1\/3&#8243;][vc_column_text] Analiza jako\u015bciowa (w standardzie badawczym) \u2022 Analiza tematyczna i analiza tre\u015bci \u2022 Por\u00f3wnania mi\u0119dzy przypadkami i ustrukturyzowana synteza \u2022 Jasne raportowanie z ilustruj\u0105cymi wniosek fragmentami (je\u015bli dotyczy) [\/vc_column_text][\/vc_column_inner][vc_column_inner width=&#8221;1\/3&#8243;][vc_column_text]\" \/>\n<meta property=\"og:url\" content=\"https:\/\/ecorrector.com\/pl\/analiza-danych-i-wykresy\/\" \/>\n<meta property=\"og:site_name\" content=\"eCORRECTOR\" \/>\n<meta property=\"article:modified_time\" content=\"2026-02-06T14:22:34+00:00\" \/>\n<meta name=\"twitter:card\" content=\"summary_large_image\" \/>\n<meta name=\"twitter:label1\" content=\"Szacowany czas czytania\" \/>\n\t<meta name=\"twitter:data1\" content=\"3 minuty\" \/>\n<script type=\"application\/ld+json\" class=\"yoast-schema-graph\">{\"@context\":\"https:\/\/schema.org\",\"@graph\":[{\"@type\":\"WebPage\",\"@id\":\"https:\/\/ecorrector.com\/pl\/analiza-danych-i-wykresy\/\",\"url\":\"https:\/\/ecorrector.com\/pl\/analiza-danych-i-wykresy\/\",\"name\":\"Od surowych danych do przejrzystych wynik\u00f3w: analiza danych i wykresy dla naukowc\u00f3w, lekarzy oraz zespo\u0142\u00f3w biotech i pharma - eCORRECTOR\",\"isPartOf\":{\"@id\":\"https:\/\/ecorrector.com\/#website\"},\"datePublished\":\"2026-02-05T08:17:19+00:00\",\"dateModified\":\"2026-02-06T14:22:34+00:00\",\"breadcrumb\":{\"@id\":\"https:\/\/ecorrector.com\/pl\/analiza-danych-i-wykresy\/#breadcrumb\"},\"inLanguage\":\"pl-PL\",\"potentialAction\":[{\"@type\":\"ReadAction\",\"target\":[\"https:\/\/ecorrector.com\/pl\/analiza-danych-i-wykresy\/\"]}]},{\"@type\":\"BreadcrumbList\",\"@id\":\"https:\/\/ecorrector.com\/pl\/analiza-danych-i-wykresy\/#breadcrumb\",\"itemListElement\":[{\"@type\":\"ListItem\",\"position\":1,\"name\":\"Home\",\"item\":\"https:\/\/ecorrector.com\/pl\/glowna\/\"},{\"@type\":\"ListItem\",\"position\":2,\"name\":\"Od surowych danych do przejrzystych wynik\u00f3w: analiza danych i wykresy dla naukowc\u00f3w, lekarzy oraz zespo\u0142\u00f3w biotech i pharma\"}]},{\"@type\":\"WebSite\",\"@id\":\"https:\/\/ecorrector.com\/#website\",\"url\":\"https:\/\/ecorrector.com\/\",\"name\":\"eCORRECTOR\",\"description\":\"Korekty i T\u0142umaczenia Specjalistyczne\",\"potentialAction\":[{\"@type\":\"SearchAction\",\"target\":{\"@type\":\"EntryPoint\",\"urlTemplate\":\"https:\/\/ecorrector.com\/?s={search_term_string}\"},\"query-input\":\"required name=search_term_string\"}],\"inLanguage\":\"pl-PL\"}]}<\/script>\n<!-- \/ Yoast SEO plugin. -->","yoast_head_json":{"title":"Od surowych danych do przejrzystych wynik\u00f3w: analiza danych i wykresy dla naukowc\u00f3w, lekarzy oraz zespo\u0142\u00f3w biotech i pharma - eCORRECTOR","robots":{"index":"index","follow":"follow","max-snippet":"max-snippet:-1","max-image-preview":"max-image-preview:large","max-video-preview":"max-video-preview:-1"},"canonical":"https:\/\/ecorrector.com\/pl\/analiza-danych-i-wykresy\/","og_locale":"pl_PL","og_type":"article","og_title":"Od surowych danych do przejrzystych wynik\u00f3w: analiza danych i wykresy dla naukowc\u00f3w, lekarzy oraz zespo\u0142\u00f3w biotech i pharma - eCORRECTOR","og_description":"[vc_row full_width=&#8221;stretch_row&#8221; css=&#8221;.vc_custom_1770204708749{margin-top: -30px !important;background: #0c0c0c url(https:\/\/ecorrector.com\/wp-content\/uploads\/2026\/02\/3-scaled.jpg?id=36149) !important;background-position: center !important;background-repeat: no-repeat !important;background-size: cover !important;}&#8221;][vc_column][vc_row_inner][vc_column_inner][\/vc_column_inner][\/vc_row_inner][\/vc_column][\/vc_row][vc_row css=&#8221;.vc_custom_1770278711001{border-bottom-width: 40px !important;padding-top: 50px !important;}&#8221;][vc_column][vc_column_text] Jak mo\u017cemy pom\u00f3c Tworzymy wykresy gotowe do publikacji i prezentacji konferencyjnych w GraphPad Prism, z wykorzystaniem SPSS, STATA, SAS, R, oraz Python, z ustawieniami eksportu dopasowanymi do wymaga\u0144 zlecenia. [\/vc_column_text][vc_row_inner gap=&#8221;20&#8243;][vc_column_inner width=&#8221;1\/3&#8243;][vc_column_text] Analiza jako\u015bciowa (w standardzie badawczym) \u2022 Analiza tematyczna i analiza tre\u015bci \u2022 Por\u00f3wnania mi\u0119dzy przypadkami i ustrukturyzowana synteza \u2022 Jasne raportowanie z ilustruj\u0105cymi wniosek fragmentami (je\u015bli dotyczy) [\/vc_column_text][\/vc_column_inner][vc_column_inner width=&#8221;1\/3&#8243;][vc_column_text]","og_url":"https:\/\/ecorrector.com\/pl\/analiza-danych-i-wykresy\/","og_site_name":"eCORRECTOR","article_modified_time":"2026-02-06T14:22:34+00:00","twitter_card":"summary_large_image","twitter_misc":{"Szacowany czas czytania":"3 minuty"},"schema":{"@context":"https:\/\/schema.org","@graph":[{"@type":"WebPage","@id":"https:\/\/ecorrector.com\/pl\/analiza-danych-i-wykresy\/","url":"https:\/\/ecorrector.com\/pl\/analiza-danych-i-wykresy\/","name":"Od surowych danych do przejrzystych wynik\u00f3w: analiza danych i wykresy dla naukowc\u00f3w, lekarzy oraz zespo\u0142\u00f3w biotech i pharma - eCORRECTOR","isPartOf":{"@id":"https:\/\/ecorrector.com\/#website"},"datePublished":"2026-02-05T08:17:19+00:00","dateModified":"2026-02-06T14:22:34+00:00","breadcrumb":{"@id":"https:\/\/ecorrector.com\/pl\/analiza-danych-i-wykresy\/#breadcrumb"},"inLanguage":"pl-PL","potentialAction":[{"@type":"ReadAction","target":["https:\/\/ecorrector.com\/pl\/analiza-danych-i-wykresy\/"]}]},{"@type":"BreadcrumbList","@id":"https:\/\/ecorrector.com\/pl\/analiza-danych-i-wykresy\/#breadcrumb","itemListElement":[{"@type":"ListItem","position":1,"name":"Home","item":"https:\/\/ecorrector.com\/pl\/glowna\/"},{"@type":"ListItem","position":2,"name":"Od surowych danych do przejrzystych wynik\u00f3w: analiza danych i wykresy dla naukowc\u00f3w, lekarzy oraz zespo\u0142\u00f3w biotech i pharma"}]},{"@type":"WebSite","@id":"https:\/\/ecorrector.com\/#website","url":"https:\/\/ecorrector.com\/","name":"eCORRECTOR","description":"Korekty i T\u0142umaczenia Specjalistyczne","potentialAction":[{"@type":"SearchAction","target":{"@type":"EntryPoint","urlTemplate":"https:\/\/ecorrector.com\/?s={search_term_string}"},"query-input":"required name=search_term_string"}],"inLanguage":"pl-PL"}]}},"_links":{"self":[{"href":"https:\/\/ecorrector.com\/pl\/wp-json\/wp\/v2\/pages\/36198","targetHints":{"allow":["GET"]}}],"collection":[{"href":"https:\/\/ecorrector.com\/pl\/wp-json\/wp\/v2\/pages"}],"about":[{"href":"https:\/\/ecorrector.com\/pl\/wp-json\/wp\/v2\/types\/page"}],"author":[{"embeddable":true,"href":"https:\/\/ecorrector.com\/pl\/wp-json\/wp\/v2\/users\/11"}],"replies":[{"embeddable":true,"href":"https:\/\/ecorrector.com\/pl\/wp-json\/wp\/v2\/comments?post=36198"}],"version-history":[{"count":6,"href":"https:\/\/ecorrector.com\/pl\/wp-json\/wp\/v2\/pages\/36198\/revisions"}],"predecessor-version":[{"id":36208,"href":"https:\/\/ecorrector.com\/pl\/wp-json\/wp\/v2\/pages\/36198\/revisions\/36208"}],"wp:attachment":[{"href":"https:\/\/ecorrector.com\/pl\/wp-json\/wp\/v2\/media?parent=36198"}],"curies":[{"name":"wp","href":"https:\/\/api.w.org\/{rel}","templated":true}]}}