{"id":36394,"date":"2026-03-18T14:08:33","date_gmt":"2026-03-18T13:08:33","guid":{"rendered":"https:\/\/ecorrector.com\/?page_id=36394"},"modified":"2026-03-20T11:22:18","modified_gmt":"2026-03-20T10:22:18","slug":"konsultacja-akademicka-manuskryptu","status":"publish","type":"page","link":"https:\/\/ecorrector.com\/pl\/konsultacja-akademicka-manuskryptu\/","title":{"rendered":"Konsultacja akademicka manuskryptu"},"content":{"rendered":"[vc_row full_width=&#8221;stretch_row&#8221; css=&#8221;.vc_custom_1773833189109{margin-top: -30px !important;padding-bottom: 20px !important;background: #0c0c0c url(https:\/\/ecorrector.com\/wp-content\/uploads\/2026\/03\/3-1.jpg?id=36396) !important;background-position: center !important;background-repeat: no-repeat !important;background-size: cover !important;}&#8221;][vc_column][vc_row_inner][vc_column_inner]\t\t<style type=\"text\/css\">\r\n\t\t    #content-block-background-1850 { background-image: url(); background-position: center center; background-repeat: no-repeat; background-color: ; background-attachment: fixed; background-size: cover; }\r\n\t\t    #content-block-body-1850 { padding: ; color: #ffffff; }\r\n\t\t    .content-block-body { margin-left: auto; margin-right: auto; position: relative; }\r\n\t\t<\/style>\r\n\t\t\t\t\t<style type=\"text\/css\">\r\n\t\t\t\t#wrapper-1 { overflow-x: hidden; }\r\n\t\t\t\t#content-block-background-1850 { margin: 0 -10000px; padding: 0 10000px; }\r\n\t\t\t<\/style>\r\n\t\t\r\n\t\t\r\n\t\t<div class=\"clear\"><\/div>\r\n\t\t<div id=\"content-block-background-1850\" class=\"content-block-background \">\r\n\t\t\t<div id=\"content-block-body-1850\" class=\"content-block-body\">\r\n\t\t\t\t<div class=\"clear\"><\/div>\r\n\t\t\t\t\n<div id=\"responsive\" style=\"text-align: center;\">\n<h2><\/h2>\n<h2 style=\"margin-bottom: 15px; margin-top: -15px; color: #ffffff; font-size: 30px;\"><span style=\"color: #1e90ff;\">Redaktorzy w ci\u0105gu kilku minut decyduj\u0105, czy Tw\u00f3j manuskrypt warto skierowa\u0107 do recenzji, czy odrzuci\u0107 go natychmiast.<\/span><\/h2>\n<h5><\/h5>\n<h5 style=\"margin-bottom: 10px; font-size: 16px; color: #ffffff; line-height: 1.7;\">Nie dlatego, \u017ce badania s\u0105 s\u0142abe, lecz dlatego, \u017ce artyku\u0142 nie brzmi jak gotowy do publikacji: argumentacja nie jest jasna, struktura nie przekonuje, ilustracje nie s\u0105 poprawnie przedstawione albo g\u0142\u00f3wne przes\u0142anie si\u0119 gubi. Dbamy o to, by ka\u017cda cz\u0119\u015b\u0107 \u2014 tekst, rysunki i tabele \u2014 by\u0142a dopracowana, przejrzysta i gotowa do z\u0142o\u017cenia w czasopi\u015bmie.<\/h5>\n<h5 style=\"margin-bottom: 10px; font-size: 16px; color: #ffffff; line-height: 1.7;\"><span style=\"color: #1e90ff;\">Sk\u0142adaj do periodyku swoj\u0105 prac\u0119 z pewno\u015bci\u0105 \u2014 skorzystaj z profesjonalnego wsparcia ju\u017c dzi\u015b i daj swojemu artyku\u0142owi najlepsz\u0105 szans\u0119 na akceptacj\u0119.<\/span><\/h5>\n<\/div>\n\t\t\t\t<div class=\"clear\"><\/div>\r\n\t\t\t<\/div>\r\n\t\t<\/div>\r\n\t\t<div class=\"clear\"><\/div>\r\n\t[\/vc_column_inner][\/vc_row_inner][\/vc_column][\/vc_row][vc_row css=&#8221;.vc_custom_1773828601115{border-bottom-width: 10px !important;padding-top: 10px !important;}&#8221;][vc_column][vc_column_text]\n<div id=\"more-features\"><\/div>\n<div style=\"text-align: center;\">\n<h4><span style=\"font-size: 30px; color: #1e90ff;\">Co wyr\u00f3\u017cnia t\u0119 us\u0142ug\u0119?<\/span><\/h4>\n<p><span style=\"font-size: 19px; color: #444444; text-align: center;\"><br \/>\nNajwa\u017cniejsz\u0105 warto\u015bci\u0105 tej us\u0142ugi jest to, \u017ce Twoim tekstem zajmuj\u0105 si\u0119 wy\u0142\u0105cznie badacze posiadaj\u0105cy stopie\u0144 doktora, zwi\u0105zani z renomowanymi o\u015brodkami akademickimi w Wielkiej Brytanii i Stanach Zjednoczonych.<\/span><\/p>\n<p><span style=\"font-size: 19px; color: #444444; text-align: center;\">To oznacza, \u017ce otrzymujesz nie tylko og\u00f3lne uwagi redakcyjne, ale rzeteln\u0105, naukow\u0105 konsultacj\u0119 opart\u0105 na realnym do\u015bwiadczeniu badawczym i publikacyjnym. Nasi konsultanci patrz\u0105 na tekst z perspektywy akademickiej \u2014 oceniaj\u0105 jego jako\u015b\u0107 naukow\u0105, sp\u00f3jno\u015b\u0107 metodologiczn\u0105 i potencja\u0142 publikacyjny.<br \/>\n<\/span><\/p>\n<\/div>\n[\/vc_column_text][\/vc_column][\/vc_row][vc_row full_width=&#8221;stretch_row&#8221; css=&#8221;.vc_custom_1773829225206{background-image: url(https:\/\/ecorrector.com\/wp-content\/uploads\/2026\/03\/journal5-1.png?id=36366) !important;background-position: center !important;background-repeat: no-repeat !important;background-size: cover !important;}&#8221;][vc_column][vc_column_text]\n<h4 style=\"margin-bottom: 25px;\"><span style=\"font-size: 30px; color: #ffffff; line-height: 1.1; font-weight: bold;\">Kiedy ta us\u0142uga b\u0119dzie dla Ciebie odpowiednia?<\/span><\/h4>\n[\/vc_column_text][vc_column_text]<span style=\"font-size: 20px; color: #ffffff;\"><i class=\"fa fa-arrow-circle-right\" style=\"color: #1e90ff; font-size: 1em;\"><\/i> nie masz pewno\u015bci, czy Tw\u00f3j manuskrypt jest gotowy do dalszych etap\u00f3w<br \/>\n<\/span><\/p>\n<p><span style=\"font-size: 20px; color: #ffffff;\"><i class=\"fa fa-arrow-circle-right\" style=\"color: #1e90ff; font-size: 1em;\"><\/i> chcesz skonsultowa\u0107 metodologi\u0119 lub projekt badania<br \/>\n<\/span><\/p>\n<p><span style=\"font-size: 20px; color: #ffffff;\"><i class=\"fa fa-arrow-circle-right\" style=\"color: #1e90ff; font-size: 1em;\"><\/i> potrzebujesz wsparcia w dopracowaniu argumentacji naukowej<br \/>\n<\/span><\/p>\n<p><span style=\"font-size: 20px; color: #ffffff;\"><i class=\"fa fa-arrow-circle-right\" style=\"color: #1e90ff; font-size: 1em;\"><\/i> masz w\u0105tpliwo\u015bci co do struktury i logiki artyku\u0142u<br \/>\n<\/span><\/p>\n<p><span style=\"font-size: 20px; color: #ffffff;\"><i class=\"fa fa-arrow-circle-right\" style=\"color: #1e90ff; font-size: 1em;\"><\/i> chcesz oceni\u0107 mocne i s\u0142abe strony tekstu jeszcze przed korekt\u0105 j\u0119zykow\u0105<br \/>\n<\/span><\/p>\n<p><span style=\"font-size: 20px; color: #ffffff;\"><i class=\"fa fa-arrow-circle-right\" style=\"color: #1e90ff; font-size: 1em;\"><\/i> pojawi\u0142y si\u0119 uwagi od recenzent\u00f3w i nie wiesz, jak do nich podej\u015b\u0107<br \/>\n<\/span><\/p>\n<p><span style=\"font-size: 20px; color: #ffffff;\"><i class=\"fa fa-arrow-circle-right\" style=\"color: #1e90ff; font-size: 1em;\"><\/i> zale\u017cy Ci na merytorycznej konsultacji z ekspertem akademickim<br \/>\n<\/span>[\/vc_column_text][\/vc_column][\/vc_row][vc_row][vc_column][vc_column_text]\n<h2><strong>Jak wygl\u0105da proces wsp\u00f3\u0142pracy?<\/strong><\/h2>\n[\/vc_column_text][vc_tta_tabs color=&#8221;sky&#8221; active_section=&#8221;1&#8243;][vc_tta_section title=&#8221;Krok 1. Przes\u0142anie manuskryptu&#8221; tab_id=&#8221;1773829305489-edf2dd77-dc3b&#8221;][vc_column_text]<span style=\"font-size: 19px; color: #444444; text-align: center;\">Przesy\u0142asz nam:<\/span><\/p>\n<ul>\n<li>draft artyku\u0142u na dowolnym etapie<\/li>\n<li>informacje o planowanym czasopi\u015bmie (opcjonalnie)<\/li>\n<li>pytania lub obszary, kt\u00f3re szczeg\u00f3lnie chcesz skonsultowa\u0107<\/li>\n<\/ul>\n[\/vc_column_text][\/vc_tta_section][vc_tta_section title=&#8221;Krok 2. Wst\u0119pna ocena&#8221; tab_id=&#8221;1773829305506-1b0228fc-7fda&#8221;][vc_column_text]<span style=\"font-size: 19px; color: #444444; text-align: center;\">Analizujemy:<\/span><br \/>\n\u2022 stopie\u0144 zaawansowania manuskryptu<br \/>\n\u2022 zakres potrzebnej konsultacji<br \/>\n\u2022 kluczowe obszary wymagaj\u0105ce poprawy[\/vc_column_text][\/vc_tta_section][vc_tta_section title=&#8221;Krok 3. Konsultacja ekspercka&#8221; tab_id=&#8221;1773829407214-0518d946-f1b4&#8243;][vc_column_text]<span style=\"font-size: 19px; color: #444444; text-align: center;\">Tw\u00f3j tekst trafia do badacza, kt\u00f3ry analizuje go pod k\u0105tem::<\/span><\/p>\n<ul>\n<li>metodologii<\/li>\n<li>projektu badania<\/li>\n<li>logiki wywodu<\/li>\n<li>sp\u00f3jno\u015bci argumentacji<\/li>\n<li>struktury tekstu<\/li>\n<li>jasno\u015bci wniosk\u00f3w i celu badawczego<\/li>\n<\/ul>\n[\/vc_column_text][\/vc_tta_section][vc_tta_section title=&#8221;Krok 4. Szczeg\u00f3\u0142owy feedback&#8221; tab_id=&#8221;1773829408212-98dbd146-84ed&#8221;][vc_column_text]<span style=\"font-size: 19px; color: #444444; text-align: center;\">Otrzymujesz uporz\u0105dkowan\u0105 informacj\u0119 zwrotn\u0105, obejmuj\u0105c\u0105:<\/span><\/p>\n<ul>\n<li>mocne strony manuskryptu<\/li>\n<li>kwestie wymagaj\u0105ce poprawy<\/li>\n<li>konkretne zalecenia dotycz\u0105ce zmian<\/li>\n<li>wskaz\u00f3wki, co warto dopracowa\u0107 przed editingiem lub submisj\u0105<\/li>\n<\/ul>\n[\/vc_column_text][\/vc_tta_section][vc_tta_section title=&#8221;Krok 5. Dalsze kroki&#8221; tab_id=&#8221;1773829408997-1f25f7b5-e881&#8243;][vc_column_text]<span style=\"font-size: 19px; color: #444444; text-align: center;\">Po konsultacji mo\u017cesz zdecydowa\u0107, czy chcesz przej\u015b\u0107 do kolejnych etap\u00f3w, takich jak:<\/span><\/p>\n<ul>\n<li>korekta j\u0119zykowa<\/li>\n<li>formatowanie do czasopisma<\/li>\n<li>wsparcie w submisji<\/li>\n<li>pomoc w odpowiedzi na recenzj\u0119<\/li>\n<\/ul>\n[\/vc_column_text][\/vc_tta_section][\/vc_tta_tabs][\/vc_column][\/vc_row][vc_row full_width=&#8221;stretch_row&#8221; css=&#8221;.vc_custom_1773829634498{background: rgba(30,144,255,0.19) url(https:\/\/ecorrector.com\/wp-content\/uploads\/2026\/03\/journal2-1.png?id=36376) !important;background-position: center !important;background-repeat: no-repeat !important;background-size: cover !important;*background-color: rgb(30,144,255) !important;}&#8221;][vc_column][vc_column_text]\n<h4 style=\"margin-bottom: 25px; text-align: center;\"><span style=\"font-size: 30px; color: #ffffff; ;line-height: 1.1; font-weight: bold;\">Najpierw jako\u015b\u0107 naukowa, potem finalne dopracowanie<\/span><\/h4>\n<p style=\"text-align: center;\"><span style=\"font-size: 20px; color: #ffffff; line-height: 1.1; font-weight: bold;\">Dobra publikacja zaczyna si\u0119 od solidnych podstaw. Zanim przejdziesz do korekty j\u0119zykowej, upewnij si\u0119, \u017ce Tw\u00f3j artyku\u0142 jest mocny metodologicznie, logiczny i dobrze przemy\u015blany.<\/span><\/p>\n<p style=\"text-align: center;\"><span style=\"font-size: 20px; color: #ffffff; line-height: 1.1; font-weight: bold;\">Z nasz\u0105 us\u0142ug\u0105 zyskujesz dost\u0119p do eksperckiej wiedzy badaczy z doktoratami z uznanych instytucji w UK i USA \u2014<br \/>\npo to, aby Tw\u00f3j tekst by\u0142 naprawd\u0119 gotowy na kolejne etapy.<\/span><\/p>\n<p style=\"text-align: center;\"><span style=\"font-size: 20px; color: #ffffff; line-height: 1.1; font-weight: bold;\">Prze\u015blij nam sw\u00f3j draft i skorzystaj z profesjonalnej konsultacji naukowej.<br \/>\n<\/span>[\/vc_column_text][\/vc_column][\/vc_row][vc_row][vc_column][vc_column_text]\n<p style=\"text-align: center;\"><span style=\"font-size: 30px; color: #1e90ff; line-height: 1.1; font-weight: bold;\">Dla kogo jest ta us\u0142uga?<\/span><\/p>\n<p style=\"text-align: center;\"><span style=\"font-size: 20px; line-height: 1.1; font-weight: bold;\"><i class=\"fa fa-check-circle-o\"><\/i>\u00a0 dla naukowc\u00f3w, kt\u00f3rzy s\u0105 jeszcze przed etapem korekty j\u0119zykowej<\/span><\/p>\n<p style=\"text-align: center;\"><span style=\"font-size: 20px; line-height: 1.1; font-weight: bold;\"><i class=\"fa fa-check-circle-o\"><\/i>\u00a0 dla doktorant\u00f3w i m\u0142odych badaczy przygotowuj\u0105cych pierwsze publikacje<\/span><\/p>\n<p style=\"text-align: center;\"><span style=\"font-size: 20px; line-height: 1.1; font-weight: bold;\"><i class=\"fa fa-check-circle-o\"><\/i>\u00a0 dla autor\u00f3w chc\u0105cych skonsultowa\u0107 metodologi\u0119 lub konstrukcj\u0119 artyku\u0142u<\/span><\/p>\n<p style=\"text-align: center;\"><span style=\"font-size: 20px; line-height: 1.1; font-weight: bold;\"><i class=\"fa fa-check-circle-o\"><\/i>\u00a0 dla zespo\u0142\u00f3w badawczych pracuj\u0105cych nad wymagaj\u0105cymi publikacjami<\/span><\/p>\n<p style=\"text-align: center;\"><span style=\"font-size: 20px; line-height: 1.1; font-weight: bold;\"><i class=\"fa fa-check-circle-o\"><\/i>\u00a0 dla wszystkich, kt\u00f3rzy chc\u0105 otrzyma\u0107 merytoryczny feedback od do\u015bwiadczonych badaczy akademickich<\/span><\/p>\n[\/vc_column_text][\/vc_column][\/vc_row][vc_row][vc_column]\t\t<style type=\"text\/css\">\r\n\t\t    #content-block-background-1211 { background-image: url(https:\/\/ecorrector.com\/wp-content\/uploads\/2026\/03\/journal1-1.jpg); background-position: center bottom; background-repeat: no-repeat; background-color: #1a2632; background-attachment: fixed; background-size: cover; }\r\n\t\t    #content-block-body-1211 { padding: 80px 0; color: #ffffff; }\r\n\t\t    .content-block-body { margin-left: auto; margin-right: auto; position: relative; }\r\n\t\t<\/style>\r\n\t\t\t\t\t<style type=\"text\/css\">\r\n\t\t\t\t#wrapper-1 { overflow-x: hidden; }\r\n\t\t\t\t#content-block-background-1211 { margin: 0 -10000px; padding: 0 10000px; }\r\n\t\t\t<\/style>\r\n\t\t\r\n\t\t\r\n\t\t<div class=\"clear\"><\/div>\r\n\t\t<div id=\"content-block-background-1211\" class=\"content-block-background \">\r\n\t\t\t<div id=\"content-block-body-1211\" class=\"content-block-body\">\r\n\t\t\t\t<div class=\"clear\"><\/div>\r\n\t\t\t\t\n<div style=\"text-align: center;\">\n<h4 style=\"margin-bottom: 20px;\"><span style=\"font-size: 30px; color: #ffffff;\">B\u0105d\u017amy w kontakcie<\/span><\/h4>\n<h4 style=\"margin-bottom: 20px;\"><span style=\"font-size: 22px; color: #ffffff;\">Je\u015bli chcesz <span style=\"color: #1e90ff;\">by\u0107 na bie\u017c\u0105co <\/span> z najnowszymi przewodnikami eCORRECTOR i naj\u015bwie\u017cszymi materia\u0142ami, zostaw nam sw\u00f3j adres e-mail.<\/span><\/h4>\n<\/div>\n<div style=\"text-align: center; margin-top: 20px;\"><a href=\"http:\/\/ecorrector.com\/pl\/newsletter\/\"><span style=\"font-size: 16px; font-style: italic;\">Subskrybuj tutaj<\/span><\/a><\/div>\n\t\t\t\t<div class=\"clear\"><\/div>\r\n\t\t\t<\/div>\r\n\t\t<\/div>\r\n\t\t<div class=\"clear\"><\/div>\r\n\t[\/vc_column][\/vc_row][vc_row full_width=&#8221;stretch_row&#8221; css=&#8221;.vc_custom_1548710124000{margin-bottom: -20px !important;}&#8221;][vc_column]\t\t<style type=\"text\/css\">\r\n\t\t    #content-block-background-1331 { background-image: url(); background-position: center top; background-repeat: no-repeat; background-color: #fd7800; background-attachment: fixed; background-size: auto; }\r\n\t\t    #content-block-body-1331 { padding: 40px 0; color: #ffffff; }\r\n\t\t    .content-block-body { margin-left: auto; margin-right: auto; position: relative; }\r\n\t\t<\/style>\r\n\t\t\t\t\t<style type=\"text\/css\">\r\n\t\t\t\t#wrapper-1 { overflow-x: hidden; }\r\n\t\t\t\t#content-block-background-1331 { margin: 0 -10000px; padding: 0 10000px; }\r\n\t\t\t<\/style>\r\n\t\t\r\n\t\t\r\n\t\t<div class=\"clear\"><\/div>\r\n\t\t<div id=\"content-block-background-1331\" class=\"content-block-background \">\r\n\t\t\t<div id=\"content-block-body-1331\" class=\"content-block-body\">\r\n\t\t\t\t<div class=\"clear\"><\/div>\r\n\t\t\t\t\n<h3 style=\"float: left; margin: 10px 0; font-size: 20px !important; color: #fff;\">Wy\u015blij tekst do darmowej wyceny<\/h3>\n<a class=\"flat-custom-button align-btn-right\" href=\"https:\/\/ecorrector.com\/pl\/wyslij-tekst-do-darmowej-wyceny\/\" title=\"Wy\u015blij tekst do darmowej wyceny\" target=\"_blank\"><span style=\"padding:15px 20px; background-color:transparent; border:2px solid #FFFFFF; color:#FFFFFF; font-size:14px;\">Wy\u015blij tekst do darmowej wyceny<\/span><\/a>\t\t\t\t<div class=\"clear\"><\/div>\r\n\t\t\t<\/div>\r\n\t\t<\/div>\r\n\t\t<div class=\"clear\"><\/div>\r\n\t[\/vc_column][\/vc_row]\n","protected":false},"excerpt":{"rendered":"<p>[vc_row full_width=&#8221;stretch_row&#8221; css=&#8221;.vc_custom_1773833189109{margin-top: -30px !important;padding-bottom: 20px !important;background: #0c0c0c url(https:\/\/ecorrector.com\/wp-content\/uploads\/2026\/03\/3-1.jpg?id=36396) !important;background-position: center !important;background-repeat: no-repeat !important;background-size: cover !important;}&#8221;][vc_column][vc_row_inner][vc_column_inner][\/vc_column_inner][\/vc_row_inner][\/vc_column][\/vc_row][vc_row css=&#8221;.vc_custom_1773828601115{border-bottom-width: 10px !important;padding-top: 10px !important;}&#8221;][vc_column][vc_column_text] Co wyr\u00f3\u017cnia t\u0119 us\u0142ug\u0119? Najwa\u017cniejsz\u0105 warto\u015bci\u0105 tej us\u0142ugi jest to, \u017ce Twoim tekstem zajmuj\u0105 si\u0119 wy\u0142\u0105cznie badacze posiadaj\u0105cy stopie\u0144 doktora, zwi\u0105zani z renomowanymi o\u015brodkami akademickimi w Wielkiej Brytanii i Stanach Zjednoczonych. To oznacza, \u017ce otrzymujesz nie tylko og\u00f3lne uwagi redakcyjne, ale rzeteln\u0105, naukow\u0105 konsultacj\u0119 opart\u0105 na realnym do\u015bwiadczeniu badawczym i publikacyjnym. Nasi konsultanci patrz\u0105 na tekst z perspektywy akademickiej<\/p>\n","protected":false},"author":11,"featured_media":0,"parent":0,"menu_order":0,"comment_status":"closed","ping_status":"closed","template":"page-FullWidth.php","meta":{"_monsterinsights_skip_tracking":false,"_monsterinsights_sitenote_active":false,"_monsterinsights_sitenote_note":"","_monsterinsights_sitenote_category":0,"footnotes":""},"class_list":["post-36394","page","type-page","status-publish","hentry"],"yoast_head":"<!-- This site is optimized with the Yoast SEO plugin v21.0 - https:\/\/yoast.com\/wordpress\/plugins\/seo\/ -->\n<title>Konsultacja akademicka manuskryptu - eCORRECTOR<\/title>\n<meta name=\"robots\" content=\"index, follow, max-snippet:-1, max-image-preview:large, max-video-preview:-1\" \/>\n<link rel=\"canonical\" href=\"https:\/\/ecorrector.com\/pl\/konsultacja-akademicka-manuskryptu\/\" \/>\n<meta property=\"og:locale\" content=\"pl_PL\" \/>\n<meta property=\"og:type\" content=\"article\" \/>\n<meta property=\"og:title\" content=\"Konsultacja akademicka manuskryptu - eCORRECTOR\" \/>\n<meta property=\"og:description\" content=\"[vc_row full_width=&#8221;stretch_row&#8221; css=&#8221;.vc_custom_1773833189109{margin-top: -30px !important;padding-bottom: 20px !important;background: #0c0c0c url(https:\/\/ecorrector.com\/wp-content\/uploads\/2026\/03\/3-1.jpg?id=36396) !important;background-position: center !important;background-repeat: no-repeat !important;background-size: cover !important;}&#8221;][vc_column][vc_row_inner][vc_column_inner][\/vc_column_inner][\/vc_row_inner][\/vc_column][\/vc_row][vc_row css=&#8221;.vc_custom_1773828601115{border-bottom-width: 10px !important;padding-top: 10px !important;}&#8221;][vc_column][vc_column_text] Co wyr\u00f3\u017cnia t\u0119 us\u0142ug\u0119? Najwa\u017cniejsz\u0105 warto\u015bci\u0105 tej us\u0142ugi jest to, \u017ce Twoim tekstem zajmuj\u0105 si\u0119 wy\u0142\u0105cznie badacze posiadaj\u0105cy stopie\u0144 doktora, zwi\u0105zani z renomowanymi o\u015brodkami akademickimi w Wielkiej Brytanii i Stanach Zjednoczonych. To oznacza, \u017ce otrzymujesz nie tylko og\u00f3lne uwagi redakcyjne, ale rzeteln\u0105, naukow\u0105 konsultacj\u0119 opart\u0105 na realnym do\u015bwiadczeniu badawczym i publikacyjnym. Nasi konsultanci patrz\u0105 na tekst z perspektywy akademickiej\" \/>\n<meta property=\"og:url\" content=\"https:\/\/ecorrector.com\/pl\/konsultacja-akademicka-manuskryptu\/\" \/>\n<meta property=\"og:site_name\" content=\"eCORRECTOR\" \/>\n<meta property=\"article:modified_time\" content=\"2026-03-20T10:22:18+00:00\" \/>\n<meta name=\"twitter:card\" content=\"summary_large_image\" \/>\n<meta name=\"twitter:label1\" content=\"Szacowany czas czytania\" \/>\n\t<meta name=\"twitter:data1\" content=\"3 minuty\" \/>\n<script type=\"application\/ld+json\" class=\"yoast-schema-graph\">{\"@context\":\"https:\/\/schema.org\",\"@graph\":[{\"@type\":\"WebPage\",\"@id\":\"https:\/\/ecorrector.com\/pl\/konsultacja-akademicka-manuskryptu\/\",\"url\":\"https:\/\/ecorrector.com\/pl\/konsultacja-akademicka-manuskryptu\/\",\"name\":\"Konsultacja akademicka manuskryptu - eCORRECTOR\",\"isPartOf\":{\"@id\":\"https:\/\/ecorrector.com\/#website\"},\"datePublished\":\"2026-03-18T13:08:33+00:00\",\"dateModified\":\"2026-03-20T10:22:18+00:00\",\"breadcrumb\":{\"@id\":\"https:\/\/ecorrector.com\/pl\/konsultacja-akademicka-manuskryptu\/#breadcrumb\"},\"inLanguage\":\"pl-PL\",\"potentialAction\":[{\"@type\":\"ReadAction\",\"target\":[\"https:\/\/ecorrector.com\/pl\/konsultacja-akademicka-manuskryptu\/\"]}]},{\"@type\":\"BreadcrumbList\",\"@id\":\"https:\/\/ecorrector.com\/pl\/konsultacja-akademicka-manuskryptu\/#breadcrumb\",\"itemListElement\":[{\"@type\":\"ListItem\",\"position\":1,\"name\":\"Home\",\"item\":\"https:\/\/ecorrector.com\/pl\/glowna\/\"},{\"@type\":\"ListItem\",\"position\":2,\"name\":\"Konsultacja akademicka manuskryptu\"}]},{\"@type\":\"WebSite\",\"@id\":\"https:\/\/ecorrector.com\/#website\",\"url\":\"https:\/\/ecorrector.com\/\",\"name\":\"eCORRECTOR\",\"description\":\"Korekty i T\u0142umaczenia Specjalistyczne\",\"potentialAction\":[{\"@type\":\"SearchAction\",\"target\":{\"@type\":\"EntryPoint\",\"urlTemplate\":\"https:\/\/ecorrector.com\/?s={search_term_string}\"},\"query-input\":\"required name=search_term_string\"}],\"inLanguage\":\"pl-PL\"}]}<\/script>\n<!-- \/ Yoast SEO plugin. -->","yoast_head_json":{"title":"Konsultacja akademicka manuskryptu - eCORRECTOR","robots":{"index":"index","follow":"follow","max-snippet":"max-snippet:-1","max-image-preview":"max-image-preview:large","max-video-preview":"max-video-preview:-1"},"canonical":"https:\/\/ecorrector.com\/pl\/konsultacja-akademicka-manuskryptu\/","og_locale":"pl_PL","og_type":"article","og_title":"Konsultacja akademicka manuskryptu - eCORRECTOR","og_description":"[vc_row full_width=&#8221;stretch_row&#8221; css=&#8221;.vc_custom_1773833189109{margin-top: -30px !important;padding-bottom: 20px !important;background: #0c0c0c url(https:\/\/ecorrector.com\/wp-content\/uploads\/2026\/03\/3-1.jpg?id=36396) !important;background-position: center !important;background-repeat: no-repeat !important;background-size: cover !important;}&#8221;][vc_column][vc_row_inner][vc_column_inner][\/vc_column_inner][\/vc_row_inner][\/vc_column][\/vc_row][vc_row css=&#8221;.vc_custom_1773828601115{border-bottom-width: 10px !important;padding-top: 10px !important;}&#8221;][vc_column][vc_column_text] Co wyr\u00f3\u017cnia t\u0119 us\u0142ug\u0119? Najwa\u017cniejsz\u0105 warto\u015bci\u0105 tej us\u0142ugi jest to, \u017ce Twoim tekstem zajmuj\u0105 si\u0119 wy\u0142\u0105cznie badacze posiadaj\u0105cy stopie\u0144 doktora, zwi\u0105zani z renomowanymi o\u015brodkami akademickimi w Wielkiej Brytanii i Stanach Zjednoczonych. To oznacza, \u017ce otrzymujesz nie tylko og\u00f3lne uwagi redakcyjne, ale rzeteln\u0105, naukow\u0105 konsultacj\u0119 opart\u0105 na realnym do\u015bwiadczeniu badawczym i publikacyjnym. Nasi konsultanci patrz\u0105 na tekst z perspektywy akademickiej","og_url":"https:\/\/ecorrector.com\/pl\/konsultacja-akademicka-manuskryptu\/","og_site_name":"eCORRECTOR","article_modified_time":"2026-03-20T10:22:18+00:00","twitter_card":"summary_large_image","twitter_misc":{"Szacowany czas czytania":"3 minuty"},"schema":{"@context":"https:\/\/schema.org","@graph":[{"@type":"WebPage","@id":"https:\/\/ecorrector.com\/pl\/konsultacja-akademicka-manuskryptu\/","url":"https:\/\/ecorrector.com\/pl\/konsultacja-akademicka-manuskryptu\/","name":"Konsultacja akademicka manuskryptu - eCORRECTOR","isPartOf":{"@id":"https:\/\/ecorrector.com\/#website"},"datePublished":"2026-03-18T13:08:33+00:00","dateModified":"2026-03-20T10:22:18+00:00","breadcrumb":{"@id":"https:\/\/ecorrector.com\/pl\/konsultacja-akademicka-manuskryptu\/#breadcrumb"},"inLanguage":"pl-PL","potentialAction":[{"@type":"ReadAction","target":["https:\/\/ecorrector.com\/pl\/konsultacja-akademicka-manuskryptu\/"]}]},{"@type":"BreadcrumbList","@id":"https:\/\/ecorrector.com\/pl\/konsultacja-akademicka-manuskryptu\/#breadcrumb","itemListElement":[{"@type":"ListItem","position":1,"name":"Home","item":"https:\/\/ecorrector.com\/pl\/glowna\/"},{"@type":"ListItem","position":2,"name":"Konsultacja akademicka manuskryptu"}]},{"@type":"WebSite","@id":"https:\/\/ecorrector.com\/#website","url":"https:\/\/ecorrector.com\/","name":"eCORRECTOR","description":"Korekty i T\u0142umaczenia Specjalistyczne","potentialAction":[{"@type":"SearchAction","target":{"@type":"EntryPoint","urlTemplate":"https:\/\/ecorrector.com\/?s={search_term_string}"},"query-input":"required name=search_term_string"}],"inLanguage":"pl-PL"}]}},"_links":{"self":[{"href":"https:\/\/ecorrector.com\/pl\/wp-json\/wp\/v2\/pages\/36394","targetHints":{"allow":["GET"]}}],"collection":[{"href":"https:\/\/ecorrector.com\/pl\/wp-json\/wp\/v2\/pages"}],"about":[{"href":"https:\/\/ecorrector.com\/pl\/wp-json\/wp\/v2\/types\/page"}],"author":[{"embeddable":true,"href":"https:\/\/ecorrector.com\/pl\/wp-json\/wp\/v2\/users\/11"}],"replies":[{"embeddable":true,"href":"https:\/\/ecorrector.com\/pl\/wp-json\/wp\/v2\/comments?post=36394"}],"version-history":[{"count":4,"href":"https:\/\/ecorrector.com\/pl\/wp-json\/wp\/v2\/pages\/36394\/revisions"}],"predecessor-version":[{"id":36463,"href":"https:\/\/ecorrector.com\/pl\/wp-json\/wp\/v2\/pages\/36394\/revisions\/36463"}],"wp:attachment":[{"href":"https:\/\/ecorrector.com\/pl\/wp-json\/wp\/v2\/media?parent=36394"}],"curies":[{"name":"wp","href":"https:\/\/api.w.org\/{rel}","templated":true}]}}