{"id":36408,"date":"2026-03-18T16:47:52","date_gmt":"2026-03-18T15:47:52","guid":{"rendered":"https:\/\/ecorrector.com\/?page_id=36408"},"modified":"2026-03-18T16:54:36","modified_gmt":"2026-03-18T15:54:36","slug":"zlozenie-artykulu-do-czasopisma","status":"publish","type":"page","link":"https:\/\/ecorrector.com\/pl\/zlozenie-artykulu-do-czasopisma\/","title":{"rendered":"Z\u0142o\u017cenie artyku\u0142u do czasopisma"},"content":{"rendered":"[vc_row full_width=&#8221;stretch_row&#8221; css=&#8221;.vc_custom_1773847074146{margin-top: -60px !important;padding-bottom: 20px !important;background: #0c0c0c url(https:\/\/ecorrector.com\/wp-content\/uploads\/2026\/03\/journal4-1.png?id=36345) !important;background-position: center !important;background-repeat: no-repeat !important;background-size: cover !important;}&#8221;][vc_column][vc_row_inner][vc_column_inner]\t\t<style type=\"text\/css\">\r\n\t\t    #content-block-background-1219 { background-image: url(); background-position: center center; background-repeat: no-repeat; background-color: ; background-attachment: fixed; background-size: cover; }\r\n\t\t    #content-block-body-1219 { padding: ; color: #ffffff; }\r\n\t\t    .content-block-body { margin-left: auto; margin-right: auto; position: relative; }\r\n\t\t<\/style>\r\n\t\t\t\t\t<style type=\"text\/css\">\r\n\t\t\t\t#wrapper-1 { overflow-x: hidden; }\r\n\t\t\t\t#content-block-background-1219 { margin: 0 -10000px; padding: 0 10000px; }\r\n\t\t\t<\/style>\r\n\t\t\r\n\t\t\r\n\t\t<div class=\"clear\"><\/div>\r\n\t\t<div id=\"content-block-background-1219\" class=\"content-block-background \">\r\n\t\t\t<div id=\"content-block-body-1219\" class=\"content-block-body\">\r\n\t\t\t\t<div class=\"clear\"><\/div>\r\n\t\t\t\t\n<div id=\"responsive\" style=\"text-align: center\">\n<h2><\/h2>\n<h2 style=\"margin-bottom: 15px;margin-top: -15px;color: #ffffff;font-size: 30px\"><span style=\"color: #1e90ff\">Z\u0142o\u017cenie artyku\u0142u do czasopisma \u2013 bez stresu, bez b\u0142\u0119d\u00f3w<\/span><\/h2>\n<h5><\/h5>\n<h5 style=\"margin-bottom: 10px;font-size: 16px;color: #ffffff;line-height: 1.7\">Publikacja naukowa to kluczowy krok w karierze badacza \u2013 ale sam proces zg\u0142oszenia artyku\u0142u potrafi by\u0107 czasoch\u0142onny, skomplikowany i pe\u0142en pu\u0142apek formalnych.<\/h5>\n<h5 style=\"margin-bottom: 10px;font-size: 16px;color: #ffffff;line-height: 1.7\">Dlatego w eCORRECTOR stworzyli\u015bmy us\u0142ug\u0119<span style=\"color: #1e90ff\"> kompleksowej submisji artyku\u0142u do czasopisma<\/span>, kt\u00f3ra przeprowadzi Ci\u0119 przez ca\u0142y proces \u2013 szybko, poprawnie i bez frustracji.<\/h5>\n<h5 style=\"margin-bottom: 10px;font-size: 16px;color: #ffffff;line-height: 1.7\">Zamiast traci\u0107 godziny na formularze i wymagania techniczne, mo\u017cesz skupi\u0107 si\u0119 na tym, co najwa\u017cniejsze: Twoich badaniach.<\/h5>\n<\/div>\n\t\t\t\t<div class=\"clear\"><\/div>\r\n\t\t\t<\/div>\r\n\t\t<\/div>\r\n\t\t<div class=\"clear\"><\/div>\r\n\t[\/vc_column_inner][\/vc_row_inner][\/vc_column][\/vc_row][vc_row css=&#8221;.vc_custom_1773828601115{border-bottom-width: 10px !important;padding-top: 10px !important;}&#8221;][vc_column][vc_column_text]\n<div id=\"more-features\"><\/div>\n<div style=\"text-align: center\">\n<h4><span style=\"font-size: 30px;color: #1e90ff\">Co wyr\u00f3\u017cnia t\u0119 us\u0142ug\u0119?<\/span><\/h4>\n<p><span style=\"font-size: 19px;color: #444444;text-align: center\"><br \/>\nTo nie tylko pomoc w wys\u0142aniu artyku\u0142u \u2013 to kompleksowe towarzyszenie na ka\u017cdym etapie submisji, od pierwszego kontaktu z czasopismem po ostateczne przes\u0142anie gotowego manuskryptu. Nasz zesp\u00f3\u0142 dok\u0142adnie analizuje wymagania konkretnej redakcji, uwzgl\u0119dniaj\u0105c format, styl, struktur\u0119, wymogi techniczne i nawet subtelne oczekiwania redaktor\u00f3w \u2013 wszystko, co mo\u017ce wp\u0142yn\u0105\u0107 na pierwsze wra\u017cenie i szybko\u015b\u0107 rozpatrzenia zg\u0142oszenia. <\/span><\/p>\n<p><span style=\"font-size: 19px;color: #444444;text-align: center\"><br \/>\nDzi\u0119ki temu unikasz typowych pu\u0142apek, kt\u00f3re cz\u0119sto prowadz\u0105 do odrzucenia lub d\u0142ugich poprawek, a Tw\u00f3j artyku\u0142 trafia do redakcji w idealnym stanie \u2013 profesjonalnym, zgodnym z normami i gotowym do recenzji.<\/span><\/p>\n<p><span style=\"font-size: 19px;color: #444444;text-align: center\"><br \/>\nTo nie tylko oszcz\u0119dno\u015b\u0107 czasu, ale przede wszystkim spok\u00f3j umys\u0142u: wiesz, \u017ce wszystko zosta\u0142o zrobione poprawnie, a Ty mo\u017cesz skupi\u0107 si\u0119 na tym, co najwa\u017cniejsze \u2013 na swoich badaniach.<\/span><\/p>\n<\/div>\n[\/vc_column_text][\/vc_column][\/vc_row][vc_row full_width=&#8221;stretch_row&#8221; css=&#8221;.vc_custom_1773829225206{background-image: url(https:\/\/ecorrector.com\/wp-content\/uploads\/2026\/03\/journal5-1.png?id=36366) !important;background-position: center !important;background-repeat: no-repeat !important;background-size: cover !important;}&#8221;][vc_column][vc_column_text]\n<h4 style=\"margin-bottom: 25px\"><span style=\"font-size: 30px;color: #ffffff;line-height: 1.1;font-weight: bold\">Co zyskujesz z nasz\u0105 us\u0142ug\u0105?<\/span><\/h4>\n[\/vc_column_text][vc_column_text]<span style=\"font-size: 20px;color: #ffffff\"><i class=\"fa fa-arrow-circle-right\" style=\"color: #1e90ff;font-size: 1em\"><\/i> pe\u0142ne wsparcie w procesie submission<br \/>\n<\/span><\/p>\n<p><span style=\"font-size: 20px;color: #ffffff\"><i class=\"fa fa-arrow-circle-right\" style=\"color: #1e90ff;font-size: 1em\"><\/i> zgodno\u015b\u0107 z wymaganiami konkretnego czasopisma<br \/>\n<\/span><\/p>\n<p><span style=\"font-size: 20px;color: #ffffff\"><i class=\"fa fa-arrow-circle-right\" style=\"color: #1e90ff;font-size: 1em\"><\/i> oszcz\u0119dno\u015b\u0107 czasu i eliminacj\u0119 b\u0142\u0119d\u00f3w formalnych<br \/>\n<\/span><\/p>\n<p><span style=\"font-size: 20px;color: #ffffff\"><i class=\"fa fa-arrow-circle-right\" style=\"color: #1e90ff;font-size: 1em\"><\/i> wi\u0119ksz\u0105 szans\u0119 na sprawne przej\u015bcie procesu redakcyjnego<br \/>\n<\/span><\/p>\n<p><span style=\"font-size: 20px;color: #ffffff\"> Nasz zesp\u00f3\u0142 doskonale zna wymagania mi\u0119dzynarodowych czasopism i wie, jak unikn\u0105\u0107 najcz\u0119stszych problem\u00f3w w procesie zg\u0142oszenia.<br \/>\n<\/span><\/p>\n[\/vc_column_text][\/vc_column][\/vc_row][vc_row][vc_column][vc_column_text]\n<h2><strong>Jak wygl\u0105da proces wsp\u00f3\u0142pracy?<\/strong><\/h2>\n[\/vc_column_text][vc_tta_tabs color=&#8221;sky&#8221; active_section=&#8221;1&#8243; no_fill_content_area=&#8221;true&#8221;][vc_tta_section title=&#8221;Krok 1. Wymiana informacji&#8221; tab_id=&#8221;1773829305489-edf2dd77-dc3b&#8221;][vc_column_text]<span style=\"font-size: 19px;color: #444444;text-align: center\">Przesy\u0142asz nam:<\/span><\/p>\n<ul>\n<li>manuskrypt (gotowy do submisji)<\/li>\n<li>informacje o planowanym czasopi\u015bmie<\/li>\n<li>ewentualne dodatkowe informacje (np. sugerowani recenzenci)<\/li>\n<\/ul>\n<p><span style=\"font-size: 19px;color: #444444;text-align: center\">Na tej podstawie analizujemy wymagania konkretnego periodyku.<\/span><br \/>\n[\/vc_column_text][\/vc_tta_section][vc_tta_section title=&#8221;Krok 2. Analiza&#8221; tab_id=&#8221;1773829305506-1b0228fc-7fda&#8221;][vc_column_text]<span style=\"font-size: 19px;color: #444444;text-align: center\">Ka\u017cde czasopismo ma w\u0142asne zasady \u2013 cz\u0119sto bardzo szczeg\u00f3\u0142owe. Sprawdzamy m.in.:<\/span><br \/>\n\u2022 wymagane pliki i ich struktur\u0119<br \/>\n\u2022 metadane (autorzy, afiliacje, abstrakt itd.)<br \/>\n\u2022 dodatkowe dokumenty (cover letter, highlights, declarations)<\/p>\n<p><span style=\"font-size: 19px;color: #444444;text-align: center\">Je\u015bli czego\u015b brakuje \u2013 dok\u0142adnie informujemy, co nale\u017cy uzupe\u0142ni\u0107.<\/span><br \/>\n[\/vc_column_text][\/vc_tta_section][vc_tta_section title=&#8221;Krok 3. Weryfikacja&#8221; tab_id=&#8221;1773829407214-0518d946-f1b4&#8243;][vc_column_text]<span style=\"font-size: 19px;color: #444444;text-align: center\">Upewniamy si\u0119, \u017ce:<\/span><\/p>\n<ul>\n<li>wszystkie pliki s\u0105 gotowe do przes\u0142ania<\/li>\n<li>dane s\u0105 sp\u00f3jne i poprawne<\/li>\n<li>nic nie zostanie odrzucone na etapie formalnym<\/li>\n<\/ul>\n<p><em>(Zak\u0142adamy, \u017ce tekst jest ju\u017c poprawnie sformatowany \u2013 je\u015bli nie, mo\u017cemy pom\u00f3c w ramach osobnej us\u0142ugi.)<\/em>[\/vc_column_text][\/vc_tta_section][vc_tta_section title=&#8221;Krok 4. Zg\u0142oszenie&#8221; tab_id=&#8221;1773829408212-98dbd146-84ed&#8221;][vc_column_text]<span style=\"font-size: 19px;color: #444444;text-align: center\">Tworzymy i konfigurujemy zg\u0142oszenie w systemie wybranego czasopisma:<\/span><\/p>\n<ul>\n<li>wprowadzamy dane autor\u00f3w<\/li>\n<li>uzupe\u0142niamy wymagane pola<\/li>\n<li>przygotowujemy struktur\u0119 submission<\/li>\n<\/ul>\n[\/vc_column_text][\/vc_tta_section][vc_tta_section title=&#8221;Krok 5. Submisja&#8221; tab_id=&#8221;1773829408997-1f25f7b5-e881&#8243;][vc_column_text]<span style=\"font-size: 19px;color: #444444;text-align: center\">Po Twojej akceptacji:<\/span><\/p>\n<ul>\n<li>przesy\u0142amy komplet materia\u0142\u00f3w do czasopisma<\/li>\n<li>upewniamy si\u0119, \u017ce zg\u0142oszenie zosta\u0142o poprawnie zarejestrowane<\/li>\n<\/ul>\n[\/vc_column_text][\/vc_tta_section][vc_tta_section title=&#8221;Krok 6. Wsparcie po submisji&#8221; tab_id=&#8221;1773848438876-b32ab111-06b4&#8243;][vc_column_text]<span style=\"font-size: 19px;color: #444444;text-align: center\">Otrzymujesz:<\/span><\/p>\n<ul>\n<li>potwierdzenie submission<\/li>\n<li>podsumowanie zg\u0142oszenia<\/li>\n<\/ul>\n<p><span style=\"font-size: 19px;color: #444444;text-align: center\">W razie potrzeby wspieramy Ci\u0119 tak\u017ce w dalszych krokach jak odpowied\u017a na recenzj\u0119.<\/span>[\/vc_column_text][\/vc_tta_section][\/vc_tta_tabs][\/vc_column][\/vc_row][vc_row full_width=&#8221;stretch_row&#8221; css=&#8221;.vc_custom_1773829634498{background: rgba(30,144,255,0.19) url(https:\/\/ecorrector.com\/wp-content\/uploads\/2026\/03\/journal2-1.png?id=36376) !important;background-position: center !important;background-repeat: no-repeat !important;background-size: cover !important;*background-color: rgb(30,144,255) !important;}&#8221;][vc_column][vc_column_text]\n<h4 style=\"margin-bottom: 25px;text-align: center\"><span style=\"font-size: 30px;color: #ffffff;;line-height: 1.1;font-weight: bold\">Skup si\u0119 na badaniach \u2013 reszt\u0105 zajmiemy si\u0119 my<\/span><\/h4>\n<p style=\"text-align: center\"><span style=\"font-size: 20px;color: #ffffff;line-height: 1.1;font-weight: bold\">Proces sk\u0142adania artyku\u0142u do druku nie musi by\u0107 frustruj\u0105cy. Z nami masz pewno\u015b\u0107, \u017ce wszystko zostanie wykonane dok\u0142adnie, zgodnie z wymaganiami i na czas.<\/span><\/p>\n<p style=\"text-align: center\"><span style=\"font-size: 20px;color: #ffffff;line-height: 1.1;font-weight: bold\">Skontaktuj si\u0119 z nami i prze\u015blij sw\u00f3j manuskrypt \u2013 zajmiemy si\u0119 reszt\u0105.<br \/>\n<\/span><\/p>\n[\/vc_column_text][\/vc_column][\/vc_row][vc_row][vc_column][vc_column_text]\n<p style=\"text-align: center\"><span style=\"font-size: 30px;color: #1e90ff;line-height: 1.1;font-weight: bold\">Dla kogo jest ta us\u0142uga?<\/span><\/p>\n<p style=\"text-align: center\"><span style=\"font-size: 20px;line-height: 1.1;font-weight: bold\"><i class=\"fa fa-check-circle-o\"><\/i>\u00a0 dla naukowc\u00f3w publikuj\u0105cych w mi\u0119dzynarodowych czasopismach<\/span><\/p>\n<p style=\"text-align: center\"><span style=\"font-size: 20px;line-height: 1.1;font-weight: bold\"><i class=\"fa fa-check-circle-o\"><\/i>\u00a0 dla os\u00f3b, kt\u00f3re chc\u0105 unikn\u0105\u0107 b\u0142\u0119d\u00f3w formalnych<\/span><\/p>\n<p style=\"text-align: center\"><span style=\"font-size: 20px;line-height: 1.1;font-weight: bold\"><i class=\"fa fa-check-circle-o\"><\/i>\u00a0 dla zespo\u0142\u00f3w badawczych pracuj\u0105cych pod presj\u0105 czasu<\/span><\/p>\n<p style=\"text-align: center\"><span style=\"font-size: 20px;line-height: 1.1;font-weight: bold\"><i class=\"fa fa-check-circle-o\"><\/i>\u00a0 dla wszystkich, kt\u00f3rzy chc\u0105 upro\u015bci\u0107 proces publikacji<\/span><\/p>\n[\/vc_column_text][\/vc_column][\/vc_row][vc_row][vc_column]\t\t<style type=\"text\/css\">\r\n\t\t    #content-block-background-1206 { background-image: url(https:\/\/ecorrector.com\/wp-content\/uploads\/2026\/03\/journal1-1.jpg); background-position: center bottom; background-repeat: no-repeat; background-color: #1a2632; background-attachment: fixed; background-size: cover; }\r\n\t\t    #content-block-body-1206 { padding: 80px 0; color: #ffffff; }\r\n\t\t    .content-block-body { margin-left: auto; margin-right: auto; position: relative; }\r\n\t\t<\/style>\r\n\t\t\t\t\t<style type=\"text\/css\">\r\n\t\t\t\t#wrapper-1 { overflow-x: hidden; }\r\n\t\t\t\t#content-block-background-1206 { margin: 0 -10000px; padding: 0 10000px; }\r\n\t\t\t<\/style>\r\n\t\t\r\n\t\t\r\n\t\t<div class=\"clear\"><\/div>\r\n\t\t<div id=\"content-block-background-1206\" class=\"content-block-background \">\r\n\t\t\t<div id=\"content-block-body-1206\" class=\"content-block-body\">\r\n\t\t\t\t<div class=\"clear\"><\/div>\r\n\t\t\t\t\n<div style=\"text-align: center\">\n<h4 style=\"margin-bottom: 20px\"><span style=\"font-size: 30px;color: #ffffff\">B\u0105d\u017amy w kontakcie<\/span><\/h4>\n<h4 style=\"margin-bottom: 20px\"><span style=\"font-size: 22px;color: #ffffff\">Je\u015bli chcesz <span style=\"color: #1e90ff\">by\u0107 na bie\u017c\u0105co <\/span> z najnowszymi przewodnikami eCORRECTOR i naj\u015bwie\u017cszymi materia\u0142ami, zostaw nam sw\u00f3j adres e-mail.<\/span><\/h4>\n<\/div>\n<div style=\"text-align: center;margin-top: 20px\"><a href=\"http:\/\/ecorrector.com\/pl\/newsletter\/\"><span style=\"font-size: 16px;font-style: italic\">Subskrybuj tutaj<\/span><\/a><\/div>\n\t\t\t\t<div class=\"clear\"><\/div>\r\n\t\t\t<\/div>\r\n\t\t<\/div>\r\n\t\t<div class=\"clear\"><\/div>\r\n\t[\/vc_column][\/vc_row][vc_row full_width=&#8221;stretch_row&#8221; css=&#8221;.vc_custom_1548710124000{margin-bottom: -20px !important;}&#8221;][vc_column]\t\t<style type=\"text\/css\">\r\n\t\t    #content-block-background-1269 { background-image: url(); background-position: center top; background-repeat: no-repeat; background-color: #fd7800; background-attachment: fixed; background-size: auto; }\r\n\t\t    #content-block-body-1269 { padding: 40px 0; color: #ffffff; }\r\n\t\t    .content-block-body { margin-left: auto; margin-right: auto; position: relative; }\r\n\t\t<\/style>\r\n\t\t\t\t\t<style type=\"text\/css\">\r\n\t\t\t\t#wrapper-1 { overflow-x: hidden; }\r\n\t\t\t\t#content-block-background-1269 { margin: 0 -10000px; padding: 0 10000px; }\r\n\t\t\t<\/style>\r\n\t\t\r\n\t\t\r\n\t\t<div class=\"clear\"><\/div>\r\n\t\t<div id=\"content-block-background-1269\" class=\"content-block-background \">\r\n\t\t\t<div id=\"content-block-body-1269\" class=\"content-block-body\">\r\n\t\t\t\t<div class=\"clear\"><\/div>\r\n\t\t\t\t\n<h3 style=\"float: left;margin: 10px 0;font-size: 20px !important;color: #fff\">Wy\u015blij tekst do darmowej wyceny<\/h3>\n<a class=\"flat-custom-button align-btn-right\" href=\"https:\/\/ecorrector.com\/pl\/wyslij-tekst-do-darmowej-wyceny\/\" title=\"Wy\u015blij tekst do darmowej wyceny\" target=\"_blank\"><span style=\"padding:15px 20px; background-color:transparent; border:2px solid #FFFFFF; color:#FFFFFF; font-size:14px;\">Wy\u015blij tekst do darmowej wyceny<\/span><\/a>\t\t\t\t<div class=\"clear\"><\/div>\r\n\t\t\t<\/div>\r\n\t\t<\/div>\r\n\t\t<div class=\"clear\"><\/div>\r\n\t[\/vc_column][\/vc_row]\n","protected":false},"excerpt":{"rendered":"<p>[vc_row full_width=&#8221;stretch_row&#8221; css=&#8221;.vc_custom_1773847074146{margin-top: -60px !important;padding-bottom: 20px !important;background: #0c0c0c url(https:\/\/ecorrector.com\/wp-content\/uploads\/2026\/03\/journal4-1.png?id=36345) !important;background-position: center !important;background-repeat: no-repeat !important;background-size: cover !important;}&#8221;][vc_column][vc_row_inner][vc_column_inner][\/vc_column_inner][\/vc_row_inner][\/vc_column][\/vc_row][vc_row css=&#8221;.vc_custom_1773828601115{border-bottom-width: 10px !important;padding-top: 10px !important;}&#8221;][vc_column][vc_column_text] Co wyr\u00f3\u017cnia t\u0119 us\u0142ug\u0119? To nie tylko pomoc w wys\u0142aniu artyku\u0142u \u2013 to kompleksowe towarzyszenie na ka\u017cdym etapie submisji, od pierwszego kontaktu z czasopismem po ostateczne przes\u0142anie gotowego manuskryptu. Nasz zesp\u00f3\u0142 dok\u0142adnie analizuje wymagania konkretnej redakcji, uwzgl\u0119dniaj\u0105c format, styl, struktur\u0119, wymogi techniczne i nawet subtelne oczekiwania redaktor\u00f3w \u2013 wszystko, co mo\u017ce wp\u0142yn\u0105\u0107 na pierwsze wra\u017cenie i szybko\u015b\u0107 rozpatrzenia zg\u0142oszenia.<\/p>\n","protected":false},"author":11,"featured_media":0,"parent":0,"menu_order":0,"comment_status":"closed","ping_status":"closed","template":"page-FullWidth.php","meta":{"_monsterinsights_skip_tracking":false,"_monsterinsights_sitenote_active":false,"_monsterinsights_sitenote_note":"","_monsterinsights_sitenote_category":0,"footnotes":""},"class_list":["post-36408","page","type-page","status-publish","hentry"],"yoast_head":"<!-- This site is optimized with the Yoast SEO plugin v21.0 - https:\/\/yoast.com\/wordpress\/plugins\/seo\/ -->\n<title>Z\u0142o\u017cenie artyku\u0142u do czasopisma - eCORRECTOR<\/title>\n<meta name=\"robots\" content=\"index, follow, max-snippet:-1, max-image-preview:large, max-video-preview:-1\" \/>\n<link rel=\"canonical\" href=\"https:\/\/ecorrector.com\/pl\/zlozenie-artykulu-do-czasopisma\/\" \/>\n<meta property=\"og:locale\" content=\"pl_PL\" \/>\n<meta property=\"og:type\" content=\"article\" \/>\n<meta property=\"og:title\" content=\"Z\u0142o\u017cenie artyku\u0142u do czasopisma - eCORRECTOR\" \/>\n<meta property=\"og:description\" content=\"[vc_row full_width=&#8221;stretch_row&#8221; css=&#8221;.vc_custom_1773847074146{margin-top: -60px !important;padding-bottom: 20px !important;background: #0c0c0c url(https:\/\/ecorrector.com\/wp-content\/uploads\/2026\/03\/journal4-1.png?id=36345) !important;background-position: center !important;background-repeat: no-repeat !important;background-size: cover !important;}&#8221;][vc_column][vc_row_inner][vc_column_inner][\/vc_column_inner][\/vc_row_inner][\/vc_column][\/vc_row][vc_row css=&#8221;.vc_custom_1773828601115{border-bottom-width: 10px !important;padding-top: 10px !important;}&#8221;][vc_column][vc_column_text] Co wyr\u00f3\u017cnia t\u0119 us\u0142ug\u0119? To nie tylko pomoc w wys\u0142aniu artyku\u0142u \u2013 to kompleksowe towarzyszenie na ka\u017cdym etapie submisji, od pierwszego kontaktu z czasopismem po ostateczne przes\u0142anie gotowego manuskryptu. Nasz zesp\u00f3\u0142 dok\u0142adnie analizuje wymagania konkretnej redakcji, uwzgl\u0119dniaj\u0105c format, styl, struktur\u0119, wymogi techniczne i nawet subtelne oczekiwania redaktor\u00f3w \u2013 wszystko, co mo\u017ce wp\u0142yn\u0105\u0107 na pierwsze wra\u017cenie i szybko\u015b\u0107 rozpatrzenia zg\u0142oszenia.\" \/>\n<meta property=\"og:url\" content=\"https:\/\/ecorrector.com\/pl\/zlozenie-artykulu-do-czasopisma\/\" \/>\n<meta property=\"og:site_name\" content=\"eCORRECTOR\" \/>\n<meta property=\"article:modified_time\" content=\"2026-03-18T15:54:36+00:00\" \/>\n<meta name=\"twitter:card\" content=\"summary_large_image\" \/>\n<meta name=\"twitter:label1\" content=\"Szacowany czas czytania\" \/>\n\t<meta name=\"twitter:data1\" content=\"3 minuty\" \/>\n<script type=\"application\/ld+json\" class=\"yoast-schema-graph\">{\"@context\":\"https:\/\/schema.org\",\"@graph\":[{\"@type\":\"WebPage\",\"@id\":\"https:\/\/ecorrector.com\/pl\/zlozenie-artykulu-do-czasopisma\/\",\"url\":\"https:\/\/ecorrector.com\/pl\/zlozenie-artykulu-do-czasopisma\/\",\"name\":\"Z\u0142o\u017cenie artyku\u0142u do czasopisma - eCORRECTOR\",\"isPartOf\":{\"@id\":\"https:\/\/ecorrector.com\/#website\"},\"datePublished\":\"2026-03-18T15:47:52+00:00\",\"dateModified\":\"2026-03-18T15:54:36+00:00\",\"breadcrumb\":{\"@id\":\"https:\/\/ecorrector.com\/pl\/zlozenie-artykulu-do-czasopisma\/#breadcrumb\"},\"inLanguage\":\"pl-PL\",\"potentialAction\":[{\"@type\":\"ReadAction\",\"target\":[\"https:\/\/ecorrector.com\/pl\/zlozenie-artykulu-do-czasopisma\/\"]}]},{\"@type\":\"BreadcrumbList\",\"@id\":\"https:\/\/ecorrector.com\/pl\/zlozenie-artykulu-do-czasopisma\/#breadcrumb\",\"itemListElement\":[{\"@type\":\"ListItem\",\"position\":1,\"name\":\"Home\",\"item\":\"https:\/\/ecorrector.com\/pl\/glowna\/\"},{\"@type\":\"ListItem\",\"position\":2,\"name\":\"Z\u0142o\u017cenie artyku\u0142u do czasopisma\"}]},{\"@type\":\"WebSite\",\"@id\":\"https:\/\/ecorrector.com\/#website\",\"url\":\"https:\/\/ecorrector.com\/\",\"name\":\"eCORRECTOR\",\"description\":\"Korekty i T\u0142umaczenia Specjalistyczne\",\"potentialAction\":[{\"@type\":\"SearchAction\",\"target\":{\"@type\":\"EntryPoint\",\"urlTemplate\":\"https:\/\/ecorrector.com\/?s={search_term_string}\"},\"query-input\":\"required name=search_term_string\"}],\"inLanguage\":\"pl-PL\"}]}<\/script>\n<!-- \/ Yoast SEO plugin. -->","yoast_head_json":{"title":"Z\u0142o\u017cenie artyku\u0142u do czasopisma - eCORRECTOR","robots":{"index":"index","follow":"follow","max-snippet":"max-snippet:-1","max-image-preview":"max-image-preview:large","max-video-preview":"max-video-preview:-1"},"canonical":"https:\/\/ecorrector.com\/pl\/zlozenie-artykulu-do-czasopisma\/","og_locale":"pl_PL","og_type":"article","og_title":"Z\u0142o\u017cenie artyku\u0142u do czasopisma - eCORRECTOR","og_description":"[vc_row full_width=&#8221;stretch_row&#8221; css=&#8221;.vc_custom_1773847074146{margin-top: -60px !important;padding-bottom: 20px !important;background: #0c0c0c url(https:\/\/ecorrector.com\/wp-content\/uploads\/2026\/03\/journal4-1.png?id=36345) !important;background-position: center !important;background-repeat: no-repeat !important;background-size: cover !important;}&#8221;][vc_column][vc_row_inner][vc_column_inner][\/vc_column_inner][\/vc_row_inner][\/vc_column][\/vc_row][vc_row css=&#8221;.vc_custom_1773828601115{border-bottom-width: 10px !important;padding-top: 10px !important;}&#8221;][vc_column][vc_column_text] Co wyr\u00f3\u017cnia t\u0119 us\u0142ug\u0119? To nie tylko pomoc w wys\u0142aniu artyku\u0142u \u2013 to kompleksowe towarzyszenie na ka\u017cdym etapie submisji, od pierwszego kontaktu z czasopismem po ostateczne przes\u0142anie gotowego manuskryptu. Nasz zesp\u00f3\u0142 dok\u0142adnie analizuje wymagania konkretnej redakcji, uwzgl\u0119dniaj\u0105c format, styl, struktur\u0119, wymogi techniczne i nawet subtelne oczekiwania redaktor\u00f3w \u2013 wszystko, co mo\u017ce wp\u0142yn\u0105\u0107 na pierwsze wra\u017cenie i szybko\u015b\u0107 rozpatrzenia zg\u0142oszenia.","og_url":"https:\/\/ecorrector.com\/pl\/zlozenie-artykulu-do-czasopisma\/","og_site_name":"eCORRECTOR","article_modified_time":"2026-03-18T15:54:36+00:00","twitter_card":"summary_large_image","twitter_misc":{"Szacowany czas czytania":"3 minuty"},"schema":{"@context":"https:\/\/schema.org","@graph":[{"@type":"WebPage","@id":"https:\/\/ecorrector.com\/pl\/zlozenie-artykulu-do-czasopisma\/","url":"https:\/\/ecorrector.com\/pl\/zlozenie-artykulu-do-czasopisma\/","name":"Z\u0142o\u017cenie artyku\u0142u do czasopisma - eCORRECTOR","isPartOf":{"@id":"https:\/\/ecorrector.com\/#website"},"datePublished":"2026-03-18T15:47:52+00:00","dateModified":"2026-03-18T15:54:36+00:00","breadcrumb":{"@id":"https:\/\/ecorrector.com\/pl\/zlozenie-artykulu-do-czasopisma\/#breadcrumb"},"inLanguage":"pl-PL","potentialAction":[{"@type":"ReadAction","target":["https:\/\/ecorrector.com\/pl\/zlozenie-artykulu-do-czasopisma\/"]}]},{"@type":"BreadcrumbList","@id":"https:\/\/ecorrector.com\/pl\/zlozenie-artykulu-do-czasopisma\/#breadcrumb","itemListElement":[{"@type":"ListItem","position":1,"name":"Home","item":"https:\/\/ecorrector.com\/pl\/glowna\/"},{"@type":"ListItem","position":2,"name":"Z\u0142o\u017cenie artyku\u0142u do czasopisma"}]},{"@type":"WebSite","@id":"https:\/\/ecorrector.com\/#website","url":"https:\/\/ecorrector.com\/","name":"eCORRECTOR","description":"Korekty i T\u0142umaczenia Specjalistyczne","potentialAction":[{"@type":"SearchAction","target":{"@type":"EntryPoint","urlTemplate":"https:\/\/ecorrector.com\/?s={search_term_string}"},"query-input":"required name=search_term_string"}],"inLanguage":"pl-PL"}]}},"_links":{"self":[{"href":"https:\/\/ecorrector.com\/pl\/wp-json\/wp\/v2\/pages\/36408","targetHints":{"allow":["GET"]}}],"collection":[{"href":"https:\/\/ecorrector.com\/pl\/wp-json\/wp\/v2\/pages"}],"about":[{"href":"https:\/\/ecorrector.com\/pl\/wp-json\/wp\/v2\/types\/page"}],"author":[{"embeddable":true,"href":"https:\/\/ecorrector.com\/pl\/wp-json\/wp\/v2\/users\/11"}],"replies":[{"embeddable":true,"href":"https:\/\/ecorrector.com\/pl\/wp-json\/wp\/v2\/comments?post=36408"}],"version-history":[{"count":10,"href":"https:\/\/ecorrector.com\/pl\/wp-json\/wp\/v2\/pages\/36408\/revisions"}],"predecessor-version":[{"id":36418,"href":"https:\/\/ecorrector.com\/pl\/wp-json\/wp\/v2\/pages\/36408\/revisions\/36418"}],"wp:attachment":[{"href":"https:\/\/ecorrector.com\/pl\/wp-json\/wp\/v2\/media?parent=36408"}],"curies":[{"name":"wp","href":"https:\/\/api.w.org\/{rel}","templated":true}]}}