{"id":39,"date":"2015-10-16T09:51:35","date_gmt":"2015-10-16T07:51:35","guid":{"rendered":"http:\/\/ecorrector.com\/?page_id=39"},"modified":"2023-11-07T14:22:47","modified_gmt":"2023-11-07T13:22:47","slug":"profesjonalne-tlumaczenia","status":"publish","type":"page","link":"https:\/\/ecorrector.com\/pl\/profesjonalne-tlumaczenia\/","title":{"rendered":"Nasz zesp\u00f3\u0142 zapewnia profesjonalne t\u0142umaczenia"},"content":{"rendered":"[vc_row css=&#8221;.vc_custom_1554068287725{margin-top: -30px !important;}&#8221;][vc_column]\t\t<style type=\"text\/css\">\r\n\t\t    #content-block-background-1061 { background-image: url(https:\/\/ecorrector.com\/wp-content\/uploads\/2019\/01\/dark-background-blue.png); background-position: center center; background-repeat: no-repeat; background-color: #050505; background-attachment: fixed; background-size: cover; }\r\n\t\t    #content-block-body-1061 { padding: 50px 0 50px; color: #ffffff; }\r\n\t\t    .content-block-body { margin-left: auto; margin-right: auto; position: relative; }\r\n\t\t<\/style>\r\n\t\t\t\t\t<style type=\"text\/css\">\r\n\t\t\t\t#wrapper-1 { overflow-x: hidden; }\r\n\t\t\t\t#content-block-background-1061 { margin: 0 -10000px; padding: 0 10000px; }\r\n\t\t\t<\/style>\r\n\t\t\r\n\t\t\r\n\t\t<div class=\"clear\"><\/div>\r\n\t\t<div id=\"content-block-background-1061\" class=\"content-block-background \">\r\n\t\t\t<div id=\"content-block-body-1061\" class=\"content-block-body\">\r\n\t\t\t\t<div class=\"clear\"><\/div>\r\n\t\t\t\t\n<div id=\"responsive\" style=\"text-align: center;\">\n<h1 style=\"text-align: center; color: #ffffff; margin-top: 15px; margin-bottom: 15px;\">Nasz Zesp\u00f3\u0142<\/h1>\n<h5 style=\"margin-top: 40px; margin-bottom: 10px; font-size: 20px; color: #ffffff; line-height: 1.7; text-align: center;\">Nasz zesp\u00f3\u0142 obejmuj\u0105cy ponad<a href=\"http:\/\/ecorrector.com\/pl\/nasi-native-speakerzy\/\"><span style=\"color: #fe5e08;\"> 200 aktywnie publikuj\u0105cych naukowc\u00f3w <\/span><\/a> z tytu\u0142em doktora sprosta potrzebom autor\u00f3w publikuj\u0105cych swoje prace w mi\u0119dzynarodowych czasopismach recenzowanych, jak r\u00f3wnie\u017c redaktor\u00f3w potrzebuj\u0105cych korekty ich czasopism.<\/h5>\n<\/div>\n\t\t\t\t<div class=\"clear\"><\/div>\r\n\t\t\t<\/div>\r\n\t\t<\/div>\r\n\t\t<div class=\"clear\"><\/div>\r\n\t[\/vc_column][\/vc_row][vc_row css=&#8221;.vc_custom_1588089011069{margin-top: 60px !important;}&#8221;][vc_column width=&#8221;1\/4&#8243;][vc_column_text css=&#8221;.vc_custom_1588089100456{padding-top: 0px !important;}&#8221;]<img loading=\"lazy\" decoding=\"async\" style=\"background-color: dodgerblue; padding: 3px;\" title=\"photo\" src=\"https:\/\/md-online.pl\/wp-content\/uploads\/sites\/2\/2019\/03\/2019-01-17-1.png\" alt=\"\" width=\"150\" height=\"150\" \/>[\/vc_column_text][\/vc_column][vc_column width=&#8221;3\/4&#8243;][vc_column_text]\n<h4 style=\"margin-top: 0px;\"><a href=\"https:\/\/www.dr-hunt.com\/\">dr hab. Mark J Hunt, prof. IBD<\/a><\/h4>\n<h6>Za\u0142o\u017cyciel eCORRECTOR, Kontrola jako\u015bci<\/h6>\n<p><i class=\"fa fa-check-square-o\" style=\"color: #fe5e08;\"><!-- icon --><\/i>\u00a0Doktorat z Farmakologii, Trinity College, University of Cambridge<br \/>\n<i class=\"fa fa-check-square-o\" style=\"color: #fe5e08;\"><!-- icon --><\/i> Profesor Instytutu w Instytucie Biologii Do\u015bwiadczalnej im. M. Nenckiego ? Polska Akademia Nauk<br \/>\n<i class=\"fa fa-check-square-o\" style=\"color: #fe5e08;\"><!-- icon --><\/i>\u00a0Ponad 25 opublikowanych prac, recenzent mi\u0119dzynarodowych czasopism<br \/>\n<i class=\"fa fa-check-square-o\" style=\"color: #fe5e08;\"><!-- icon --><\/i>\u00a0Zarz\u0105dza zespo\u0142em ponad <a href=\"http:\/\/ecorrector.com\/pl\/nasi-native-speakerzy\/\">200 korektor\u00f3w o wiedzy specjalistycznej<\/a><br \/>\n<i class=\"fa fa-check-square-o\" style=\"color: #fe5e08;\"><!-- icon --><\/i>\u00a0Posiada ponad 15 lat do\u015bwiadczenia w wykonywaniu redakcji i korekt<br \/>\n<i class=\"fa fa-check-square-o\" style=\"color: #fe5e08;\"><!-- icon --><\/i>\u00a0Prowadzi wyk\u0142ady i warsztaty z pisania tekst\u00f3w naukowych dla wielu uczelni, instytut\u00f3w i konferencji.[\/vc_column_text][\/vc_column][vc_column][vc_column_text]<div class=\"divider top-of-page\"><a href=\"#top\" title=\"Top of Page\">Back to Top<\/a><\/div>[\/vc_column_text][\/vc_column][\/vc_row][vc_row css=&#8221;.vc_custom_1667912556606{margin-top: 20px !important;}&#8221;][vc_column width=&#8221;1\/4&#8243;][vc_column_text css=&#8221;.vc_custom_1640690891743{padding-top: 0px !important;}&#8221;]<img loading=\"lazy\" decoding=\"async\" style=\"background-color: dodgerblue; padding: 3px;\" title=\"photo\" src=\"https:\/\/ecorrector.com\/wp-content\/uploads\/2021\/12\/Dorota-Sakowska-Hunt-ceo-min.png\" alt=\"\" width=\"150\" height=\"150\" \/>[\/vc_column_text][\/vc_column][vc_column width=&#8221;3\/4&#8243;][vc_column_text]\n<h4 style=\"margin-top: 0px;\">Mgr Dorota Sakowska-Hunt<\/h4>\n<h6>Dyrektor zarz\u0105dzaj\u0105ca<\/h6>\n<p><i class=\"fa fa-check-square-o\" style=\"color: #fe5e08;\"><!-- icon --><\/i> Magister Stosunk\u00f3w Mi\u0119dzynarodowych, Uniwersytet \u0141\u00f3dzki<br \/>\n<i class=\"fa fa-check-square-o\" style=\"color: #fe5e08;\"><!-- icon --><\/i> MBA, Uniwersytet w Monako, tytu\u0142 otrzymany z wyr\u00f3\u017cnieniem<br \/>\n<i class=\"fa fa-check-square-o\" style=\"color: #fe5e08;\"><!-- icon --><\/i> Za\u0142o\u017cycielka <a href=\"http:\/\/md-online.pl\/\" target=\"_blank\" rel=\"noopener noreferrer\">firmy t\u0142umaczeniowej MD Online<\/a><br \/>\n<i class=\"fa fa-check-square-o\" style=\"color: #fe5e08;\"><!-- icon --><\/i> Przewodnicz\u0105ca Komisji Rewizyjnej Polskiego Stowarzyszenia Us\u0142ugodawc\u00f3w J\u0119zykowych POLOT[\/vc_column_text][\/vc_column][vc_column][vc_column_text]<div class=\"divider top-of-page\"><a href=\"#top\" title=\"Top of Page\">Back to Top<\/a><\/div>[\/vc_column_text][\/vc_column][\/vc_row][vc_row css=&#8221;.vc_custom_1588089210103{margin-top: 20px !important;}&#8221;][vc_column width=&#8221;1\/4&#8243;][vc_column_text css=&#8221;.vc_custom_1588089259535{padding-top: 0px !important;}&#8221;]<img loading=\"lazy\" decoding=\"async\" style=\"background-color: dodgerblue; padding: 3px;\" title=\"photo\" src=\"http:\/\/ecorrector.com\/wp-content\/uploads\/2020\/01\/Dawid-Wesolowski.jpg\" alt=\"\" width=\"150\" height=\"150\" \/>[\/vc_column_text][\/vc_column][vc_column width=&#8221;3\/4&#8243;][vc_column_text]\n<h4 style=\"margin-top: 0px;\">Mgr Dawid Weso\u0142owski<\/h4>\n<h6>Opiekun klient\u00f3w naukowych, eCorrector Polska<\/h6>\n<p><i class=\"fa fa-check-square-o\" style=\"color: #fe5e08;\"><!-- icon --><\/i> Magister religioznawstwa ze specjalizacj\u0105 mity i idee religijne, Uniwersytet Jagiello\u0144ski<br \/>\n<i class=\"fa fa-check-square-o\" style=\"color: #fe5e08;\"><!-- icon --><\/i> Stypendysta mi\u0119dzynarodowych program\u00f3w Erasmus+ i CEEPUS<br \/>\n<i class=\"fa fa-check-square-o\" style=\"color: #fe5e08;\"><!-- icon --><\/i> Autor monografii i artyku\u0142\u00f3w naukowych z zakresu religioznawstwa (geografia i ekologia religii) oraz historii (regionalistyka, genealogia)<br \/>\n<i class=\"fa fa-check-square-o\" style=\"color: #fe5e08;\"><!-- icon --><\/i> Obecnie doktorant w Instytucie Religioznawstwa na Uniwersytecie Jagiello\u0144skim[\/vc_column_text][\/vc_column][vc_column][vc_column_text]<div class=\"divider top-of-page\"><a href=\"#top\" title=\"Top of Page\">Back to Top<\/a><\/div>[\/vc_column_text][\/vc_column][\/vc_row][vc_row css=&#8221;.vc_custom_1588089210103{margin-top: 20px !important;}&#8221;][vc_column width=&#8221;1\/4&#8243;][vc_column_text css=&#8221;.vc_custom_1588089301382{padding-top: 0px !important;}&#8221;]<img loading=\"lazy\" decoding=\"async\" style=\"background-color: dodgerblue; padding: 3px;\" title=\"photo\" src=\"http:\/\/ecorrector.com\/wp-content\/uploads\/2020\/01\/agata.jpg\" alt=\"\" width=\"150\" height=\"150\" \/>[\/vc_column_text][\/vc_column][vc_column width=&#8221;3\/4&#8243;][vc_column_text]\n<h4 style=\"margin-top: 0px;\">Mgr Agata Sibilska-Wo\u017aniacka<\/h4>\n<h6>Opiekun wydawnictw naukowych<\/h6>\n<p><i class=\"fa fa-check-square-o\" style=\"color: #fe5e08;\"><!-- icon --><\/i> Magister filologii rosyjskiej, Uniwersytet Jagiello\u0144ski<br \/>\n<i class=\"fa fa-check-square-o\" style=\"color: #fe5e08;\"><!-- icon --><\/i> Kierownik projekt\u00f3w obejmuj\u0105cych transkrypcj\u0119, tworzenie napis\u00f3w i inne zadania j\u0119zykowe<br \/>\n<i class=\"fa fa-check-square-o\" style=\"color: #fe5e08;\"><!-- icon --><\/i> Posiada certyfikat potwierdzaj\u0105cy znajomo\u015b\u0107 j. bia\u0142oruskiego na poziomie B2[\/vc_column_text][\/vc_column][vc_column][vc_column_text]<div class=\"divider top-of-page\"><a href=\"#top\" title=\"Top of Page\">Back to Top<\/a><\/div>[\/vc_column_text][\/vc_column][\/vc_row][vc_row full_width=&#8221;stretch_row_content_no_spaces&#8221;][vc_column][vc_column_text]\n<h3 style=\"text-align: center;\"><span style=\"color: #1e90ff;\">Ponad 200 wykwalifikowanych angielskich native speaker\u00f3w z tytu\u0142em doktora<\/span><\/h3>\n[\/vc_column_text][vc_single_image image=&#8221;14247&#8243; img_size=&#8221;full&#8221;][\/vc_column][\/vc_row][vc_row][vc_column][vc_column_text]<div class=\"clear\"><\/div><div class=\"accordion-wrapper\"><h3 class=\"accordion-toggle\"><a href=\"#\">Jeste\u015b aktywnie publikuj\u0105cym naukowcem, kt\u00f3ry chcia\u0142by do\u0142\u0105czy\u0107 do naszego zespo\u0142u redaktor\u00f3w i korektor\u00f3w?<\/a><\/h3><div class=\"accordion-container\">  <div class=\"content-block\">Wy\u015blij nam prosz\u0119 <a href=\"mailto:info@ecorrector.com\">swoje CV<\/a>, zawieraj\u0105c w nim spis publikacji i informacje na temat Twojego do\u015bwiadczenia.<br \/><\/div><\/div><!-- end accordion-container --><\/div><!-- end accordion-wrapper --><div class=\"clear\"><\/div>[\/vc_column_text][\/vc_column][\/vc_row][vc_row css=&#8221;.vc_custom_1642492930291{margin-bottom: 30px !important;}&#8221;][vc_column][vc_column_text]\n<div class=\"accordion-wrapper\">\n<h3 class=\"accordion-toggle active\"><a href=\"#\">Jeste\u015b zainteresowany wsp\u00f3\u0142prac\u0105 z eCORRECTOR?<\/a><\/h3>\n<div class=\"accordion-container\">\n<div class=\"content-block\">Skontaktuj <a href=\"mailto:info@ecorrector.com\">si\u0119 z nami<\/a>, by uzyska\u0107 wi\u0119cej szczeg\u00f3\u0142\u00f3w.<\/div>\n<\/div>\n<\/div>\n[\/vc_column_text][\/vc_column][\/vc_row][vc_row css=&#8221;.vc_custom_1642493023558{margin-top: 80px !important;}&#8221;][vc_column width=&#8221;2\/3&#8243;][vc_video link=&#8221;https:\/\/www.youtube.com\/watch?v=AEGaDYurkmA&#8221; css=&#8221;.vc_custom_1642492609099{border-top-width: 3px !important;border-right-width: 3px !important;border-bottom-width: 3px !important;border-left-width: 3px !important;border-left-color: #1e90ff !important;border-left-style: solid !important;border-right-color: #1e90ff !important;border-right-style: solid !important;border-top-color: #1e90ff !important;border-top-style: solid !important;border-bottom-color: #1e90ff !important;border-bottom-style: solid !important;}&#8221;][\/vc_column][vc_column width=&#8221;1\/3&#8243;][vc_empty_space height=&#8221;32&#8243;][vc_column_text]\n<h4 style=\"margin-top: 0px;\">Poznaj naszych doktor\u00f3w!<\/h4>\n<h6><span style=\"color: #000000;\">To \u015bwietny moment, aby przedstawi\u0107 Wam naszych redaktor\u00f3w i korektor\u00f3w, kt\u00f3rzy codziennie dbaj\u0105 o Wasze manuskrypty. Mo\u017cecie ich pozna\u0107, dowiedzie\u0107 si\u0119 co nieco o ich specjalizacjach i upewni\u0107 si\u0119, \u017ce wszystkie Wasze prace s\u0105 w bezpiecznych r\u0119kach!<\/span><\/h6>\n<h6><span style=\"color: #000000;\">\u017byczymy mi\u0142ego ogl\u0105dania!<\/span><\/h6>\n[\/vc_column_text][\/vc_column][\/vc_row]\n","protected":false},"excerpt":{"rendered":"<p>[vc_row css=&#8221;.vc_custom_1554068287725{margin-top: -30px !important;}&#8221;][vc_column][\/vc_column][\/vc_row][vc_row css=&#8221;.vc_custom_1588089011069{margin-top: 60px !important;}&#8221;][vc_column width=&#8221;1\/4&#8243;][vc_column_text css=&#8221;.vc_custom_1588089100456{padding-top: 0px !important;}&#8221;][\/vc_column_text][\/vc_column][vc_column width=&#8221;3\/4&#8243;][vc_column_text] dr hab. Mark J Hunt, prof. IBD Za\u0142o\u017cyciel eCORRECTOR, Kontrola jako\u015bci \u00a0Doktorat z Farmakologii, Trinity College, University of Cambridge Profesor Instytutu w Instytucie Biologii Do\u015bwiadczalnej im. M. Nenckiego ? Polska Akademia Nauk \u00a0Ponad 25 opublikowanych prac, recenzent mi\u0119dzynarodowych czasopism \u00a0Zarz\u0105dza zespo\u0142em ponad 200 korektor\u00f3w o wiedzy specjalistycznej \u00a0Posiada ponad 15 lat do\u015bwiadczenia w wykonywaniu redakcji i korekt \u00a0Prowadzi wyk\u0142ady i warsztaty z pisania tekst\u00f3w naukowych dla wielu uczelni,<\/p>\n","protected":false},"author":1,"featured_media":0,"parent":0,"menu_order":0,"comment_status":"closed","ping_status":"closed","template":"page-FullWidth.php","meta":{"_monsterinsights_skip_tracking":false,"_monsterinsights_sitenote_active":false,"_monsterinsights_sitenote_note":"","_monsterinsights_sitenote_category":0,"footnotes":""},"class_list":["post-39","page","type-page","status-publish","hentry"],"yoast_head":"<!-- This site is optimized with the Yoast SEO plugin v21.0 - https:\/\/yoast.com\/wordpress\/plugins\/seo\/ -->\n<title>Nasz zesp\u00f3\u0142 zapewnia Profesjonalne T\u0142umaczenia<\/title>\n<meta name=\"description\" content=\"Nasz zesp\u00f3\u0142 to perfekcjoni\u015bci. Wszystkie profesjonalne t\u0142umaczenia i korekty powierzamy jedynie najlepszym Native Speakerom.\" \/>\n<meta name=\"robots\" content=\"index, follow, max-snippet:-1, max-image-preview:large, max-video-preview:-1\" \/>\n<link rel=\"canonical\" href=\"https:\/\/ecorrector.com\/pl\/profesjonalne-tlumaczenia\/\" \/>\n<meta property=\"og:locale\" content=\"pl_PL\" \/>\n<meta property=\"og:type\" content=\"article\" \/>\n<meta property=\"og:title\" content=\"Nasz zesp\u00f3\u0142 zapewnia Profesjonalne T\u0142umaczenia\" \/>\n<meta property=\"og:description\" content=\"Nasz zesp\u00f3\u0142 to perfekcjoni\u015bci. Wszystkie profesjonalne t\u0142umaczenia i korekty powierzamy jedynie najlepszym Native Speakerom.\" \/>\n<meta property=\"og:url\" content=\"https:\/\/ecorrector.com\/pl\/profesjonalne-tlumaczenia\/\" \/>\n<meta property=\"og:site_name\" content=\"eCORRECTOR\" \/>\n<meta property=\"article:modified_time\" content=\"2023-11-07T13:22:47+00:00\" \/>\n<meta property=\"og:image\" content=\"https:\/\/md-online.pl\/wp-content\/uploads\/sites\/2\/2019\/03\/2019-01-17-1.png\" \/>\n<meta name=\"twitter:card\" content=\"summary_large_image\" \/>\n<meta name=\"twitter:label1\" content=\"Szacowany czas czytania\" \/>\n\t<meta name=\"twitter:data1\" content=\"3 minuty\" \/>\n<script type=\"application\/ld+json\" class=\"yoast-schema-graph\">{\"@context\":\"https:\/\/schema.org\",\"@graph\":[{\"@type\":\"WebPage\",\"@id\":\"https:\/\/ecorrector.com\/pl\/profesjonalne-tlumaczenia\/\",\"url\":\"https:\/\/ecorrector.com\/pl\/profesjonalne-tlumaczenia\/\",\"name\":\"Nasz zesp\u00f3\u0142 zapewnia Profesjonalne T\u0142umaczenia\",\"isPartOf\":{\"@id\":\"https:\/\/ecorrector.com\/#website\"},\"datePublished\":\"2015-10-16T07:51:35+00:00\",\"dateModified\":\"2023-11-07T13:22:47+00:00\",\"description\":\"Nasz zesp\u00f3\u0142 to perfekcjoni\u015bci. Wszystkie profesjonalne t\u0142umaczenia i korekty powierzamy jedynie najlepszym Native Speakerom.\",\"breadcrumb\":{\"@id\":\"https:\/\/ecorrector.com\/pl\/profesjonalne-tlumaczenia\/#breadcrumb\"},\"inLanguage\":\"pl-PL\",\"potentialAction\":[{\"@type\":\"ReadAction\",\"target\":[\"https:\/\/ecorrector.com\/pl\/profesjonalne-tlumaczenia\/\"]}]},{\"@type\":\"BreadcrumbList\",\"@id\":\"https:\/\/ecorrector.com\/pl\/profesjonalne-tlumaczenia\/#breadcrumb\",\"itemListElement\":[{\"@type\":\"ListItem\",\"position\":1,\"name\":\"Home\",\"item\":\"https:\/\/ecorrector.com\/pl\/glowna\/\"},{\"@type\":\"ListItem\",\"position\":2,\"name\":\"Nasz zesp\u00f3\u0142 zapewnia profesjonalne t\u0142umaczenia\"}]},{\"@type\":\"WebSite\",\"@id\":\"https:\/\/ecorrector.com\/#website\",\"url\":\"https:\/\/ecorrector.com\/\",\"name\":\"eCORRECTOR\",\"description\":\"Korekty i T\u0142umaczenia Specjalistyczne\",\"potentialAction\":[{\"@type\":\"SearchAction\",\"target\":{\"@type\":\"EntryPoint\",\"urlTemplate\":\"https:\/\/ecorrector.com\/?s={search_term_string}\"},\"query-input\":\"required name=search_term_string\"}],\"inLanguage\":\"pl-PL\"}]}<\/script>\n<!-- \/ Yoast SEO plugin. -->","yoast_head_json":{"title":"Nasz zesp\u00f3\u0142 zapewnia Profesjonalne T\u0142umaczenia","description":"Nasz zesp\u00f3\u0142 to perfekcjoni\u015bci. Wszystkie profesjonalne t\u0142umaczenia i korekty powierzamy jedynie najlepszym Native Speakerom.","robots":{"index":"index","follow":"follow","max-snippet":"max-snippet:-1","max-image-preview":"max-image-preview:large","max-video-preview":"max-video-preview:-1"},"canonical":"https:\/\/ecorrector.com\/pl\/profesjonalne-tlumaczenia\/","og_locale":"pl_PL","og_type":"article","og_title":"Nasz zesp\u00f3\u0142 zapewnia Profesjonalne T\u0142umaczenia","og_description":"Nasz zesp\u00f3\u0142 to perfekcjoni\u015bci. Wszystkie profesjonalne t\u0142umaczenia i korekty powierzamy jedynie najlepszym Native Speakerom.","og_url":"https:\/\/ecorrector.com\/pl\/profesjonalne-tlumaczenia\/","og_site_name":"eCORRECTOR","article_modified_time":"2023-11-07T13:22:47+00:00","og_image":[{"url":"https:\/\/md-online.pl\/wp-content\/uploads\/sites\/2\/2019\/03\/2019-01-17-1.png"}],"twitter_card":"summary_large_image","twitter_misc":{"Szacowany czas czytania":"3 minuty"},"schema":{"@context":"https:\/\/schema.org","@graph":[{"@type":"WebPage","@id":"https:\/\/ecorrector.com\/pl\/profesjonalne-tlumaczenia\/","url":"https:\/\/ecorrector.com\/pl\/profesjonalne-tlumaczenia\/","name":"Nasz zesp\u00f3\u0142 zapewnia Profesjonalne T\u0142umaczenia","isPartOf":{"@id":"https:\/\/ecorrector.com\/#website"},"datePublished":"2015-10-16T07:51:35+00:00","dateModified":"2023-11-07T13:22:47+00:00","description":"Nasz zesp\u00f3\u0142 to perfekcjoni\u015bci. Wszystkie profesjonalne t\u0142umaczenia i korekty powierzamy jedynie najlepszym Native Speakerom.","breadcrumb":{"@id":"https:\/\/ecorrector.com\/pl\/profesjonalne-tlumaczenia\/#breadcrumb"},"inLanguage":"pl-PL","potentialAction":[{"@type":"ReadAction","target":["https:\/\/ecorrector.com\/pl\/profesjonalne-tlumaczenia\/"]}]},{"@type":"BreadcrumbList","@id":"https:\/\/ecorrector.com\/pl\/profesjonalne-tlumaczenia\/#breadcrumb","itemListElement":[{"@type":"ListItem","position":1,"name":"Home","item":"https:\/\/ecorrector.com\/pl\/glowna\/"},{"@type":"ListItem","position":2,"name":"Nasz zesp\u00f3\u0142 zapewnia profesjonalne t\u0142umaczenia"}]},{"@type":"WebSite","@id":"https:\/\/ecorrector.com\/#website","url":"https:\/\/ecorrector.com\/","name":"eCORRECTOR","description":"Korekty i T\u0142umaczenia Specjalistyczne","potentialAction":[{"@type":"SearchAction","target":{"@type":"EntryPoint","urlTemplate":"https:\/\/ecorrector.com\/?s={search_term_string}"},"query-input":"required name=search_term_string"}],"inLanguage":"pl-PL"}]}},"_links":{"self":[{"href":"https:\/\/ecorrector.com\/pl\/wp-json\/wp\/v2\/pages\/39","targetHints":{"allow":["GET"]}}],"collection":[{"href":"https:\/\/ecorrector.com\/pl\/wp-json\/wp\/v2\/pages"}],"about":[{"href":"https:\/\/ecorrector.com\/pl\/wp-json\/wp\/v2\/types\/page"}],"author":[{"embeddable":true,"href":"https:\/\/ecorrector.com\/pl\/wp-json\/wp\/v2\/users\/1"}],"replies":[{"embeddable":true,"href":"https:\/\/ecorrector.com\/pl\/wp-json\/wp\/v2\/comments?post=39"}],"version-history":[{"count":6,"href":"https:\/\/ecorrector.com\/pl\/wp-json\/wp\/v2\/pages\/39\/revisions"}],"predecessor-version":[{"id":19942,"href":"https:\/\/ecorrector.com\/pl\/wp-json\/wp\/v2\/pages\/39\/revisions\/19942"}],"wp:attachment":[{"href":"https:\/\/ecorrector.com\/pl\/wp-json\/wp\/v2\/media?parent=39"}],"curies":[{"name":"wp","href":"https:\/\/api.w.org\/{rel}","templated":true}]}}