{"id":41,"date":"2015-10-16T09:52:09","date_gmt":"2015-10-16T07:52:09","guid":{"rendered":"http:\/\/ecorrector.com\/?page_id=41"},"modified":"2016-01-07T13:51:47","modified_gmt":"2016-01-07T12:51:47","slug":"biznesowe-tlumaczenia-native-speakerow","status":"publish","type":"page","link":"https:\/\/ecorrector.com\/pl\/biznesowe-tlumaczenia-native-speakerow\/","title":{"rendered":"T\u0142umaczenia native speaker\u00f3w z bran\u017cowym s\u0142ownictwem"},"content":{"rendered":"[vc_row][vc_column][vc_column_text css_animation=&#8221;appear&#8221;]\t\t<style type=\"text\/css\">\r\n\t\t    #content-block-background-1531 { background-image: url(http:\/\/ecorrector.com\/wp-content\/uploads\/2015\/10\/112.jpg); background-position: center center; background-repeat: repeat-x; background-color: #293037; background-attachment: fixed; background-size: auto; }\r\n\t\t    #content-block-body-1531 { padding: 10px 0 0; color: #FFFFFF; }\r\n\t\t    .content-block-body { margin-left: auto; margin-right: auto; position: relative; }\r\n\t\t<\/style>\r\n\t\t\t\t\t<style type=\"text\/css\">\r\n\t\t\t\t#wrapper-1 { overflow-x: hidden; }\r\n\t\t\t\t#content-block-background-1531 { margin: 0 -10000px; padding: 0 10000px; }\r\n\t\t\t<\/style>\r\n\t\t\r\n\t\t\r\n\t\t<div class=\"clear\"><\/div>\r\n\t\t<div id=\"content-block-background-1531\" class=\"content-block-background we-are-passionate-block\">\r\n\t\t\t<div id=\"content-block-body-1531\" class=\"content-block-body\">\r\n\t\t\t\t<div class=\"clear\"><\/div>\r\n\t\t\t\t\n<div style=\"text-align: center;\">\n<h4 style=\"margin-bottom: 10px;\"><span style=\"font-size: 36px; color: #ffffff; line-height: 1.2;\">Nasza oferta dla biznesu<\/span><\/h4>\n[vc_separator color=&#8221;white&#8221; border_width=&#8221;2&#8243; el_width=&#8221;50&#8243;]\n<h1 style=\"margin-bottom: 20px; margin-top: -30px;\"><span style=\"font-size: 20px; color: #adaaaa; line-height: 1.5;\">T\u0142umaczenia native speaker\u00f3w z uwzgl\u0119dnieniem s\u0142ownictwa bran\u017cowego<\/span><\/h1>\n<div class=\"one_fourth\"><a href=\"http:\/\/ecorrector.com\/tlumaczenia-biznesowe\"><img decoding=\"async\" class=\"aligncenter\" src=\"http:\/\/ecorrector.com\/wp-content\/uploads\/2015\/10\/1-1.png\" alt=\"T\u0142umaczenia biznesowe\" \/><\/a><\/p>\n<div style=\"text-align: center;\">\n<h3 style=\"margin: 0 auto; padding-bottom: 20px;\"><span style=\"color: #ffffff;\"><a style=\"color: #ffffff;\" title=\"T\u0142umaczenia biznesowe\" href=\"http:\/\/ecorrector.com\/tlumaczenia-biznesowe\">T\u0142umaczenia biznesowe<\/a><\/span><\/h3>\n<\/div>\n<\/div> <div class=\"one_fourth\"><a href=\"http:\/\/ecorrector.com\/korekta-standardowa-native-speakerow\/\"><img loading=\"lazy\" decoding=\"async\" class=\"aligncenter\" src=\"http:\/\/ecorrector.com\/wp-content\/uploads\/2015\/10\/2-1.png\" alt=\"Korekty standardowe\" width=\"101\" height=\"101\" \/><\/a><\/p>\n<div style=\"text-align: center;\">\n<h3 style=\"margin: 0 auto; padding-bottom: 20px;\"><span style=\"color: #ffffff;\"><a style=\"color: #ffffff;\" title=\"Korekty standardowe \" href=\"http:\/\/ecorrector.com\/korekta-standardowa-native-speakerow\/\">Korekty standardowe<\/a><\/span><\/h3>\n<\/div>\n<\/div> <div class=\"one_fourth\"><a href=\"http:\/\/ecorrector.com\/copywriting\/\"><img decoding=\"async\" class=\"aligncenter\" src=\"http:\/\/ecorrector.com\/wp-content\/uploads\/2015\/10\/5-1.png\" alt=\"Copywriting\" \/><\/a><\/p>\n<div style=\"text-align: center;\">\n<h3 style=\"margin: 0 auto; padding-bottom: 20px;\"><span style=\"color: #ffffff;\"><a style=\"color: #ffffff;\" title=\"Copywriting\" href=\"http:\/\/ecorrector.com\/copywriting\/\">Copywriting<\/a><\/span><\/h3>\n<\/div>\n<\/div> <div class=\"one_fourth last_column\"><a href=\"http:\/\/ecorrector.com\/nagrania-audio\/\"><img decoding=\"async\" class=\"aligncenter\" src=\"http:\/\/ecorrector.com\/wp-content\/uploads\/2015\/10\/4-1.png\" alt=\"Nagrania audio\" \/><\/a><\/p>\n<div style=\"text-align: center;\">\n<h3 style=\"margin: 0px auto; padding-bottom: 20px;\"><span style=\"color: #ffffff;\"><a style=\"color: #ffffff;\" title=\"Nagrania audio \" href=\"http:\/\/ecorrector.com\/nagrania-audio\/\">Nagrania audio<\/a><\/span><\/h3>\n<\/div>\n<\/div>\n<\/div>\n\t\t\t\t<div class=\"clear\"><\/div>\r\n\t\t\t<\/div>\r\n\t\t<\/div>\r\n\t\t<div class=\"clear\"><\/div>\r\n\t[\/vc_column_text][\/vc_column][\/vc_row][vc_row][vc_column][vc_column_text css_animation=&#8221;top-to-bottom&#8221;]\n<h5 style=\"margin-bottom: 0px; margin-top: 0px; text-align: center;\"><span style=\"font-size: 18px; color: #000000; line-height: 1.5;\">Przyk\u0142ady firm i organizacji, dla kt\u00f3rych wykonywali\u015bmy t\u0142umaczenia i korekty j\u0119zykowe<\/span><\/h5>\n[\/vc_column_text][\/vc_column][\/vc_row][vc_row full_width=&#8221;stretch_row_content_no_spaces&#8221;][vc_column][vc_separator color=&#8221;custom&#8221; border_width=&#8221;2&#8243; el_width=&#8221;40&#8243; accent_color=&#8221;#293037&#8243; css=&#8221;.vc_custom_1445506268907{margin-top: -20px !important;}&#8221;][vc_column_text css=&#8221;.vc_custom_1445589287239{margin-bottom: 40px !important;}&#8221;]<ul class=\"kiwi-logo-carousel kiwi-logo-carousel-dla-biznesu default align-center col4\"><li style=\"height:100px;\" ><div class=\"helper\" style=\"height:100px; width:150px;\" ><img decoding=\"async\" src=\"https:\/\/ecorrector.com\/wp-content\/uploads\/2015\/10\/header_logo.png\" alt=\"YOHO\" title=\"YOHO\" style=\"max-width:150px; padding-left: 0px; padding-right:0px\" ><\/div><\/li><li style=\"height:100px;\" ><div class=\"helper\" style=\"height:100px; width:150px;\" ><img decoding=\"async\" src=\"https:\/\/ecorrector.com\/wp-content\/uploads\/2016\/01\/one_warsaw_logotype-05.jpg\" alt=\"Warszawska Organizacja Turystyczna\" title=\"Warszawska Organizacja Turystyczna\" style=\"max-width:150px; padding-left: 0px; padding-right:0px\" ><\/div><\/li><li style=\"height:100px;\" ><div class=\"helper\" style=\"height:100px; width:150px;\" ><img decoding=\"async\" src=\"https:\/\/ecorrector.com\/wp-content\/uploads\/2015\/10\/logo-2.png\" alt=\"infoscan\" title=\"infoscan\" style=\"max-width:150px; padding-left: 0px; padding-right:0px\" ><\/div><\/li><li style=\"height:100px;\" ><div class=\"helper\" style=\"height:100px; width:150px;\" ><img decoding=\"async\" src=\"https:\/\/ecorrector.com\/wp-content\/uploads\/2015\/10\/logo-1.png\" alt=\"ttsupport\" title=\"ttsupport\" style=\"max-width:150px; padding-left: 0px; padding-right:0px\" ><\/div><\/li><li style=\"height:100px;\" ><div class=\"helper\" style=\"height:100px; width:150px;\" ><img decoding=\"async\" src=\"https:\/\/ecorrector.com\/wp-content\/uploads\/2015\/10\/dwor_kombornia-logo.jpg\" alt=\"DW\u00d3R KAMBORNIA\" title=\"DW\u00d3R KAMBORNIA\" style=\"max-width:150px; padding-left: 0px; padding-right:0px\" ><\/div><\/li><li style=\"height:100px;\" ><div class=\"helper\" style=\"height:100px; width:150px;\" ><img decoding=\"async\" src=\"https:\/\/ecorrector.com\/wp-content\/uploads\/2015\/10\/melle-logo_min.jpg\" alt=\"MELLE\" title=\"MELLE\" style=\"max-width:150px; padding-left: 0px; padding-right:0px\" ><\/div><\/li><li style=\"height:100px;\" ><div class=\"helper\" style=\"height:100px; width:150px;\" ><img decoding=\"async\" src=\"https:\/\/ecorrector.com\/wp-content\/uploads\/2015\/10\/tetex.png\" alt=\"tetex\" title=\"tetex\" style=\"max-width:150px; padding-left: 0px; padding-right:0px\" ><\/div><\/li><li style=\"height:100px;\" ><div class=\"helper\" style=\"height:100px; width:150px;\" ><img decoding=\"async\" src=\"https:\/\/ecorrector.com\/wp-content\/uploads\/2015\/10\/logo1.png\" alt=\"BIOELEKTRA GROUP\" title=\"BIOELEKTRA GROUP\" style=\"max-width:150px; padding-left: 0px; padding-right:0px\" ><\/div><\/li><li style=\"height:100px;\"><a target=\"_blank\" href=\"http:\/\/www.zamek.malbork.pl\/\"><div class=\"helper\" style=\"height:100px; width:150px;\" ><img decoding=\"async\" src=\"https:\/\/ecorrector.com\/wp-content\/uploads\/2016\/01\/zamek_logo3046x3118.jpg\" alt=\"Zamek w Malborku\" title=\"Zamek w Malborku\"><\/div><\/a><\/li><li style=\"height:100px;\" ><div class=\"helper\" style=\"height:100px; width:150px;\" ><img decoding=\"async\" src=\"https:\/\/ecorrector.com\/wp-content\/uploads\/2015\/10\/logo_oficynka_czarne.jpg\" alt=\"OFICYNKA\" title=\"OFICYNKA\" style=\"max-width:150px; padding-left: 0px; padding-right:0px\" ><\/div><\/li><li style=\"height:100px;\" ><div class=\"helper\" style=\"height:100px; width:150px;\" ><img decoding=\"async\" src=\"https:\/\/ecorrector.com\/wp-content\/uploads\/2015\/10\/114620.png\" alt=\"WICKLER PERSONAL\" title=\"WICKLER PERSONAL\" style=\"max-width:150px; padding-left: 0px; padding-right:0px\" ><\/div><\/li><li style=\"height:100px;\" ><div class=\"helper\" style=\"height:100px; width:150px;\" ><img decoding=\"async\" src=\"https:\/\/ecorrector.com\/wp-content\/uploads\/2015\/10\/Gol-Box-logo2.png\" alt=\"GOL BOX\" title=\"GOL BOX\" style=\"max-width:150px; padding-left: 0px; padding-right:0px\" ><\/div><\/li><li style=\"height:100px;\" ><div class=\"helper\" style=\"height:100px; width:150px;\" ><img decoding=\"async\" src=\"https:\/\/ecorrector.com\/wp-content\/uploads\/2015\/10\/logo.png\" alt=\"sako expo\" title=\"sako expo\" style=\"max-width:150px; padding-left: 0px; padding-right:0px\" ><\/div><\/li><li style=\"height:100px;\" ><div class=\"helper\" style=\"height:100px; width:150px;\" ><img decoding=\"async\" src=\"https:\/\/ecorrector.com\/wp-content\/uploads\/2015\/10\/evio_nakedh156.png\" alt=\"evio\" title=\"evio\" style=\"max-width:150px; padding-left: 0px; padding-right:0px\" ><\/div><\/li><li style=\"height:100px;\" ><div class=\"helper\" style=\"height:100px; width:150px;\" ><img decoding=\"async\" src=\"https:\/\/ecorrector.com\/wp-content\/uploads\/2015\/10\/czd_logo.jpg\" alt=\"CENTRUM ZDROWIA DZIECKA\" title=\"CENTRUM ZDROWIA DZIECKA\" style=\"max-width:150px; padding-left: 0px; padding-right:0px\" ><\/div><\/li><li style=\"height:100px;\" ><div class=\"helper\" style=\"height:100px; width:150px;\" ><img decoding=\"async\" src=\"https:\/\/ecorrector.com\/wp-content\/uploads\/2016\/01\/logo_polske_1w_RGB.jpg\" alt=\"Fundacja Nauki Polskiej\" title=\"Fundacja Nauki Polskiej\" style=\"max-width:150px; padding-left: 0px; padding-right:0px\" ><\/div><\/li><li style=\"height:100px;\" ><div class=\"helper\" style=\"height:100px; width:150px;\" ><img decoding=\"async\" src=\"https:\/\/ecorrector.com\/wp-content\/uploads\/2015\/10\/polska_siec_ambasadorow_przedsiebiorczosci_kobiet.png\" alt=\"POLSKA SIE\u0106 AMBASADOR\u00d3W PRZEDSI\u0118BIORCZO\u015aCI KOBIET\" title=\"POLSKA SIE\u0106 AMBASADOR\u00d3W PRZEDSI\u0118BIORCZO\u015aCI KOBIET\" style=\"max-width:150px; padding-left: 0px; padding-right:0px\" ><\/div><\/li><li style=\"height:100px;\" ><div class=\"helper\" style=\"height:100px; width:150px;\" ><img decoding=\"async\" src=\"https:\/\/ecorrector.com\/wp-content\/uploads\/2015\/10\/PGS-621x116px.png\" alt=\"PRACOWNIA GIER\" title=\"PRACOWNIA GIER\" style=\"max-width:150px; padding-left: 0px; padding-right:0px\" ><\/div><\/li><li style=\"height:100px;\" ><div class=\"helper\" style=\"height:100px; width:150px;\" ><img decoding=\"async\" src=\"https:\/\/ecorrector.com\/wp-content\/uploads\/2015\/10\/logo-11.png\" alt=\"LAMPEX\" title=\"LAMPEX\" style=\"max-width:150px; padding-left: 0px; padding-right:0px\" ><\/div><\/li><\/ul>[\/vc_column_text][\/vc_column][\/vc_row][vc_row][vc_column][vc_column_text css_animation=&#8221;top-to-bottom&#8221; css=&#8221;.vc_custom_1445952974709{margin-top: -60px !important;}&#8221;]\n<h5 style=\"margin-bottom: 0px; margin-top: 0px; text-align: left;\"><span style=\"font-size: 18px; color: #7a7777; line-height: 1.5;\">Referencje<\/span><\/h5>\n[\/vc_column_text][vc_separator color=&#8221;custom&#8221; border_width=&#8221;2&#8243; accent_color=&#8221;#293037&#8243; css=&#8221;.vc_custom_1445506367842{margin-top: -25px !important;}&#8221;][vc_column_text css_animation=&#8221;top-to-bottom&#8221; css=&#8221;.vc_custom_1446642785829{margin-top: -25px !important;}&#8221;]\n<blockquote>\n<div style=\"margin-top: 10px; color: #000000; font-size: 12px; font-style: italic; text-align: right;\"><span style=\"color: #000000;\"><strong>Super serwis, fantastyczny kontakt i perfekcyjny tekst po korekcie- wprost do publikacji.<\/strong><\/span><\/div>\n<\/blockquote>\n<div style=\"color: #f95a09; text-align: right;\"><span style=\"color: #1e90ff;\">&#8211; Rados\u0142aw \u0141uczak, Dyrektor Handlowy: <a style=\"color: #1e90ff;\" href=\"http:\/\/www.sakoexpo.com.pl\" target=\"_blank\">www.sakoexpo.com.pl<\/a><\/span><\/div>\n[\/vc_column_text][vc_column_text css_animation=&#8221;top-to-bottom&#8221; css=&#8221;.vc_custom_1446642795008{margin-top: -25px !important;}&#8221;]\n<blockquote>\n<div style=\"margin-top: 10px; color: #000000; font-size: 12px; font-style: italic; text-align: right;\"><span style=\"color: #000000;\"><strong>Profesjonalny zesp\u00f3\u0142, korektorzy z do\u015bwiadczeniem, szybki czas reakcji, obs\u0142uga nastawiona na klienta ? atuty, kt\u00f3re powoduj\u0105, \u017ce chcemy wsp\u00f3\u0142pracowa\u0107.<\/strong><\/span><\/div>\n<\/blockquote>\n<div style=\"color: #f95a09; text-align: right;\"><span style=\"color: #1e90ff;\">&#8211; Agnieszka Chmielewska, Prezes Zarz\u0105du:<\/span> <span style=\"color: #1e90ff;\"><a style=\"color: #1e90ff;\" href=\"http:\/\/www.dogadamycie.pl\" target=\"_blank\">www.dogadamycie.pl<\/a><\/span><\/div>\n[\/vc_column_text][vc_column_text css_animation=&#8221;top-to-bottom&#8221; css=&#8221;.vc_custom_1446642805096{margin-top: -25px !important;}&#8221;]\n<blockquote>\n<div style=\"margin-top: 10px; color: #000000; font-size: 12px; font-style: italic; text-align: right;\"><span style=\"color: #000000;\"><strong>Polecamy eCORRECTOR przede wszystkim za bardzo szybki czas realizacji us\u0142ug, sprawn\u0105 komunikacj\u0119 mailow\u0105 z klientem oraz profesjonalne podej\u015bcie do zlece\u0144.<\/strong><\/span><\/div>\n<\/blockquote>\n<div style=\"color: #f95a09; text-align: right;\"><span style=\"color: #1e90ff;\">&#8211; YOHO Agencja Reklamowa:<\/span> <span style=\"color: #1e90ff;\"><a style=\"color: #1e90ff;\" href=\"http:\/\/www.yoho.pl\" target=\"_blank\">www.yoho.pl<\/a><\/span><\/div>\n[\/vc_column_text][\/vc_column][\/vc_row]\n","protected":false},"excerpt":{"rendered":"<p>[vc_row][vc_column][vc_column_text css_animation=&#8221;appear&#8221;][\/vc_column_text][\/vc_column][\/vc_row][vc_row][vc_column][vc_column_text css_animation=&#8221;top-to-bottom&#8221;] Przyk\u0142ady firm i organizacji, dla kt\u00f3rych wykonywali\u015bmy t\u0142umaczenia i korekty j\u0119zykowe [\/vc_column_text][\/vc_column][\/vc_row][vc_row full_width=&#8221;stretch_row_content_no_spaces&#8221;][vc_column][vc_separator color=&#8221;custom&#8221; border_width=&#8221;2&#8243; el_width=&#8221;40&#8243; accent_color=&#8221;#293037&#8243; css=&#8221;.vc_custom_1445506268907{margin-top: -20px !important;}&#8221;][vc_column_text css=&#8221;.vc_custom_1445589287239{margin-bottom: 40px !important;}&#8221;][\/vc_column_text][\/vc_column][\/vc_row][vc_row][vc_column][vc_column_text css_animation=&#8221;top-to-bottom&#8221; css=&#8221;.vc_custom_1445952974709{margin-top: -60px !important;}&#8221;] Referencje [\/vc_column_text][vc_separator color=&#8221;custom&#8221; border_width=&#8221;2&#8243; accent_color=&#8221;#293037&#8243; css=&#8221;.vc_custom_1445506367842{margin-top: -25px !important;}&#8221;][vc_column_text css_animation=&#8221;top-to-bottom&#8221; css=&#8221;.vc_custom_1446642785829{margin-top: -25px !important;}&#8221;] Super serwis, fantastyczny kontakt i perfekcyjny tekst po korekcie- wprost do publikacji. &#8211; Rados\u0142aw \u0141uczak, Dyrektor Handlowy: www.sakoexpo.com.pl [\/vc_column_text][vc_column_text css_animation=&#8221;top-to-bottom&#8221; css=&#8221;.vc_custom_1446642795008{margin-top: -25px !important;}&#8221;] Profesjonalny zesp\u00f3\u0142, korektorzy z do\u015bwiadczeniem, szybki czas reakcji, obs\u0142uga nastawiona na klienta ? atuty, kt\u00f3re<\/p>\n","protected":false},"author":1,"featured_media":0,"parent":0,"menu_order":0,"comment_status":"closed","ping_status":"closed","template":"page-FullWidth.php","meta":{"_monsterinsights_skip_tracking":false,"_monsterinsights_sitenote_active":false,"_monsterinsights_sitenote_note":"","_monsterinsights_sitenote_category":0,"footnotes":""},"class_list":["post-41","page","type-page","status-publish","hentry"],"yoast_head":"<!-- This site is optimized with the Yoast SEO plugin v21.0 - https:\/\/yoast.com\/wordpress\/plugins\/seo\/ -->\n<title>T\u0142umaczenia native speaker\u00f3w z bran\u017cowym s\u0142ownictwem<\/title>\n<meta name=\"description\" content=\"T\u0142umaczenia native speaker\u00f3w z uwzgl\u0119dnieniem s\u0142ownictwa bran\u017cowego. Zaufa\u0142y nam setki firm i oraganizacji.\" \/>\n<meta name=\"robots\" content=\"index, follow, max-snippet:-1, max-image-preview:large, max-video-preview:-1\" \/>\n<link rel=\"canonical\" href=\"https:\/\/ecorrector.com\/pl\/biznesowe-tlumaczenia-native-speakerow\/\" \/>\n<meta property=\"og:locale\" content=\"pl_PL\" \/>\n<meta property=\"og:type\" content=\"article\" \/>\n<meta property=\"og:title\" content=\"T\u0142umaczenia native speaker\u00f3w z bran\u017cowym s\u0142ownictwem\" \/>\n<meta property=\"og:description\" content=\"T\u0142umaczenia native speaker\u00f3w z uwzgl\u0119dnieniem s\u0142ownictwa bran\u017cowego. Zaufa\u0142y nam setki firm i oraganizacji.\" \/>\n<meta property=\"og:url\" content=\"https:\/\/ecorrector.com\/pl\/biznesowe-tlumaczenia-native-speakerow\/\" \/>\n<meta property=\"og:site_name\" content=\"eCORRECTOR\" \/>\n<meta property=\"article:modified_time\" content=\"2016-01-07T12:51:47+00:00\" \/>\n<meta property=\"og:image\" content=\"http:\/\/ecorrector.com\/wp-content\/uploads\/2015\/10\/1-1.png\" \/>\n<meta name=\"twitter:card\" content=\"summary_large_image\" \/>\n<meta name=\"twitter:label1\" content=\"Szacowany czas czytania\" \/>\n\t<meta name=\"twitter:data1\" content=\"2 minuty\" \/>\n<script type=\"application\/ld+json\" class=\"yoast-schema-graph\">{\"@context\":\"https:\/\/schema.org\",\"@graph\":[{\"@type\":\"WebPage\",\"@id\":\"https:\/\/ecorrector.com\/pl\/biznesowe-tlumaczenia-native-speakerow\/\",\"url\":\"https:\/\/ecorrector.com\/pl\/biznesowe-tlumaczenia-native-speakerow\/\",\"name\":\"T\u0142umaczenia native speaker\u00f3w z bran\u017cowym s\u0142ownictwem\",\"isPartOf\":{\"@id\":\"https:\/\/ecorrector.com\/#website\"},\"datePublished\":\"2015-10-16T07:52:09+00:00\",\"dateModified\":\"2016-01-07T12:51:47+00:00\",\"description\":\"T\u0142umaczenia native speaker\u00f3w z uwzgl\u0119dnieniem s\u0142ownictwa bran\u017cowego. Zaufa\u0142y nam setki firm i oraganizacji.\",\"breadcrumb\":{\"@id\":\"https:\/\/ecorrector.com\/pl\/biznesowe-tlumaczenia-native-speakerow\/#breadcrumb\"},\"inLanguage\":\"pl-PL\",\"potentialAction\":[{\"@type\":\"ReadAction\",\"target\":[\"https:\/\/ecorrector.com\/pl\/biznesowe-tlumaczenia-native-speakerow\/\"]}]},{\"@type\":\"BreadcrumbList\",\"@id\":\"https:\/\/ecorrector.com\/pl\/biznesowe-tlumaczenia-native-speakerow\/#breadcrumb\",\"itemListElement\":[{\"@type\":\"ListItem\",\"position\":1,\"name\":\"Home\",\"item\":\"https:\/\/ecorrector.com\/pl\/glowna\/\"},{\"@type\":\"ListItem\",\"position\":2,\"name\":\"T\u0142umaczenia native speaker\u00f3w z bran\u017cowym s\u0142ownictwem\"}]},{\"@type\":\"WebSite\",\"@id\":\"https:\/\/ecorrector.com\/#website\",\"url\":\"https:\/\/ecorrector.com\/\",\"name\":\"eCORRECTOR\",\"description\":\"Korekty i T\u0142umaczenia Specjalistyczne\",\"potentialAction\":[{\"@type\":\"SearchAction\",\"target\":{\"@type\":\"EntryPoint\",\"urlTemplate\":\"https:\/\/ecorrector.com\/?s={search_term_string}\"},\"query-input\":\"required name=search_term_string\"}],\"inLanguage\":\"pl-PL\"}]}<\/script>\n<!-- \/ Yoast SEO plugin. -->","yoast_head_json":{"title":"T\u0142umaczenia native speaker\u00f3w z bran\u017cowym s\u0142ownictwem","description":"T\u0142umaczenia native speaker\u00f3w z uwzgl\u0119dnieniem s\u0142ownictwa bran\u017cowego. Zaufa\u0142y nam setki firm i oraganizacji.","robots":{"index":"index","follow":"follow","max-snippet":"max-snippet:-1","max-image-preview":"max-image-preview:large","max-video-preview":"max-video-preview:-1"},"canonical":"https:\/\/ecorrector.com\/pl\/biznesowe-tlumaczenia-native-speakerow\/","og_locale":"pl_PL","og_type":"article","og_title":"T\u0142umaczenia native speaker\u00f3w z bran\u017cowym s\u0142ownictwem","og_description":"T\u0142umaczenia native speaker\u00f3w z uwzgl\u0119dnieniem s\u0142ownictwa bran\u017cowego. Zaufa\u0142y nam setki firm i oraganizacji.","og_url":"https:\/\/ecorrector.com\/pl\/biznesowe-tlumaczenia-native-speakerow\/","og_site_name":"eCORRECTOR","article_modified_time":"2016-01-07T12:51:47+00:00","og_image":[{"url":"http:\/\/ecorrector.com\/wp-content\/uploads\/2015\/10\/1-1.png"}],"twitter_card":"summary_large_image","twitter_misc":{"Szacowany czas czytania":"2 minuty"},"schema":{"@context":"https:\/\/schema.org","@graph":[{"@type":"WebPage","@id":"https:\/\/ecorrector.com\/pl\/biznesowe-tlumaczenia-native-speakerow\/","url":"https:\/\/ecorrector.com\/pl\/biznesowe-tlumaczenia-native-speakerow\/","name":"T\u0142umaczenia native speaker\u00f3w z bran\u017cowym s\u0142ownictwem","isPartOf":{"@id":"https:\/\/ecorrector.com\/#website"},"datePublished":"2015-10-16T07:52:09+00:00","dateModified":"2016-01-07T12:51:47+00:00","description":"T\u0142umaczenia native speaker\u00f3w z uwzgl\u0119dnieniem s\u0142ownictwa bran\u017cowego. Zaufa\u0142y nam setki firm i oraganizacji.","breadcrumb":{"@id":"https:\/\/ecorrector.com\/pl\/biznesowe-tlumaczenia-native-speakerow\/#breadcrumb"},"inLanguage":"pl-PL","potentialAction":[{"@type":"ReadAction","target":["https:\/\/ecorrector.com\/pl\/biznesowe-tlumaczenia-native-speakerow\/"]}]},{"@type":"BreadcrumbList","@id":"https:\/\/ecorrector.com\/pl\/biznesowe-tlumaczenia-native-speakerow\/#breadcrumb","itemListElement":[{"@type":"ListItem","position":1,"name":"Home","item":"https:\/\/ecorrector.com\/pl\/glowna\/"},{"@type":"ListItem","position":2,"name":"T\u0142umaczenia native speaker\u00f3w z bran\u017cowym s\u0142ownictwem"}]},{"@type":"WebSite","@id":"https:\/\/ecorrector.com\/#website","url":"https:\/\/ecorrector.com\/","name":"eCORRECTOR","description":"Korekty i T\u0142umaczenia Specjalistyczne","potentialAction":[{"@type":"SearchAction","target":{"@type":"EntryPoint","urlTemplate":"https:\/\/ecorrector.com\/?s={search_term_string}"},"query-input":"required name=search_term_string"}],"inLanguage":"pl-PL"}]}},"_links":{"self":[{"href":"https:\/\/ecorrector.com\/pl\/wp-json\/wp\/v2\/pages\/41","targetHints":{"allow":["GET"]}}],"collection":[{"href":"https:\/\/ecorrector.com\/pl\/wp-json\/wp\/v2\/pages"}],"about":[{"href":"https:\/\/ecorrector.com\/pl\/wp-json\/wp\/v2\/types\/page"}],"author":[{"embeddable":true,"href":"https:\/\/ecorrector.com\/pl\/wp-json\/wp\/v2\/users\/1"}],"replies":[{"embeddable":true,"href":"https:\/\/ecorrector.com\/pl\/wp-json\/wp\/v2\/comments?post=41"}],"version-history":[{"count":0,"href":"https:\/\/ecorrector.com\/pl\/wp-json\/wp\/v2\/pages\/41\/revisions"}],"wp:attachment":[{"href":"https:\/\/ecorrector.com\/pl\/wp-json\/wp\/v2\/media?parent=41"}],"curies":[{"name":"wp","href":"https:\/\/api.w.org\/{rel}","templated":true}]}}