{"id":4620,"date":"2016-03-03T13:52:11","date_gmt":"2016-03-03T12:52:11","guid":{"rendered":"http:\/\/ecorrector.com\/?page_id=4620"},"modified":"2016-03-07T13:07:36","modified_gmt":"2016-03-07T12:07:36","slug":"tlumaczenia-biomedyczne","status":"publish","type":"page","link":"https:\/\/ecorrector.com\/pl\/tlumaczenia-biomedyczne\/","title":{"rendered":"T\u0142umaczenia biomedyczne"},"content":{"rendered":"[vc_row][vc_column width=&#8221;2\/3&#8243; css=&#8221;.vc_custom_1446020316484{padding-right: 30px !important;}&#8221;][vc_column_text css_animation=&#8221;top-to-bottom&#8221; css=&#8221;.vc_custom_1457031313487{padding-bottom: 10px !important;}&#8221;]\n<div style=\"text-align: center;\">\n<h1 style=\"margin-bottom: 25px; text-align: left;\"><span style=\"font-size: 30px; color: #fd7800; line-height: 1.2;\">T\u0142umaczenia biomedyczne<\/span><\/h1>\n<\/div>\n<h5 style=\"text-align: justify;\"><span style=\"font-size: 14px; color: #7a7777; line-height: 1.5;\"><i class=\"fa fa-dot-circle-o\" style=\"color:#1e90ff;\"><\/i> <span style=\"color: #000000;\">Wykonywane przez t\u0142umaczy medycznych &#8211; posiadaj\u0105cych zar\u00f3wno kwalifikacje medyczne jak i doskona\u0142e umiej\u0119tno\u015bci j\u0119zykowe<\/span><\/span><\/h5>\n<h5 style=\"text-align: justify;\"><span style=\"font-size: 14px; color: #7a7777; line-height: 1.5;\"><i class=\"fa fa-dot-circle-o\" style=\"color:#1e90ff;\"><\/i> <\/span><span style=\"font-size: 14px; color: #000000; line-height: 1.5;\">Oferujemy profesjonaln\u0105 korekt\u0119 t\u0142umaczonych dokument\u00f3w przez native speaker\u00f3w z kwalifikacjami w dziedzinie t\u0142umaczonego tekstu<\/span><\/h5>\n<h5 style=\"text-align: justify;\"><span style=\"font-size: 14px; color: #7a7777; line-height: 1.5;\"><i class=\"fa fa-dot-circle-o\" style=\"color:#1e90ff;\"><\/i> <\/span><span style=\"font-size: 14px; color: #000000; line-height: 1.5;\">T\u0142umaczenie dokument\u00f3w medycznych i druk\u00f3w informacyjnych<\/span><\/h5>\n<h5 style=\"text-align: justify;\"><span style=\"font-size: 14px; color: #7a7777; line-height: 1.5;\"><i class=\"fa fa-dot-circle-o\" style=\"color:#1e90ff;\"><\/i> <\/span><span style=\"font-size: 14px; color: #000000; line-height: 1.5;\">Instrukcje obs\u0142ugi sprz\u0119tu medycznego, prezentacje medyczne, strony www klinik i poradni<\/span><\/h5>\n<h5 style=\"text-align: justify;\"><span style=\"font-size: 14px; color: #7a7777; line-height: 1.5;\"><i class=\"fa fa-dot-circle-o\" style=\"color:#1e90ff;\"><\/i> <\/span><span style=\"font-size: 14px; color: #000000; line-height: 1.5;\">T\u0142umaczenia grant\u00f3w, publikacji, ksi\u0105\u017cek biomedycznych<\/span><\/h5>\n[\/vc_column_text][vc_column_text css_animation=&#8221;bottom-to-top&#8221; css=&#8221;.vc_custom_1454071330736{padding-right: 30px !important;}&#8221;]\n<h5 style=\"margin-bottom: 10px; margin-top: 45px; text-align: left;\"><span style=\"font-size: 14px; color: #000000; line-height: 1.5;\">Przyk\u0142ady firm i organizacji, dla kt\u00f3rych wykonywali\u015bmy t\u0142umaczenia i korekty j\u0119zykowe<\/span><\/h5>\n[\/vc_column_text][vc_column_text css=&#8221;.vc_custom_1457091725845{padding-right: 30px !important;padding-bottom: 40px !important;}&#8221;]<ul class=\"kiwi-logo-carousel kiwi-logo-carousel-biomedyczne default align-center col4\"><li style=\"height:100px;\" ><div class=\"helper\" style=\"height:100px; width:150px;\" ><img decoding=\"async\" src=\"https:\/\/ecorrector.com\/wp-content\/uploads\/2016\/03\/inframedica.jpg\" alt=\"inframedica\" title=\"inframedica\" style=\"max-width:150px; padding-left: 0px; padding-right:0px\" ><\/div><\/li><li style=\"height:100px;\" ><div class=\"helper\" style=\"height:100px; width:150px;\" ><img decoding=\"async\" src=\"https:\/\/ecorrector.com\/wp-content\/uploads\/2016\/03\/2000px-Logo_Centrum_Zdrowia_Dziecka.svg_.png\" alt=\"centrum zdrowia dziecka\" title=\"centrum zdrowia dziecka\" style=\"max-width:150px; padding-left: 0px; padding-right:0px\" ><\/div><\/li><li style=\"height:100px;\" ><div class=\"helper\" style=\"height:100px; width:150px;\" ><img decoding=\"async\" src=\"https:\/\/ecorrector.com\/wp-content\/uploads\/2016\/03\/shakennotstirredtheme_logo.png\" alt=\"Warszawski Uniwersytet medyczny\" title=\"Warszawski Uniwersytet medyczny\" style=\"max-width:150px; padding-left: 0px; padding-right:0px\" ><\/div><\/li><li style=\"height:100px;\" ><div class=\"helper\" style=\"height:100px; width:150px;\" ><img decoding=\"async\" src=\"https:\/\/ecorrector.com\/wp-content\/uploads\/2016\/03\/NIL2.jpg\" alt=\"narodowy instytut lek\u00f3w\" title=\"narodowy instytut lek\u00f3w\" style=\"max-width:150px; padding-left: 0px; padding-right:0px\" ><\/div><\/li><li style=\"height:100px;\" ><div class=\"helper\" style=\"height:100px; width:150px;\" ><img decoding=\"async\" src=\"https:\/\/ecorrector.com\/wp-content\/uploads\/2016\/03\/infoscan.png\" alt=\"infoscan\" title=\"infoscan\" style=\"max-width:150px; padding-left: 0px; padding-right:0px\" ><\/div><\/li><\/ul>[\/vc_column_text][vc_separator color=&#8221;custom&#8221; el_width=&#8221;90&#8243; accent_color=&#8221;#7a7777&#8243; css=&#8221;.vc_custom_1446029895887{margin-top: -55px !important;margin-right: 40px !important;margin-bottom: 45px !important;}&#8221;][vc_column_text css_animation=&#8221;top-to-bottom&#8221; css=&#8221;.vc_custom_1457029811556{margin-top: -25px !important;padding-right: 30px !important;}&#8221;]\n<blockquote>\n<div style=\"margin-top: 10px; color: #000000; font-size: 14px; font-style: italic; text-align: right;\"><span style=\"color: #000000;\"><strong>Jeste\u015bmy w pe\u0142ni usatysfakcjonowani korektami dostarczanymi przez eCORRECTOR. Szczeg\u00f3lnie wa\u017cne by\u0142y dla nas sugestie korektora, kt\u00f3re wykazywa\u0142y g\u0142\u0119bokie zrozumienie tekstu i posiadan\u0105 przez niego wiedz\u0119 specjalistyczn\u0105. Tego rodzaju us\u0142uga rzadko jest spotykana w innych biurach t\u0142umacze\u0144.<\/strong><\/span><\/div>\n<\/blockquote>\n<div style=\"color: #f95a09; text-align: right;\"><span style=\"color: #1e90ff;\">? Prof. Andrzej Wr\u00f3bel, Instytut Biologii Do\u015bwiadczalnej PAN w Warszawie:<\/span> <span style=\"color: #1e90ff;\"><a style=\"color: #1e90ff;\" href=\"http:\/\/www.vslab.nencki.gov.pl\" target=\"_blank\">www.vslab.nencki.gov.pl<\/a><\/span><\/div>\n[\/vc_column_text][vc_column_text css_animation=&#8221;top-to-bottom&#8221; css=&#8221;.vc_custom_1457095241539{margin-top: -20px !important;padding-right: 30px !important;}&#8221;]\n<blockquote>\n<div style=\"margin-top: 10px; color: #000000; font-size: 14px; font-style: italic; text-align: right;\"><span style=\"color: #000000;\"><strong>T\u0142umacz eCORRECTOR zajmuj\u0105cy si\u0119 przes\u0142anym tekstem \u015bwietnie prze\u0142o\u017cy\u0142 s\u0142ownictwo bran\u017cowe. T\u0142umaczenie jest pozbawione b\u0142\u0119d\u00f3w i w pe\u0142ni naturalne dla ameryka\u0144skich odbiorc\u00f3w. Polecam wszystkim us\u0142ugi eCRRECTOR!<br \/>\n<\/strong><\/span><\/div>\n<\/blockquote>\n<div style=\"color: #f95a09; text-align: right;\"><span style=\"color: #1e90ff;\">&#8211; Anna Barauskas, Infra-Medica Inc. Chicago USA:<\/span> <span style=\"color: #1e90ff;\"><a style=\"color: #1e90ff;\" href=\"http:\/\/www.inframedica.com\" target=\"_blank\">www.inframedica.com<\/a><\/span><\/div>\n[\/vc_column_text][vc_column_text css_animation=&#8221;top-to-bottom&#8221; css=&#8221;.vc_custom_1457095250937{margin-top: -20px !important;padding-right: 30px !important;}&#8221;]\n<blockquote>\n<div style=\"margin-top: 10px; color: #000000; font-size: 14px; font-style: italic; text-align: right;\"><span style=\"color: #000000;\"><strong>Do tej pory nie mia\u0142am \u017cadnych zarzut\u00f3w od redakcji, do kt\u00f3rych wysy\u0142am teksty co do jako\u015bci j\u0119zyka angielskiego. Bardzo dzi\u0119kuj\u0119 i pozdrawiam najlepszy zesp\u00f3\u0142 w Polsce!<br \/>\n<\/strong><\/span><\/div>\n<\/blockquote>\n<div style=\"color: #f95a09; text-align: right;\"><span style=\"color: #1e90ff;\">&#8211; dr Ma\u0142gorzata \u017bychowska, Akademia Wychowania Fizycznego i Sportu w Ga\u0144sku:<\/span> <span style=\"color: #1e90ff;\"><a style=\"color: #1e90ff;\" href=\"http:\/\/www.awf.gda.pl\/\" target=\"_blank\">www.awf.gda.pl<\/a><\/span><\/div>\n[\/vc_column_text][vc_column_text css_animation=&#8221;top-to-bottom&#8221; css=&#8221;.vc_custom_1457095262809{margin-top: -20px !important;padding-right: 30px !important;}&#8221;]\n<blockquote>\n<div style=\"margin-top: 10px; color: #000000; font-size: 14px; font-style: italic; font-weight: bold; text-align: right;\"><span style=\"color: #000000;\">Wiedz\u0105c \u017ce jedn\u0105 z przyczyn k\u0142opot\u00f3w publikacyjnych jest niedostateczny poziom j\u0119zykowy chcieliby\u015bmy zach\u0119ci\u0107 mykolog\u00f3w do korzystania z Pa\u0144stwa us\u0142ug, bo to mo\u017ce ostatecznie przyczyni\u0107 si\u0119 do poprawienia wska\u017anik\u00f3w publikacyjnych. <\/span><\/div>\n<\/blockquote>\n<div style=\"color: #f95a09; text-align: right;\"><span style=\"color: #1e90ff;\">&#8211; dr Marta Wrzosek, Zak\u0142ad Filogenetyki Molekularnej i Ewolucji, Uniwersytet Warszawski:<br \/>\n<a style=\"color: #1e90ff;\" href=\"http:\/\/www.biol.uw.edu.pl\/zsgr\/\" target=\"_blank\">www.biol.uw.edu.pl<\/a><\/span><\/div>\n[\/vc_column_text][\/vc_column][vc_column width=&#8221;1\/3&#8243; css=&#8221;.vc_custom_1445955201059{background-color: #293037 !important;border-radius: 30px !important;}&#8221;][vc_column_text css_animation=&#8221;right-to-left&#8221;]<img decoding=\"async\" class=\"aligncenter\" src=\"http:\/\/ecorrector.com\/wp-content\/uploads\/2016\/03\/kolko-doktor-2.png\" alt=\"T\u0142umaczenia biomedyczne - Aleksander Kozak\" \/><\/p>\n<div style=\"text-align: center;\">\n<h3 style=\"margin: 0 auto; padding-bottom: 0;\"><span style=\"color: #1e90ff;\"><a style=\"color: #1e90ff;\" title=\"Aleksander Kozak\">lek. med. Aleksander Kozak<\/a>\u00a0<\/span><\/h3>\n<h6 style=\"margin: 0 auto; padding-bottom: 0; line-height: 20px;\"><span style=\"color: #ff6600;\"><strong>kierownik zespo\u0142u t\u0142umacze\u0144 biomedycznych<\/strong><\/span><\/h6>\n<\/div>\n[\/vc_column_text][vc_column_text css_animation=&#8221;right-to-left&#8221; css=&#8221;.vc_custom_1457337581086{margin-top: -20px !important;}&#8221;]\n<div style=\"font-size: 1.2em; color: #a9a9a9;\">\n<ul class=\"list-2\" style=\"color: #2a2a2a; font-size: 12px !important; margin-top: 20px;\">\n<li><span style=\"color: #ffffff;\">uko\u0144czy\u0142 Wydzia\u0142 Lekarski Collegium Medicum Uniwersytetu Jagiello\u0144skiego<\/span><\/li>\n<li><span style=\"color: #ffffff;\">sta\u017c w USA oraz Indiach i Rosji<\/span><\/li>\n<li><span style=\"color: #ffffff;\">4 letnie do\u015bwiadczenie w t\u0142umaczeniu artyku\u0142\u00f3w medycznych<\/span><\/li>\n<li><span style=\"color: #ffffff;\">w\u0142asna dzia\u0142alno\u015b\u0107 naukowa<\/span><\/li>\n<li><span style=\"color: #ffffff;\">znajomo\u015b\u0107 j. angielskiego, niemieckiego i rosyjskiego<\/span><\/li>\n<\/ul>\n<\/div>\n[\/vc_column_text][vc_row_inner][vc_column_inner width=&#8221;1\/3&#8243;][vc_single_image image=&#8221;4737&#8243; img_size=&#8221;full&#8221; alignment=&#8221;center&#8221; onclick=&#8221;custom_link&#8221; img_link_target=&#8221;_blank&#8221; link=&#8221;https:\/\/www.cm-uj.krakow.pl\/&#8221;][\/vc_column_inner][vc_column_inner el_class=&#8221;center&#8221; width=&#8221;1\/3&#8243;][vc_single_image image=&#8221;4671&#8243; alignment=&#8221;center&#8221; onclick=&#8221;custom_link&#8221; img_link_target=&#8221;_blank&#8221; link=&#8221;http:\/\/www.rubyhospital.com\/&#8221;][\/vc_column_inner][vc_column_inner width=&#8221;1\/3&#8243;][vc_single_image image=&#8221;4668&#8243; alignment=&#8221;center&#8221; onclick=&#8221;custom_link&#8221; img_link_target=&#8221;_blank&#8221; link=&#8221;http:\/\/en.ngmu.ru\/&#8221;][\/vc_column_inner][\/vc_row_inner][vc_separator color=&#8221;white&#8221; css=&#8221;.vc_custom_1457095086084{margin-top: px !important;}&#8221;][vc_column_text css_animation=&#8221;top-to-bottom&#8221;]\n<h5 style=\"margin: 0px auto; padding-bottom: 0px; text-align: center;\"><span style=\"color: #1e90ff;\"><a style=\"color: #1e90ff;\" title=\"T\u0142umaczenia biomedyczne native speaker\u00f3w \">Specjalistyczne t\u0142umaczenia biomedyczne: <\/a><\/span><\/h5>\n[\/vc_column_text][vc_row_inner css=&#8221;.vc_custom_1446210608890{margin-top: -20px !important;padding-bottom: 20px !important;}&#8221;][vc_column_inner][vc_column_text]\n<div style=\"font-size: 1.2em; color: #a9a9a9; line-height: 18px;\">\n<ul class=\"list-9\" style=\"color: #2a2a2a; font-size: 12px !important; margin-top: 0px;\">\n<li><span style=\"color: #ffffff;\">t\u0142umaczenie karty informacyjnej leczenia szpitalnego<\/span><\/li>\n<li><span style=\"color: #ffffff;\">t\u0142umaczenie historii chor\u00f3b<\/span><\/li>\n<li><span style=\"color: #ffffff;\">t\u0142umaczenie wynik\u00f3w bada\u0144<\/span><\/li>\n<li><span style=\"color: #ffffff;\">t\u0142umaczenie wynik\u00f3w konsultacji<\/span><\/li>\n<li><span style=\"color: #ffffff;\">t\u0142umaczenie skierowania na badania<\/span><\/li>\n<li><span style=\"color: #ffffff;\">t\u0142umaczenie zwolnie\u0144 lekarskich<\/span><\/li>\n<li><span style=\"color: #ffffff;\">t\u0142umaczenie charakterystyki produktu leczniczego<\/span><\/li>\n<li><span style=\"color: #ffffff;\">t\u0142umaczenie ulotek dla pacjenta<\/span><\/li>\n<li><span style=\"color: #ffffff;\">t\u0142umaczenie tekst\u00f3w na opakowaniach lek\u00f3w<\/span><\/li>\n<li><span style=\"color: #ffffff;\">t\u0142umaczenie dokument\u00f3w medycznych<\/span><\/li>\n<li><span style=\"color: #ffffff;\">t\u0142umaczenie druk\u00f3w informacyjnych<\/span><\/li>\n<li><span style=\"color: #ffffff;\">t\u0142umaczenie instrukcji obs\u0142ugi sprz\u0119tu medycznego<\/span><\/li>\n<li><span style=\"color: #ffffff;\">t\u0142umaczenie prezentacji medycznych<\/span><\/li>\n<li><span style=\"color: #ffffff;\">t\u0142umaczenie stron www klinik i poradni<\/span><\/li>\n<li><span style=\"color: #ffffff;\">t\u0142umaczenia grant\u00f3w<\/span><\/li>\n<li><span style=\"color: #ffffff;\">t\u0142umaczenie publikacji medycznych<\/span><\/li>\n<li><span style=\"color: #ffffff;\">t\u0142umaczenie ksi\u0105\u017cek biomedycznych<\/span><\/li>\n<li><span style=\"color: #ffffff;\">t\u0142umaczenie studium przypadku<\/span><\/li>\n<li><span style=\"color: #ffffff;\">t\u0142umaczenie dzienniczka pacjenta<\/span><\/li>\n<li><span style=\"color: #ffffff;\">t\u0142umaczenie artyku\u0142\u00f3w naukowych<\/span><\/li>\n<\/ul>\n<\/div>\n[\/vc_column_text][\/vc_column_inner][\/vc_row_inner][\/vc_column][\/vc_row][vc_row][vc_column][\/vc_column][\/vc_row]\n","protected":false},"excerpt":{"rendered":"<p>[vc_row][vc_column width=&#8221;2\/3&#8243; css=&#8221;.vc_custom_1446020316484{padding-right: 30px !important;}&#8221;][vc_column_text css_animation=&#8221;top-to-bottom&#8221; css=&#8221;.vc_custom_1457031313487{padding-bottom: 10px !important;}&#8221;] T\u0142umaczenia biomedyczne Wykonywane przez t\u0142umaczy medycznych &#8211; posiadaj\u0105cych zar\u00f3wno kwalifikacje medyczne jak i doskona\u0142e umiej\u0119tno\u015bci j\u0119zykowe Oferujemy profesjonaln\u0105 korekt\u0119 t\u0142umaczonych dokument\u00f3w przez native speaker\u00f3w z kwalifikacjami w dziedzinie t\u0142umaczonego tekstu T\u0142umaczenie dokument\u00f3w medycznych i druk\u00f3w informacyjnych Instrukcje obs\u0142ugi sprz\u0119tu medycznego, prezentacje medyczne, strony www klinik i poradni T\u0142umaczenia grant\u00f3w, publikacji, ksi\u0105\u017cek biomedycznych [\/vc_column_text][vc_column_text css_animation=&#8221;bottom-to-top&#8221; css=&#8221;.vc_custom_1454071330736{padding-right: 30px !important;}&#8221;] Przyk\u0142ady firm i organizacji, dla kt\u00f3rych wykonywali\u015bmy t\u0142umaczenia i korekty j\u0119zykowe [\/vc_column_text][vc_column_text css=&#8221;.vc_custom_1457091725845{padding-right: 30px<\/p>\n","protected":false},"author":1,"featured_media":0,"parent":0,"menu_order":0,"comment_status":"closed","ping_status":"closed","template":"page-FullWidth.php","meta":{"_monsterinsights_skip_tracking":false,"_monsterinsights_sitenote_active":false,"_monsterinsights_sitenote_note":"","_monsterinsights_sitenote_category":0,"footnotes":""},"class_list":["post-4620","page","type-page","status-publish","hentry"],"yoast_head":"<!-- This site is optimized with the Yoast SEO plugin v21.0 - https:\/\/yoast.com\/wordpress\/plugins\/seo\/ -->\n<title>T\u0142umaczenia biomedyczne | Profesjonalna korekta dokument\u00f3w<\/title>\n<meta name=\"description\" content=\"Wykonywane przez t\u0142umaczy medycznych posiadaj\u0105cych kwalifikacje medyczne i doskona\u0142e umiej\u0119tno\u015bci j\u0119zykowe. Profesjonalna korekta i t\u0142umaczenia biomedyczne.\" \/>\n<meta name=\"robots\" content=\"index, follow, max-snippet:-1, max-image-preview:large, max-video-preview:-1\" \/>\n<link rel=\"canonical\" href=\"https:\/\/ecorrector.com\/pl\/tlumaczenia-biomedyczne\/\" \/>\n<meta property=\"og:locale\" content=\"pl_PL\" \/>\n<meta property=\"og:type\" content=\"article\" \/>\n<meta property=\"og:title\" content=\"T\u0142umaczenia biomedyczne | Profesjonalna korekta dokument\u00f3w\" \/>\n<meta property=\"og:description\" content=\"Wykonywane przez t\u0142umaczy medycznych posiadaj\u0105cych kwalifikacje medyczne i doskona\u0142e umiej\u0119tno\u015bci j\u0119zykowe. Profesjonalna korekta i t\u0142umaczenia biomedyczne.\" \/>\n<meta property=\"og:url\" content=\"https:\/\/ecorrector.com\/pl\/tlumaczenia-biomedyczne\/\" \/>\n<meta property=\"og:site_name\" content=\"eCORRECTOR\" \/>\n<meta property=\"article:modified_time\" content=\"2016-03-07T12:07:36+00:00\" \/>\n<meta property=\"og:image\" content=\"http:\/\/ecorrector.com\/wp-content\/uploads\/2016\/03\/kolko-doktor-2.png\" \/>\n<meta name=\"twitter:card\" content=\"summary_large_image\" \/>\n<meta name=\"twitter:label1\" content=\"Szacowany czas czytania\" \/>\n\t<meta name=\"twitter:data1\" content=\"4 minuty\" \/>\n<script type=\"application\/ld+json\" class=\"yoast-schema-graph\">{\"@context\":\"https:\/\/schema.org\",\"@graph\":[{\"@type\":\"WebPage\",\"@id\":\"https:\/\/ecorrector.com\/pl\/tlumaczenia-biomedyczne\/\",\"url\":\"https:\/\/ecorrector.com\/pl\/tlumaczenia-biomedyczne\/\",\"name\":\"T\u0142umaczenia biomedyczne | Profesjonalna korekta dokument\u00f3w\",\"isPartOf\":{\"@id\":\"https:\/\/ecorrector.com\/#website\"},\"datePublished\":\"2016-03-03T12:52:11+00:00\",\"dateModified\":\"2016-03-07T12:07:36+00:00\",\"description\":\"Wykonywane przez t\u0142umaczy medycznych posiadaj\u0105cych kwalifikacje medyczne i doskona\u0142e umiej\u0119tno\u015bci j\u0119zykowe. Profesjonalna korekta i t\u0142umaczenia biomedyczne.\",\"breadcrumb\":{\"@id\":\"https:\/\/ecorrector.com\/pl\/tlumaczenia-biomedyczne\/#breadcrumb\"},\"inLanguage\":\"pl-PL\",\"potentialAction\":[{\"@type\":\"ReadAction\",\"target\":[\"https:\/\/ecorrector.com\/pl\/tlumaczenia-biomedyczne\/\"]}]},{\"@type\":\"BreadcrumbList\",\"@id\":\"https:\/\/ecorrector.com\/pl\/tlumaczenia-biomedyczne\/#breadcrumb\",\"itemListElement\":[{\"@type\":\"ListItem\",\"position\":1,\"name\":\"Home\",\"item\":\"https:\/\/ecorrector.com\/pl\/glowna\/\"},{\"@type\":\"ListItem\",\"position\":2,\"name\":\"T\u0142umaczenia biomedyczne\"}]},{\"@type\":\"WebSite\",\"@id\":\"https:\/\/ecorrector.com\/#website\",\"url\":\"https:\/\/ecorrector.com\/\",\"name\":\"eCORRECTOR\",\"description\":\"Korekty i T\u0142umaczenia Specjalistyczne\",\"potentialAction\":[{\"@type\":\"SearchAction\",\"target\":{\"@type\":\"EntryPoint\",\"urlTemplate\":\"https:\/\/ecorrector.com\/?s={search_term_string}\"},\"query-input\":\"required name=search_term_string\"}],\"inLanguage\":\"pl-PL\"}]}<\/script>\n<!-- \/ Yoast SEO plugin. -->","yoast_head_json":{"title":"T\u0142umaczenia biomedyczne | Profesjonalna korekta dokument\u00f3w","description":"Wykonywane przez t\u0142umaczy medycznych posiadaj\u0105cych kwalifikacje medyczne i doskona\u0142e umiej\u0119tno\u015bci j\u0119zykowe. Profesjonalna korekta i t\u0142umaczenia biomedyczne.","robots":{"index":"index","follow":"follow","max-snippet":"max-snippet:-1","max-image-preview":"max-image-preview:large","max-video-preview":"max-video-preview:-1"},"canonical":"https:\/\/ecorrector.com\/pl\/tlumaczenia-biomedyczne\/","og_locale":"pl_PL","og_type":"article","og_title":"T\u0142umaczenia biomedyczne | Profesjonalna korekta dokument\u00f3w","og_description":"Wykonywane przez t\u0142umaczy medycznych posiadaj\u0105cych kwalifikacje medyczne i doskona\u0142e umiej\u0119tno\u015bci j\u0119zykowe. Profesjonalna korekta i t\u0142umaczenia biomedyczne.","og_url":"https:\/\/ecorrector.com\/pl\/tlumaczenia-biomedyczne\/","og_site_name":"eCORRECTOR","article_modified_time":"2016-03-07T12:07:36+00:00","og_image":[{"url":"http:\/\/ecorrector.com\/wp-content\/uploads\/2016\/03\/kolko-doktor-2.png"}],"twitter_card":"summary_large_image","twitter_misc":{"Szacowany czas czytania":"4 minuty"},"schema":{"@context":"https:\/\/schema.org","@graph":[{"@type":"WebPage","@id":"https:\/\/ecorrector.com\/pl\/tlumaczenia-biomedyczne\/","url":"https:\/\/ecorrector.com\/pl\/tlumaczenia-biomedyczne\/","name":"T\u0142umaczenia biomedyczne | Profesjonalna korekta dokument\u00f3w","isPartOf":{"@id":"https:\/\/ecorrector.com\/#website"},"datePublished":"2016-03-03T12:52:11+00:00","dateModified":"2016-03-07T12:07:36+00:00","description":"Wykonywane przez t\u0142umaczy medycznych posiadaj\u0105cych kwalifikacje medyczne i doskona\u0142e umiej\u0119tno\u015bci j\u0119zykowe. Profesjonalna korekta i t\u0142umaczenia biomedyczne.","breadcrumb":{"@id":"https:\/\/ecorrector.com\/pl\/tlumaczenia-biomedyczne\/#breadcrumb"},"inLanguage":"pl-PL","potentialAction":[{"@type":"ReadAction","target":["https:\/\/ecorrector.com\/pl\/tlumaczenia-biomedyczne\/"]}]},{"@type":"BreadcrumbList","@id":"https:\/\/ecorrector.com\/pl\/tlumaczenia-biomedyczne\/#breadcrumb","itemListElement":[{"@type":"ListItem","position":1,"name":"Home","item":"https:\/\/ecorrector.com\/pl\/glowna\/"},{"@type":"ListItem","position":2,"name":"T\u0142umaczenia biomedyczne"}]},{"@type":"WebSite","@id":"https:\/\/ecorrector.com\/#website","url":"https:\/\/ecorrector.com\/","name":"eCORRECTOR","description":"Korekty i T\u0142umaczenia Specjalistyczne","potentialAction":[{"@type":"SearchAction","target":{"@type":"EntryPoint","urlTemplate":"https:\/\/ecorrector.com\/?s={search_term_string}"},"query-input":"required name=search_term_string"}],"inLanguage":"pl-PL"}]}},"_links":{"self":[{"href":"https:\/\/ecorrector.com\/pl\/wp-json\/wp\/v2\/pages\/4620","targetHints":{"allow":["GET"]}}],"collection":[{"href":"https:\/\/ecorrector.com\/pl\/wp-json\/wp\/v2\/pages"}],"about":[{"href":"https:\/\/ecorrector.com\/pl\/wp-json\/wp\/v2\/types\/page"}],"author":[{"embeddable":true,"href":"https:\/\/ecorrector.com\/pl\/wp-json\/wp\/v2\/users\/1"}],"replies":[{"embeddable":true,"href":"https:\/\/ecorrector.com\/pl\/wp-json\/wp\/v2\/comments?post=4620"}],"version-history":[{"count":0,"href":"https:\/\/ecorrector.com\/pl\/wp-json\/wp\/v2\/pages\/4620\/revisions"}],"wp:attachment":[{"href":"https:\/\/ecorrector.com\/pl\/wp-json\/wp\/v2\/media?parent=4620"}],"curies":[{"name":"wp","href":"https:\/\/api.w.org\/{rel}","templated":true}]}}