{"id":5108,"date":"2016-07-05T10:58:23","date_gmt":"2016-07-05T08:58:23","guid":{"rendered":"http:\/\/ecorrector.com\/?page_id=5108"},"modified":"2020-04-28T16:56:08","modified_gmt":"2020-04-28T14:56:08","slug":"korekta-tekstow-polskich","status":"publish","type":"page","link":"https:\/\/ecorrector.com\/pl\/korekta-tekstow-polskich\/","title":{"rendered":"Korekta tekst\u00f3w polskich"},"content":{"rendered":"[vc_row][vc_column][vc_column_text]\t\t<style type=\"text\/css\">\r\n\t\t    #content-block-background-1309 { background-image: url(http:\/\/ecorrector.com\/wp-content\/uploads\/2016\/07\/korekta-tekstow-polskich.jpg); background-position: center center; background-repeat: repeat-x; background-color: #fff; background-attachment: scroll; background-size: auto; }\r\n\t\t    #content-block-body-1309 { padding: 20px 0 40px; color: #000; }\r\n\t\t    .content-block-body { margin-left: auto; margin-right: auto; position: relative; }\r\n\t\t<\/style>\r\n\t\t\t\t\t<style type=\"text\/css\">\r\n\t\t\t\t#wrapper-1 { overflow-x: hidden; }\r\n\t\t\t\t#content-block-background-1309 { margin: 0 -10000px; padding: 0 10000px; }\r\n\t\t\t<\/style>\r\n\t\t\r\n\t\t\r\n\t\t<div class=\"clear\"><\/div>\r\n\t\t<div id=\"content-block-background-1309\" class=\"content-block-background \">\r\n\t\t\t<div id=\"content-block-body-1309\" class=\"content-block-body\">\r\n\t\t\t\t<div class=\"clear\"><\/div>\r\n\t\t\t\t\n<h1 style=\"margin-bottom: 50px\"><span style=\"font-size: 30px;color: #000000;line-height: 1.2;font-weight: bold\">Profesjonalna korekta tekst\u00f3w polskich<\/span><\/h1>\n<div style=\"font-size: 17px;color: #777\">\n<div class=\"one_half\">\n<div style=\"margin-bottom: 40px;text-align: justify\"><span style=\"font-size: 17px;color: #000000;line-height: 1.5\">Ka\u017cdy autor pragnie, aby jego tekst by\u0142 nieskazitelny i dopracowany pod ka\u017cdym wzgl\u0119dem. Bardzo cz\u0119sto zdarza si\u0119, \u017ce artyku\u0142 czy dokument, mimo wielokrotnego sprawdzenia i korekty, zawiera r\u00f3\u017cnego rodzaju b\u0142\u0119dy. Powody ich istnienia s\u0105 r\u00f3\u017cne. Niekt\u00f3rych niedoci\u0105gni\u0119\u0107 nie wychwytuje funkcja sprawdzenia pisowni w edytorze tekstu, innych nie widzimy ze zm\u0119czenia, a cz\u0119\u015b\u0107 wynika z naszej nieznajomo\u015bci zasad pisowni. W g\u0105szczu regu\u0142, utartych wyra\u017ce\u0144 czy skomplikowanej terminologii \u0142atwo pope\u0142ni\u0107 j\u0119zykowe faux pas, niezwykle wa\u017cne jest wi\u0119c, aby zadba\u0107 o jak najlepsza jako\u015b\u0107 swojego tekstu. Pomocna mo\u017ce okaza\u0107 si\u0119 pomoc eksperta i\u00a0us\u0142uga:\u00a0profesjonalna korekta tekst\u00f3w polskich.<\/span><\/div>\n<a class=\"flat-custom-button align-btn-left\" href=\"http:\/\/ecorrector.com\/wyslij-tekst-do-darmowej-wyceny\/\" title=\"Korekta tekst\u00f3w polskich\"><span style=\"padding:10px 43px; background-color:#FD7800; border:1px solid #eb6f00; color:#FFFFFF; font-size:17px;\">Darmowa wycena korekty tekstu polskiego<\/span><\/a>\n<\/div>\n<div class=\"one_half last_column\"><\/div>\n<\/div>\n\t\t\t\t<div class=\"clear\"><\/div>\r\n\t\t\t<\/div>\r\n\t\t<\/div>\r\n\t\t<div class=\"clear\"><\/div>\r\n\t[\/vc_column_text][\/vc_column][\/vc_row][vc_row][vc_column][vc_column_text]\n<h2 style=\"text-align: center;margin: 40px 0 50px\"><span style=\"font-size: 26px;color: #000000;line-height: 1.2;font-weight: bold\">Jakie teksty warto podda\u0107 korekcie?<\/span><\/h2>\n[\/vc_column_text][vc_row_inner css=&#8221;.vc_custom_1467656987148{padding-bottom: 40px !important;}&#8221;][vc_column_inner width=&#8221;1\/3&#8243;][vc_column_text]\n<p style=\"text-align: center\"><i class=\"fa fa-graduation-cap circle-wrap\" style=\"color: #1e90ff;font-size: 2em\"><!-- icon --><\/i><\/p>\n<h4 style=\"margin: 10px 0px;font-weight: bold;text-align: center\"><span style=\"color: #1e90ff\">Prace dyplomowe<\/span><\/h4>\n<div style=\"text-align: center\">Mi\u0119dzy innymi prace zaliczeniowe, licencjackie, in\u017cynierskie, magisterskie, doktoraty i rozprawy naukowe.<\/div>\n[\/vc_column_text][\/vc_column_inner][vc_column_inner width=&#8221;1\/3&#8243;][vc_column_text]\n<p style=\"text-align: center\"><i class=\"fa fa-newspaper-o circle-wrap\" style=\"color: #1e90ff;font-size: 2em\"><!-- icon --><\/i><\/p>\n<h4 style=\"margin: 10px 0px;font-weight: bold;text-align: center\"><span style=\"color: #1e90ff\">Publikacje<\/span><\/h4>\n<div style=\"text-align: center\">Teksty przeznaczone do publikacji, np. w czasopismach naukowych, gazetach, na portalach lub stronach internetowych<\/div>\n[\/vc_column_text][\/vc_column_inner][vc_column_inner width=&#8221;1\/3&#8243;][vc_column_text]\n<p style=\"text-align: center\"><i class=\"fa fa-book circle-wrap\" style=\"color: #1e90ff;font-size: 2em\"><!-- icon --><\/i><\/p>\n<h4 style=\"margin: 10px 0px;font-weight: bold;text-align: center\"><span style=\"color: #1e90ff\">Ksi\u0105zki i artyku\u0142y<\/span><\/h4>\n<div style=\"text-align: center\">Artyku\u0142y b\u0105d\u017a ksi\u0105\u017cki ? naukowe, literackie, specjalistyczne, poradniki<\/div>\n[\/vc_column_text][\/vc_column_inner][\/vc_row_inner][\/vc_column][\/vc_row][vc_row full_width=&#8221;stretch_row&#8221; css=&#8221;.vc_custom_1467657174976{margin-top: -25px !important;padding-bottom: 20px !important;background-color: #eeeeee !important;}&#8221;][vc_column css=&#8221;.vc_custom_1467653570917{margin-bottom: -35px !important;}&#8221;][vc_column_text]\t\t<style type=\"text\/css\">\r\n\t\t    #content-block-background-1919 { background-image: url(http:\/\/ecorrector.com\/wp-content\/uploads\/2016\/07\/tlumaczenie-polskich-tekstow-i-publikacji.gif); background-position: center center; background-repeat: repeat-x; background-color: #293037; background-attachment: scroll; background-size: auto; }\r\n\t\t    #content-block-body-1919 { padding: 100px 0 80px; color: #FFFFFF; }\r\n\t\t    .content-block-body { margin-left: auto; margin-right: auto; position: relative; }\r\n\t\t<\/style>\r\n\t\t\t\t\t<style type=\"text\/css\">\r\n\t\t\t\t#wrapper-1 { overflow-x: hidden; }\r\n\t\t\t\t#content-block-background-1919 { margin: 0 -10000px; padding: 0 10000px; }\r\n\t\t\t<\/style>\r\n\t\t\r\n\t\t\r\n\t\t<div class=\"clear\"><\/div>\r\n\t\t<div id=\"content-block-background-1919\" class=\"content-block-background \">\r\n\t\t\t<div id=\"content-block-body-1919\" class=\"content-block-body\">\r\n\t\t\t\t<div class=\"clear\"><\/div>\r\n\t\t\t\t\n<div style=\"text-align: center\">\n<h4 style=\"margin-bottom: 25px\"><span style=\"font-size: 30px;color: #fff;line-height: 1.2;font-weight: bold\">Skr\u00f3ty my\u015blowe, b\u0142\u0119dy logiczne i merytoryczne<\/span><\/h4>\n<div style=\"margin-bottom: 20px;text-align: justify\"><span style=\"font-size: 17px;color: #ffffff;line-height: 1.5\">W przypadku wielokrotnej edycji tekstu mog\u0105 si\u0119 tam wkra\u015b\u0107 inne lapsusy, takie jak skr\u00f3ty my\u015blowe, b\u0142\u0119dy logiczne lub merytoryczne. Dla autora mog\u0105 by\u0107 one w pe\u0142ni zrozumia\u0142e, w ko\u0144cu kt\u00f3\u017c lepiej wie, co ma on na my\u015bli? Nawet najwi\u0119ksi pisarze z rewelacyjnym warsztatem mog\u0105 pa\u015b\u0107 ofiar\u0105 tej s\u0142abo\u015bci, dlatego czuwa nad nimi dzia\u0142 korekt. Adekwatn\u0105 us\u0142ug\u0119 korekty tekst\u00f3w polskich oferuje eCORRECTOR, dbaj\u0105c o to, aby ka\u017cdy tekst po profesjonalnej redakcji spe\u0142nia\u0142 kryteria najwy\u017cszej jako\u015bci stylistycznej, gramatycznej i merytorycznej.<br \/>\n<\/span><\/div>\n<\/div>\n\t\t\t\t<div class=\"clear\"><\/div>\r\n\t\t\t<\/div>\r\n\t\t<\/div>\r\n\t\t<div class=\"clear\"><\/div>\r\n\t[\/vc_column_text][\/vc_column][\/vc_row][vc_row full_width=&#8221;stretch_row&#8221; css=&#8221;.vc_custom_1467698263935{margin-top: -35px !important;padding-bottom: 20px !important;}&#8221;][vc_column][vc_column_text]\n<h2 style=\"text-align: center;margin: 40px 0 50px\"><span style=\"font-size: 26px;color: #000000;line-height: 1.2;font-weight: bold\">Dlaczego warto korzysta\u0107 z korekty tekst\u00f3w w j\u0119zyku polskim?<br \/>\n<\/span><\/h2>\n[\/vc_column_text][vc_row_inner css=&#8221;.vc_custom_1467657022848{padding-bottom: 40px !important;}&#8221;][vc_column_inner width=&#8221;1\/3&#8243;][vc_column_text]\n<p style=\"text-align: center\"><i class=\"fa fa-language circle-wrap\" style=\"color: #1e90ff;font-size: 2em\"><!-- icon --><\/i><\/p>\n<h4 style=\"margin: 10px 0px;font-weight: bold;text-align: center\"><span style=\"color: #1e90ff\">Brak b\u0142\u0119d\u00f3w j\u0119zykowych<\/span><\/h4>\n<div style=\"text-align: center\">Korekta tekst\u00f3w pozwala na unikni\u0119cie b\u0142\u0119d\u00f3w j\u0119zykowych, b\u0119d\u0105cych wynikiem niewystarczaj\u0105cej znajomo\u015bci niuans\u00f3w gramatyki<\/div>\n[\/vc_column_text][\/vc_column_inner][vc_column_inner width=&#8221;1\/3&#8243;][vc_column_text]\n<p style=\"text-align: center\"><i class=\"fa fa-thumbs-o-up circle-wrap\" style=\"color: #1e90ff;font-size: 2em\"><!-- icon --><\/i><\/p>\n<h4 style=\"margin: 10px 0px;font-weight: bold;text-align: center\"><span style=\"color: #1e90ff\">Styl i brzmienie<\/span><\/h4>\n<div style=\"text-align: center\">Tekst nabiera stylu i brzmienia adekwatnych do swego przeznaczenia ? inaczej formu\u0142owane s\u0105 teksty techniczne, a inaczej reklamowe czy posty w mediach spo\u0142eczno\u015bciowych. Korekta nie zmienia przes\u0142ania tekstu i zawartych w nim informacji, a jedynie podnosi jego warto\u015b\u0107 i profesjonalizm.<\/div>\n[\/vc_column_text][\/vc_column_inner][vc_column_inner width=&#8221;1\/3&#8243;][vc_column_text]\n<p style=\"text-align: center\"><i class=\"fa fa-certificate circle-wrap\" style=\"color: #1e90ff;font-size: 2em\"><!-- icon --><\/i><\/p>\n<h4 style=\"margin: 10px 0px;font-weight: bold;text-align: center\"><span style=\"color: #1e90ff\">Gwarancja zrozumienia<\/span><\/h4>\n<div style=\"text-align: center\">Tekst po korekcie j\u0119zykowej czyta si\u0119 o wiele lepiej i \u0142atwiej zapada w pami\u0119\u0107, skutkiem czego jest gwarancja odpowiedniego odbioru przez czytelnik\u00f3w<\/div>\n[\/vc_column_text][\/vc_column_inner][\/vc_row_inner][\/vc_column][\/vc_row][vc_row full_width=&#8221;stretch_row&#8221; css=&#8221;.vc_custom_1467798976983{margin-top: -35px !important;background-color: #1e90ff !important;}&#8221;][vc_column width=&#8221;2\/3&#8243;][vc_row_inner][vc_column_inner][vc_column_text]\n<h2 style=\"text-align: center;margin: 40px 0 50px\"><span style=\"font-size: 26px;color: #ffffff;line-height: 1.2;font-weight: bold\">Kto dokonuje korekty tekst\u00f3w polskich?<\/span><\/h2>\n[\/vc_column_text][\/vc_column_inner][\/vc_row_inner][vc_row_inner css=&#8221;.vc_custom_1467798949497{margin-top: -35px !important;}&#8221;][vc_column_inner width=&#8221;1\/2&#8243;][vc_column_text]\n<p style=\"text-align: center\"><i class=\"fa fa-user-md circle-wrap\" style=\"color: #ffffff;font-size: 2em\"><!-- icon --><\/i><\/p>\n<h4 style=\"margin: 10px 0px;font-weight: bold;text-align: center\"><span style=\"color: #ffffff\">Korektorzy oraz copywriterzy<\/span><\/h4>\n<div style=\"text-align: center\"><span style=\"color: #ffffff\">Wsp\u00f3\u0142pracujemy z profesjonalnymi korektorami oraz copywriterami, kt\u00f3rzy doskonale znaj\u0105 j\u0119zyk polski oraz rz\u0105dz\u0105ce nim zasady<\/span><\/div>\n[\/vc_column_text][\/vc_column_inner][vc_column_inner width=&#8221;1\/2&#8243;][vc_column_text]\n<p style=\"text-align: center\"><i class=\"fa fa-balance-scale circle-wrap\" style=\"color: #ffffff;font-size: 2em\"><!-- icon --><\/i><\/p>\n<h4 style=\"margin: 10px 0px;font-weight: bold;text-align: center\"><span style=\"color: #ffffff\">Dyplomowani poloni\u015bci<\/span><\/h4>\n<div style=\"text-align: center\"><span style=\"color: #ffffff\">Osoby te s\u0105 dyplomowanymi t\u0142umaczami literackimi oraz korektorami tekst\u00f3w polskich, posiadaj\u0105cymi stopie\u0144 magistra polonistyki b\u0105d\u017a doktora w dziedzinie literaturoznawstwa<\/span><\/div>\n[\/vc_column_text][\/vc_column_inner][\/vc_row_inner][\/vc_column][vc_column width=&#8221;1\/3&#8243;][vc_single_image image=&#8221;5146&#8243; img_size=&#8221;280&#215;350&#8243;][\/vc_column][\/vc_row][vc_row full_width=&#8221;stretch_row_content&#8221; parallax=&#8221;content-moving&#8221; css=&#8221;.vc_custom_1467788827871{margin-top: -35px !important;}&#8221;][vc_column][vc_column_text css=&#8221;.vc_custom_1467803733574{background-color: #dd9933 !important;}&#8221;]\t\t<style type=\"text\/css\">\r\n\t\t    #content-block-background-1267 { background-image: url(); background-position: center bottom; background-repeat: repeat-x; background-color: #ECEDEE; background-attachment: fixed; background-size: auto; }\r\n\t\t    #content-block-body-1267 { padding: 30px 0 30px; color: #293037; }\r\n\t\t    .content-block-body { margin-left: auto; margin-right: auto; position: relative; }\r\n\t\t<\/style>\r\n\t\t\t\t\t<style type=\"text\/css\">\r\n\t\t\t\t#wrapper-1 { overflow-x: hidden; }\r\n\t\t\t\t#content-block-background-1267 { margin: 0 -10000px; padding: 0 10000px; }\r\n\t\t\t<\/style>\r\n\t\t\r\n\t\t\r\n\t\t<div class=\"clear\"><\/div>\r\n\t\t<div id=\"content-block-background-1267\" class=\"content-block-background \">\r\n\t\t\t<div id=\"content-block-body-1267\" class=\"content-block-body\">\r\n\t\t\t\t<div class=\"clear\"><\/div>\r\n\t\t\t\t\n<h5 style=\"margin-bottom: 0px;text-align: center\"><span style=\"font-size: 14px;color: #000000;line-height: 1.2;font-weight: bold\">Z us\u0142ugi: korekta tekst\u00f3w polskich w eCORRECTOR korzysta wielu presti\u017cowych klient\u00f3w oraz instytucje<\/span><\/h5>\n<div style=\"margin-bottom: 20px\"><ul class=\"kiwi-logo-carousel kiwi-logo-carousel-korekta-tekstow-polskich default align-center col4\"><li style=\"height:300px;\"><a target=\"_blank\" href=\"http:\/\/ecorrector.com\/teksty-naszych-copywriterow-w-swiatecznym-katalogu-amway\/\"><div class=\"helper\" style=\"height:300px; width:350px;\" ><img decoding=\"async\" src=\"https:\/\/ecorrector.com\/wp-content\/uploads\/2016\/07\/emway-katalog.gif\" alt=\"Katalog marki Amway we wsp\u00f3\u0142pracy z firm\u0105 YOHO\" title=\"Katalog marki Amway we wsp\u00f3\u0142pracy z firm\u0105 YOHO\"><\/div><\/a><\/li><li style=\"height:300px;\"><a target=\"_blank\" href=\"http:\/\/www.tetex.com\/pl\/magazine\/\"><div class=\"helper\" style=\"height:300px; width:350px;\" ><img decoding=\"async\" src=\"https:\/\/ecorrector.com\/wp-content\/uploads\/2016\/07\/logo-tetex.gif\" alt=\"Europejski Kwartalnik Tekstyli\u00f3w Technicznych - Tetex Magazine\" title=\"Europejski Kwartalnik Tekstyli\u00f3w Technicznych - Tetex Magazine\"><\/div><\/a><\/li><li style=\"height:300px;\"><a target=\"_blank\" href=\"http:\/\/warsawconvention.pl\/doc\/katalog2016.pdf\"><div class=\"helper\" style=\"height:300px; width:350px;\" ><img decoding=\"async\" src=\"https:\/\/ecorrector.com\/wp-content\/uploads\/2016\/07\/wot.gif\" alt=\"WOT (Warsaw conference & gala dinner venues catalogue 2016)\" title=\"WOT (Warsaw conference & gala dinner venues catalogue 2016)\"><\/div><\/a><\/li><\/ul><\/div>\n\t\t\t\t<div class=\"clear\"><\/div>\r\n\t\t\t<\/div>\r\n\t\t<\/div>\r\n\t\t<div class=\"clear\"><\/div>\r\n\t[\/vc_column_text][\/vc_column][\/vc_row]\n","protected":false},"excerpt":{"rendered":"<p>[vc_row][vc_column][vc_column_text][\/vc_column_text][\/vc_column][\/vc_row][vc_row][vc_column][vc_column_text] Jakie teksty warto podda\u0107 korekcie? [\/vc_column_text][vc_row_inner css=&#8221;.vc_custom_1467656987148{padding-bottom: 40px !important;}&#8221;][vc_column_inner width=&#8221;1\/3&#8243;][vc_column_text] Prace dyplomowe Mi\u0119dzy innymi prace zaliczeniowe, licencjackie, in\u017cynierskie, magisterskie, doktoraty i rozprawy naukowe. [\/vc_column_text][\/vc_column_inner][vc_column_inner width=&#8221;1\/3&#8243;][vc_column_text] Publikacje Teksty przeznaczone do publikacji, np. w czasopismach naukowych, gazetach, na portalach lub stronach internetowych [\/vc_column_text][\/vc_column_inner][vc_column_inner width=&#8221;1\/3&#8243;][vc_column_text] Ksi\u0105zki i artyku\u0142y Artyku\u0142y b\u0105d\u017a ksi\u0105\u017cki ? naukowe, literackie, specjalistyczne, poradniki [\/vc_column_text][\/vc_column_inner][\/vc_row_inner][\/vc_column][\/vc_row][vc_row full_width=&#8221;stretch_row&#8221; css=&#8221;.vc_custom_1467657174976{margin-top: -25px !important;padding-bottom: 20px !important;background-color: #eeeeee !important;}&#8221;][vc_column css=&#8221;.vc_custom_1467653570917{margin-bottom: -35px !important;}&#8221;][vc_column_text][\/vc_column_text][\/vc_column][\/vc_row][vc_row full_width=&#8221;stretch_row&#8221; css=&#8221;.vc_custom_1467698263935{margin-top: -35px !important;padding-bottom: 20px !important;}&#8221;][vc_column][vc_column_text] Dlaczego warto korzysta\u0107 z korekty tekst\u00f3w w j\u0119zyku<\/p>\n","protected":false},"author":1,"featured_media":0,"parent":0,"menu_order":0,"comment_status":"closed","ping_status":"closed","template":"page-FullWidth.php","meta":{"_monsterinsights_skip_tracking":false,"_monsterinsights_sitenote_active":false,"_monsterinsights_sitenote_note":"","_monsterinsights_sitenote_category":0,"footnotes":""},"class_list":["post-5108","page","type-page","status-publish","hentry"],"yoast_head":"<!-- This site is optimized with the Yoast SEO plugin v21.0 - https:\/\/yoast.com\/wordpress\/plugins\/seo\/ -->\n<title>Korekta tekst\u00f3w polskich - eCORRECTOR<\/title>\n<meta name=\"description\" content=\"Nieskazitelny i dopracowany tekst pod ka\u017cdym wzgl\u0119dem dzi\u0119ki us\u0142udze: Profesjonalna korekta tekst\u00f3w polskich. Prace magisterskie, doktoraty, publikacje, itp\" \/>\n<meta name=\"robots\" content=\"index, follow, max-snippet:-1, max-image-preview:large, max-video-preview:-1\" \/>\n<link rel=\"canonical\" href=\"https:\/\/ecorrector.com\/pl\/korekta-tekstow-polskich\/\" \/>\n<meta property=\"og:locale\" content=\"pl_PL\" \/>\n<meta property=\"og:type\" content=\"article\" \/>\n<meta property=\"og:title\" content=\"Korekta tekst\u00f3w polskich - eCORRECTOR\" \/>\n<meta property=\"og:description\" content=\"Nieskazitelny i dopracowany tekst pod ka\u017cdym wzgl\u0119dem dzi\u0119ki us\u0142udze: Profesjonalna korekta tekst\u00f3w polskich. Prace magisterskie, doktoraty, publikacje, itp\" \/>\n<meta property=\"og:url\" content=\"https:\/\/ecorrector.com\/pl\/korekta-tekstow-polskich\/\" \/>\n<meta property=\"og:site_name\" content=\"eCORRECTOR\" \/>\n<meta property=\"article:modified_time\" content=\"2020-04-28T14:56:08+00:00\" \/>\n<meta name=\"twitter:card\" content=\"summary_large_image\" \/>\n<meta name=\"twitter:label1\" content=\"Szacowany czas czytania\" \/>\n\t<meta name=\"twitter:data1\" content=\"5 minut\" \/>\n<script type=\"application\/ld+json\" class=\"yoast-schema-graph\">{\"@context\":\"https:\/\/schema.org\",\"@graph\":[{\"@type\":\"WebPage\",\"@id\":\"https:\/\/ecorrector.com\/pl\/korekta-tekstow-polskich\/\",\"url\":\"https:\/\/ecorrector.com\/pl\/korekta-tekstow-polskich\/\",\"name\":\"Korekta tekst\u00f3w polskich - eCORRECTOR\",\"isPartOf\":{\"@id\":\"https:\/\/ecorrector.com\/#website\"},\"datePublished\":\"2016-07-05T08:58:23+00:00\",\"dateModified\":\"2020-04-28T14:56:08+00:00\",\"description\":\"Nieskazitelny i dopracowany tekst pod ka\u017cdym wzgl\u0119dem dzi\u0119ki us\u0142udze: Profesjonalna korekta tekst\u00f3w polskich. Prace magisterskie, doktoraty, publikacje, itp\",\"breadcrumb\":{\"@id\":\"https:\/\/ecorrector.com\/pl\/korekta-tekstow-polskich\/#breadcrumb\"},\"inLanguage\":\"pl-PL\",\"potentialAction\":[{\"@type\":\"ReadAction\",\"target\":[\"https:\/\/ecorrector.com\/pl\/korekta-tekstow-polskich\/\"]}]},{\"@type\":\"BreadcrumbList\",\"@id\":\"https:\/\/ecorrector.com\/pl\/korekta-tekstow-polskich\/#breadcrumb\",\"itemListElement\":[{\"@type\":\"ListItem\",\"position\":1,\"name\":\"Home\",\"item\":\"https:\/\/ecorrector.com\/pl\/glowna\/\"},{\"@type\":\"ListItem\",\"position\":2,\"name\":\"Korekta tekst\u00f3w polskich\"}]},{\"@type\":\"WebSite\",\"@id\":\"https:\/\/ecorrector.com\/#website\",\"url\":\"https:\/\/ecorrector.com\/\",\"name\":\"eCORRECTOR\",\"description\":\"Korekty i T\u0142umaczenia Specjalistyczne\",\"potentialAction\":[{\"@type\":\"SearchAction\",\"target\":{\"@type\":\"EntryPoint\",\"urlTemplate\":\"https:\/\/ecorrector.com\/?s={search_term_string}\"},\"query-input\":\"required name=search_term_string\"}],\"inLanguage\":\"pl-PL\"}]}<\/script>\n<!-- \/ Yoast SEO plugin. -->","yoast_head_json":{"title":"Korekta tekst\u00f3w polskich - eCORRECTOR","description":"Nieskazitelny i dopracowany tekst pod ka\u017cdym wzgl\u0119dem dzi\u0119ki us\u0142udze: Profesjonalna korekta tekst\u00f3w polskich. Prace magisterskie, doktoraty, publikacje, itp","robots":{"index":"index","follow":"follow","max-snippet":"max-snippet:-1","max-image-preview":"max-image-preview:large","max-video-preview":"max-video-preview:-1"},"canonical":"https:\/\/ecorrector.com\/pl\/korekta-tekstow-polskich\/","og_locale":"pl_PL","og_type":"article","og_title":"Korekta tekst\u00f3w polskich - eCORRECTOR","og_description":"Nieskazitelny i dopracowany tekst pod ka\u017cdym wzgl\u0119dem dzi\u0119ki us\u0142udze: Profesjonalna korekta tekst\u00f3w polskich. Prace magisterskie, doktoraty, publikacje, itp","og_url":"https:\/\/ecorrector.com\/pl\/korekta-tekstow-polskich\/","og_site_name":"eCORRECTOR","article_modified_time":"2020-04-28T14:56:08+00:00","twitter_card":"summary_large_image","twitter_misc":{"Szacowany czas czytania":"5 minut"},"schema":{"@context":"https:\/\/schema.org","@graph":[{"@type":"WebPage","@id":"https:\/\/ecorrector.com\/pl\/korekta-tekstow-polskich\/","url":"https:\/\/ecorrector.com\/pl\/korekta-tekstow-polskich\/","name":"Korekta tekst\u00f3w polskich - eCORRECTOR","isPartOf":{"@id":"https:\/\/ecorrector.com\/#website"},"datePublished":"2016-07-05T08:58:23+00:00","dateModified":"2020-04-28T14:56:08+00:00","description":"Nieskazitelny i dopracowany tekst pod ka\u017cdym wzgl\u0119dem dzi\u0119ki us\u0142udze: Profesjonalna korekta tekst\u00f3w polskich. Prace magisterskie, doktoraty, publikacje, itp","breadcrumb":{"@id":"https:\/\/ecorrector.com\/pl\/korekta-tekstow-polskich\/#breadcrumb"},"inLanguage":"pl-PL","potentialAction":[{"@type":"ReadAction","target":["https:\/\/ecorrector.com\/pl\/korekta-tekstow-polskich\/"]}]},{"@type":"BreadcrumbList","@id":"https:\/\/ecorrector.com\/pl\/korekta-tekstow-polskich\/#breadcrumb","itemListElement":[{"@type":"ListItem","position":1,"name":"Home","item":"https:\/\/ecorrector.com\/pl\/glowna\/"},{"@type":"ListItem","position":2,"name":"Korekta tekst\u00f3w polskich"}]},{"@type":"WebSite","@id":"https:\/\/ecorrector.com\/#website","url":"https:\/\/ecorrector.com\/","name":"eCORRECTOR","description":"Korekty i T\u0142umaczenia Specjalistyczne","potentialAction":[{"@type":"SearchAction","target":{"@type":"EntryPoint","urlTemplate":"https:\/\/ecorrector.com\/?s={search_term_string}"},"query-input":"required name=search_term_string"}],"inLanguage":"pl-PL"}]}},"_links":{"self":[{"href":"https:\/\/ecorrector.com\/pl\/wp-json\/wp\/v2\/pages\/5108","targetHints":{"allow":["GET"]}}],"collection":[{"href":"https:\/\/ecorrector.com\/pl\/wp-json\/wp\/v2\/pages"}],"about":[{"href":"https:\/\/ecorrector.com\/pl\/wp-json\/wp\/v2\/types\/page"}],"author":[{"embeddable":true,"href":"https:\/\/ecorrector.com\/pl\/wp-json\/wp\/v2\/users\/1"}],"replies":[{"embeddable":true,"href":"https:\/\/ecorrector.com\/pl\/wp-json\/wp\/v2\/comments?post=5108"}],"version-history":[{"count":0,"href":"https:\/\/ecorrector.com\/pl\/wp-json\/wp\/v2\/pages\/5108\/revisions"}],"wp:attachment":[{"href":"https:\/\/ecorrector.com\/pl\/wp-json\/wp\/v2\/media?parent=5108"}],"curies":[{"name":"wp","href":"https:\/\/api.w.org\/{rel}","templated":true}]}}