{"id":5301,"date":"2016-07-20T08:13:48","date_gmt":"2016-07-20T06:13:48","guid":{"rendered":"http:\/\/ecorrector.com\/?page_id=5301"},"modified":"2017-11-13T10:25:06","modified_gmt":"2017-11-13T09:25:06","slug":"tlumaczenia-dokumentow-urzedowych","status":"publish","type":"page","link":"https:\/\/ecorrector.com\/pl\/tlumaczenia-dokumentow-urzedowych\/","title":{"rendered":"T\u0142umaczenia dokument\u00f3w urz\u0119dowych"},"content":{"rendered":"[vc_row][vc_column width=&#8221;2\/3&#8243; css=&#8221;.vc_custom_1469003515856{padding-right: 30px !important;}&#8221;][vc_column_text css_animation=&#8221;top-to-bottom&#8221; css=&#8221;.vc_custom_1510565086989{padding-bottom: 10px !important;}&#8221;]\n<div style=\"text-align: center;\">\n<h1 style=\"margin-bottom: 25px; text-align: left;\"><span style=\"font-size: 30px; color: #fd7800; line-height: 1.2;\">T\u0142umaczenia dokument\u00f3w urz\u0119dowych<\/span><\/h1>\n<\/div>\n<p style=\"text-align: justify;\"><span style=\"font-size: 14px; color: #7a7777; line-height: 1.5;\">eCORRECTOR jest firm\u0105, kt\u00f3rej dzia\u0142alno\u015b\u0107 opiera si\u0119 na <strong>filiach w Polsce<\/strong> (Warszawa) oraz <strong>Wielkiej Brytanii<\/strong> (Cambridge). Dzi\u0119ki temu \u015bwietnie rozumiemy realia prowadzenia dzia\u0142alno\u015bci gospodarczej w obydwu krajach. Pragniemy podzieli\u0107 si\u0119 zgromadzon\u0105 wiedz\u0105 i u\u0142atwi\u0107 Pa\u0144stwu zdobycie odpowiedniej pozycji w Polsce lub Wielkiej Brytanii. Nasze <strong>do\u015bwiadczenie<\/strong> mo\u017ce pom\u00f3c w wypracowaniu korzystnego stanowiska na wspomnianych rynkach oraz uregulowa\u0107 wszelkie kwestie formalne. To wszystko jest w zasi\u0119gu r\u0119ki naszych klient\u00f3w dzi\u0119ki us\u0142ugom korekty tekst\u00f3w oraz t\u0142umaczenia niezb\u0119dnej dokumentacji.<br \/>\n<\/span><\/p>\n[\/vc_column_text][vc_row_inner css=&#8221;.vc_custom_1468586371902{margin-top: -20px !important;padding-bottom: 30px !important;background-color: #1e90ff !important;border-radius: 30px !important;}&#8221;][vc_column_inner][vc_column_text]\n<h2 style=\"text-align: center; margin: 20px 0 20px;\"><span style=\"font-size: 18px; color: #ffffff; line-height: 1.2; font-weight: bold;\">Jakie dokumenty t\u0142umaczymy?<\/span><\/h2>\n[\/vc_column_text][\/vc_column_inner][vc_column_inner width=&#8221;1\/2&#8243;][vc_column_text]\n<p style=\"text-align: center;\"><i class=\"fa fa-files-o circle-wrap\" style=\"color: #ffffff; font-size: 2em;\"><!-- icon --><\/i><\/p>\n<h4 style=\"margin: 10px 0px; font-weight: bold; text-align: center;\"><span style=\"color: #ffffff;\">Podania i wnioski<\/span><\/h4>\n<div style=\"text-align: center;\"><span style=\"color: #ffffff;\">Wnioski o wydanie dokumentu potwierdzaj\u0105cego rezydentur\u0119 sta\u0142\u0105, rezydentur\u0119 tymczasow\u0105<\/span><\/div>\n[\/vc_column_text][vc_column_text]\n<p style=\"text-align: center;\"><i class=\"fa fa-user-md circle-wrap\" style=\"color: #ffffff; font-size: 2em;\"><!-- icon --><\/i><\/p>\n<h4 style=\"margin: 10px 0px; font-weight: bold; text-align: center;\"><span style=\"color: #ffffff;\">Dokumentacje medyczne<\/span><\/h4>\n<div style=\"text-align: center;\"><span style=\"color: #ffffff;\">T\u0142umaczenia zwyk\u0142e i przysi\u0119g\u0142e (uwierzytelnione)<\/span><\/div>\n[\/vc_column_text][\/vc_column_inner][vc_column_inner width=&#8221;1\/2&#8243;][vc_column_text]\n<p style=\"text-align: center;\"><i class=\"fa fa-building circle-wrap\" style=\"color: #ffffff; font-size: 2em;\"><!-- icon --><\/i><\/p>\n<h4 style=\"margin: 10px 0px; font-weight: bold; text-align: center;\"><span style=\"color: #ffffff;\">Dokumenty firmowe<\/span><\/h4>\n<div style=\"text-align: center;\"><span style=\"color: #ffffff;\">Dokumentacja zwi\u0105zana z prowadzeniem dzia\u0142alno\u015bci gospodarczej<\/span><\/div>\n[\/vc_column_text][vc_column_text]\n<p style=\"text-align: center;\"><i class=\"fa fa-briefcase circle-wrap\" style=\"color: #ffffff; font-size: 2em;\"><!-- icon --><\/i><\/p>\n<h4 style=\"margin: 10px 0px; font-weight: bold; text-align: center;\"><span style=\"color: #ffffff;\">Dokumenty aplikacyjne<\/span><\/h4>\n<div style=\"text-align: center;\"><span style=\"color: #ffffff;\">(CV) Curriculum Vitae i listy motywacyjne<\/span><\/div>\n[\/vc_column_text][\/vc_column_inner][\/vc_row_inner][vc_column_text css=&#8221;.vc_custom_1469002821364{margin-top: 20px !important;margin-bottom: 20px !important;}&#8221;]\n<p style=\"text-align: justify;\"><span style=\"font-size: 14px; color: #7a7777; line-height: 1.5;\">Stale <strong>pomagamy naszym klientom<\/strong> w ich codziennych zmaganiach zapewniaj\u0105c <strong>wysokiej jako\u015bci t\u0142umaczenia<\/strong> i <strong>korekty pism<\/strong> zwi\u0105zanych z prowadzeniem dzia\u0142alno\u015bci gospodarczej (np.<strong> samozatrudnienie<\/strong>, <strong>sp\u00f3\u0142ki limited<\/strong>, itp.). Precyzja ich przek\u0142adu jest konieczna ze wzgl\u0119du na prawne skutki ich funkcjonowania.<br \/>\n<\/span><\/p>\n[\/vc_column_text][\/vc_column][vc_column width=&#8221;1\/3&#8243; css=&#8221;.vc_custom_1469003757750{margin-top: 30px !important;background-color: #293037 !important;border-radius: 30px !important;}&#8221;][vc_column_text css_animation=&#8221;right-to-left&#8221; css=&#8221;.vc_custom_1510565042009{padding-top: 60px !important;padding-bottom: 30px !important;}&#8221;]\n<div class=\"inner-padding\">\n<div style=\"text-align: center;\">\n<h4 style=\"margin-bottom: 0px;\"><img loading=\"lazy\" decoding=\"async\" class=\"alignnone size-full wp-image-2410\" src=\"http:\/\/ecorrector.com\/wp-content\/uploads\/2016\/07\/flaga-uk.png\" alt=\"T\u0142umaczenia dokument\u00f3w - oddzia\u0142 UK\" width=\"137\" height=\"98\" \/><\/h4>\n<h5 style=\"margin-bottom: 5px;\"><span style=\"font-size: 24px; color: #ffffff;\">Wielka Brytania<\/span><\/h5>\n<\/div>\n<div style=\"text-align: center; margin-bottom: 10px;\"><span style=\"color: #ffffff;\">Falkner House, Mill Lane, Sawston<\/span><br \/>\n<span style=\"color: #ffffff;\">CB22 3HY Cambridge<\/span><br \/>\n<span style=\"color: #ffffff;\"> <i class=\"fa fa-phone-square\"><\/i>\u00a0(0044) 788 497 7809<\/span><br \/>\n<span style=\"color: #ffffff;\"><i class=\"fa fa-envelope-o\"><\/i> <a style=\"color: #ffffff;\" href=\"mailto:info@ecorrector.com\">info@ecorrector.com<\/a><\/span><\/div>\n<\/div>\n[\/vc_column_text][vc_separator color=&#8221;white&#8221; border_width=&#8221;3&#8243; el_width=&#8221;80&#8243;][vc_column_text css_animation=&#8221;right-to-left&#8221; css=&#8221;.vc_custom_1510565127328{padding-top: 30px !important;padding-bottom: 30px !important;}&#8221;]\n<div class=\"inner-padding\">\n<div style=\"text-align: center;\">\n<h4 style=\"margin-bottom: 5px;\"><img loading=\"lazy\" decoding=\"async\" class=\"alignnone size-full wp-image-2411\" src=\"http:\/\/ecorrector.com\/wp-content\/uploads\/2016\/07\/flaga-polska.png\" alt=\"T\u0142umaczenia dokument\u00f3w - oddzia\u0142 Polska\" width=\"137\" height=\"98\" \/><\/h4>\n<h5 style=\"margin-bottom: 5px;\"><span style=\"font-size: 24px; color: #ffffff;\">Polska<\/span><\/h5>\n<\/div>\n<div style=\"text-align: center; margin-bottom: 10px;\"><span style=\"color: #ffffff;\">ul. K\u0142obucka 7<\/span><br \/>\n<span style=\"color: #ffffff;\"> 02-699 Warszawa<\/span><br \/>\n<span style=\"color: #ffffff;\"> <i class=\"fa fa-phone-square\"><\/i>\u00a0(0048) 22 122 80 71<\/span><br \/>\n<span style=\"color: #ffffff;\"> <i class=\"fa fa-envelope-o\"><\/i> <a style=\"color: #ffffff;\" href=\"mailto:info@ecorrector.com\">info@ecorrector.com<\/a><\/span><\/div>\n<\/div>\n[\/vc_column_text][\/vc_column][\/vc_row][vc_row full_width=&#8221;stretch_row&#8221; parallax=&#8221;content-moving&#8221; css=&#8221;.vc_custom_1468584858683{padding-top: 80px !important;padding-bottom: 80px !important;background-image: url(http:\/\/ecorrector.com\/wp-content\/uploads\/2016\/07\/tlumaczenie-polskich-tekstow-i-publikacji.gif?id=5140) !important;}&#8221;][vc_column][vc_column_text]\n<p style=\"text-align: justify;\"><span style=\"font-size: 14px; color: #ffffff; line-height: 1.5;\">Wspieramy tak\u017ce osoby borykaj\u0105ce si\u0119 z kwestiami personalnymi, takimi jak zasi\u0142ki, procesy aplikowania o karty rezydencji sta\u0142ej oraz tymczasowej w Wielkiej Brytanii, a tak\u017ce wieloma innymi aspektami \u017cycia codziennego. Wykorzystujemy do\u015bwiadczenie oraz wiedz\u0119 naszych pracownik\u00f3w i partner\u00f3w, aby rozwia\u0107 wszelkie w\u0105tpliwo\u015bci oraz wyja\u015bni\u0107 nie\u015bcis\u0142o\u015bci w aplikacjach. Skorzystanie z profesjonalnych us\u0142ug t\u0142umacze\u0144 i korekty native speaker\u00f3w \u015bwiadczonych przez eCORRECTOR mo\u017ce znacz\u0105co przy\u015bpieszy\u0107 procesy urz\u0119dowe.<br \/>\n<\/span><\/p>\n[\/vc_column_text][\/vc_column][\/vc_row][vc_row][vc_column][vc_column_text]\n<h2 style=\"text-align: center; margin: 40px 0 50px;\"><span style=\"font-size: 18px; color: #000000; line-height: 1.2; font-weight: bold;\">Zapewniamy<br \/>\n<\/span><\/h2>\n[\/vc_column_text][vc_row_inner][vc_column_inner width=&#8221;1\/4&#8243;][vc_column_text]\n<p style=\"text-align: center;\"><i class=\"fa fa-certificate circle-wrap\" style=\"color: #1e90ff; font-size: 2em;\"><!-- icon --><\/i><\/p>\n<h4 style=\"margin: 10px 0px; font-weight: bold; text-align: center;\"><span style=\"color: #1e90ff;\">Wysok\u0105 jako\u015b\u0107<\/span><\/h4>\n<div style=\"text-align: center;\"><span style=\"color: #000000;\">Profesjonalne t\u0142umaczenia najwy\u017cszej jako\u015bci<\/span><\/div>\n[\/vc_column_text][\/vc_column_inner][vc_column_inner width=&#8221;1\/4&#8243;][vc_column_text]\n<p style=\"text-align: center;\"><i class=\"fa fa-fighter-jet circle-wrap\" style=\"color: #1e90ff; font-size: 2em;\"><!-- icon --><\/i><\/p>\n<h4 style=\"margin: 10px 0px; font-weight: bold; text-align: center;\"><span style=\"color: #1e90ff;\">Szybko\u015b\u0107 i precyzj\u0119<\/span><\/h4>\n<div style=\"text-align: center;\">Szybko\u015b\u0107 realizacji z zachowaniem wysokiego poziomu us\u0142ugi<\/div>\n[\/vc_column_text][\/vc_column_inner][vc_column_inner width=&#8221;1\/4&#8243;][vc_column_text]\n<p style=\"text-align: center;\"><i class=\"fa fa-money circle-wrap\" style=\"color: #1e90ff; font-size: 2em;\"><!-- icon --><\/i><\/p>\n<h4 style=\"margin: 10px 0px; font-weight: bold; text-align: center;\"><span style=\"color: #1e90ff;\">Niskie ceny<\/span><\/h4>\n<div style=\"text-align: center;\">Profesjonalne wykonanie w przyst\u0119pnych cenach<\/div>\n[\/vc_column_text][\/vc_column_inner][vc_column_inner width=&#8221;1\/4&#8243;][vc_column_text]\n<p style=\"text-align: center;\"><i class=\"fa fa-language circle-wrap\" style=\"color: #1e90ff; font-size: 2em;\"><!-- icon --><\/i><\/p>\n<h4 style=\"margin: 10px 0px; font-weight: bold; text-align: center;\"><span style=\"color: #1e90ff;\">Perfekcyjne zrozumienie<\/span><\/h4>\n<div style=\"text-align: center;\">Perfekcyjne zrozumienie reali\u00f3w polskich i angielskich<\/div>\n[\/vc_column_text][\/vc_column_inner][\/vc_row_inner][\/vc_column][\/vc_row][vc_row][vc_column][vc_column_text]\t\t<style type=\"text\/css\">\r\n\t\t    #content-block-background-1860 { background-image: url(http:\/\/ecorrector.com\/wp-content\/uploads\/2016\/07\/tlumaczeniedokumentacjimedycznej.jpg); background-position: center center; background-repeat: repeat-x; background-color: #fff; background-attachment: scroll; background-size: auto; }\r\n\t\t    #content-block-body-1860 { padding: 80px 0 25px; color: #000; }\r\n\t\t    .content-block-body { margin-left: auto; margin-right: auto; position: relative; }\r\n\t\t<\/style>\r\n\t\t\t\t\t<style type=\"text\/css\">\r\n\t\t\t\t#wrapper-1 { overflow-x: hidden; }\r\n\t\t\t\t#content-block-background-1860 { margin: 0 -10000px; padding: 0 10000px; }\r\n\t\t\t<\/style>\r\n\t\t\r\n\t\t\r\n\t\t<div class=\"clear\"><\/div>\r\n\t\t<div id=\"content-block-background-1860\" class=\"content-block-background \">\r\n\t\t\t<div id=\"content-block-body-1860\" class=\"content-block-body\">\r\n\t\t\t\t<div class=\"clear\"><\/div>\r\n\t\t\t\t\n<h4 style=\"margin-bottom: 25px;\"><span style=\"font-size: 18px; color: #000; line-height: 1.2; font-weight: bold;\">Do\u015bwiadczenie w t\u0142umaczeniu dokumentacji medycznej<\/span><\/h4>\n<div style=\"font-size: 1.2em; color: #777;\">\n<div class=\"one_half\">\n<div style=\"margin-bottom: 0px;\">\n<p style=\"text-align: justify;\">Ponadto, posiadamy bogate do\u015bwiadczenie w t\u0142umaczeniu dokumentacji medycznej. Jest to obszar naszej dzia\u0142alno\u015bci szczeg\u00f3lnie przydatny w przypadkach, kt\u00f3re wymagaj\u0105 kontynuacji lub podj\u0119cia leczenia w zagranicznej plac\u00f3wce. Wsp\u00f3\u0142pracujemy wy\u0142\u0105cznie z native speakerami j\u0119zyk\u00f3w docelowych, kt\u00f3rzy posiadaj\u0105 wieloletnie do\u015bwiadczenie w dziedzinie t\u0142umacze\u0144. Takie podej\u015bcie umo\u017cliwia nam spe\u0142nienie mi\u0119dzynarodowych wymog\u00f3w oraz zapewnienie Pa\u0144stwu us\u0142ug na najwy\u017cszym poziomie.<\/p>\n<div style=\"font-size: 0.8em; color: #777;\">\n<ul class=\"fontello-ul\" style=\"font-size: 1.1em; margin-bottom: 10px;\">\n<li><i class=\"fa fa-check-square\"><\/i> t\u0142umaczenie wynik\u00f3w bada\u0144<\/li>\n<li><i class=\"fa fa-check-square\"><\/i> t\u0142umaczenie historii chor\u00f3b<\/li>\n<li><i class=\"fa fa-check-square\"><\/i> t\u0142umaczenie zwolnie\u0144 lekarskich<\/li>\n<li><i class=\"fa fa-check-square\"><\/i> t\u0142umaczenie ulotek dla pacjenta<\/li>\n<li><i class=\"fa fa-check-square\"><\/i> t\u0142umaczenie wynik\u00f3w konsultacji<\/li>\n<li><i class=\"fa fa-check-square\"><\/i> t\u0142umaczenie skierowania na badania<\/li>\n<li><i class=\"fa fa-check-square\"><\/i> t\u0142umaczenie charakterystyki produktu leczniczego<\/li>\n<\/ul>\n<\/div>\n<\/div>\n<a class=\"flat-custom-button align-btn-left\" href=\"http:\/\/ecorrector.com\/tlumaczenia-biomedyczne\/\" title=\"Specjalistyczne T\u0142umaczenia dokument\u00f3w\"><span style=\"padding:10px 45px; background-color:#FD7800; border:1px solid #eb6f00; color:#FFFFFF; font-size:13px;\">Nasza oferta t\u0142umacze\u0144 biomedycznych<\/span><\/a>\n<\/div>\n<div class=\"one_half last_column\"><\/div>\n<\/div>\n\t\t\t\t<div class=\"clear\"><\/div>\r\n\t\t\t<\/div>\r\n\t\t<\/div>\r\n\t\t<div class=\"clear\"><\/div>\r\n\t[\/vc_column_text][\/vc_column][\/vc_row]\n","protected":false},"excerpt":{"rendered":"<p>[vc_row][vc_column width=&#8221;2\/3&#8243; css=&#8221;.vc_custom_1469003515856{padding-right: 30px !important;}&#8221;][vc_column_text css_animation=&#8221;top-to-bottom&#8221; css=&#8221;.vc_custom_1510565086989{padding-bottom: 10px !important;}&#8221;] T\u0142umaczenia dokument\u00f3w urz\u0119dowych eCORRECTOR jest firm\u0105, kt\u00f3rej dzia\u0142alno\u015b\u0107 opiera si\u0119 na filiach w Polsce (Warszawa) oraz Wielkiej Brytanii (Cambridge). Dzi\u0119ki temu \u015bwietnie rozumiemy realia prowadzenia dzia\u0142alno\u015bci gospodarczej w obydwu krajach. Pragniemy podzieli\u0107 si\u0119 zgromadzon\u0105 wiedz\u0105 i u\u0142atwi\u0107 Pa\u0144stwu zdobycie odpowiedniej pozycji w Polsce lub Wielkiej Brytanii. Nasze do\u015bwiadczenie mo\u017ce pom\u00f3c w wypracowaniu korzystnego stanowiska na wspomnianych rynkach oraz uregulowa\u0107 wszelkie kwestie formalne. To wszystko jest w zasi\u0119gu r\u0119ki naszych klient\u00f3w dzi\u0119ki<\/p>\n","protected":false},"author":1,"featured_media":0,"parent":0,"menu_order":0,"comment_status":"closed","ping_status":"closed","template":"page-FullWidth.php","meta":{"_monsterinsights_skip_tracking":false,"_monsterinsights_sitenote_active":false,"_monsterinsights_sitenote_note":"","_monsterinsights_sitenote_category":0,"footnotes":""},"class_list":["post-5301","page","type-page","status-publish","hentry"],"yoast_head":"<!-- This site is optimized with the Yoast SEO plugin v21.0 - https:\/\/yoast.com\/wordpress\/plugins\/seo\/ -->\n<title>T\u0142umaczenia dokument\u00f3w urz\u0119dowych - eCORRECTOR<\/title>\n<meta name=\"robots\" content=\"index, follow, max-snippet:-1, max-image-preview:large, max-video-preview:-1\" \/>\n<link rel=\"canonical\" href=\"https:\/\/ecorrector.com\/pl\/tlumaczenia-dokumentow-urzedowych\/\" \/>\n<meta property=\"og:locale\" content=\"pl_PL\" \/>\n<meta property=\"og:type\" content=\"article\" \/>\n<meta property=\"og:title\" content=\"T\u0142umaczenia dokument\u00f3w urz\u0119dowych - eCORRECTOR\" \/>\n<meta property=\"og:description\" content=\"[vc_row][vc_column width=&#8221;2\/3&#8243; css=&#8221;.vc_custom_1469003515856{padding-right: 30px !important;}&#8221;][vc_column_text css_animation=&#8221;top-to-bottom&#8221; css=&#8221;.vc_custom_1510565086989{padding-bottom: 10px !important;}&#8221;] T\u0142umaczenia dokument\u00f3w urz\u0119dowych eCORRECTOR jest firm\u0105, kt\u00f3rej dzia\u0142alno\u015b\u0107 opiera si\u0119 na filiach w Polsce (Warszawa) oraz Wielkiej Brytanii (Cambridge). Dzi\u0119ki temu \u015bwietnie rozumiemy realia prowadzenia dzia\u0142alno\u015bci gospodarczej w obydwu krajach. Pragniemy podzieli\u0107 si\u0119 zgromadzon\u0105 wiedz\u0105 i u\u0142atwi\u0107 Pa\u0144stwu zdobycie odpowiedniej pozycji w Polsce lub Wielkiej Brytanii. Nasze do\u015bwiadczenie mo\u017ce pom\u00f3c w wypracowaniu korzystnego stanowiska na wspomnianych rynkach oraz uregulowa\u0107 wszelkie kwestie formalne. To wszystko jest w zasi\u0119gu r\u0119ki naszych klient\u00f3w dzi\u0119ki\" \/>\n<meta property=\"og:url\" content=\"https:\/\/ecorrector.com\/pl\/tlumaczenia-dokumentow-urzedowych\/\" \/>\n<meta property=\"og:site_name\" content=\"eCORRECTOR\" \/>\n<meta property=\"article:modified_time\" content=\"2017-11-13T09:25:06+00:00\" \/>\n<meta property=\"og:image\" content=\"http:\/\/ecorrector.com\/wp-content\/uploads\/2016\/07\/flaga-uk.png\" \/>\n<meta name=\"twitter:card\" content=\"summary_large_image\" \/>\n<meta name=\"twitter:label1\" content=\"Szacowany czas czytania\" \/>\n\t<meta name=\"twitter:data1\" content=\"4 minuty\" \/>\n<script type=\"application\/ld+json\" class=\"yoast-schema-graph\">{\"@context\":\"https:\/\/schema.org\",\"@graph\":[{\"@type\":\"WebPage\",\"@id\":\"https:\/\/ecorrector.com\/pl\/tlumaczenia-dokumentow-urzedowych\/\",\"url\":\"https:\/\/ecorrector.com\/pl\/tlumaczenia-dokumentow-urzedowych\/\",\"name\":\"T\u0142umaczenia dokument\u00f3w urz\u0119dowych - eCORRECTOR\",\"isPartOf\":{\"@id\":\"https:\/\/ecorrector.com\/#website\"},\"datePublished\":\"2016-07-20T06:13:48+00:00\",\"dateModified\":\"2017-11-13T09:25:06+00:00\",\"breadcrumb\":{\"@id\":\"https:\/\/ecorrector.com\/pl\/tlumaczenia-dokumentow-urzedowych\/#breadcrumb\"},\"inLanguage\":\"pl-PL\",\"potentialAction\":[{\"@type\":\"ReadAction\",\"target\":[\"https:\/\/ecorrector.com\/pl\/tlumaczenia-dokumentow-urzedowych\/\"]}]},{\"@type\":\"BreadcrumbList\",\"@id\":\"https:\/\/ecorrector.com\/pl\/tlumaczenia-dokumentow-urzedowych\/#breadcrumb\",\"itemListElement\":[{\"@type\":\"ListItem\",\"position\":1,\"name\":\"Home\",\"item\":\"https:\/\/ecorrector.com\/pl\/glowna\/\"},{\"@type\":\"ListItem\",\"position\":2,\"name\":\"T\u0142umaczenia dokument\u00f3w urz\u0119dowych\"}]},{\"@type\":\"WebSite\",\"@id\":\"https:\/\/ecorrector.com\/#website\",\"url\":\"https:\/\/ecorrector.com\/\",\"name\":\"eCORRECTOR\",\"description\":\"Korekty i T\u0142umaczenia Specjalistyczne\",\"potentialAction\":[{\"@type\":\"SearchAction\",\"target\":{\"@type\":\"EntryPoint\",\"urlTemplate\":\"https:\/\/ecorrector.com\/?s={search_term_string}\"},\"query-input\":\"required name=search_term_string\"}],\"inLanguage\":\"pl-PL\"}]}<\/script>\n<!-- \/ Yoast SEO plugin. -->","yoast_head_json":{"title":"T\u0142umaczenia dokument\u00f3w urz\u0119dowych - eCORRECTOR","robots":{"index":"index","follow":"follow","max-snippet":"max-snippet:-1","max-image-preview":"max-image-preview:large","max-video-preview":"max-video-preview:-1"},"canonical":"https:\/\/ecorrector.com\/pl\/tlumaczenia-dokumentow-urzedowych\/","og_locale":"pl_PL","og_type":"article","og_title":"T\u0142umaczenia dokument\u00f3w urz\u0119dowych - eCORRECTOR","og_description":"[vc_row][vc_column width=&#8221;2\/3&#8243; css=&#8221;.vc_custom_1469003515856{padding-right: 30px !important;}&#8221;][vc_column_text css_animation=&#8221;top-to-bottom&#8221; css=&#8221;.vc_custom_1510565086989{padding-bottom: 10px !important;}&#8221;] T\u0142umaczenia dokument\u00f3w urz\u0119dowych eCORRECTOR jest firm\u0105, kt\u00f3rej dzia\u0142alno\u015b\u0107 opiera si\u0119 na filiach w Polsce (Warszawa) oraz Wielkiej Brytanii (Cambridge). Dzi\u0119ki temu \u015bwietnie rozumiemy realia prowadzenia dzia\u0142alno\u015bci gospodarczej w obydwu krajach. Pragniemy podzieli\u0107 si\u0119 zgromadzon\u0105 wiedz\u0105 i u\u0142atwi\u0107 Pa\u0144stwu zdobycie odpowiedniej pozycji w Polsce lub Wielkiej Brytanii. Nasze do\u015bwiadczenie mo\u017ce pom\u00f3c w wypracowaniu korzystnego stanowiska na wspomnianych rynkach oraz uregulowa\u0107 wszelkie kwestie formalne. To wszystko jest w zasi\u0119gu r\u0119ki naszych klient\u00f3w dzi\u0119ki","og_url":"https:\/\/ecorrector.com\/pl\/tlumaczenia-dokumentow-urzedowych\/","og_site_name":"eCORRECTOR","article_modified_time":"2017-11-13T09:25:06+00:00","og_image":[{"url":"http:\/\/ecorrector.com\/wp-content\/uploads\/2016\/07\/flaga-uk.png"}],"twitter_card":"summary_large_image","twitter_misc":{"Szacowany czas czytania":"4 minuty"},"schema":{"@context":"https:\/\/schema.org","@graph":[{"@type":"WebPage","@id":"https:\/\/ecorrector.com\/pl\/tlumaczenia-dokumentow-urzedowych\/","url":"https:\/\/ecorrector.com\/pl\/tlumaczenia-dokumentow-urzedowych\/","name":"T\u0142umaczenia dokument\u00f3w urz\u0119dowych - eCORRECTOR","isPartOf":{"@id":"https:\/\/ecorrector.com\/#website"},"datePublished":"2016-07-20T06:13:48+00:00","dateModified":"2017-11-13T09:25:06+00:00","breadcrumb":{"@id":"https:\/\/ecorrector.com\/pl\/tlumaczenia-dokumentow-urzedowych\/#breadcrumb"},"inLanguage":"pl-PL","potentialAction":[{"@type":"ReadAction","target":["https:\/\/ecorrector.com\/pl\/tlumaczenia-dokumentow-urzedowych\/"]}]},{"@type":"BreadcrumbList","@id":"https:\/\/ecorrector.com\/pl\/tlumaczenia-dokumentow-urzedowych\/#breadcrumb","itemListElement":[{"@type":"ListItem","position":1,"name":"Home","item":"https:\/\/ecorrector.com\/pl\/glowna\/"},{"@type":"ListItem","position":2,"name":"T\u0142umaczenia dokument\u00f3w urz\u0119dowych"}]},{"@type":"WebSite","@id":"https:\/\/ecorrector.com\/#website","url":"https:\/\/ecorrector.com\/","name":"eCORRECTOR","description":"Korekty i T\u0142umaczenia Specjalistyczne","potentialAction":[{"@type":"SearchAction","target":{"@type":"EntryPoint","urlTemplate":"https:\/\/ecorrector.com\/?s={search_term_string}"},"query-input":"required name=search_term_string"}],"inLanguage":"pl-PL"}]}},"_links":{"self":[{"href":"https:\/\/ecorrector.com\/pl\/wp-json\/wp\/v2\/pages\/5301","targetHints":{"allow":["GET"]}}],"collection":[{"href":"https:\/\/ecorrector.com\/pl\/wp-json\/wp\/v2\/pages"}],"about":[{"href":"https:\/\/ecorrector.com\/pl\/wp-json\/wp\/v2\/types\/page"}],"author":[{"embeddable":true,"href":"https:\/\/ecorrector.com\/pl\/wp-json\/wp\/v2\/users\/1"}],"replies":[{"embeddable":true,"href":"https:\/\/ecorrector.com\/pl\/wp-json\/wp\/v2\/comments?post=5301"}],"version-history":[{"count":0,"href":"https:\/\/ecorrector.com\/pl\/wp-json\/wp\/v2\/pages\/5301\/revisions"}],"wp:attachment":[{"href":"https:\/\/ecorrector.com\/pl\/wp-json\/wp\/v2\/media?parent=5301"}],"curies":[{"name":"wp","href":"https:\/\/api.w.org\/{rel}","templated":true}]}}