{"id":5387,"date":"2016-08-04T09:29:56","date_gmt":"2016-08-04T07:29:56","guid":{"rendered":"http:\/\/ecorrector.com\/?page_id=5387"},"modified":"2016-08-04T10:29:56","modified_gmt":"2016-08-04T08:29:56","slug":"tlumaczenie-native-speakera","status":"publish","type":"page","link":"https:\/\/ecorrector.com\/pl\/tlumaczenie-native-speakera\/","title":{"rendered":"T\u0142umaczenie native speakera"},"content":{"rendered":"[vc_row][vc_column][vc_column_text]\n<h4 style=\"margin-bottom: 25px;\"><span style=\"font-size: 18px; color: #000000; line-height: 1.2; font-weight: bold;\">Profesjonalne t\u0142umaczenie native speakera<\/span><\/h4>\n[\/vc_column_text][vc_row_inner][vc_column_inner width=&#8221;2\/3&#8243;][vc_column_text]\n<div style=\"text-align: left;\">\n<div style=\"margin-bottom: 20px; text-align: justify;\"><span style=\"font-size: 1.4em; color: #777; line-height: 1.5;\">Wiele firm oferuje t\u0142umaczenie tekst\u00f3w na dziesi\u0105tki j\u0119zyk\u00f3w \u015bwiata, ale eCORRECTOR wyr\u00f3\u017cnia si\u0119 w\u015br\u00f3d nich wsp\u00f3\u0142prac\u0105 z native speakerami j\u0119zyka docelowego. Mo\u017cna zada\u0107 sobie nast\u0119puj\u0105ce pytanie: czym r\u00f3\u017cni si\u0119 standardowe t\u0142umaczenie, kt\u00f3rego mo\u017ce podj\u0105\u0107 si\u0119 ka\u017cda osoba biegle w\u0142adaj\u0105ca danym j\u0119zykiem, od t\u0142umaczenia native speakera? R\u00f3\u017cnic jest sporo. Znaczna ilo\u015b\u0107 t\u0142umacze\u0144 wykonywanych przez osoby, kt\u00f3rych pierwszym j\u0119zykiem jest j\u0119zyk tekstu \u017ar\u00f3d\u0142owego, opiera si\u0119 na dos\u0142ownym t\u0142umaczeniu zda\u0144 i wyra\u017ce\u0144. Cz\u0119stym rezultatem jest ?s\u0142ownikowy? wyd\u017awi\u0119k tekstu i niezbyt pozytywne wra\u017cenie wywarte na potencjalnych czytelnikach. Native speaker dokonuje czego\u015b wi\u0119cej ni\u017c t\u0142umaczenia &#8211; dokonuje lokalizacji, czyli nadania tekstowi odpowiedniej naturalno\u015bci i p\u0142ynno\u015bci. T\u0142umaczenie wykonane przez native speakera uchroni tekst przez b\u0142\u0119dami kulturowymi czy j\u0119zykowymi (zw\u0142aszcza tymi wyczuwalnymi tylko przez rodzimych u\u017cytkownik\u00f3w), kt\u00f3re mog\u0142yby w znacz\u0105cy spos\u00f3b wp\u0142yn\u0105\u0107 na jego odbi\u00f3r.<\/span><\/div>\n<\/div>\n[\/vc_column_text][\/vc_column_inner][vc_column_inner width=&#8221;1\/3&#8243;][vc_single_image image=&#8221;5407&#8243; img_size=&#8221;full&#8221;][\/vc_column_inner][\/vc_row_inner][\/vc_column][\/vc_row][vc_row full_width=&#8221;stretch_row&#8221; css=&#8221;.vc_custom_1470294792457{padding-top: 30px !important;padding-bottom: 30px !important;background-color: #1e90ff !important;}&#8221;][vc_column][vc_row_inner][vc_column_inner][vc_column_text]\n<h2 style=\"text-align: center; margin: 20px 0 20px;\"><span style=\"font-size: 18px; color: #ffffff; line-height: 1.2; font-weight: bold;\">Jakie teksty powinni\u015bmy podda\u0107 t\u0142umaczeniu native speakera?<\/span><\/h2>\n[\/vc_column_text][\/vc_column_inner][\/vc_row_inner][vc_row_inner][vc_column_inner width=&#8221;1\/4&#8243;][vc_column_text]\n<p style=\"text-align: center;\"><i class=\"fa fa-files-o circle-wrap\" style=\"color: #ffffff; font-size: 2em;\"><!-- icon --><\/i><\/p>\n<h4 style=\"margin: 10px 0px; font-weight: bold; text-align: center;\"><span style=\"color: #ffffff;\">Opisy produktowe<\/span><\/h4>\n<div style=\"text-align: center;\"><span style=\"color: #ffffff;\">Opisy produkt\u00f3w przeznaczonych do eksportu na rynki zagraniczne, w tym teksty marketingowe, reklamowe i PR-owe<br \/>\n<\/span><\/div>\n[\/vc_column_text][\/vc_column_inner][vc_column_inner width=&#8221;1\/4&#8243;][vc_column_text]\n<p style=\"text-align: center;\"><i class=\"fa fa-files-o circle-wrap\" style=\"color: #ffffff; font-size: 2em;\"><!-- icon --><\/i><\/p>\n<h4 style=\"margin: 10px 0px; font-weight: bold; text-align: center;\"><span style=\"color: #ffffff;\">Teksty u\u017cytkowe<\/span><\/h4>\n<div style=\"text-align: center;\"><span style=\"color: #ffffff;\">Reklamy hoteli oraz wszelkich miejsc, gdzie du\u017c\u0105 baz\u0119 klient\u00f3w stanowi\u0105 odbiorcy zagraniczni, a tak\u017ce stosowane w nich teksty u\u017cytkowe, np. menu restauracji<br \/>\n<\/span><\/div>\n[\/vc_column_text][\/vc_column_inner][vc_column_inner width=&#8221;1\/4&#8243;][vc_column_text]\n<p style=\"text-align: center;\"><i class=\"fa fa-files-o circle-wrap\" style=\"color: #ffffff; font-size: 2em;\"><!-- icon --><\/i><\/p>\n<h4 style=\"margin: 10px 0px; font-weight: bold; text-align: center;\"><span style=\"color: #ffffff;\">Teksty komercyjne<\/span><\/h4>\n<div style=\"text-align: center;\"><span style=\"color: #ffffff;\">Teksty komercyjne przeznaczone do publikacji, w tym druku wielonak\u0142adowego, np. katalogi, ulotki i broszury informacyjne<br \/>\n<\/span><\/div>\n[\/vc_column_text][\/vc_column_inner][vc_column_inner width=&#8221;1\/4&#8243;][vc_column_text]\n<p style=\"text-align: center;\"><i class=\"fa fa-files-o circle-wrap\" style=\"color: #ffffff; font-size: 2em;\"><!-- icon --><\/i><\/p>\n<h4 style=\"margin: 10px 0px; font-weight: bold; text-align: center;\"><span style=\"color: #ffffff;\">Literatur\u0119 i publikacje<\/span><\/h4>\n<div style=\"text-align: center;\"><span style=\"color: #ffffff;\">Literatura pi\u0119kna oraz non-fiction, takie jak reporta\u017ce czy newsy oraz publikacje naukowe i fachowe w postaci ksi\u0105\u017cki, artyku\u0142u, monografii, itd.<\/span><\/div>\n[\/vc_column_text][\/vc_column_inner][\/vc_row_inner][\/vc_column][\/vc_row][vc_row css=&#8221;.vc_custom_1470299255126{margin-top: -20px !important;}&#8221;][vc_column][vc_column_text]\t\t<style type=\"text\/css\">\r\n\t\t    #content-block-background-1445 { background-image: url(http:\/\/ecorrector.com\/wp-content\/uploads\/2016\/08\/tlumaczenie-native-speakera.jpg); background-position: center center; background-repeat: repeat-x; background-color: #fff; background-attachment: scroll; background-size: auto; }\r\n\t\t    #content-block-body-1445 { padding: 80px 0 25px; color: #000; }\r\n\t\t    .content-block-body { margin-left: auto; margin-right: auto; position: relative; }\r\n\t\t<\/style>\r\n\t\t\t\t\t<style type=\"text\/css\">\r\n\t\t\t\t#wrapper-1 { overflow-x: hidden; }\r\n\t\t\t\t#content-block-background-1445 { margin: 0 -10000px; padding: 0 10000px; }\r\n\t\t\t<\/style>\r\n\t\t\r\n\t\t\r\n\t\t<div class=\"clear\"><\/div>\r\n\t\t<div id=\"content-block-background-1445\" class=\"content-block-background \">\r\n\t\t\t<div id=\"content-block-body-1445\" class=\"content-block-body\">\r\n\t\t\t\t<div class=\"clear\"><\/div>\r\n\t\t\t\t\n<h4 style=\"margin-bottom: 25px;\"><span style=\"font-size: 18px; color: #000; line-height: 1.2; font-weight: bold;\">Dlaczego warto korzysta\u0107 z t\u0142umacze\u0144 native speakera?<\/span><\/h4>\n<div style=\"font-size: 1.2em; color: #777;\">\n<div class=\"one_half\">\n<div style=\"margin-bottom: 0px;\">\n<p style=\"text-align: justify;\">eCORRECTOR wsp\u00f3\u0142pracuje z wykwalifikowanymi native speakerami i wykonuje t\u0142umaczenia dla klient\u00f3w i instytucji z r\u00f3\u017cnych dziedzin wiedzy.<\/p>\n<div style=\"font-size: 0.8em; color: #777;\">\n<ul class=\"fontello-ul\" style=\"font-size: 1.4em; margin-bottom: 10px;\">\n<li style=\"text-align: justify;\"><i class=\"fa fa-check-square\"><\/i> Nasze t\u0142umaczenie native speakera zapewnia naturalno\u015b\u0107 j\u0119zykow\u0105, dzi\u0119ki czemu tekst staje si\u0119 przyjemny w odbiorze dla zagranicznego klienta lub partera biznesowego<\/li>\n<li style=\"text-align: justify;\"><i class=\"fa fa-check-square\"><\/i> Nasze teksty nie zawieraj\u0105 wpadek na gruncie kulturowym czy te\u017c zwi\u0105zanych ze specyfik\u0105 danego j\u0119zyka, spo\u0142ecze\u0144stwa b\u0105d\u017a regionu<\/li>\n<li style=\"text-align: justify;\"><i class=\"fa fa-check-square\"><\/i> Nasi native speakerzy z racji codziennego obcowania ze swoim j\u0119zykiem s\u0105 \u015bwiadomi nieustannych zmian zachodz\u0105cych w jego obr\u0119bie i potrafi\u0105 odda\u0107 t\u0142umaczon\u0105 tre\u015b\u0107 w spos\u00f3b naturalny i skuteczny<\/li>\n<\/ul>\n<\/div>\n<\/div>\n<a class=\"flat-custom-button align-btn-left\" href=\"http:\/\/ecorrector.com\/wyslij-tekst-do-darmowej-wyceny\/\" title=\"Darmowa wycena t\u0142umaczenia tekstu przez native speakera\"><span style=\"padding:10px 45px; background-color:#FD7800; border:1px solid #eb6f00; color:#FFFFFF; font-size:13px;\">Darmowa wycena t\u0142umaczenia tekstu przez native speakera<\/span><\/a>\n<\/div>\n<div class=\"one_half last_column\"><\/div>\n<\/div>\n\t\t\t\t<div class=\"clear\"><\/div>\r\n\t\t\t<\/div>\r\n\t\t<\/div>\r\n\t\t<div class=\"clear\"><\/div>\r\n\t[\/vc_column_text][\/vc_column][\/vc_row][vc_row css=&#8221;.vc_custom_1470298978509{margin-top: -34px !important;}&#8221;][vc_column width=&#8221;2\/3&#8243;][vc_column_text]\t\t<style type=\"text\/css\">\r\n\t\t    #content-block-background-1730 { background-image: url(http:\/\/ecorrector.com\/wp-content\/uploads\/2015\/10\/110.jpg); background-position: center center; background-repeat: repeat-x; background-color: #293037; background-attachment: fixed; background-size: auto; }\r\n\t\t    #content-block-body-1730 { padding: 35px 0 35px 0; color: #FFFFFF; }\r\n\t\t    .content-block-body { margin-left: auto; margin-right: auto; position: relative; }\r\n\t\t<\/style>\r\n\t\t\t\t\t<style type=\"text\/css\">\r\n\t\t\t\t#wrapper-1 { overflow-x: hidden; }\r\n\t\t\t\t#content-block-background-1730 { margin: 0 -10000px; padding: 0 10000px; }\r\n\t\t\t<\/style>\r\n\t\t\r\n\t\t\r\n\t\t<div class=\"clear\"><\/div>\r\n\t\t<div id=\"content-block-background-1730\" class=\"content-block-background we-are-passionate-block\">\r\n\t\t\t<div id=\"content-block-body-1730\" class=\"content-block-body\">\r\n\t\t\t\t<div class=\"clear\"><\/div>\r\n\t\t\t\t\n<div style=\"text-align: center;\">\n<h4 style=\"margin-bottom: 30px; text-align: left;\"><span style=\"font-size: 36px; color: #fd7800; line-height: 1.2;\">Dlaczego native speaker?<\/span><\/h4>\n<\/div>\n<div style=\"font-size: 1.2em; color: #a9a9a9;\">\n<ul class=\"list-2\" style=\"color: #999999; font-size: 17px !important; margin-top: 20px;\">\n<li><span style=\"color: #ffffff;\">Najcz\u0119stszy wym\u00f3g recenzent\u00f3w wydawnictw z listy filadelfijskiej<\/span><\/li>\n<li><span style=\"color: #ffffff;\">Zapewnienie naturalno\u015bci j\u0119zyka przy promocji produkt\u00f3w za granic\u0105<\/span><\/li>\n<li><span style=\"color: #ffffff;\">Perfekcja j\u0119zyka publikacji i prezentacji zagranicznych<\/span><\/li>\n<li><span style=\"color: #ffffff;\">Brak wpadek kulturowych<\/span><\/li>\n<\/ul>\n<\/div>\n\t\t\t\t<div class=\"clear\"><\/div>\r\n\t\t\t<\/div>\r\n\t\t<\/div>\r\n\t\t<div class=\"clear\"><\/div>\r\n\t[\/vc_column_text][\/vc_column][vc_column width=&#8221;1\/3&#8243; css=&#8221;.vc_custom_1470296379928{padding-top: 60px !important;}&#8221;][vc_btn title=&#8221;Nasi native speakerzy&#8221; style=&#8221;3d&#8221; shape=&#8221;round&#8221; color=&#8221;primary&#8221; size=&#8221;lg&#8221; align=&#8221;center&#8221; css_animation=&#8221;top-to-bottom&#8221; link=&#8221;url:http%3A%2F%2Fecorrector.com%2Fnasi-native-speakerzy%2F|title:Nasi%20native%20speakerzy|&#8221; css=&#8221;.vc_custom_1470299069402{margin-top: -10px !important;}&#8221;][\/vc_column][\/vc_row]\n","protected":false},"excerpt":{"rendered":"<p>[vc_row][vc_column][vc_column_text] Profesjonalne t\u0142umaczenie native speakera [\/vc_column_text][vc_row_inner][vc_column_inner width=&#8221;2\/3&#8243;][vc_column_text] Wiele firm oferuje t\u0142umaczenie tekst\u00f3w na dziesi\u0105tki j\u0119zyk\u00f3w \u015bwiata, ale eCORRECTOR wyr\u00f3\u017cnia si\u0119 w\u015br\u00f3d nich wsp\u00f3\u0142prac\u0105 z native speakerami j\u0119zyka docelowego. Mo\u017cna zada\u0107 sobie nast\u0119puj\u0105ce pytanie: czym r\u00f3\u017cni si\u0119 standardowe t\u0142umaczenie, kt\u00f3rego mo\u017ce podj\u0105\u0107 si\u0119 ka\u017cda osoba biegle w\u0142adaj\u0105ca danym j\u0119zykiem, od t\u0142umaczenia native speakera? R\u00f3\u017cnic jest sporo. Znaczna ilo\u015b\u0107 t\u0142umacze\u0144 wykonywanych przez osoby, kt\u00f3rych pierwszym j\u0119zykiem jest j\u0119zyk tekstu \u017ar\u00f3d\u0142owego, opiera si\u0119 na dos\u0142ownym t\u0142umaczeniu zda\u0144 i wyra\u017ce\u0144. Cz\u0119stym rezultatem jest ?s\u0142ownikowy?<\/p>\n","protected":false},"author":1,"featured_media":0,"parent":0,"menu_order":0,"comment_status":"closed","ping_status":"closed","template":"page-FullWidth.php","meta":{"_monsterinsights_skip_tracking":false,"_monsterinsights_sitenote_active":false,"_monsterinsights_sitenote_note":"","_monsterinsights_sitenote_category":0,"footnotes":""},"class_list":["post-5387","page","type-page","status-publish","hentry"],"yoast_head":"<!-- This site is optimized with the Yoast SEO plugin v21.0 - https:\/\/yoast.com\/wordpress\/plugins\/seo\/ -->\n<title>T\u0142umaczenie native speakera - eCORRECTOR<\/title>\n<meta name=\"description\" content=\"eCORRECTOR wyr\u00f3\u017cnia wsp\u00f3\u0142praca z native speakerami j\u0119zyka docelowego. Zobacz czy warto wykona\u0107 t\u0142umaczenie native speakera.\" \/>\n<meta name=\"robots\" content=\"index, follow, max-snippet:-1, max-image-preview:large, max-video-preview:-1\" \/>\n<link rel=\"canonical\" href=\"https:\/\/ecorrector.com\/pl\/tlumaczenie-native-speakera\/\" \/>\n<meta property=\"og:locale\" content=\"pl_PL\" \/>\n<meta property=\"og:type\" content=\"article\" \/>\n<meta property=\"og:title\" content=\"T\u0142umaczenie native speakera - eCORRECTOR\" \/>\n<meta property=\"og:description\" content=\"eCORRECTOR wyr\u00f3\u017cnia wsp\u00f3\u0142praca z native speakerami j\u0119zyka docelowego. Zobacz czy warto wykona\u0107 t\u0142umaczenie native speakera.\" \/>\n<meta property=\"og:url\" content=\"https:\/\/ecorrector.com\/pl\/tlumaczenie-native-speakera\/\" \/>\n<meta property=\"og:site_name\" content=\"eCORRECTOR\" \/>\n<meta property=\"article:modified_time\" content=\"2016-08-04T08:29:56+00:00\" \/>\n<meta name=\"twitter:card\" content=\"summary_large_image\" \/>\n<meta name=\"twitter:label1\" content=\"Szacowany czas czytania\" \/>\n\t<meta name=\"twitter:data1\" content=\"4 minuty\" \/>\n<script type=\"application\/ld+json\" class=\"yoast-schema-graph\">{\"@context\":\"https:\/\/schema.org\",\"@graph\":[{\"@type\":\"WebPage\",\"@id\":\"https:\/\/ecorrector.com\/pl\/tlumaczenie-native-speakera\/\",\"url\":\"https:\/\/ecorrector.com\/pl\/tlumaczenie-native-speakera\/\",\"name\":\"T\u0142umaczenie native speakera - eCORRECTOR\",\"isPartOf\":{\"@id\":\"https:\/\/ecorrector.com\/#website\"},\"datePublished\":\"2016-08-04T07:29:56+00:00\",\"dateModified\":\"2016-08-04T08:29:56+00:00\",\"description\":\"eCORRECTOR wyr\u00f3\u017cnia wsp\u00f3\u0142praca z native speakerami j\u0119zyka docelowego. Zobacz czy warto wykona\u0107 t\u0142umaczenie native speakera.\",\"breadcrumb\":{\"@id\":\"https:\/\/ecorrector.com\/pl\/tlumaczenie-native-speakera\/#breadcrumb\"},\"inLanguage\":\"pl-PL\",\"potentialAction\":[{\"@type\":\"ReadAction\",\"target\":[\"https:\/\/ecorrector.com\/pl\/tlumaczenie-native-speakera\/\"]}]},{\"@type\":\"BreadcrumbList\",\"@id\":\"https:\/\/ecorrector.com\/pl\/tlumaczenie-native-speakera\/#breadcrumb\",\"itemListElement\":[{\"@type\":\"ListItem\",\"position\":1,\"name\":\"Home\",\"item\":\"https:\/\/ecorrector.com\/pl\/glowna\/\"},{\"@type\":\"ListItem\",\"position\":2,\"name\":\"T\u0142umaczenie native speakera\"}]},{\"@type\":\"WebSite\",\"@id\":\"https:\/\/ecorrector.com\/#website\",\"url\":\"https:\/\/ecorrector.com\/\",\"name\":\"eCORRECTOR\",\"description\":\"Korekty i T\u0142umaczenia Specjalistyczne\",\"potentialAction\":[{\"@type\":\"SearchAction\",\"target\":{\"@type\":\"EntryPoint\",\"urlTemplate\":\"https:\/\/ecorrector.com\/?s={search_term_string}\"},\"query-input\":\"required name=search_term_string\"}],\"inLanguage\":\"pl-PL\"}]}<\/script>\n<!-- \/ Yoast SEO plugin. -->","yoast_head_json":{"title":"T\u0142umaczenie native speakera - eCORRECTOR","description":"eCORRECTOR wyr\u00f3\u017cnia wsp\u00f3\u0142praca z native speakerami j\u0119zyka docelowego. Zobacz czy warto wykona\u0107 t\u0142umaczenie native speakera.","robots":{"index":"index","follow":"follow","max-snippet":"max-snippet:-1","max-image-preview":"max-image-preview:large","max-video-preview":"max-video-preview:-1"},"canonical":"https:\/\/ecorrector.com\/pl\/tlumaczenie-native-speakera\/","og_locale":"pl_PL","og_type":"article","og_title":"T\u0142umaczenie native speakera - eCORRECTOR","og_description":"eCORRECTOR wyr\u00f3\u017cnia wsp\u00f3\u0142praca z native speakerami j\u0119zyka docelowego. Zobacz czy warto wykona\u0107 t\u0142umaczenie native speakera.","og_url":"https:\/\/ecorrector.com\/pl\/tlumaczenie-native-speakera\/","og_site_name":"eCORRECTOR","article_modified_time":"2016-08-04T08:29:56+00:00","twitter_card":"summary_large_image","twitter_misc":{"Szacowany czas czytania":"4 minuty"},"schema":{"@context":"https:\/\/schema.org","@graph":[{"@type":"WebPage","@id":"https:\/\/ecorrector.com\/pl\/tlumaczenie-native-speakera\/","url":"https:\/\/ecorrector.com\/pl\/tlumaczenie-native-speakera\/","name":"T\u0142umaczenie native speakera - eCORRECTOR","isPartOf":{"@id":"https:\/\/ecorrector.com\/#website"},"datePublished":"2016-08-04T07:29:56+00:00","dateModified":"2016-08-04T08:29:56+00:00","description":"eCORRECTOR wyr\u00f3\u017cnia wsp\u00f3\u0142praca z native speakerami j\u0119zyka docelowego. Zobacz czy warto wykona\u0107 t\u0142umaczenie native speakera.","breadcrumb":{"@id":"https:\/\/ecorrector.com\/pl\/tlumaczenie-native-speakera\/#breadcrumb"},"inLanguage":"pl-PL","potentialAction":[{"@type":"ReadAction","target":["https:\/\/ecorrector.com\/pl\/tlumaczenie-native-speakera\/"]}]},{"@type":"BreadcrumbList","@id":"https:\/\/ecorrector.com\/pl\/tlumaczenie-native-speakera\/#breadcrumb","itemListElement":[{"@type":"ListItem","position":1,"name":"Home","item":"https:\/\/ecorrector.com\/pl\/glowna\/"},{"@type":"ListItem","position":2,"name":"T\u0142umaczenie native speakera"}]},{"@type":"WebSite","@id":"https:\/\/ecorrector.com\/#website","url":"https:\/\/ecorrector.com\/","name":"eCORRECTOR","description":"Korekty i T\u0142umaczenia Specjalistyczne","potentialAction":[{"@type":"SearchAction","target":{"@type":"EntryPoint","urlTemplate":"https:\/\/ecorrector.com\/?s={search_term_string}"},"query-input":"required name=search_term_string"}],"inLanguage":"pl-PL"}]}},"_links":{"self":[{"href":"https:\/\/ecorrector.com\/pl\/wp-json\/wp\/v2\/pages\/5387","targetHints":{"allow":["GET"]}}],"collection":[{"href":"https:\/\/ecorrector.com\/pl\/wp-json\/wp\/v2\/pages"}],"about":[{"href":"https:\/\/ecorrector.com\/pl\/wp-json\/wp\/v2\/types\/page"}],"author":[{"embeddable":true,"href":"https:\/\/ecorrector.com\/pl\/wp-json\/wp\/v2\/users\/1"}],"replies":[{"embeddable":true,"href":"https:\/\/ecorrector.com\/pl\/wp-json\/wp\/v2\/comments?post=5387"}],"version-history":[{"count":0,"href":"https:\/\/ecorrector.com\/pl\/wp-json\/wp\/v2\/pages\/5387\/revisions"}],"wp:attachment":[{"href":"https:\/\/ecorrector.com\/pl\/wp-json\/wp\/v2\/media?parent=5387"}],"curies":[{"name":"wp","href":"https:\/\/api.w.org\/{rel}","templated":true}]}}