{"id":6204,"date":"2017-01-16T11:08:46","date_gmt":"2017-01-16T10:08:46","guid":{"rendered":"http:\/\/ecorrector.com\/?page_id=6204"},"modified":"2020-04-28T17:33:57","modified_gmt":"2020-04-28T15:33:57","slug":"tlumaczenia-korekty-gwarancja-kontroli-jakosci","status":"publish","type":"page","link":"https:\/\/ecorrector.com\/pl\/tlumaczenia-korekty-gwarancja-kontroli-jakosci\/","title":{"rendered":"T\u0142umaczenia i korekty z gwarancj\u0105 kontroli jako\u015bci"},"content":{"rendered":"[vc_row full_width=&#8221;stretch_row&#8221; css=&#8221;.vc_custom_1486037722078{background-image: url(http:\/\/ecorrector.com\/wp-content\/uploads\/2016\/11\/FOTKA-TLO-ECORRECTOR-e1479196473741.jpg?id=5969) !important;}&#8221;][vc_column][vc_column_text css=&#8221;.vc_custom_1486038547560{margin-top: -10px !important;margin-bottom: px !important;}&#8221;]\n<h4 style=\"margin-bottom: 25px\"><span style=\"font-size: 22px;color: #fd7800;line-height: 1.2;text-align: left\">T\u0142umaczenia i korekty z gwarancj\u0105 kontroli jako\u015bci<\/span><\/h4>\n[\/vc_column_text][vc_row_inner][vc_column_inner width=&#8221;2\/3&#8243;][vc_column_text css=&#8221;.vc_custom_1588088020721{border-bottom-width: 10px !important;}&#8221;]\n<div style=\"text-align: center\">\n<h5 style=\"margin-bottom: 20px;text-align: justify\"><span style=\"font-size: 14px;color: #ffffff;line-height: 1.5\">Nieustannie poszukujemy specjalist\u00f3w, kt\u00f3rzy zdobywaj\u0105 stopnie naukowe, uczestnicz\u0105 w badaniach i grantach, propaguj\u0105 badania w\u0142asne na drodze publikacji i uczestnictwa w konferencjach. Nawi\u0105zujemy relacje z reprezentantami nawet najbardziej niszowych obszar\u00f3w bada\u0144. Publikacje naszych specjalist\u00f3w musz\u0105 by\u0107 nienaganne, gdy\u017c tylko wtedy mamy pewno\u015b\u0107, \u017ce b\u0119d\u0105 oni potrafili odpowiednio oceni\u0107 i skorygowa\u0107 artyku\u0142 naukowy przeznaczony do publikacji. Wierzymy, \u017ce po\u0142\u0105czenie doskona\u0142ej znajomo\u015bci j\u0119zyka publikacji oraz bezb\u0142\u0119dnego rozumienia za\u0142o\u017ce\u0144 danej dziedziny to przepis na idealnego korektora. W\u015br\u00f3d naszych native speaker\u00f3w s\u0105 lekarze medycyny, biolodzy, filozofowie, filolodzy, matematycy, socjologowie oraz wielu innych ekspert\u00f3w.<br \/>\n<\/span><\/h5>\n<\/div>\n[\/vc_column_text][\/vc_column_inner][vc_column_inner width=&#8221;1\/3&#8243;][vc_single_image image=&#8221;6279&#8243; img_size=&#8221;216&#215;190&#8243; alignment=&#8221;center&#8221;][\/vc_column_inner][\/vc_row_inner][vc_row_inner][vc_column_inner][vc_column_text]\n<div style=\"text-align: center\">\n<h5 style=\"margin-bottom: 20px;text-align: justify\"><span style=\"font-size: 14px;color: #ffffff;line-height: 1.5\">G\u0142\u00f3wnym celem eCORRECTOR w wymiarze korekt artyku\u0142\u00f3w naukowych przeznaczonych do publikacji wykonywanych przez wykwalifikowanych native speaker\u00f3w jest dostarczenie tekstu na najwy\u017cszym poziomie jako\u015bci j\u0119zykowej i merytorycznej. Poprzeczka jest ustawiona wysoko, wprowadzili\u015bmy wi\u0119c Gwarancj\u0119 Kontroli Jako\u015bci, aby da\u0107 naszym klientom pewno\u015b\u0107, \u017ce dzi\u0119ki wsp\u00f3\u0142pracy z nami mog\u0105 z dum\u0105 pokaza\u0107 \u015bwiatu swoje osi\u0105gni\u0119cia badawcze. Za\u0142o\u017ceniem tej procedury jest nieustanna dba\u0142o\u015b\u0107 o to, aby przekazywane nam publikacje spe\u0142nia\u0142y wszelkie wymogi redaktor\u00f3w i recenzent\u00f3w najbardziej presti\u017cowych czasopism oraz wydawnictw naukowych. Potwierdzeniem naszej skuteczno\u015bci s\u0105 liczne artyku\u0142y, kt\u00f3re zosta\u0142y opublikowane w zagranicznych czasopismach po korekcie specjalistycznej. Starannie opracowane instrukcje oraz osobiste zaanga\u017cowanie naszych ekspert\u00f3w w prac\u0119 nad ka\u017cdym tekstem to jedynie cz\u0119\u015b\u0107 tego, co stanowi Gwarancj\u0119 Kontroli Jako\u015bci.<br \/>\n<\/span><\/h5>\n<\/div>\n[\/vc_column_text][\/vc_column_inner][\/vc_row_inner][\/vc_column][\/vc_row][vc_row css=&#8221;.vc_custom_1486038755046{margin-top: -33px !important;}&#8221;][vc_column][vc_column_text]\t\t<style type=\"text\/css\">\r\n\t\t    #content-block-background-1704 { background-image: url(); background-position: 50% 0; background-repeat: repeat; background-color: #FD7800; background-attachment: scroll; background-size: auto; }\r\n\t\t    #content-block-body-1704 { padding: 15px 0; color: #FFFFFF; }\r\n\t\t    .content-block-body { margin-left: auto; margin-right: auto; position: relative; }\r\n\t\t<\/style>\r\n\t\t\t\t\t<style type=\"text\/css\">\r\n\t\t\t\t#wrapper-1 { overflow-x: hidden; }\r\n\t\t\t\t#content-block-background-1704 { margin: 0 -10000px; padding: 0 10000px; }\r\n\t\t\t<\/style>\r\n\t\t\r\n\t\t\t\t\t<script type=\"text\/javascript\">\r\n\t\t\t\t\/\/ <![CDATA[\r\n\t\t\t\tjQuery(document).ready(function($){\r\n\t\t\t\t\tif( ! $(\"body\").hasClass( \"mobile-detected\" ) ){\r\n\t\t\t\t\t\t$(\"#content-block-background-\"+1704).each(function(){\r\n\t\t\t\t\t\t\tvar $bgobj = $(this); \/\/ Assigning the object.\r\n\t\t\t\t\t\t\tvar xPos = '50%'; \/\/ x bg position value from the user shortcode.\r\n\t\t\t\t\t\t\t$(window).scroll(function() {\r\n\t\t\t\t\t\t\t\tvar yPos = -($(window).scrollTop() \/ 3);\r\n\t\t\t\t\t\t\t\t\/\/ Put together our final background position.\r\n\t\t\t\t\t\t\t\tvar coords = xPos+' '+yPos+'px';\r\n\t\t\t\t\t\t\t\t\/\/ Move the background.\r\n\t\t\t\t\t\t\t\t$bgobj.css({ backgroundPosition: coords });\r\n\t\t\t\t\t\t\t});\r\n\t\t\t\t\t\t});\r\n\t\t\t\t\t}\r\n\t\t\t\t});\r\n\t\t\t\t\/\/ ]]>\r\n\t\t\t<\/script>\r\n\t\t\r\n\t\t<div class=\"clear\"><\/div>\r\n\t\t<div id=\"content-block-background-1704\" class=\"content-block-background custom-padding\">\r\n\t\t\t<div id=\"content-block-body-1704\" class=\"content-block-body\">\r\n\t\t\t\t<div class=\"clear\"><\/div>\r\n\t\t\t\t\n<h3 style=\"float: left;margin: 10px 0px;line-height: 1.2;color: #ffffff;font-size: 22px !important;text-align: center\">Na czym polega Gwarancja Kontroli Jako\u015bci eCORRECTOR?<\/h3>\n\t\t\t\t<div class=\"clear\"><\/div>\r\n\t\t\t<\/div>\r\n\t\t<\/div>\r\n\t\t<div class=\"clear\"><\/div>\r\n\t[\/vc_column_text][\/vc_column][\/vc_row][vc_row][vc_column width=&#8221;1\/3&#8243;][vc_column_text]<img decoding=\"async\" class=\"aligncenter\" src=\"http:\/\/ecorrector.com\/wp-content\/uploads\/2016\/11\/1.png\" alt=\"Klasyfikacja artyku\u0142u\" \/><\/p>\n<div style=\"float: left;text-align: center\">\n<h3 style=\"margin: 0 auto;padding-bottom: 0\"><a title=\"Science editor\">Klasyfikacja artyku\u0142u<\/a><\/h3>\n<p style=\"float: left;text-align: justify\">Pierwszym krokiem jest odpowiednia klasyfikacja przesy\u0142anych artyku\u0142\u00f3w oraz monografii pod k\u0105tem tre\u015bci i specyfiki omawianej dziedziny nauki. Jest to niezb\u0119dne, gdy\u017c dzi\u0119ki temu mo\u017cemy dobra\u0107 korektora najlepszego dla danego tekstu. Wybieramy specjalist\u0119 i praktyka dziedziny, kt\u00f3rego wykszta\u0142cenie (cz\u0119sto obejmuj\u0105ce zdobycie stopnia doktora) i dorobek naukowy odpowiadaj\u0105 tematyce tekstu.<\/p>\n<\/div>\n[\/vc_column_text][\/vc_column][vc_column width=&#8221;1\/3&#8243;][vc_column_text]<img decoding=\"async\" class=\"aligncenter\" src=\"http:\/\/ecorrector.com\/wp-content\/uploads\/2016\/11\/3.png\" alt=\"Szczeg\u00f3\u0142owe sprawdzenie\" \/><\/p>\n<div style=\"float: left;text-align: center\">\n<h3 style=\"margin: 0 auto;padding-bottom: 0\"><a title=\"Intelligent editing\">Szczeg\u00f3\u0142owe sprawdzenie<\/a><\/h3>\n<p style=\"float: left;text-align: justify\">Wszystkie korygowane tre\u015bci naukowe s\u0105 dok\u0142adnie sprawdzane pod k\u0105tem merytorycznym, stylistycznym i gramatycznym. Ka\u017cdy native speaker, z jakim wsp\u00f3\u0142pracujemy swobodnie porusza si\u0119 w obr\u0119bie dziedziny nauki poruszanej w publikacji. Umo\u017cliwia to wychwycenie wszelkich nie\u015bcis\u0142o\u015bci j\u0119zykowych oraz korzystniejsze zaprezentowanie wynik\u00f3w bada\u0144 w j\u0119zyku obcym.<\/p>\n<\/div>\n[\/vc_column_text][\/vc_column][vc_column width=&#8221;1\/3&#8243;][vc_column_text]<img decoding=\"async\" class=\"aligncenter\" src=\"http:\/\/ecorrector.com\/wp-content\/uploads\/2016\/11\/4.png\" alt=\"Science editor\" \/><\/p>\n<div style=\"float: left;text-align: center\">\n<h3 style=\"margin: 0 auto;padding-bottom: 0\"><a title=\"Science editor\">Spe\u0142nienie wymog\u00f3w<\/a><\/h3>\n<p style=\"float: left;text-align: justify\">Wa\u017cnym elementem wprowadzonej procedury jest nakierowanie korekty na spe\u0142nienie wymog\u00f3w stawianych przez czasopisma, tak\u017ce te znajduj\u0105ce si\u0119 na li\u015bcie filadelfijskiej. Nasi eksperci w pe\u0142ni rozumiej\u0105 kryteria stawiane autorom manuskrypt\u00f3w naukowych przez redaktor\u00f3w czasopism oraz trafnie identyfikuj\u0105 miejsca potencjalnych zastrze\u017ce\u0144 recenzent\u00f3w, zapobiegaj\u0105c im w spos\u00f3b zachowuj\u0105cy g\u0142\u00f3wn\u0105 my\u015bl tekstu.<\/p>\n<\/div>\n[\/vc_column_text][\/vc_column][\/vc_row][vc_row][vc_column width=&#8221;1\/3&#8243;][vc_column_text]<img decoding=\"async\" class=\"aligncenter\" src=\"http:\/\/ecorrector.com\/wp-content\/uploads\/2016\/11\/2.png\" alt=\"\u015aledzenie zmian\" \/><\/p>\n<div style=\"float: left;text-align: center\">\n<h3 style=\"margin: 0 auto;padding-bottom: 0\"><a title=\"Strong customer care\">\u015aledzenie zmian<\/a><\/h3>\n<p style=\"float: left;text-align: justify\">Tekst po korekcie jest zaprezentowany klientowi zawsze w dw\u00f3ch postaciach. Jedn\u0105 z nich jest format ?\u015bledzenie zmian?, przy pomocy kt\u00f3rego klient mo\u017ce samodzielnie przeanalizowa\u0107 wprowadzone zmiany. Drug\u0105 postaci\u0105 jest wersja ?czysta?, czyli taka, kt\u00f3r\u0105 mo\u017cna od razu przes\u0142a\u0107 do czasopisma.<\/p>\n<\/div>\n[\/vc_column_text][\/vc_column][vc_column width=&#8221;1\/3&#8243;][vc_column_text]<img decoding=\"async\" class=\"aligncenter\" src=\"http:\/\/ecorrector.com\/wp-content\/uploads\/2016\/11\/DTDcircle-images06.png\" alt=\"hold a PhD \" \/><\/p>\n<div style=\"float: left;text-align: center\">\n<h3 style=\"margin: 0 auto;padding-bottom: 0\"><a title=\"Hold a PhD \">Pe\u0142en profesjonalizm<\/a><\/h3>\n<p style=\"float: left;text-align: justify\">Gwarancja Kontroli Jako\u015bci daje Pa\u0144stwu pewno\u015b\u0107, \u017ce je\u015bli pojawi\u0105 si\u0119 jakie\u015b uwagi, eCorrector odniesie si\u0119 do nich w pe\u0142ni profesjonalnie i zapewni wymagane poprawki.<\/p>\n<\/div>\n[\/vc_column_text][\/vc_column][vc_column width=&#8221;1\/3&#8243;][vc_column_text]<img decoding=\"async\" class=\"aligncenter\" src=\"http:\/\/ecorrector.com\/wp-content\/uploads\/2016\/11\/5.png\" alt=\"Dob\u00f3r eksperta\" \/><\/p>\n<div style=\"float: left;text-align: center\">\n<h3 style=\"margin: 0 auto;padding-bottom: 0\"><a title=\"Aware of the demands\">Dob\u00f3r eksperta<\/a><\/h3>\n<p style=\"float: left;text-align: justify\">Dob\u00f3r eksperta znaj\u0105cego odpowiedni\u0105 dziedzin\u0119 nauki od podszewki ? eCORRECTOR korzysta jedynie z us\u0142ug profesjonalist\u00f3w z konkretnych obszar\u00f3w nauki. Dbamy o to, aby tekst zosta\u0142 przekazany najbardziej wykwalifikowanemu z nich. Ka\u017cdorazowo nawi\u0105zujemy kontakt z native speakerem docelowego j\u0119zyka publikacji, dzi\u0119ki czemu nasze korekty s\u0105 nie tylko perfekcyjne pod k\u0105tem formalnym, ale i j\u0119zykowym.<\/p>\n<\/div>\n[\/vc_column_text][\/vc_column][\/vc_row][vc_row css=&#8221;.vc_custom_1479130447009{padding-top: 30px !important;}&#8221;][vc_column width=&#8221;2\/3&#8243;][vc_column_text]\n<div style=\"text-align: center\">\n<h4 style=\"margin: 35px 0 25px\"><span style=\"font-size: 24px;color: #777777;line-height: 1.2\">Certyfikat Korekty (Certificate of Proofreading)<\/span><\/h4>\n<h5 style=\"text-align: justify\"><span style=\"font-size: 15px;color: #777777;line-height: 1.5\">Zachowanie zasad tej procedury gwarantuje najwy\u017csz\u0105 jako\u015b\u0107 publikacji. Dzi\u0119ki autentycznemu przestrzeganiu jej zasad wykonana korekta artyku\u0142\u00f3w naukowych przeznaczonych do publikacji odpowiada wymogom presti\u017cowych czasopism naukowych przy zachowaniu mo\u017cliwie najkr\u00f3tszego czasu realizacji<\/span><\/h5>\n<h5 style=\"text-align: justify\"><span style=\"font-size: 15px;color: #777777;line-height: 1.5\">Ewentualne poprawki s\u0105 dokonywane bez dodatkowych op\u0142at zgodnie z zastrze\u017ceniami nades\u0142anymi przez recenzent\u00f3w dotycz\u0105cych jako\u015bci tekstu, a\u017c do momentu uzyskania pe\u0142nej satysfakcji autora<\/span><\/h5>\n<h5 style=\"text-align: justify\"><span style=\"font-size: 15px;color: #777777;line-height: 1.5\">Nad ca\u0142okszta\u0142tem proces\u00f3w wchodz\u0105cych w sk\u0142ad kontroli jako\u015bci tekst\u00f3w naukowych czuwa nasz redaktor naukowy ? dr Mark Hunt, absolwent Uniwersytetu w Cambridge oraz posiadacz dorobku ponad 25 publikacji i 15-letniego do\u015bwiadczenia w korektach naukowych.<\/span><\/h5>\n<h5 style=\"text-align: justify\"><span style=\"font-size: 15px;color: #777777;line-height: 1.5\">Ka\u017cdy tekst, kt\u00f3ry przejdzie korekt\u0119 specjalistyczn\u0105 native speakera otrzymuje Certyfikat Korekty (Certificate of Proofreading), kt\u00f3ry potwierdza wykonanie wymaganej na szczeblu mi\u0119dzynarodowym specjalistycznej korekty wykonanej przez eksperta z wybranej dziedziny naukowej.<br \/>\n<\/span><\/h5>\n<\/div>\n[\/vc_column_text][\/vc_column][vc_column width=&#8221;1\/3&#8243;][vc_single_image image=&#8221;6307&#8243; img_size=&#8221;full&#8221; css=&#8221;.vc_custom_1486042334931{padding-top: 35px !important;}&#8221;][\/vc_column][\/vc_row]\n","protected":false},"excerpt":{"rendered":"<p>[vc_row full_width=&#8221;stretch_row&#8221; css=&#8221;.vc_custom_1486037722078{background-image: url(http:\/\/ecorrector.com\/wp-content\/uploads\/2016\/11\/FOTKA-TLO-ECORRECTOR-e1479196473741.jpg?id=5969) !important;}&#8221;][vc_column][vc_column_text css=&#8221;.vc_custom_1486038547560{margin-top: -10px !important;margin-bottom: px !important;}&#8221;] T\u0142umaczenia i korekty z gwarancj\u0105 kontroli jako\u015bci [\/vc_column_text][vc_row_inner][vc_column_inner width=&#8221;2\/3&#8243;][vc_column_text css=&#8221;.vc_custom_1588088020721{border-bottom-width: 10px !important;}&#8221;] Nieustannie poszukujemy specjalist\u00f3w, kt\u00f3rzy zdobywaj\u0105 stopnie naukowe, uczestnicz\u0105 w badaniach i grantach, propaguj\u0105 badania w\u0142asne na drodze publikacji i uczestnictwa w konferencjach. Nawi\u0105zujemy relacje z reprezentantami nawet najbardziej niszowych obszar\u00f3w bada\u0144. Publikacje naszych specjalist\u00f3w musz\u0105 by\u0107 nienaganne, gdy\u017c tylko wtedy mamy pewno\u015b\u0107, \u017ce b\u0119d\u0105 oni potrafili odpowiednio oceni\u0107 i skorygowa\u0107 artyku\u0142 naukowy przeznaczony do publikacji. Wierzymy, \u017ce po\u0142\u0105czenie<\/p>\n","protected":false},"author":1,"featured_media":0,"parent":0,"menu_order":0,"comment_status":"closed","ping_status":"closed","template":"page-FullWidth.php","meta":{"_monsterinsights_skip_tracking":false,"_monsterinsights_sitenote_active":false,"_monsterinsights_sitenote_note":"","_monsterinsights_sitenote_category":0,"footnotes":""},"class_list":["post-6204","page","type-page","status-publish","hentry"],"yoast_head":"<!-- This site is optimized with the Yoast SEO plugin v21.0 - https:\/\/yoast.com\/wordpress\/plugins\/seo\/ -->\n<title>T\u0142umaczenia i korekty z gwarancj\u0105 kontroli jako\u015bci - eCORRECTOR<\/title>\n<meta name=\"robots\" content=\"index, follow, max-snippet:-1, max-image-preview:large, max-video-preview:-1\" \/>\n<link rel=\"canonical\" href=\"https:\/\/ecorrector.com\/pl\/tlumaczenia-korekty-gwarancja-kontroli-jakosci\/\" \/>\n<meta property=\"og:locale\" content=\"pl_PL\" \/>\n<meta property=\"og:type\" content=\"article\" \/>\n<meta property=\"og:title\" content=\"T\u0142umaczenia i korekty z gwarancj\u0105 kontroli jako\u015bci - eCORRECTOR\" \/>\n<meta property=\"og:description\" content=\"[vc_row full_width=&#8221;stretch_row&#8221; css=&#8221;.vc_custom_1486037722078{background-image: url(http:\/\/ecorrector.com\/wp-content\/uploads\/2016\/11\/FOTKA-TLO-ECORRECTOR-e1479196473741.jpg?id=5969) !important;}&#8221;][vc_column][vc_column_text css=&#8221;.vc_custom_1486038547560{margin-top: -10px !important;margin-bottom: px !important;}&#8221;] T\u0142umaczenia i korekty z gwarancj\u0105 kontroli jako\u015bci [\/vc_column_text][vc_row_inner][vc_column_inner width=&#8221;2\/3&#8243;][vc_column_text css=&#8221;.vc_custom_1588088020721{border-bottom-width: 10px !important;}&#8221;] Nieustannie poszukujemy specjalist\u00f3w, kt\u00f3rzy zdobywaj\u0105 stopnie naukowe, uczestnicz\u0105 w badaniach i grantach, propaguj\u0105 badania w\u0142asne na drodze publikacji i uczestnictwa w konferencjach. Nawi\u0105zujemy relacje z reprezentantami nawet najbardziej niszowych obszar\u00f3w bada\u0144. Publikacje naszych specjalist\u00f3w musz\u0105 by\u0107 nienaganne, gdy\u017c tylko wtedy mamy pewno\u015b\u0107, \u017ce b\u0119d\u0105 oni potrafili odpowiednio oceni\u0107 i skorygowa\u0107 artyku\u0142 naukowy przeznaczony do publikacji. Wierzymy, \u017ce po\u0142\u0105czenie\" \/>\n<meta property=\"og:url\" content=\"https:\/\/ecorrector.com\/pl\/tlumaczenia-korekty-gwarancja-kontroli-jakosci\/\" \/>\n<meta property=\"og:site_name\" content=\"eCORRECTOR\" \/>\n<meta property=\"article:modified_time\" content=\"2020-04-28T15:33:57+00:00\" \/>\n<meta property=\"og:image\" content=\"http:\/\/ecorrector.com\/wp-content\/uploads\/2016\/11\/1.png\" \/>\n<meta name=\"twitter:card\" content=\"summary_large_image\" \/>\n<meta name=\"twitter:label1\" content=\"Szacowany czas czytania\" \/>\n\t<meta name=\"twitter:data1\" content=\"5 minut\" \/>\n<script type=\"application\/ld+json\" class=\"yoast-schema-graph\">{\"@context\":\"https:\/\/schema.org\",\"@graph\":[{\"@type\":\"WebPage\",\"@id\":\"https:\/\/ecorrector.com\/pl\/tlumaczenia-korekty-gwarancja-kontroli-jakosci\/\",\"url\":\"https:\/\/ecorrector.com\/pl\/tlumaczenia-korekty-gwarancja-kontroli-jakosci\/\",\"name\":\"T\u0142umaczenia i korekty z gwarancj\u0105 kontroli jako\u015bci - eCORRECTOR\",\"isPartOf\":{\"@id\":\"https:\/\/ecorrector.com\/#website\"},\"datePublished\":\"2017-01-16T10:08:46+00:00\",\"dateModified\":\"2020-04-28T15:33:57+00:00\",\"breadcrumb\":{\"@id\":\"https:\/\/ecorrector.com\/pl\/tlumaczenia-korekty-gwarancja-kontroli-jakosci\/#breadcrumb\"},\"inLanguage\":\"pl-PL\",\"potentialAction\":[{\"@type\":\"ReadAction\",\"target\":[\"https:\/\/ecorrector.com\/pl\/tlumaczenia-korekty-gwarancja-kontroli-jakosci\/\"]}]},{\"@type\":\"BreadcrumbList\",\"@id\":\"https:\/\/ecorrector.com\/pl\/tlumaczenia-korekty-gwarancja-kontroli-jakosci\/#breadcrumb\",\"itemListElement\":[{\"@type\":\"ListItem\",\"position\":1,\"name\":\"Home\",\"item\":\"https:\/\/ecorrector.com\/pl\/glowna\/\"},{\"@type\":\"ListItem\",\"position\":2,\"name\":\"T\u0142umaczenia i korekty z gwarancj\u0105 kontroli jako\u015bci\"}]},{\"@type\":\"WebSite\",\"@id\":\"https:\/\/ecorrector.com\/#website\",\"url\":\"https:\/\/ecorrector.com\/\",\"name\":\"eCORRECTOR\",\"description\":\"Korekty i T\u0142umaczenia Specjalistyczne\",\"potentialAction\":[{\"@type\":\"SearchAction\",\"target\":{\"@type\":\"EntryPoint\",\"urlTemplate\":\"https:\/\/ecorrector.com\/?s={search_term_string}\"},\"query-input\":\"required name=search_term_string\"}],\"inLanguage\":\"pl-PL\"}]}<\/script>\n<!-- \/ Yoast SEO plugin. -->","yoast_head_json":{"title":"T\u0142umaczenia i korekty z gwarancj\u0105 kontroli jako\u015bci - eCORRECTOR","robots":{"index":"index","follow":"follow","max-snippet":"max-snippet:-1","max-image-preview":"max-image-preview:large","max-video-preview":"max-video-preview:-1"},"canonical":"https:\/\/ecorrector.com\/pl\/tlumaczenia-korekty-gwarancja-kontroli-jakosci\/","og_locale":"pl_PL","og_type":"article","og_title":"T\u0142umaczenia i korekty z gwarancj\u0105 kontroli jako\u015bci - eCORRECTOR","og_description":"[vc_row full_width=&#8221;stretch_row&#8221; css=&#8221;.vc_custom_1486037722078{background-image: url(http:\/\/ecorrector.com\/wp-content\/uploads\/2016\/11\/FOTKA-TLO-ECORRECTOR-e1479196473741.jpg?id=5969) !important;}&#8221;][vc_column][vc_column_text css=&#8221;.vc_custom_1486038547560{margin-top: -10px !important;margin-bottom: px !important;}&#8221;] T\u0142umaczenia i korekty z gwarancj\u0105 kontroli jako\u015bci [\/vc_column_text][vc_row_inner][vc_column_inner width=&#8221;2\/3&#8243;][vc_column_text css=&#8221;.vc_custom_1588088020721{border-bottom-width: 10px !important;}&#8221;] Nieustannie poszukujemy specjalist\u00f3w, kt\u00f3rzy zdobywaj\u0105 stopnie naukowe, uczestnicz\u0105 w badaniach i grantach, propaguj\u0105 badania w\u0142asne na drodze publikacji i uczestnictwa w konferencjach. Nawi\u0105zujemy relacje z reprezentantami nawet najbardziej niszowych obszar\u00f3w bada\u0144. Publikacje naszych specjalist\u00f3w musz\u0105 by\u0107 nienaganne, gdy\u017c tylko wtedy mamy pewno\u015b\u0107, \u017ce b\u0119d\u0105 oni potrafili odpowiednio oceni\u0107 i skorygowa\u0107 artyku\u0142 naukowy przeznaczony do publikacji. Wierzymy, \u017ce po\u0142\u0105czenie","og_url":"https:\/\/ecorrector.com\/pl\/tlumaczenia-korekty-gwarancja-kontroli-jakosci\/","og_site_name":"eCORRECTOR","article_modified_time":"2020-04-28T15:33:57+00:00","og_image":[{"url":"http:\/\/ecorrector.com\/wp-content\/uploads\/2016\/11\/1.png"}],"twitter_card":"summary_large_image","twitter_misc":{"Szacowany czas czytania":"5 minut"},"schema":{"@context":"https:\/\/schema.org","@graph":[{"@type":"WebPage","@id":"https:\/\/ecorrector.com\/pl\/tlumaczenia-korekty-gwarancja-kontroli-jakosci\/","url":"https:\/\/ecorrector.com\/pl\/tlumaczenia-korekty-gwarancja-kontroli-jakosci\/","name":"T\u0142umaczenia i korekty z gwarancj\u0105 kontroli jako\u015bci - eCORRECTOR","isPartOf":{"@id":"https:\/\/ecorrector.com\/#website"},"datePublished":"2017-01-16T10:08:46+00:00","dateModified":"2020-04-28T15:33:57+00:00","breadcrumb":{"@id":"https:\/\/ecorrector.com\/pl\/tlumaczenia-korekty-gwarancja-kontroli-jakosci\/#breadcrumb"},"inLanguage":"pl-PL","potentialAction":[{"@type":"ReadAction","target":["https:\/\/ecorrector.com\/pl\/tlumaczenia-korekty-gwarancja-kontroli-jakosci\/"]}]},{"@type":"BreadcrumbList","@id":"https:\/\/ecorrector.com\/pl\/tlumaczenia-korekty-gwarancja-kontroli-jakosci\/#breadcrumb","itemListElement":[{"@type":"ListItem","position":1,"name":"Home","item":"https:\/\/ecorrector.com\/pl\/glowna\/"},{"@type":"ListItem","position":2,"name":"T\u0142umaczenia i korekty z gwarancj\u0105 kontroli jako\u015bci"}]},{"@type":"WebSite","@id":"https:\/\/ecorrector.com\/#website","url":"https:\/\/ecorrector.com\/","name":"eCORRECTOR","description":"Korekty i T\u0142umaczenia Specjalistyczne","potentialAction":[{"@type":"SearchAction","target":{"@type":"EntryPoint","urlTemplate":"https:\/\/ecorrector.com\/?s={search_term_string}"},"query-input":"required name=search_term_string"}],"inLanguage":"pl-PL"}]}},"_links":{"self":[{"href":"https:\/\/ecorrector.com\/pl\/wp-json\/wp\/v2\/pages\/6204","targetHints":{"allow":["GET"]}}],"collection":[{"href":"https:\/\/ecorrector.com\/pl\/wp-json\/wp\/v2\/pages"}],"about":[{"href":"https:\/\/ecorrector.com\/pl\/wp-json\/wp\/v2\/types\/page"}],"author":[{"embeddable":true,"href":"https:\/\/ecorrector.com\/pl\/wp-json\/wp\/v2\/users\/1"}],"replies":[{"embeddable":true,"href":"https:\/\/ecorrector.com\/pl\/wp-json\/wp\/v2\/comments?post=6204"}],"version-history":[{"count":0,"href":"https:\/\/ecorrector.com\/pl\/wp-json\/wp\/v2\/pages\/6204\/revisions"}],"wp:attachment":[{"href":"https:\/\/ecorrector.com\/pl\/wp-json\/wp\/v2\/media?parent=6204"}],"curies":[{"name":"wp","href":"https:\/\/api.w.org\/{rel}","templated":true}]}}