{"id":6527,"date":"2017-02-14T13:52:32","date_gmt":"2017-02-14T12:52:32","guid":{"rendered":"http:\/\/ecorrector.com\/?page_id=6527"},"modified":"2020-04-28T17:28:42","modified_gmt":"2020-04-28T15:28:42","slug":"native-speakerzy-oferta-dla-biur-tlumaczen","status":"publish","type":"page","link":"https:\/\/ecorrector.com\/pl\/native-speakerzy-oferta-dla-biur-tlumaczen\/","title":{"rendered":"Native speakerzy &#8211; oferta dla biur t\u0142umacze\u0144"},"content":{"rendered":"[vc_row][vc_column][vc_column_text]\t\t<style type=\"text\/css\">\r\n\t\t    #content-block-background-1826 { background-image: url(http:\/\/ecorrector.com\/wp-content\/uploads\/2015\/10\/110.jpg); background-position: center center; background-repeat: repeat-x; background-color: #293037; background-attachment: fixed; background-size: auto; }\r\n\t\t    #content-block-body-1826 { padding: 10px 0 0; color: #FFFFFF; }\r\n\t\t    .content-block-body { margin-left: auto; margin-right: auto; position: relative; }\r\n\t\t<\/style>\r\n\t\t\t\t\t<style type=\"text\/css\">\r\n\t\t\t\t#wrapper-1 { overflow-x: hidden; }\r\n\t\t\t\t#content-block-background-1826 { margin: 0 -10000px; padding: 0 10000px; }\r\n\t\t\t<\/style>\r\n\t\t\r\n\t\t\r\n\t\t<div class=\"clear\"><\/div>\r\n\t\t<div id=\"content-block-background-1826\" class=\"content-block-background we-are-passionate-block\">\r\n\t\t\t<div id=\"content-block-body-1826\" class=\"content-block-body\">\r\n\t\t\t\t<div class=\"clear\"><\/div>\r\n\t\t\t\t\n<h1><\/h1>\n<p>&nbsp;<\/p>\n<h1 style=\"text-align: center\"><span style=\"color: #fd7800;font-size: 36px\"><strong><b>Oferta dla biur t\u0142umacze\u0144<br \/>\n<\/b><\/strong><\/span><\/h1>\n<p>&nbsp;<\/p>\n<p>&nbsp;<\/p>\n<div><\/div>\n\t\t\t\t<div class=\"clear\"><\/div>\r\n\t\t\t<\/div>\r\n\t\t<\/div>\r\n\t\t<div class=\"clear\"><\/div>\r\n\t[\/vc_column_text][\/vc_column][\/vc_row][vc_row][vc_column][vc_row_inner][vc_column_inner][vc_column_text css_animation=&#8221;bottom-to-top&#8221;]\n<div style=\"text-align: left\">\n<div style=\"margin-bottom: 16px;text-align: justify\">\n<h3><span style=\"color: #1e90ff\"><strong>Tylko kilka klikni\u0119\u0107 dzieli Twoje biuro od dalszego rozwoju!<\/strong><\/span><\/h3>\n<p><span style=\"color: #000000;font-size: 14px\">Ka\u017cde biuro t\u0142umacze\u0144 zmaga si\u0119 z konieczno\u015bci\u0105 poszukiwania wykwalifikowanych i rzetelnych t\u0142umaczy. Ze wzgl\u0119d\u00f3w ekonomicznych, rzadko zatrudnia si\u0119 szerokie grono t\u0142umaczy wewn\u0119trznych. Potrzeba outsourcingu us\u0142ug jest wi\u0119c konieczna, aby sprosta\u0107 kr\u00f3tkim terminom, znacznym obj\u0119to\u015bciom zlece\u0144 i rzadkim parom j\u0119zykowym. Jak wi\u0119c idealnie wykona\u0107 projekt dotycz\u0105cy niezbyt cz\u0119sto spotykanej pary j\u0119zykowej? Jak roz\u0142o\u017cy\u0107 prac\u0119, aby wyrobi\u0107 si\u0119 w kr\u00f3tkim terminie i zachowa\u0107 wysok\u0105 jako\u015b\u0107 wykonania?<\/span><\/p>\n<\/div>\n<\/div>\n[\/vc_column_text][\/vc_column_inner][\/vc_row_inner][\/vc_column][\/vc_row][vc_row css=&#8221;.vc_custom_1486993030739{margin-top: -32px !important;margin-bottom: -25px !important;}&#8221;][vc_column][vc_column_text css_animation=&#8221;appear&#8221;]<span style=\"color: #ffffff\">\t\t<style type=\"text\/css\">\r\n\t\t    #content-block-background-1198 { background-image: url(http:\/\/ecorrector.com\/wp-content\/uploads\/2015\/10\/110.jpg); background-position: center center; background-repeat: repeat-x; background-color: #293037; background-attachment: fixed; background-size: auto; }\r\n\t\t    #content-block-body-1198 { padding: 35px 0 35px 0; color: #FFFFFF; }\r\n\t\t    .content-block-body { margin-left: auto; margin-right: auto; position: relative; }\r\n\t\t<\/style>\r\n\t\t\t\t\t<style type=\"text\/css\">\r\n\t\t\t\t#wrapper-1 { overflow-x: hidden; }\r\n\t\t\t\t#content-block-background-1198 { margin: 0 -10000px; padding: 0 10000px; }\r\n\t\t\t<\/style>\r\n\t\t\r\n\t\t\r\n\t\t<div class=\"clear\"><\/div>\r\n\t\t<div id=\"content-block-background-1198\" class=\"content-block-background we-are-passionate-block\">\r\n\t\t\t<div id=\"content-block-body-1198\" class=\"content-block-body\">\r\n\t\t\t\t<div class=\"clear\"><\/div>\r\n\t\t\t\t<\/span><\/p>\n<div style=\"text-align: center\">\n<h4 style=\"margin-bottom: 30px;text-align: left\"><span style=\"font-size: 20px;color: #ff6600;line-height: 1.2\">Profesjonalizm gwarantem owocnej wsp\u00f3\u0142pracy<\/span><\/h4>\n<\/div>\n<div style=\"font-size: 1.2em;color: #a9a9a9\">\n<p style=\"text-align: justify\"><span style=\"color: #ffffff\">Dzi\u0119ki wieloletniej dzia\u0142alno\u015bci na rynku t\u0142umacze\u0144, eCORRECTOR zapewnia niszow\u0105 i specjalistyczn\u0105 wiedz\u0119, kt\u00f3ra znakomicie uzupe\u0142nia potrzeby wielu biur t\u0142umacze\u0144. Nasze szerokie grono do\u015bwiadczonych native speaker\u00f3w j\u0119zyk\u00f3w docelowych sprosta ka\u017cdemu wyzwaniu. Potwierdza to fakt, \u017ce pracujemy jako back office dla najlepszych biur t\u0142umacze\u0144 w Polsce i za granic\u0105, wspieramy ich rozw\u00f3j i ekspansj\u0119 na kolejne rynki.<\/span><\/p>\n<p style=\"text-align: justify\"><span style=\"color: #ffffff\">Nasz\u0105 dewiz\u0105 jest zachowanie poufno\u015bci powierzanych nam danych, przy zachowaniu wysokiej jako\u015bci \u015bwiadczonych us\u0142ug. Nasz profesjonalizm w tych kwestiach jest gwarantem owocnej wsp\u00f3\u0142pracy i wype\u0142nienia wszelkich brak\u00f3w w ofercie danego biura t\u0142umacze\u0144. Efektem naszej pracy jest perfekcyjne t\u0142umaczenie nawet najbardziej skomplikowanych tekst\u00f3w w niecodziennych kombinacjach j\u0119zykowych.<\/span><\/p>\n<\/div>\n<p><span style=\"color: #ffffff\">\t\t\t\t<div class=\"clear\"><\/div>\r\n\t\t\t<\/div>\r\n\t\t<\/div>\r\n\t\t<div class=\"clear\"><\/div>\r\n\t<\/span>[\/vc_column_text][\/vc_column][\/vc_row][vc_row css=&#8221;.vc_custom_1486987458222{margin-top: -20px !important;margin-bottom: -20px !important;}&#8221;][vc_column][vc_column_text css_animation=&#8221;bottom-to-top&#8221;]\t\t<style type=\"text\/css\">\r\n\t\t    #content-block-background-1471 { background-image: url(http:\/\/ecorrector.com\/wp-content\/uploads\/2017\/02\/grafika-do-telefonu-oferta-biuro-tlumaczen.jpg); background-position: center center; background-repeat: repeat-x; background-color: #fff; background-attachment: scroll; background-size: auto; }\r\n\t\t    #content-block-body-1471 { padding: 40px 0 25px; color: #000; }\r\n\t\t    .content-block-body { margin-left: auto; margin-right: auto; position: relative; }\r\n\t\t<\/style>\r\n\t\t\t\t\t<style type=\"text\/css\">\r\n\t\t\t\t#wrapper-1 { overflow-x: hidden; }\r\n\t\t\t\t#content-block-background-1471 { margin: 0 -10000px; padding: 0 10000px; }\r\n\t\t\t<\/style>\r\n\t\t\r\n\t\t\r\n\t\t<div class=\"clear\"><\/div>\r\n\t\t<div id=\"content-block-background-1471\" class=\"content-block-background \">\r\n\t\t\t<div id=\"content-block-body-1471\" class=\"content-block-body\">\r\n\t\t\t\t<div class=\"clear\"><\/div>\r\n\t\t\t\t\n<h4 style=\"margin-bottom: 25px\"><span style=\"font-size: 18px;color: #ff6600;line-height: 1.2;font-weight: bold\">eCORRECTOR zapewnia niszow\u0105 i specjalistyczn\u0105 wiedz\u0119<\/span><\/h4>\n<div style=\"font-size: 1.2em;color: #000000\">\n<div class=\"one_half\">\n<div style=\"margin-bottom: 0px\">\n<p style=\"text-align: justify;font-size: 16px\">Dlaczego warto podj\u0105\u0107 z nami wsp\u00f3\u0142prac\u0119?<\/p>\n<div style=\"font-size: 0.8em;color: #000000\">\n<ul class=\"fontello-ul\" style=\"font-size: 1.4em;margin-bottom: 10px\">\n<li style=\"text-align: left\"><i class=\"fa fa-check-square\"><\/i>\u00a0 <strong>Oferujemy t\u0142umaczenia wykonywane jedynie przez native speaker\u00f3w<\/strong> j\u0119zyk\u00f3w docelowych (nawet bardzo egzotyczne j\u0119zyki) ? stale wsp\u00f3\u0142pracujemy z ponad 200 sprawdzonymi t\u0142umaczami<\/li>\n<li style=\"text-align: left\"><i class=\"fa fa-check-square\"><\/i>\u00a0 <strong>Dysponujemy najlepsz\u0105 baz\u0105 do t\u0142umacze\u0144 na r\u00f3\u017cne j\u0119zyki \u015bwiata jest angielski<\/strong>, ale nie ma problemu z realizacj\u0105 zlecenia opartego na bazie niemieckiej, francuskiej, w\u0142oskiej czy polskiej<\/li>\n<li style=\"text-align: left\"><i class=\"fa fa-check-square\"><\/i>\u00a0 <strong>Korekty t\u0142umacze\u0144 dokonuj\u0105 wy\u0142\u0105cznie rodowici native speakerzy<\/strong> j\u0119zyk\u00f3w docelowych ? dzi\u0119ki temu tekst nabiera naturalnego brzmienia i wysokiej jako\u015bci<\/li>\n<li style=\"text-align: left\"><i class=\"fa fa-check-square\"><\/i> \u00a0<strong>Korekty specjalistyczne wykonywane s\u0105 przez ekspert\u00f3w<\/strong> z danej dziedziny. Je\u015bli zlecenie wymaga szczeg\u00f3lnej uwagi i precyzji (np. jest to tekst publikacji naukowej), korekt\u0119 wykonuje osoba posiadaj\u0105ca stopie\u0144 doktora w pokrewnej dziedzinie<\/li>\n<\/ul>\n<\/div>\n<\/div>\n<p style=\"text-align: center\"><div class=\"align-btn-center\"><a class=\"flat-custom-button\" href=\"http:\/\/ecorrector.com\/wyslij-tekst-do-darmowej-wyceny\/\" title=\"Darmowa wycena t\u0142umaczenia lub korekty tekstu\"><span style=\"padding:10px 45px; background-color:#fd7800; border:1px solid #fd7800; color:#FFFFFF; font-size:16px;\">Prze\u015blij tekst do wyceny<\/span><\/a><\/div>\n<\/div>\n<div class=\"one_half last_column\"><\/div>\n<\/div>\n\t\t\t\t<div class=\"clear\"><\/div>\r\n\t\t\t<\/div>\r\n\t\t<\/div>\r\n\t\t<div class=\"clear\"><\/div>\r\n\t[\/vc_column_text][\/vc_column][\/vc_row][vc_row full_width=&#8221;stretch_row&#8221; css=&#8221;.vc_custom_1486989479775{margin-bottom: 60px !important;padding-top: 10px !important;padding-bottom: 10px !important;}&#8221;][vc_column][vc_row_inner][vc_column_inner][vc_column_text css_animation=&#8221;bottom-to-top&#8221;]\n<h2 style=\"margin: 20px 0px;text-align: center\"><strong><span style=\"font-size: 20px;line-height: 1.6;color: #fd7800\"> Dla sta\u0142ych partner\u00f3w ze \u015brodowiska LSP oferujemy:<\/span><span style=\"font-size: 15px;color: #ffffff;line-height: 1.6\"><br \/>\n<\/span><\/strong><\/h2>\n[\/vc_column_text][\/vc_column_inner][\/vc_row_inner][vc_row_inner][vc_column_inner width=&#8221;1\/3&#8243;][vc_column_text css_animation=&#8221;top-to-bottom&#8221;]\n<p style=\"text-align: center\"><i class=\"fa fa-files-o circle-wrap\" style=\"font-size: 2em\"><!-- icon --><\/i><\/p>\n<h4 style=\"margin: 10px 0px;font-weight: bold;text-align: center;font-size: 14px\"><span style=\"color: #000000\">Konkurencyjne ceny<\/span><\/h4>\n[\/vc_column_text][vc_column_text css_animation=&#8221;top-to-bottom&#8221;]\n<p style=\"text-align: center\"><i class=\"fa fa-files-o circle-wrap\" style=\"font-size: 2em\"><!-- icon --><\/i><\/p>\n<h4 style=\"margin: 10px 0px;font-weight: bold;text-align: center;font-size: 14px\"><span style=\"color: #000000\">Mo\u017cliwo\u015b\u0107 pracy w systemie partnera (np. panelu CRM)<\/span><\/h4>\n[\/vc_column_text][\/vc_column_inner][vc_column_inner width=&#8221;1\/3&#8243;][vc_column_text css_animation=&#8221;top-to-bottom&#8221;]\n<p style=\"text-align: center\"><i class=\"fa fa-files-o circle-wrap\" style=\"font-size: 2em\"><!-- icon --><\/i><\/p>\n<h4 style=\"margin: 10px 0px;font-weight: bold;text-align: center;font-size: 14px\"><span style=\"color: #000000\">Atrakcyjne warunki rozlicze\u0144<\/span><\/h4>\n[\/vc_column_text][vc_column_text css_animation=&#8221;top-to-bottom&#8221;]\n<p style=\"text-align: center\"><i class=\"fa fa-files-o circle-wrap\" style=\"font-size: 2em\"><!-- icon --><\/i><\/p>\n<h4 style=\"margin: 10px 0px;font-weight: bold;text-align: center;font-size: 14px\"><span style=\"color: #000000\">Bogaty zakres obs\u0142ugiwanych par j\u0119zykowych<\/span><\/h4>\n[\/vc_column_text][\/vc_column_inner][vc_column_inner width=&#8221;1\/3&#8243;][vc_column_text css_animation=&#8221;top-to-bottom&#8221;]\n<p style=\"text-align: center\"><i class=\"fa fa-files-o circle-wrap\" style=\"font-size: 2em\"><!-- icon --><\/i><\/p>\n<h4 style=\"margin: 10px 0px;font-weight: bold;text-align: center;font-size: 14px\"><span style=\"color: #000000\">B\u0142yskawiczn\u0105 reakcj\u0119 na zapytanie<\/span><\/h4>\n[\/vc_column_text][vc_column_text css_animation=&#8221;top-to-bottom&#8221;]\n<p style=\"text-align: center\"><i class=\"fa fa-files-o circle-wrap\" style=\"font-size: 2em\"><!-- icon --><\/i><\/p>\n<h4 style=\"margin: 10px 0px;font-weight: bold;text-align: center;font-size: 14px\"><span style=\"color: #000000\">Partnersk\u0105 i lojaln\u0105 wsp\u00f3\u0142prac\u0119<\/span><\/h4>\n[\/vc_column_text][\/vc_column_inner][\/vc_row_inner][\/vc_column][\/vc_row][vc_row][vc_column width=&#8221;3\/4&#8243;][vc_column_text css=&#8221;.vc_custom_1487077779114{margin-top: -35px !important;}&#8221;]\t\t<style type=\"text\/css\">\r\n\t\t    #content-block-background-1964 { background-image: url(); background-position: 50% 0; background-repeat: repeat; background-color: #FD7800; background-attachment: scroll; background-size: auto; }\r\n\t\t    #content-block-body-1964 { padding: 35px 0; color: #FFFFFF; }\r\n\t\t    .content-block-body { margin-left: auto; margin-right: auto; position: relative; }\r\n\t\t<\/style>\r\n\t\t\t\t\t<style type=\"text\/css\">\r\n\t\t\t\t#wrapper-1 { overflow-x: hidden; }\r\n\t\t\t\t#content-block-background-1964 { margin: 0 -10000px; padding: 0 10000px; }\r\n\t\t\t<\/style>\r\n\t\t\r\n\t\t\t\t\t<script type=\"text\/javascript\">\r\n\t\t\t\t\/\/ <![CDATA[\r\n\t\t\t\tjQuery(document).ready(function($){\r\n\t\t\t\t\tif( ! $(\"body\").hasClass( \"mobile-detected\" ) ){\r\n\t\t\t\t\t\t$(\"#content-block-background-\"+1964).each(function(){\r\n\t\t\t\t\t\t\tvar $bgobj = $(this); \/\/ Assigning the object.\r\n\t\t\t\t\t\t\tvar xPos = '50%'; \/\/ x bg position value from the user shortcode.\r\n\t\t\t\t\t\t\t$(window).scroll(function() {\r\n\t\t\t\t\t\t\t\tvar yPos = -($(window).scrollTop() \/ 3);\r\n\t\t\t\t\t\t\t\t\/\/ Put together our final background position.\r\n\t\t\t\t\t\t\t\tvar coords = xPos+' '+yPos+'px';\r\n\t\t\t\t\t\t\t\t\/\/ Move the background.\r\n\t\t\t\t\t\t\t\t$bgobj.css({ backgroundPosition: coords });\r\n\t\t\t\t\t\t\t});\r\n\t\t\t\t\t\t});\r\n\t\t\t\t\t}\r\n\t\t\t\t});\r\n\t\t\t\t\/\/ ]]>\r\n\t\t\t<\/script>\r\n\t\t\r\n\t\t<div class=\"clear\"><\/div>\r\n\t\t<div id=\"content-block-background-1964\" class=\"content-block-background \">\r\n\t\t\t<div id=\"content-block-body-1964\" class=\"content-block-body\">\r\n\t\t\t\t<div class=\"clear\"><\/div>\r\n\t\t\t\t\n<h3 style=\"float: left;margin: 12px 0;font-size: 15px;line-height: 1.8;color: #ffffff\"><strong>Dalszy rozw\u00f3j Twojego biura t\u0142umacze\u0144 jest o kilka klikni\u0119\u0107 od Ciebie!<\/strong><br \/>\n<strong>Skontaktuj si\u0119 z nami w celu uzyskania specjalnie przygotowanej oferty wsp\u00f3\u0142pracy!<\/strong><\/h3>\n\t\t\t\t<div class=\"clear\"><\/div>\r\n\t\t\t<\/div>\r\n\t\t<\/div>\r\n\t\t<div class=\"clear\"><\/div>\r\n\t[\/vc_column_text][\/vc_column][vc_column width=&#8221;1\/4&#8243;][vc_btn title=&#8221;Skontaktuj si\u0119 z nami!&#8221; style=&#8221;custom&#8221; custom_background=&#8221;#1e90ff&#8221; custom_text=&#8221;#ffffff&#8221; align=&#8221;right&#8221; css_animation=&#8221;appear&#8221; link=&#8221;url:http%3A%2F%2Fecorrector.com%2Fkontakt%2F|||&#8221; css=&#8221;.vc_custom_1511433218298{margin-top: 14px !important;}&#8221; el_class=&#8221;.bold&#8221;][\/vc_column][\/vc_row][vc_row][vc_column][vc_column_text]\n<h2 style=\"margin: 20px 0px;text-align: center\"><strong><span style=\"font-size: 20px;line-height: 1.6;color: #000000\"> Zaufa\u0142o nam ju\u017c wiele profesjonalnych biur t\u0142umacze\u0144:<\/span><span style=\"font-size: 15px;color: #ffffff;line-height: 1.6\"><br \/>\n<\/span><\/strong><\/h2>\n<ul class=\"kiwi-logo-carousel kiwi-logo-carousel-biura-tlumaczen default align-center col4\"><li style=\"height:140px;\"><a target=\"_blank\" href=\"http:\/\/www.transperfect.com\/\"><div class=\"helper\" style=\"height:140px; width:192px;\" ><img decoding=\"async\" src=\"https:\/\/ecorrector.com\/wp-content\/uploads\/2017\/03\/pobrane.jpg\" alt=\"TransPerfect\" title=\"TransPerfect\"><\/div><\/a><\/li><li style=\"height:140px;\"><a target=\"_blank\" href=\"http:\/\/www.mrlingua.com\/en\"><div class=\"helper\" style=\"height:140px; width:192px;\" ><img decoding=\"async\" src=\"https:\/\/ecorrector.com\/wp-content\/uploads\/2017\/03\/logo.png\" alt=\"MrLingua\" title=\"MrLingua\"><\/div><\/a><\/li><li style=\"height:140px;\"><a target=\"_blank\" href=\"http:\/\/www.lidex.com.pl\/\"><div class=\"helper\" style=\"height:140px; width:192px;\" ><img decoding=\"async\" src=\"https:\/\/ecorrector.com\/wp-content\/uploads\/2017\/03\/logo.jpg\" alt=\"Biuro T\u0142umacze\u0144 LIDEX\" title=\"Biuro T\u0142umacze\u0144 LIDEX\"><\/div><\/a><\/li><li style=\"height:140px;\"><a target=\"_blank\" href=\"https:\/\/dogadamycie.pl\/\"><div class=\"helper\" style=\"height:140px; width:192px;\" ><img decoding=\"async\" src=\"https:\/\/ecorrector.com\/wp-content\/uploads\/2017\/03\/logo_dc1_1000px.png\" alt=\"dogadamycie.pl Internetowe biuro t\u0142umacze\u0144\" title=\"dogadamycie.pl Internetowe biuro t\u0142umacze\u0144\"><\/div><\/a><\/li><li style=\"height:140px;\"><a target=\"_blank\" href=\"https:\/\/linghub.uk\/\"><div class=\"helper\" style=\"height:140px; width:192px;\" ><img decoding=\"async\" src=\"https:\/\/ecorrector.com\/wp-content\/uploads\/2017\/03\/logo-home-top-1.png\" alt=\"lingHUB.uk Online translation service\" title=\"lingHUB.uk Online translation service\"><\/div><\/a><\/li><li style=\"height:140px;\"><a target=\"_blank\" href=\"http:\/\/e-sowa.eu\/\"><div class=\"helper\" style=\"height:140px; width:192px;\" ><img decoding=\"async\" src=\"https:\/\/ecorrector.com\/wp-content\/uploads\/2017\/03\/firm_229274_981001_big.jpg\" alt=\"DOM T\u0141UMACZE\u0143 SOWA\" title=\"DOM T\u0141UMACZE\u0143 SOWA\"><\/div><\/a><\/li><li style=\"height:140px;\"><a target=\"_blank\" href=\"http:\/\/www.lingua-city.com\/\"><div class=\"helper\" style=\"height:140px; width:192px;\" ><img decoding=\"async\" src=\"https:\/\/ecorrector.com\/wp-content\/uploads\/2017\/03\/linguacity_4fc647ce01fd8.jpg\" alt=\"LinguaCity\" title=\"LinguaCity\"><\/div><\/a><\/li><\/ul>[\/vc_column_text][\/vc_column][\/vc_row]\n","protected":false},"excerpt":{"rendered":"<p>[vc_row][vc_column][vc_column_text][\/vc_column_text][\/vc_column][\/vc_row][vc_row][vc_column][vc_row_inner][vc_column_inner][vc_column_text css_animation=&#8221;bottom-to-top&#8221;] Tylko kilka klikni\u0119\u0107 dzieli Twoje biuro od dalszego rozwoju! Ka\u017cde biuro t\u0142umacze\u0144 zmaga si\u0119 z konieczno\u015bci\u0105 poszukiwania wykwalifikowanych i rzetelnych t\u0142umaczy. Ze wzgl\u0119d\u00f3w ekonomicznych, rzadko zatrudnia si\u0119 szerokie grono t\u0142umaczy wewn\u0119trznych. Potrzeba outsourcingu us\u0142ug jest wi\u0119c konieczna, aby sprosta\u0107 kr\u00f3tkim terminom, znacznym obj\u0119to\u015bciom zlece\u0144 i rzadkim parom j\u0119zykowym. Jak wi\u0119c idealnie wykona\u0107 projekt dotycz\u0105cy niezbyt cz\u0119sto spotykanej pary j\u0119zykowej? Jak roz\u0142o\u017cy\u0107 prac\u0119, aby wyrobi\u0107 si\u0119 w kr\u00f3tkim terminie i zachowa\u0107 wysok\u0105 jako\u015b\u0107 wykonania? [\/vc_column_text][\/vc_column_inner][\/vc_row_inner][\/vc_column][\/vc_row][vc_row css=&#8221;.vc_custom_1486993030739{margin-top: -32px !important;margin-bottom: -25px<\/p>\n","protected":false},"author":1,"featured_media":0,"parent":0,"menu_order":0,"comment_status":"closed","ping_status":"closed","template":"page-FullWidth.php","meta":{"_monsterinsights_skip_tracking":false,"_monsterinsights_sitenote_active":false,"_monsterinsights_sitenote_note":"","_monsterinsights_sitenote_category":0,"footnotes":""},"class_list":["post-6527","page","type-page","status-publish","hentry"],"yoast_head":"<!-- This site is optimized with the Yoast SEO plugin v21.0 - https:\/\/yoast.com\/wordpress\/plugins\/seo\/ -->\n<title>Native speakerzy - oferta dla biur t\u0142umacze\u0144 - eCORRECTOR<\/title>\n<meta name=\"description\" content=\"Nasza oferta dla biur t\u0142umacze\u0144 to bogaty zbi\u00f3r us\u0142ug dedykowanych firmom, kt\u00f3rym zale\u017cy na t\u0142umaczeniach wysokiej jako\u015bci.\" \/>\n<meta name=\"robots\" content=\"index, follow, max-snippet:-1, max-image-preview:large, max-video-preview:-1\" \/>\n<link rel=\"canonical\" href=\"https:\/\/ecorrector.com\/pl\/native-speakerzy-oferta-dla-biur-tlumaczen\/\" \/>\n<meta property=\"og:locale\" content=\"pl_PL\" \/>\n<meta property=\"og:type\" content=\"article\" \/>\n<meta property=\"og:title\" content=\"Native speakerzy - oferta dla biur t\u0142umacze\u0144 - eCORRECTOR\" \/>\n<meta property=\"og:description\" content=\"Nasza oferta dla biur t\u0142umacze\u0144 to bogaty zbi\u00f3r us\u0142ug dedykowanych firmom, kt\u00f3rym zale\u017cy na t\u0142umaczeniach wysokiej jako\u015bci.\" \/>\n<meta property=\"og:url\" content=\"https:\/\/ecorrector.com\/pl\/native-speakerzy-oferta-dla-biur-tlumaczen\/\" \/>\n<meta property=\"og:site_name\" content=\"eCORRECTOR\" \/>\n<meta property=\"article:modified_time\" content=\"2020-04-28T15:28:42+00:00\" \/>\n<meta name=\"twitter:card\" content=\"summary_large_image\" \/>\n<meta name=\"twitter:label1\" content=\"Szacowany czas czytania\" \/>\n\t<meta name=\"twitter:data1\" content=\"5 minut\" \/>\n<script type=\"application\/ld+json\" class=\"yoast-schema-graph\">{\"@context\":\"https:\/\/schema.org\",\"@graph\":[{\"@type\":\"WebPage\",\"@id\":\"https:\/\/ecorrector.com\/pl\/native-speakerzy-oferta-dla-biur-tlumaczen\/\",\"url\":\"https:\/\/ecorrector.com\/pl\/native-speakerzy-oferta-dla-biur-tlumaczen\/\",\"name\":\"Native speakerzy - oferta dla biur t\u0142umacze\u0144 - eCORRECTOR\",\"isPartOf\":{\"@id\":\"https:\/\/ecorrector.com\/#website\"},\"datePublished\":\"2017-02-14T12:52:32+00:00\",\"dateModified\":\"2020-04-28T15:28:42+00:00\",\"description\":\"Nasza oferta dla biur t\u0142umacze\u0144 to bogaty zbi\u00f3r us\u0142ug dedykowanych firmom, kt\u00f3rym zale\u017cy na t\u0142umaczeniach wysokiej jako\u015bci.\",\"breadcrumb\":{\"@id\":\"https:\/\/ecorrector.com\/pl\/native-speakerzy-oferta-dla-biur-tlumaczen\/#breadcrumb\"},\"inLanguage\":\"pl-PL\",\"potentialAction\":[{\"@type\":\"ReadAction\",\"target\":[\"https:\/\/ecorrector.com\/pl\/native-speakerzy-oferta-dla-biur-tlumaczen\/\"]}]},{\"@type\":\"BreadcrumbList\",\"@id\":\"https:\/\/ecorrector.com\/pl\/native-speakerzy-oferta-dla-biur-tlumaczen\/#breadcrumb\",\"itemListElement\":[{\"@type\":\"ListItem\",\"position\":1,\"name\":\"Home\",\"item\":\"https:\/\/ecorrector.com\/pl\/glowna\/\"},{\"@type\":\"ListItem\",\"position\":2,\"name\":\"Native speakerzy &#8211; oferta dla biur t\u0142umacze\u0144\"}]},{\"@type\":\"WebSite\",\"@id\":\"https:\/\/ecorrector.com\/#website\",\"url\":\"https:\/\/ecorrector.com\/\",\"name\":\"eCORRECTOR\",\"description\":\"Korekty i T\u0142umaczenia Specjalistyczne\",\"potentialAction\":[{\"@type\":\"SearchAction\",\"target\":{\"@type\":\"EntryPoint\",\"urlTemplate\":\"https:\/\/ecorrector.com\/?s={search_term_string}\"},\"query-input\":\"required name=search_term_string\"}],\"inLanguage\":\"pl-PL\"}]}<\/script>\n<!-- \/ Yoast SEO plugin. -->","yoast_head_json":{"title":"Native speakerzy - oferta dla biur t\u0142umacze\u0144 - eCORRECTOR","description":"Nasza oferta dla biur t\u0142umacze\u0144 to bogaty zbi\u00f3r us\u0142ug dedykowanych firmom, kt\u00f3rym zale\u017cy na t\u0142umaczeniach wysokiej jako\u015bci.","robots":{"index":"index","follow":"follow","max-snippet":"max-snippet:-1","max-image-preview":"max-image-preview:large","max-video-preview":"max-video-preview:-1"},"canonical":"https:\/\/ecorrector.com\/pl\/native-speakerzy-oferta-dla-biur-tlumaczen\/","og_locale":"pl_PL","og_type":"article","og_title":"Native speakerzy - oferta dla biur t\u0142umacze\u0144 - eCORRECTOR","og_description":"Nasza oferta dla biur t\u0142umacze\u0144 to bogaty zbi\u00f3r us\u0142ug dedykowanych firmom, kt\u00f3rym zale\u017cy na t\u0142umaczeniach wysokiej jako\u015bci.","og_url":"https:\/\/ecorrector.com\/pl\/native-speakerzy-oferta-dla-biur-tlumaczen\/","og_site_name":"eCORRECTOR","article_modified_time":"2020-04-28T15:28:42+00:00","twitter_card":"summary_large_image","twitter_misc":{"Szacowany czas czytania":"5 minut"},"schema":{"@context":"https:\/\/schema.org","@graph":[{"@type":"WebPage","@id":"https:\/\/ecorrector.com\/pl\/native-speakerzy-oferta-dla-biur-tlumaczen\/","url":"https:\/\/ecorrector.com\/pl\/native-speakerzy-oferta-dla-biur-tlumaczen\/","name":"Native speakerzy - oferta dla biur t\u0142umacze\u0144 - eCORRECTOR","isPartOf":{"@id":"https:\/\/ecorrector.com\/#website"},"datePublished":"2017-02-14T12:52:32+00:00","dateModified":"2020-04-28T15:28:42+00:00","description":"Nasza oferta dla biur t\u0142umacze\u0144 to bogaty zbi\u00f3r us\u0142ug dedykowanych firmom, kt\u00f3rym zale\u017cy na t\u0142umaczeniach wysokiej jako\u015bci.","breadcrumb":{"@id":"https:\/\/ecorrector.com\/pl\/native-speakerzy-oferta-dla-biur-tlumaczen\/#breadcrumb"},"inLanguage":"pl-PL","potentialAction":[{"@type":"ReadAction","target":["https:\/\/ecorrector.com\/pl\/native-speakerzy-oferta-dla-biur-tlumaczen\/"]}]},{"@type":"BreadcrumbList","@id":"https:\/\/ecorrector.com\/pl\/native-speakerzy-oferta-dla-biur-tlumaczen\/#breadcrumb","itemListElement":[{"@type":"ListItem","position":1,"name":"Home","item":"https:\/\/ecorrector.com\/pl\/glowna\/"},{"@type":"ListItem","position":2,"name":"Native speakerzy &#8211; oferta dla biur t\u0142umacze\u0144"}]},{"@type":"WebSite","@id":"https:\/\/ecorrector.com\/#website","url":"https:\/\/ecorrector.com\/","name":"eCORRECTOR","description":"Korekty i T\u0142umaczenia Specjalistyczne","potentialAction":[{"@type":"SearchAction","target":{"@type":"EntryPoint","urlTemplate":"https:\/\/ecorrector.com\/?s={search_term_string}"},"query-input":"required name=search_term_string"}],"inLanguage":"pl-PL"}]}},"_links":{"self":[{"href":"https:\/\/ecorrector.com\/pl\/wp-json\/wp\/v2\/pages\/6527","targetHints":{"allow":["GET"]}}],"collection":[{"href":"https:\/\/ecorrector.com\/pl\/wp-json\/wp\/v2\/pages"}],"about":[{"href":"https:\/\/ecorrector.com\/pl\/wp-json\/wp\/v2\/types\/page"}],"author":[{"embeddable":true,"href":"https:\/\/ecorrector.com\/pl\/wp-json\/wp\/v2\/users\/1"}],"replies":[{"embeddable":true,"href":"https:\/\/ecorrector.com\/pl\/wp-json\/wp\/v2\/comments?post=6527"}],"version-history":[{"count":0,"href":"https:\/\/ecorrector.com\/pl\/wp-json\/wp\/v2\/pages\/6527\/revisions"}],"wp:attachment":[{"href":"https:\/\/ecorrector.com\/pl\/wp-json\/wp\/v2\/media?parent=6527"}],"curies":[{"name":"wp","href":"https:\/\/api.w.org\/{rel}","templated":true}]}}