{"id":7782,"date":"2017-10-17T12:14:27","date_gmt":"2017-10-17T10:14:27","guid":{"rendered":"http:\/\/ecorrector.com\/?page_id=7782"},"modified":"2019-06-04T12:12:30","modified_gmt":"2019-06-04T10:12:30","slug":"biblioteka-naukowca","status":"publish","type":"page","link":"https:\/\/ecorrector.com\/pl\/biblioteka-naukowca\/","title":{"rendered":"Biblioteka naukowca"},"content":{"rendered":"[vc_row full_width=&#8221;stretch_row&#8221; css=&#8221;.vc_custom_1554232382775{margin-top: -30px !important;background: #12181f url(http:\/\/ecorrector.com\/wp-content\/uploads\/2019\/01\/dark-background-blue.png?id=12571) !important;}&#8221;][vc_column css=&#8221;.vc_custom_1546792884528{margin-top: -15px !important;}&#8221;][vc_column_text css=&#8221;.vc_custom_1559643138179{padding-top: 30px !important;padding-bottom: 0px !important;}&#8221;]\n<h1 style=\"text-align: center; color: #ffffff; margin-top: -25px; margin-bottom: -25px;\">Biblioteka naukowca<\/h1>\n[\/vc_column_text][vc_separator color=&#8221;white&#8221; border_width=&#8221;4&#8243; el_width=&#8221;40&#8243; css=&#8221;.vc_custom_1550784449033{padding-top: 0px !important;padding-bottom: 0px !important;}&#8221;][vc_column_text css=&#8221;.vc_custom_1559643147224{padding-bottom: 0px !important;}&#8221;]\n<h5 style=\"margin-top: -20px; margin-bottom: 10px; font-size: 14px; color: #ffffff; line-height: 1.7; text-align: center;\">Witamy w naszej wirtualnej bibliotece eCorrector! Znajdziecie tutaj specjalnie wyszukane i stale aktualizowane najlepsze tre\u015bci dotycz\u0105ce pisania i publikowania tekst\u00f3w naukowych ? od kr\u00f3tkich przewodnik\u00f3w, poprzez rozbudowane poradniki, ksi\u0105\u017cki i artyku\u0142y, a tak\u017ce webinaria, filmy wideo i platformy do nauki oraz kursy on-line.<\/h5>\n[\/vc_column_text][\/vc_column][\/vc_row][vc_row][vc_column width=&#8221;1\/3&#8243;][vc_column_text]\n<h3 style=\"text-align: center;\"><span style=\"color: #3366ff;\"><a href=\"http:\/\/ecorrector.com\/publikacje-naukowe-bez-bledow\/\"><b><span style=\"color: #1e90ff;\">Poradniki eCORRECTOR<\/span> <\/b><\/a><\/span><\/h3>\n[\/vc_column_text][vc_single_image image=&#8221;7784&#8243; alignment=&#8221;center&#8221; style=&#8221;vc_box_border_circle_2&#8243; border_color=&#8221;sky&#8221; onclick=&#8221;custom_link&#8221; css_animation=&#8221;appear&#8221; link=&#8221;http:\/\/ecorrector.com\/pl\/publikacje-naukowe-bez-bledow\/&#8221;][vc_btn title=&#8221;CZYTAJ&#8221; color=&#8221;primary&#8221; align=&#8221;center&#8221; link=&#8221;url:http%3A%2F%2Fecorrector.com%2Fpl%2Fpublikacje-naukowe-bez-bledow%2F|||&#8221; css=&#8221;.vc_custom_1553862530376{margin-top: -20px !important;}&#8221; el_class=&#8221;.bold&#8221;][vc_separator][\/vc_column][vc_column width=&#8221;1\/3&#8243;][vc_column_text]\n<h3 style=\"text-align: center;\"><span style=\"color: #ffff99;\"><a href=\"http:\/\/ecorrector.com\/darmowe-poradniki\/\"><b><span style=\"color: #1e90ff;\">Bezp\u0142atne poradniki<\/span><\/b><\/a><\/span><\/h3>\n[\/vc_column_text][vc_single_image image=&#8221;7785&#8243; alignment=&#8221;center&#8221; style=&#8221;vc_box_border_circle_2&#8243; border_color=&#8221;sky&#8221; onclick=&#8221;custom_link&#8221; css_animation=&#8221;appear&#8221; link=&#8221;http:\/\/ecorrector.com\/darmowe-poradniki\/&#8221;][vc_btn title=&#8221;POBIERZ&#8221; color=&#8221;primary&#8221; align=&#8221;center&#8221; link=&#8221;url:http%3A%2F%2Fecorrector.com%2Fdarmowe-poradniki%2F|||&#8221; css=&#8221;.vc_custom_1509449006064{margin-top: -20px !important;}&#8221; el_class=&#8221;.bold&#8221;][vc_separator][\/vc_column][vc_column width=&#8221;1\/3&#8243;][vc_column_text]\n<h3 style=\"text-align: center;\"><span style=\"color: #1e90ff;\"><strong><a href=\"http:\/\/ecorrector.com\/ksiazki\/\"><span style=\"color: #1e90ff;\">Ksi\u0105\u017cki<\/span><\/a><\/strong><\/span><\/h3>\n[\/vc_column_text][vc_single_image image=&#8221;7787&#8243; alignment=&#8221;center&#8221; style=&#8221;vc_box_border_circle_2&#8243; border_color=&#8221;sky&#8221; onclick=&#8221;custom_link&#8221; css_animation=&#8221;appear&#8221; link=&#8221;http:\/\/ecorrector.com\/ksiazki\/&#8221;][vc_btn title=&#8221;ZOBACZ&#8221; color=&#8221;primary&#8221; align=&#8221;center&#8221; link=&#8221;url:http%3A%2F%2Fecorrector.com%2Fksiazki|||&#8221; css=&#8221;.vc_custom_1509449013648{margin-top: -20px !important;}&#8221; el_class=&#8221;.bold&#8221;][vc_separator][\/vc_column][\/vc_row][vc_row][vc_column][\/vc_column][\/vc_row][vc_row][vc_column width=&#8221;1\/3&#8243;][vc_column_text]\n<h3 style=\"text-align: center;\"><span style=\"color: #3366ff;\"><a href=\"http:\/\/ecorrector.com\/webinaria\"><b><span style=\"color: #1e90ff;\">Webinaria<\/span> <\/b><\/a><\/span><\/h3>\n[\/vc_column_text][vc_single_image image=&#8221;7783&#8243; alignment=&#8221;center&#8221; style=&#8221;vc_box_border_circle_2&#8243; border_color=&#8221;sky&#8221; onclick=&#8221;custom_link&#8221; css_animation=&#8221;appear&#8221; link=&#8221;http:\/\/ecorrector.com\/webinaria&#8221;][vc_btn title=&#8221;OGL\u0104DAJ&#8221; color=&#8221;primary&#8221; align=&#8221;center&#8221; link=&#8221;url:http%3A%2F%2Fecorrector.com%2Fwebinaria|||&#8221; css=&#8221;.vc_custom_1509449023405{margin-top: -20px !important;}&#8221; el_class=&#8221;.bold&#8221;][vc_separator][\/vc_column][vc_column width=&#8221;1\/3&#8243;][vc_column_text]\n<h3 style=\"text-align: center;\"><span style=\"color: #ffff99;\"><a href=\"http:\/\/ecorrector.com\/platformy-kursy-online\"><b><span style=\"color: #1e90ff;\">Szkolenia<\/span><\/b><\/a><\/span><\/h3>\n[\/vc_column_text][vc_single_image image=&#8221;7788&#8243; alignment=&#8221;center&#8221; style=&#8221;vc_box_border_circle_2&#8243; border_color=&#8221;sky&#8221; onclick=&#8221;custom_link&#8221; css_animation=&#8221;appear&#8221; link=&#8221;http:\/\/ecorrector.com\/platformy-kursy-online&#8221;][vc_btn title=&#8221;UCZ SI\u0118&#8221; color=&#8221;primary&#8221; align=&#8221;center&#8221; link=&#8221;url:http%3A%2F%2Fecorrector.com%2Fplatformy-kursy-online%2F|||&#8221; css=&#8221;.vc_custom_1509449032402{margin-top: -20px !important;}&#8221; el_class=&#8221;.bold&#8221;][vc_separator][\/vc_column][vc_column width=&#8221;1\/3&#8243;][vc_column_text]\n<h3 style=\"text-align: center;\"><span style=\"color: #1e90ff;\"><strong><a href=\"http:\/\/ecorrector.com\/pl\/category\/porady\"><span style=\"color: #1e90ff;\"><b>Porady<\/b><\/span><\/a><\/strong><\/span><\/h3>\n[\/vc_column_text][vc_single_image image=&#8221;7786&#8243; alignment=&#8221;center&#8221; style=&#8221;vc_box_border_circle_2&#8243; border_color=&#8221;sky&#8221; onclick=&#8221;custom_link&#8221; css_animation=&#8221;appear&#8221; link=&#8221;http:\/\/ecorrector.com\/pl\/category\/porady\/&#8221;][vc_btn title=&#8221;SPRAWD\u0179&#8221; color=&#8221;primary&#8221; align=&#8221;center&#8221; link=&#8221;url:http%3A%2F%2Fecorrector.com%2Fpl%2Fcategory%2Fporady%2F|||&#8221; css=&#8221;.vc_custom_1509449041309{margin-top: -20px !important;}&#8221; el_class=&#8221;.bold&#8221;][vc_separator][\/vc_column][\/vc_row][vc_row][vc_column][vc_column_text]\n[\/vc_column_text][\/vc_column][\/vc_row][vc_row css=&#8221;.vc_custom_1511440830025{margin-top: 11px !important;}&#8221;][vc_column width=&#8221;3\/4&#8243; css=&#8221;.vc_custom_1487073086311{margin-top: -8px !important;}&#8221;][vc_column_text css=&#8221;.vc_custom_1511441042938{margin-top: -35px !important;}&#8221;]\n<h4><span style=\"color: #ffffff;\">\t\t<style type=\"text\/css\">\r\n\t\t    #content-block-background-1314 { background-image: url(); background-position: 50% 0; background-repeat: repeat; background-color: #FD7800; background-attachment: scroll; background-size: auto; }\r\n\t\t    #content-block-body-1314 { padding: 40px 0; color: #FFFFFF; }\r\n\t\t    .content-block-body { margin-left: auto; margin-right: auto; position: relative; }\r\n\t\t<\/style>\r\n\t\t\t\t\t<style type=\"text\/css\">\r\n\t\t\t\t#wrapper-1 { overflow-x: hidden; }\r\n\t\t\t\t#content-block-background-1314 { margin: 0 -10000px; padding: 0 10000px; }\r\n\t\t\t<\/style>\r\n\t\t\r\n\t\t\t\t\t<script type=\"text\/javascript\">\r\n\t\t\t\t\/\/ <![CDATA[\r\n\t\t\t\tjQuery(document).ready(function($){\r\n\t\t\t\t\tif( ! $(\"body\").hasClass( \"mobile-detected\" ) ){\r\n\t\t\t\t\t\t$(\"#content-block-background-\"+1314).each(function(){\r\n\t\t\t\t\t\t\tvar $bgobj = $(this); \/\/ Assigning the object.\r\n\t\t\t\t\t\t\tvar xPos = '50%'; \/\/ x bg position value from the user shortcode.\r\n\t\t\t\t\t\t\t$(window).scroll(function() {\r\n\t\t\t\t\t\t\t\tvar yPos = -($(window).scrollTop() \/ 3);\r\n\t\t\t\t\t\t\t\t\/\/ Put together our final background position.\r\n\t\t\t\t\t\t\t\tvar coords = xPos+' '+yPos+'px';\r\n\t\t\t\t\t\t\t\t\/\/ Move the background.\r\n\t\t\t\t\t\t\t\t$bgobj.css({ backgroundPosition: coords });\r\n\t\t\t\t\t\t\t});\r\n\t\t\t\t\t\t});\r\n\t\t\t\t\t}\r\n\t\t\t\t});\r\n\t\t\t\t\/\/ ]]>\r\n\t\t\t<\/script>\r\n\t\t\r\n\t\t<div class=\"clear\"><\/div>\r\n\t\t<div id=\"content-block-background-1314\" class=\"content-block-background \">\r\n\t\t\t<div id=\"content-block-body-1314\" class=\"content-block-body\">\r\n\t\t\t\t<div class=\"clear\"><\/div>\r\n\t\t\t\t<strong><span id=\":tz.co\" class=\"tL8wMe EMoHub\" dir=\"ltr\">Je\u015bli chcesz dowiadywa\u0107 si\u0119 pierwszy o nowych poradnikach eCorrector oraz najnowszych materia\u0142ach z zakresu pisania naukowego i publikowania, prosz\u0119 zostaw nam sw\u00f3j email.<\/span><\/strong>\t\t\t\t<div class=\"clear\"><\/div>\r\n\t\t\t<\/div>\r\n\t\t<\/div>\r\n\t\t<div class=\"clear\"><\/div>\r\n\t<\/span><\/h4>\n[\/vc_column_text][\/vc_column][vc_column width=&#8221;1\/4&#8243; css=&#8221;.vc_custom_1487073092830{margin-top: -8px !important;}&#8221;][vc_empty_space height=&#8221;20px&#8221;][vc_btn title=&#8221;Zapisz si\u0119 do naszego Newslettera!&#8221; style=&#8221;custom&#8221; custom_background=&#8221;#1e90ff&#8221; custom_text=&#8221;#ffffff&#8221; align=&#8221;right&#8221; css_animation=&#8221;appear&#8221; link=&#8221;url:http%3A%2F%2Fecorrector.com%2Fpl%2Fnewsletter%2F|||&#8221; el_class=&#8221;.bold&#8221;][\/vc_column][\/vc_row][vc_row][vc_column][vc_column_text]\n[\/vc_column_text][\/vc_column][\/vc_row]\n","protected":false},"excerpt":{"rendered":"<p>[vc_row full_width=&#8221;stretch_row&#8221; css=&#8221;.vc_custom_1554232382775{margin-top: -30px !important;background: #12181f url(http:\/\/ecorrector.com\/wp-content\/uploads\/2019\/01\/dark-background-blue.png?id=12571) !important;}&#8221;][vc_column css=&#8221;.vc_custom_1546792884528{margin-top: -15px !important;}&#8221;][vc_column_text css=&#8221;.vc_custom_1559643138179{padding-top: 30px !important;padding-bottom: 0px !important;}&#8221;] Biblioteka naukowca [\/vc_column_text][vc_separator color=&#8221;white&#8221; border_width=&#8221;4&#8243; el_width=&#8221;40&#8243; css=&#8221;.vc_custom_1550784449033{padding-top: 0px !important;padding-bottom: 0px !important;}&#8221;][vc_column_text css=&#8221;.vc_custom_1559643147224{padding-bottom: 0px !important;}&#8221;] Witamy w naszej wirtualnej bibliotece eCorrector! Znajdziecie tutaj specjalnie wyszukane i stale aktualizowane najlepsze tre\u015bci dotycz\u0105ce pisania i publikowania tekst\u00f3w naukowych ? od kr\u00f3tkich przewodnik\u00f3w, poprzez rozbudowane poradniki, ksi\u0105\u017cki i artyku\u0142y, a tak\u017ce webinaria, filmy wideo i platformy do nauki oraz kursy on-line. [\/vc_column_text][\/vc_column][\/vc_row][vc_row][vc_column width=&#8221;1\/3&#8243;][vc_column_text] Poradniki eCORRECTOR [\/vc_column_text][vc_single_image image=&#8221;7784&#8243; alignment=&#8221;center&#8221;<\/p>\n","protected":false},"author":13,"featured_media":0,"parent":0,"menu_order":0,"comment_status":"closed","ping_status":"closed","template":"page-FullWidth.php","meta":{"_monsterinsights_skip_tracking":false,"_monsterinsights_sitenote_active":false,"_monsterinsights_sitenote_note":"","_monsterinsights_sitenote_category":0,"footnotes":""},"class_list":["post-7782","page","type-page","status-publish","hentry"],"yoast_head":"<!-- This site is optimized with the Yoast SEO plugin v21.0 - https:\/\/yoast.com\/wordpress\/plugins\/seo\/ -->\n<title>Biblioteka Naukowca - pisanie i publikowanie tekst\u00f3w naukowych<\/title>\n<meta name=\"description\" content=\"Oto biblioteka naukowca! Znajdziesz tu specjalnie wyszukane i stale aktualizowane tre\u015bci dotycz\u0105ce pisania i publikowania tekst\u00f3w naukowych.\" \/>\n<meta name=\"robots\" content=\"index, follow, max-snippet:-1, max-image-preview:large, max-video-preview:-1\" \/>\n<link rel=\"canonical\" href=\"https:\/\/ecorrector.com\/pl\/biblioteka-naukowca\/\" \/>\n<meta property=\"og:locale\" content=\"pl_PL\" \/>\n<meta property=\"og:type\" content=\"article\" \/>\n<meta property=\"og:title\" content=\"Biblioteka Naukowca - pisanie i publikowanie tekst\u00f3w naukowych\" \/>\n<meta property=\"og:description\" content=\"Oto biblioteka naukowca! Znajdziesz tu specjalnie wyszukane i stale aktualizowane tre\u015bci dotycz\u0105ce pisania i publikowania tekst\u00f3w naukowych.\" \/>\n<meta property=\"og:url\" content=\"https:\/\/ecorrector.com\/pl\/biblioteka-naukowca\/\" \/>\n<meta property=\"og:site_name\" content=\"eCORRECTOR\" \/>\n<meta property=\"article:modified_time\" content=\"2019-06-04T10:12:30+00:00\" \/>\n<meta name=\"twitter:card\" content=\"summary_large_image\" \/>\n<meta name=\"twitter:label1\" content=\"Szacowany czas czytania\" \/>\n\t<meta name=\"twitter:data1\" content=\"4 minuty\" \/>\n<script type=\"application\/ld+json\" class=\"yoast-schema-graph\">{\"@context\":\"https:\/\/schema.org\",\"@graph\":[{\"@type\":\"WebPage\",\"@id\":\"https:\/\/ecorrector.com\/pl\/biblioteka-naukowca\/\",\"url\":\"https:\/\/ecorrector.com\/pl\/biblioteka-naukowca\/\",\"name\":\"Biblioteka Naukowca - pisanie i publikowanie tekst\u00f3w naukowych\",\"isPartOf\":{\"@id\":\"https:\/\/ecorrector.com\/#website\"},\"datePublished\":\"2017-10-17T10:14:27+00:00\",\"dateModified\":\"2019-06-04T10:12:30+00:00\",\"description\":\"Oto biblioteka naukowca! Znajdziesz tu specjalnie wyszukane i stale aktualizowane tre\u015bci dotycz\u0105ce pisania i publikowania tekst\u00f3w naukowych.\",\"breadcrumb\":{\"@id\":\"https:\/\/ecorrector.com\/pl\/biblioteka-naukowca\/#breadcrumb\"},\"inLanguage\":\"pl-PL\",\"potentialAction\":[{\"@type\":\"ReadAction\",\"target\":[\"https:\/\/ecorrector.com\/pl\/biblioteka-naukowca\/\"]}]},{\"@type\":\"BreadcrumbList\",\"@id\":\"https:\/\/ecorrector.com\/pl\/biblioteka-naukowca\/#breadcrumb\",\"itemListElement\":[{\"@type\":\"ListItem\",\"position\":1,\"name\":\"Home\",\"item\":\"https:\/\/ecorrector.com\/pl\/glowna\/\"},{\"@type\":\"ListItem\",\"position\":2,\"name\":\"Biblioteka naukowca\"}]},{\"@type\":\"WebSite\",\"@id\":\"https:\/\/ecorrector.com\/#website\",\"url\":\"https:\/\/ecorrector.com\/\",\"name\":\"eCORRECTOR\",\"description\":\"Korekty i T\u0142umaczenia Specjalistyczne\",\"potentialAction\":[{\"@type\":\"SearchAction\",\"target\":{\"@type\":\"EntryPoint\",\"urlTemplate\":\"https:\/\/ecorrector.com\/?s={search_term_string}\"},\"query-input\":\"required name=search_term_string\"}],\"inLanguage\":\"pl-PL\"}]}<\/script>\n<!-- \/ Yoast SEO plugin. -->","yoast_head_json":{"title":"Biblioteka Naukowca - pisanie i publikowanie tekst\u00f3w naukowych","description":"Oto biblioteka naukowca! Znajdziesz tu specjalnie wyszukane i stale aktualizowane tre\u015bci dotycz\u0105ce pisania i publikowania tekst\u00f3w naukowych.","robots":{"index":"index","follow":"follow","max-snippet":"max-snippet:-1","max-image-preview":"max-image-preview:large","max-video-preview":"max-video-preview:-1"},"canonical":"https:\/\/ecorrector.com\/pl\/biblioteka-naukowca\/","og_locale":"pl_PL","og_type":"article","og_title":"Biblioteka Naukowca - pisanie i publikowanie tekst\u00f3w naukowych","og_description":"Oto biblioteka naukowca! Znajdziesz tu specjalnie wyszukane i stale aktualizowane tre\u015bci dotycz\u0105ce pisania i publikowania tekst\u00f3w naukowych.","og_url":"https:\/\/ecorrector.com\/pl\/biblioteka-naukowca\/","og_site_name":"eCORRECTOR","article_modified_time":"2019-06-04T10:12:30+00:00","twitter_card":"summary_large_image","twitter_misc":{"Szacowany czas czytania":"4 minuty"},"schema":{"@context":"https:\/\/schema.org","@graph":[{"@type":"WebPage","@id":"https:\/\/ecorrector.com\/pl\/biblioteka-naukowca\/","url":"https:\/\/ecorrector.com\/pl\/biblioteka-naukowca\/","name":"Biblioteka Naukowca - pisanie i publikowanie tekst\u00f3w naukowych","isPartOf":{"@id":"https:\/\/ecorrector.com\/#website"},"datePublished":"2017-10-17T10:14:27+00:00","dateModified":"2019-06-04T10:12:30+00:00","description":"Oto biblioteka naukowca! Znajdziesz tu specjalnie wyszukane i stale aktualizowane tre\u015bci dotycz\u0105ce pisania i publikowania tekst\u00f3w naukowych.","breadcrumb":{"@id":"https:\/\/ecorrector.com\/pl\/biblioteka-naukowca\/#breadcrumb"},"inLanguage":"pl-PL","potentialAction":[{"@type":"ReadAction","target":["https:\/\/ecorrector.com\/pl\/biblioteka-naukowca\/"]}]},{"@type":"BreadcrumbList","@id":"https:\/\/ecorrector.com\/pl\/biblioteka-naukowca\/#breadcrumb","itemListElement":[{"@type":"ListItem","position":1,"name":"Home","item":"https:\/\/ecorrector.com\/pl\/glowna\/"},{"@type":"ListItem","position":2,"name":"Biblioteka naukowca"}]},{"@type":"WebSite","@id":"https:\/\/ecorrector.com\/#website","url":"https:\/\/ecorrector.com\/","name":"eCORRECTOR","description":"Korekty i T\u0142umaczenia Specjalistyczne","potentialAction":[{"@type":"SearchAction","target":{"@type":"EntryPoint","urlTemplate":"https:\/\/ecorrector.com\/?s={search_term_string}"},"query-input":"required name=search_term_string"}],"inLanguage":"pl-PL"}]}},"_links":{"self":[{"href":"https:\/\/ecorrector.com\/pl\/wp-json\/wp\/v2\/pages\/7782","targetHints":{"allow":["GET"]}}],"collection":[{"href":"https:\/\/ecorrector.com\/pl\/wp-json\/wp\/v2\/pages"}],"about":[{"href":"https:\/\/ecorrector.com\/pl\/wp-json\/wp\/v2\/types\/page"}],"author":[{"embeddable":true,"href":"https:\/\/ecorrector.com\/pl\/wp-json\/wp\/v2\/users\/13"}],"replies":[{"embeddable":true,"href":"https:\/\/ecorrector.com\/pl\/wp-json\/wp\/v2\/comments?post=7782"}],"version-history":[{"count":0,"href":"https:\/\/ecorrector.com\/pl\/wp-json\/wp\/v2\/pages\/7782\/revisions"}],"wp:attachment":[{"href":"https:\/\/ecorrector.com\/pl\/wp-json\/wp\/v2\/media?parent=7782"}],"curies":[{"name":"wp","href":"https:\/\/api.w.org\/{rel}","templated":true}]}}