{"id":7838,"date":"2017-10-19T11:55:35","date_gmt":"2017-10-19T09:55:35","guid":{"rendered":"http:\/\/ecorrector.com\/?page_id=7838"},"modified":"2021-09-23T08:51:55","modified_gmt":"2021-09-23T06:51:55","slug":"kontakt","status":"publish","type":"page","link":"https:\/\/ecorrector.com\/pl\/kontakt\/","title":{"rendered":"Kontakt"},"content":{"rendered":"[vc_row full_width=&#8221;stretch_row&#8221; parallax=&#8221;content-moving&#8221; parallax_speed_bg=&#8221;1.7&#8243; css=&#8221;.vc_custom_1550004165625{margin-top: -30px !important;padding-top: 50px !important;padding-bottom: 50px !important;background-image: url(http:\/\/ecorrector.com\/wp-content\/uploads\/2019\/01\/background-why-us-v4.jpg?id=12548) !important;background-position: center;background-repeat: no-repeat !important;background-size: cover !important;}&#8221;][vc_column][vc_row_inner][vc_column_inner width=&#8221;1\/3&#8243;][vc_column_text css_animation=&#8221;zoomIn&#8221;]\n<div class=\"custom\" style=\"background:-moz-linear-gradient(center top , #FFFFFF, #EEEEEE) repeat scroll 0 0 transparent;\r\n\t\t\t\t\t\t   background: -webkit-gradient(linear, center top, center bottom, from(#FFFFFF), to(#EEEEEE));\r\n\t\t\t\t\t\t   background: -o-linear-gradient(top, #FFFFFF 0%,#EEEEEE 99%); \/* Opera 11.10+ *\/\r\n\t\t\t\t\t\t   background: -ms-linear-gradient(top, #FFFFFF 0%,#EEEEEE 99%); \/* IE10+ *\/\r\n\t\t\t\t\t\t   margin-left:0 !important;\r\n\t\t\t\t\t\t   margin-right:0 !important;\r\n\t\t\t\t\t\t   border:1px solid #FFFFFF;\r\n\t\t\t\t\t\t   background-color: #EEEEEE;\r\n\t\t\t\t\t\t   width:100%;\r\n\t\t\t\t\t\t   color:#888888;\"><div class=\"inner-padding\">\n<div style=\"text-align: center;\">\n<h4 style=\"margin-bottom: 5px;\"><span style=\"font-size: 30px; color: #fd7800;\">eCORRECTOR Ltd.<\/span><\/h4>\n<h5 style=\"margin-bottom: 9px;\"><span style=\"font-size: 22px; color: #444444;\"><img loading=\"lazy\" decoding=\"async\" class=\"alignnone\" src=\"http:\/\/ecorrector.com\/wp-content\/uploads\/2019\/02\/United-Kingdom-flag.png\" alt=\"\" width=\"32\" height=\"22\" \/>\u00a0Cambridge, GB<\/span><\/h5>\n<\/div>\n<div style=\"text-align: center; margin-bottom: 10px;\">Suite 8, Newton Hall, Town Street, Newton,<br \/>\nCambridge CB22 7ZE<\/div>\n<div style=\"text-align: center; margin-bottom: 10px;\"><i class=\"fa fa-volume-control-phone\" style=\"color:#1e8ffe;\"><\/i> +44 7884 977 809<\/div>\n<div style=\"text-align: center; margin-bottom: 10px;\"><i class=\"fa fa-weixin\" style=\"color:#1e8ffe;\"><\/i> <a href=\"mailto:info@ecorrector.com\">info@ecorrector.com<\/a><\/div>\n<\/div><\/div>\n[\/vc_column_text][\/vc_column_inner][vc_column_inner width=&#8221;1\/3&#8243;][vc_column_text css_animation=&#8221;zoomIn&#8221;]<div class=\"custom\" style=\"background:-moz-linear-gradient(center top , #FFFFFF, #EEEEEE) repeat scroll 0 0 transparent;\r\n\t\t\t\t\t\t   background: -webkit-gradient(linear, center top, center bottom, from(#FFFFFF), to(#EEEEEE));\r\n\t\t\t\t\t\t   background: -o-linear-gradient(top, #FFFFFF 0%,#EEEEEE 99%); \/* Opera 11.10+ *\/\r\n\t\t\t\t\t\t   background: -ms-linear-gradient(top, #FFFFFF 0%,#EEEEEE 99%); \/* IE10+ *\/\r\n\t\t\t\t\t\t   margin-left:0 !important;\r\n\t\t\t\t\t\t   margin-right:0 !important;\r\n\t\t\t\t\t\t   border:1px solid #FFFFFF;\r\n\t\t\t\t\t\t   background-color: #EEEEEE;\r\n\t\t\t\t\t\t   width:100%;\r\n\t\t\t\t\t\t   color:#888888;\"><div class=\"inner-padding\">\n<div style=\"text-align: center; padding-top: 6px; margin-bottom: 11px;\"><img decoding=\"async\" src=\"http:\/\/ecorrector.com\/wp-content\/uploads\/2019\/02\/cambridge-translating-house.jpg\" alt=\"\" \/><\/div>\n<\/div><\/div>[\/vc_column_text][\/vc_column_inner][vc_column_inner width=&#8221;1\/3&#8243;][vc_column_text css_animation=&#8221;zoomIn&#8221;]<div class=\"custom\" style=\"background:-moz-linear-gradient(center top , #FFFFFF, #EEEEEE) repeat scroll 0 0 transparent;\r\n\t\t\t\t\t\t   background: -webkit-gradient(linear, center top, center bottom, from(#FFFFFF), to(#EEEEEE));\r\n\t\t\t\t\t\t   background: -o-linear-gradient(top, #FFFFFF 0%,#EEEEEE 99%); \/* Opera 11.10+ *\/\r\n\t\t\t\t\t\t   background: -ms-linear-gradient(top, #FFFFFF 0%,#EEEEEE 99%); \/* IE10+ *\/\r\n\t\t\t\t\t\t   margin-left:0 !important;\r\n\t\t\t\t\t\t   margin-right:0 !important;\r\n\t\t\t\t\t\t   border:1px solid #FFFFFF;\r\n\t\t\t\t\t\t   background-color: #EEEEEE;\r\n\t\t\t\t\t\t   width:100%;\r\n\t\t\t\t\t\t   color:#888888;\"><div class=\"inner-padding\">\n<iframe loading=\"lazy\" style=\"border: 0;\" src=\"https:\/\/www.google.com\/maps\/embed?pb=!1m18!1m12!1m3!1d2449.696118860282!2d0.09157221607794108!3d52.12165767974071!2m3!1f0!2f0!3f0!3m2!1i1024!2i768!4f13.1!3m3!1m2!1s0x47d87958cfd96db3%3A0xcd9aeaa10cc15059!2sNewton+Hall%2C+Town+St%2C+Cambridge+CB22+7ZE%2C+Wielka+Brytania!5e0!3m2!1spl!2spl!4v1549962790154\" width=\"360\" height=\"228\" frameborder=\"0\" allowfullscreen=\"allowfullscreen\"><\/iframe><br \/>\n<\/div><\/div>[\/vc_column_text][\/vc_column_inner][\/vc_row_inner][vc_row_inner][vc_column_inner width=&#8221;1\/3&#8243;][vc_column_text css_animation=&#8221;zoomIn&#8221;]<div class=\"custom\" style=\"background:-moz-linear-gradient(center top , #FFFFFF, #EEEEEE) repeat scroll 0 0 transparent;\r\n\t\t\t\t\t\t   background: -webkit-gradient(linear, center top, center bottom, from(#FFFFFF), to(#EEEEEE));\r\n\t\t\t\t\t\t   background: -o-linear-gradient(top, #FFFFFF 0%,#EEEEEE 99%); \/* Opera 11.10+ *\/\r\n\t\t\t\t\t\t   background: -ms-linear-gradient(top, #FFFFFF 0%,#EEEEEE 99%); \/* IE10+ *\/\r\n\t\t\t\t\t\t   margin-left:0 !important;\r\n\t\t\t\t\t\t   margin-right:0 !important;\r\n\t\t\t\t\t\t   border:1px solid #FFFFFF;\r\n\t\t\t\t\t\t   background-color: #EEEEEE;\r\n\t\t\t\t\t\t   width:100%;\r\n\t\t\t\t\t\t   color:#888888;\"><div class=\"inner-padding\">\n<div style=\"text-align: center; margin-bottom: 2px;\">\n<h4 style=\"margin-bottom: 0px;\"><span style=\"font-size: 20px; color: #1e90ff; line-height: 18px;\">Nasz partner<\/span><\/h4>\n<h5 style=\"margin-bottom: 0px;\"><span style=\"font-size: 22px; color: #444444; line-height: 18px;\"><img loading=\"lazy\" decoding=\"async\" class=\"alignnone\" src=\"http:\/\/ecorrector.com\/wp-content\/uploads\/2019\/02\/Poland-flag.png\" alt=\"\" width=\"32\" height=\"22\" \/> Warszawa, PL<\/span><\/h5>\n<\/div>\n<div style=\"text-align: center; margin-bottom: 5px;\">MD Online sp. z o.o.<\/div>\n<div style=\"text-align: center; margin-bottom: 5px;\">K\u0142obucka 7, 02-699 Warszawa<\/div>\n<div style=\"text-align: center; margin-bottom: 5px;\"><i class=\"fa fa-volume-control-phone\" style=\"color:#1e8ffe;\"><\/i> <strong>+48 607 770 235<\/strong><\/div>\n<div style=\"text-align: center; margin-bottom: 5px;\"><i class=\"fa fa-volume-control-phone\" style=\"color:#1e8ffe;\"><\/i> +48 22 122 80 71<\/div>\n<div style=\"text-align: center; margin-bottom: 5px;\"><i class=\"fa fa-weixin\" style=\"color:#1e8ffe;\"><\/i> <a href=\"mailto:info@ecorrector.com\">info@ecorrector.com<\/a><\/div>\n<\/div><\/div>[\/vc_column_text][\/vc_column_inner][vc_column_inner width=&#8221;1\/3&#8243;][vc_column_text css_animation=&#8221;zoomIn&#8221;]<div class=\"custom\" style=\"background:-moz-linear-gradient(center top , #FFFFFF, #EEEEEE) repeat scroll 0 0 transparent;\r\n\t\t\t\t\t\t   background: -webkit-gradient(linear, center top, center bottom, from(#FFFFFF), to(#EEEEEE));\r\n\t\t\t\t\t\t   background: -o-linear-gradient(top, #FFFFFF 0%,#EEEEEE 99%); \/* Opera 11.10+ *\/\r\n\t\t\t\t\t\t   background: -ms-linear-gradient(top, #FFFFFF 0%,#EEEEEE 99%); \/* IE10+ *\/\r\n\t\t\t\t\t\t   margin-left:0 !important;\r\n\t\t\t\t\t\t   margin-right:0 !important;\r\n\t\t\t\t\t\t   border:1px solid #FFFFFF;\r\n\t\t\t\t\t\t   background-color: #EEEEEE;\r\n\t\t\t\t\t\t   width:100%;\r\n\t\t\t\t\t\t   color:#888888;\"><div class=\"inner-padding\">\n<div style=\"text-align: center; padding-top: 7px; margin-bottom: 8px;\"><img decoding=\"async\" class=\"aligncenter\" src=\"http:\/\/ecorrector.com\/wp-content\/uploads\/2019\/03\/warsaw-translating-house.jpg\" alt=\"\" \/><\/div>\n<\/div><\/div>[\/vc_column_text][\/vc_column_inner][vc_column_inner width=&#8221;1\/3&#8243;][vc_column_text css_animation=&#8221;zoomIn&#8221;]<div class=\"custom\" style=\"background:-moz-linear-gradient(center top , #FFFFFF, #EEEEEE) repeat scroll 0 0 transparent;\r\n\t\t\t\t\t\t   background: -webkit-gradient(linear, center top, center bottom, from(#FFFFFF), to(#EEEEEE));\r\n\t\t\t\t\t\t   background: -o-linear-gradient(top, #FFFFFF 0%,#EEEEEE 99%); \/* Opera 11.10+ *\/\r\n\t\t\t\t\t\t   background: -ms-linear-gradient(top, #FFFFFF 0%,#EEEEEE 99%); \/* IE10+ *\/\r\n\t\t\t\t\t\t   margin-left:0 !important;\r\n\t\t\t\t\t\t   margin-right:0 !important;\r\n\t\t\t\t\t\t   border:1px solid #FFFFFF;\r\n\t\t\t\t\t\t   background-color: #EEEEEE;\r\n\t\t\t\t\t\t   width:100%;\r\n\t\t\t\t\t\t   color:#888888;\"><div class=\"inner-padding\">\n<iframe loading=\"lazy\" style=\"border: 0;\" src=\"https:\/\/www.google.com\/maps\/embed?pb=!1m14!1m8!1m3!1d9790.117565123002!2d20.9923123!3d52.1610677!3m2!1i1024!2i768!4f13.1!3m3!1m2!1s0x0%3A0x6a03232e8e692ebd!2seCORRECTOR!5e0!3m2!1spl!2spl!4v1549961133784\" width=\"360\" height=\"225\" frameborder=\"0\" allowfullscreen=\"allowfullscreen\"><\/iframe><br \/>\n<\/div><\/div>[\/vc_column_text][\/vc_column_inner][\/vc_row_inner][\/vc_column][\/vc_row][vc_row full_width=&#8221;stretch_row&#8221; css=&#8221;.vc_custom_1549963909310{margin-top: -40px !important;margin-bottom: 30px !important;}&#8221;][vc_column]\t\t<style type=\"text\/css\">\r\n\t\t    #content-block-background-1139 { background-image: url(); background-position: center top; background-repeat: no-repeat; background-color: #fd7800; background-attachment: fixed; background-size: auto; }\r\n\t\t    #content-block-body-1139 { padding: 40px 0; color: #ffffff; }\r\n\t\t    .content-block-body { margin-left: auto; margin-right: auto; position: relative; }\r\n\t\t<\/style>\r\n\t\t\t\t\t<style type=\"text\/css\">\r\n\t\t\t\t#wrapper-1 { overflow-x: hidden; }\r\n\t\t\t\t#content-block-background-1139 { margin: 0 -10000px; padding: 0 10000px; }\r\n\t\t\t<\/style>\r\n\t\t\r\n\t\t\r\n\t\t<div class=\"clear\"><\/div>\r\n\t\t<div id=\"content-block-background-1139\" class=\"content-block-background \">\r\n\t\t\t<div id=\"content-block-body-1139\" class=\"content-block-body\">\r\n\t\t\t\t<div class=\"clear\"><\/div>\r\n\t\t\t\t\n<h3 style=\"float: left; margin: 10px 0; font-size: 20px !important; color: #fff;\">Wy\u015blij tekst do darmowej wyceny<\/h3>\n<a class=\"flat-custom-button align-btn-right\" href=\"http:\/\/ecorrector.com\/pl\/wyslij-tekst-do-darmowej-wyceny\/\" title=\"Wy\u015blij tekst\" target=\"_blank\"><span style=\"padding:15px 20px; background-color:transparent; border:2px solid #FFFFFF; color:#FFFFFF; font-size:14px;\">Wy\u015blij tekst<\/span><\/a>\t\t\t\t<div class=\"clear\"><\/div>\r\n\t\t\t<\/div>\r\n\t\t<\/div>\r\n\t\t<div class=\"clear\"><\/div>\r\n\t[\/vc_column][\/vc_row][vc_row full_width=&#8221;stretch_row&#8221; css=&#8221;.vc_custom_1518746253078{margin-top: -40px !important;}&#8221;][vc_column]\t\t<style type=\"text\/css\">\r\n\t\t    #content-block-background-1366 { background-image: url(https:\/\/ecorrector.com\/wp-content\/uploads\/2019\/01\/background-why-us-v3.jpg); background-position: center center; background-repeat: repeat-x; background-color: #293037; background-attachment: fixed; background-size: auto; }\r\n\t\t    #content-block-body-1366 { padding: 100px 0; color: #ffffff; }\r\n\t\t    .content-block-body { margin-left: auto; margin-right: auto; position: relative; }\r\n\t\t<\/style>\r\n\t\t\t\t\t<style type=\"text\/css\">\r\n\t\t\t\t#wrapper-1 { overflow-x: hidden; }\r\n\t\t\t\t#content-block-background-1366 { margin: 0 -10000px; padding: 0 10000px; }\r\n\t\t\t<\/style>\r\n\t\t\r\n\t\t\r\n\t\t<div class=\"clear\"><\/div>\r\n\t\t<div id=\"content-block-background-1366\" class=\"content-block-background \">\r\n\t\t\t<div id=\"content-block-body-1366\" class=\"content-block-body\">\r\n\t\t\t\t<div class=\"clear\"><\/div>\r\n\t\t\t\t\n<div style=\"text-align: center;\">\n<h4 style=\"margin-bottom: 25px;\"><span style=\"font-size: 32px; color: #fff;\">Sprawd\u017a jak\u00a0<span style=\"color: #fe5e08;\">mo\u017cemy Ci<\/span> pom\u00f3c<\/span><\/h4>\n<h5 style=\"margin-bottom: 20px; color: #fff; font-size: 16px;\">Nasz zesp\u00f3\u0142 jest dost\u0119pny od poniedzia\u0142ku do pi\u0105tku w godzinach od 8 do 18. Na wszystkie pytania staramy si\u0119 odpowiedzie\u0107 w ci\u0105gu godziny.<\/h5>\n<div><strong><a title=\"Napisz do nas\" href=\"mailto:info@ecorrector.com\"><span style=\"font-size: 16px; font-style: italic;\">Napisz do nas<\/span><\/a><\/strong><\/div>\n<\/div>\n\t\t\t\t<div class=\"clear\"><\/div>\r\n\t\t\t<\/div>\r\n\t\t<\/div>\r\n\t\t<div class=\"clear\"><\/div>\r\n\t[\/vc_column][\/vc_row][vc_row css=&#8221;.vc_custom_1518746702234{padding-top: 40px !important;padding-bottom: 40px !important;}&#8221;][vc_column][vc_row_inner][vc_column_inner width=&#8221;2\/3&#8243;][vc_column_text css=&#8221;.vc_custom_1558599791867{margin-bottom: 10px !important;}&#8221;]\n<h4>DO\u0141\u0104CZ DO NAS<\/h4>\n[\/vc_column_text][vc_column_text css=&#8221;.vc_custom_1588085246271{padding-top: 20px !important;}&#8221;]\n<p style=\"text-align: justify;\">eCORRECTOR wsp\u00f3\u0142pracuje z native speakerami j\u0119zyka angielskiego, kt\u00f3rzy uzyskali stopie\u0144 doktora nauk, lub r\u00f3wnowa\u017cny (np. lekarz medycyny, doktor prawa), oraz publikuj\u0105 swoje w\u0142asne prace naukowe. Ch\u0119tnie skontaktujemy si\u0119 z korektorami, kt\u00f3rzy chcieliby nawi\u0105za\u0107 z nami wsp\u00f3\u0142prac\u0119. Wa\u017cne, by osoba aplikuj\u0105ca mia\u0142a uko\u0144czone studia doktoranckie (nie by\u0142a w ich trakcie) oraz w\u0142asny dorobek opublikowanych artyku\u0142\u00f3w.<\/p>\n<p style=\"text-align: justify;\">Preferujemy wsp\u00f3\u0142prac\u0119 z naukowcami, kt\u00f3rzy posiadaj\u0105 do\u015bwiadczenie w edytowaniu manuskrypt\u00f3w. W przypadku ch\u0119ci nawi\u0105zania z nami wsp\u00f3\u0142pracy, prosimy przes\u0142a\u0107 CV, szczeg\u00f3\u0142y pracy badawczej (profil ResearchGate lub link do artyku\u0142\u00f3w, np. w PubMed), oraz opis do\u015bwiadczenia na <a href=\"mailto:info@ecorrector.com\">info@ecorrector.com<\/a>.<\/p>\n[\/vc_column_text][\/vc_column_inner][vc_column_inner width=&#8221;1\/3&#8243;][vc_column_text]\n<h4>AKTUALNIE REKRUTUJEMY<\/h4>\n[\/vc_column_text][vc_column_text]<div class=\"clear\"><\/div><div class=\"accordion-wrapper\"><h3 class=\"accordion-toggle\"><a href=\"#\">T\u0142umacz naukowy<\/a><\/h3><div class=\"accordion-container\">  <div class=\"content-block\">Prze\u015blij swoje CV <a href=\"mailto:info@ecorrector.com\">tutaj<\/a><br \/><\/div><\/div><!-- end accordion-container --><h3 class=\"accordion-toggle\"><a href=\"#\">Kierownik Projekt\u00f3w<\/a><\/h3><div class=\"accordion-container\">  <div class=\"content-block\">Prze\u015blij swoje CV <a href=\"mailto:info@ecorrector.com\">tutaj<\/a><br \/><\/div><\/div><!-- end accordion-container --><h3 class=\"accordion-toggle\"><a href=\"#\">Inne<\/a><\/h3><div class=\"accordion-container\">  <div class=\"content-block\">Prze\u015blij swoje CV <a href=\"mailto:info@ecorrector.com\">tutaj<\/a><br \/><\/div><\/div><!-- end accordion-container --><\/div><!-- end accordion-wrapper --><div class=\"clear\"><\/div>[\/vc_column_text][\/vc_column_inner][\/vc_row_inner][\/vc_column][\/vc_row]\n","protected":false},"excerpt":{"rendered":"<p>[vc_row full_width=&#8221;stretch_row&#8221; parallax=&#8221;content-moving&#8221; parallax_speed_bg=&#8221;1.7&#8243; css=&#8221;.vc_custom_1550004165625{margin-top: -30px !important;padding-top: 50px !important;padding-bottom: 50px !important;background-image: url(http:\/\/ecorrector.com\/wp-content\/uploads\/2019\/01\/background-why-us-v4.jpg?id=12548) !important;background-position: center;background-repeat: no-repeat !important;background-size: cover !important;}&#8221;][vc_column][vc_row_inner][vc_column_inner width=&#8221;1\/3&#8243;][vc_column_text css_animation=&#8221;zoomIn&#8221;] [\/vc_column_text][\/vc_column_inner][vc_column_inner width=&#8221;1\/3&#8243;][vc_column_text css_animation=&#8221;zoomIn&#8221;][\/vc_column_text][\/vc_column_inner][vc_column_inner width=&#8221;1\/3&#8243;][vc_column_text css_animation=&#8221;zoomIn&#8221;][\/vc_column_text][\/vc_column_inner][\/vc_row_inner][vc_row_inner][vc_column_inner width=&#8221;1\/3&#8243;][vc_column_text css_animation=&#8221;zoomIn&#8221;][\/vc_column_text][\/vc_column_inner][vc_column_inner width=&#8221;1\/3&#8243;][vc_column_text css_animation=&#8221;zoomIn&#8221;][\/vc_column_text][\/vc_column_inner][vc_column_inner width=&#8221;1\/3&#8243;][vc_column_text css_animation=&#8221;zoomIn&#8221;][\/vc_column_text][\/vc_column_inner][\/vc_row_inner][\/vc_column][\/vc_row][vc_row full_width=&#8221;stretch_row&#8221; css=&#8221;.vc_custom_1549963909310{margin-top: -40px !important;margin-bottom: 30px !important;}&#8221;][vc_column][\/vc_column][\/vc_row][vc_row full_width=&#8221;stretch_row&#8221; css=&#8221;.vc_custom_1518746253078{margin-top: -40px !important;}&#8221;][vc_column][\/vc_column][\/vc_row][vc_row css=&#8221;.vc_custom_1518746702234{padding-top: 40px !important;padding-bottom: 40px !important;}&#8221;][vc_column][vc_row_inner][vc_column_inner width=&#8221;2\/3&#8243;][vc_column_text css=&#8221;.vc_custom_1558599791867{margin-bottom: 10px !important;}&#8221;] DO\u0141\u0104CZ DO NAS [\/vc_column_text][vc_column_text css=&#8221;.vc_custom_1588085246271{padding-top: 20px !important;}&#8221;] eCORRECTOR wsp\u00f3\u0142pracuje z native speakerami j\u0119zyka angielskiego, kt\u00f3rzy uzyskali stopie\u0144 doktora nauk, lub r\u00f3wnowa\u017cny (np. lekarz medycyny, doktor prawa), oraz publikuj\u0105 swoje w\u0142asne<\/p>\n","protected":false},"author":13,"featured_media":0,"parent":0,"menu_order":0,"comment_status":"closed","ping_status":"closed","template":"page-FullWidth.php","meta":{"_monsterinsights_skip_tracking":false,"_monsterinsights_sitenote_active":false,"_monsterinsights_sitenote_note":"","_monsterinsights_sitenote_category":0,"footnotes":""},"class_list":["post-7838","page","type-page","status-publish","hentry"],"yoast_head":"<!-- This site is optimized with the Yoast SEO plugin v21.0 - https:\/\/yoast.com\/wordpress\/plugins\/seo\/ -->\n<title>Kontakt - eCORRECTOR<\/title>\n<meta name=\"description\" content=\"Kontakt do nas! eCORRECTOR Ltd., Oddzia\u0142 w Warszawie, Polska, ul. K\u0142obucka 7, 02-699 Warszawa, tel. +48 22 122 80 71, e-mail: info@ecorrector.com\" \/>\n<meta name=\"robots\" content=\"index, follow, max-snippet:-1, max-image-preview:large, max-video-preview:-1\" \/>\n<link rel=\"canonical\" href=\"https:\/\/ecorrector.com\/pl\/kontakt\/\" \/>\n<meta property=\"og:locale\" content=\"pl_PL\" \/>\n<meta property=\"og:type\" content=\"article\" \/>\n<meta property=\"og:title\" content=\"Kontakt - eCORRECTOR\" \/>\n<meta property=\"og:description\" content=\"Kontakt do nas! eCORRECTOR Ltd., Oddzia\u0142 w Warszawie, Polska, ul. K\u0142obucka 7, 02-699 Warszawa, tel. +48 22 122 80 71, e-mail: info@ecorrector.com\" \/>\n<meta property=\"og:url\" content=\"https:\/\/ecorrector.com\/pl\/kontakt\/\" \/>\n<meta property=\"og:site_name\" content=\"eCORRECTOR\" \/>\n<meta property=\"article:modified_time\" content=\"2021-09-23T06:51:55+00:00\" \/>\n<meta property=\"og:image\" content=\"http:\/\/ecorrector.com\/wp-content\/uploads\/2019\/02\/United-Kingdom-flag.png\" \/>\n<meta name=\"twitter:card\" content=\"summary_large_image\" \/>\n<meta name=\"twitter:label1\" content=\"Szacowany czas czytania\" \/>\n\t<meta name=\"twitter:data1\" content=\"4 minuty\" \/>\n<script type=\"application\/ld+json\" class=\"yoast-schema-graph\">{\"@context\":\"https:\/\/schema.org\",\"@graph\":[{\"@type\":\"WebPage\",\"@id\":\"https:\/\/ecorrector.com\/pl\/kontakt\/\",\"url\":\"https:\/\/ecorrector.com\/pl\/kontakt\/\",\"name\":\"Kontakt - eCORRECTOR\",\"isPartOf\":{\"@id\":\"https:\/\/ecorrector.com\/#website\"},\"datePublished\":\"2017-10-19T09:55:35+00:00\",\"dateModified\":\"2021-09-23T06:51:55+00:00\",\"description\":\"Kontakt do nas! eCORRECTOR Ltd., Oddzia\u0142 w Warszawie, Polska, ul. K\u0142obucka 7, 02-699 Warszawa, tel. +48 22 122 80 71, e-mail: info@ecorrector.com\",\"breadcrumb\":{\"@id\":\"https:\/\/ecorrector.com\/pl\/kontakt\/#breadcrumb\"},\"inLanguage\":\"pl-PL\",\"potentialAction\":[{\"@type\":\"ReadAction\",\"target\":[\"https:\/\/ecorrector.com\/pl\/kontakt\/\"]}]},{\"@type\":\"BreadcrumbList\",\"@id\":\"https:\/\/ecorrector.com\/pl\/kontakt\/#breadcrumb\",\"itemListElement\":[{\"@type\":\"ListItem\",\"position\":1,\"name\":\"Home\",\"item\":\"https:\/\/ecorrector.com\/pl\/glowna\/\"},{\"@type\":\"ListItem\",\"position\":2,\"name\":\"Kontakt\"}]},{\"@type\":\"WebSite\",\"@id\":\"https:\/\/ecorrector.com\/#website\",\"url\":\"https:\/\/ecorrector.com\/\",\"name\":\"eCORRECTOR\",\"description\":\"Korekty i T\u0142umaczenia Specjalistyczne\",\"potentialAction\":[{\"@type\":\"SearchAction\",\"target\":{\"@type\":\"EntryPoint\",\"urlTemplate\":\"https:\/\/ecorrector.com\/?s={search_term_string}\"},\"query-input\":\"required name=search_term_string\"}],\"inLanguage\":\"pl-PL\"}]}<\/script>\n<!-- \/ Yoast SEO plugin. -->","yoast_head_json":{"title":"Kontakt - eCORRECTOR","description":"Kontakt do nas! eCORRECTOR Ltd., Oddzia\u0142 w Warszawie, Polska, ul. K\u0142obucka 7, 02-699 Warszawa, tel. +48 22 122 80 71, e-mail: info@ecorrector.com","robots":{"index":"index","follow":"follow","max-snippet":"max-snippet:-1","max-image-preview":"max-image-preview:large","max-video-preview":"max-video-preview:-1"},"canonical":"https:\/\/ecorrector.com\/pl\/kontakt\/","og_locale":"pl_PL","og_type":"article","og_title":"Kontakt - eCORRECTOR","og_description":"Kontakt do nas! eCORRECTOR Ltd., Oddzia\u0142 w Warszawie, Polska, ul. K\u0142obucka 7, 02-699 Warszawa, tel. +48 22 122 80 71, e-mail: info@ecorrector.com","og_url":"https:\/\/ecorrector.com\/pl\/kontakt\/","og_site_name":"eCORRECTOR","article_modified_time":"2021-09-23T06:51:55+00:00","og_image":[{"url":"http:\/\/ecorrector.com\/wp-content\/uploads\/2019\/02\/United-Kingdom-flag.png"}],"twitter_card":"summary_large_image","twitter_misc":{"Szacowany czas czytania":"4 minuty"},"schema":{"@context":"https:\/\/schema.org","@graph":[{"@type":"WebPage","@id":"https:\/\/ecorrector.com\/pl\/kontakt\/","url":"https:\/\/ecorrector.com\/pl\/kontakt\/","name":"Kontakt - eCORRECTOR","isPartOf":{"@id":"https:\/\/ecorrector.com\/#website"},"datePublished":"2017-10-19T09:55:35+00:00","dateModified":"2021-09-23T06:51:55+00:00","description":"Kontakt do nas! eCORRECTOR Ltd., Oddzia\u0142 w Warszawie, Polska, ul. K\u0142obucka 7, 02-699 Warszawa, tel. +48 22 122 80 71, e-mail: info@ecorrector.com","breadcrumb":{"@id":"https:\/\/ecorrector.com\/pl\/kontakt\/#breadcrumb"},"inLanguage":"pl-PL","potentialAction":[{"@type":"ReadAction","target":["https:\/\/ecorrector.com\/pl\/kontakt\/"]}]},{"@type":"BreadcrumbList","@id":"https:\/\/ecorrector.com\/pl\/kontakt\/#breadcrumb","itemListElement":[{"@type":"ListItem","position":1,"name":"Home","item":"https:\/\/ecorrector.com\/pl\/glowna\/"},{"@type":"ListItem","position":2,"name":"Kontakt"}]},{"@type":"WebSite","@id":"https:\/\/ecorrector.com\/#website","url":"https:\/\/ecorrector.com\/","name":"eCORRECTOR","description":"Korekty i T\u0142umaczenia Specjalistyczne","potentialAction":[{"@type":"SearchAction","target":{"@type":"EntryPoint","urlTemplate":"https:\/\/ecorrector.com\/?s={search_term_string}"},"query-input":"required name=search_term_string"}],"inLanguage":"pl-PL"}]}},"_links":{"self":[{"href":"https:\/\/ecorrector.com\/pl\/wp-json\/wp\/v2\/pages\/7838","targetHints":{"allow":["GET"]}}],"collection":[{"href":"https:\/\/ecorrector.com\/pl\/wp-json\/wp\/v2\/pages"}],"about":[{"href":"https:\/\/ecorrector.com\/pl\/wp-json\/wp\/v2\/types\/page"}],"author":[{"embeddable":true,"href":"https:\/\/ecorrector.com\/pl\/wp-json\/wp\/v2\/users\/13"}],"replies":[{"embeddable":true,"href":"https:\/\/ecorrector.com\/pl\/wp-json\/wp\/v2\/comments?post=7838"}],"version-history":[{"count":0,"href":"https:\/\/ecorrector.com\/pl\/wp-json\/wp\/v2\/pages\/7838\/revisions"}],"wp:attachment":[{"href":"https:\/\/ecorrector.com\/pl\/wp-json\/wp\/v2\/media?parent=7838"}],"curies":[{"name":"wp","href":"https:\/\/api.w.org\/{rel}","templated":true}]}}