{"id":7922,"date":"2017-10-20T13:26:41","date_gmt":"2017-10-20T11:26:41","guid":{"rendered":"http:\/\/ecorrector.com\/pl\/?page_id=7922"},"modified":"2020-04-28T16:45:27","modified_gmt":"2020-04-28T14:45:27","slug":"dolacz-do-zespolu","status":"publish","type":"page","link":"https:\/\/ecorrector.com\/pl\/dolacz-do-zespolu\/","title":{"rendered":"Do\u0142\u0105cz do zespo\u0142u"},"content":{"rendered":"[vc_row][vc_column width=&#8221;2\/3&#8243;][vc_column_text]\n<h1><strong><span style=\"color: #fd7800\">Do\u0142\u0105cz do zespo\u0142u<\/span><\/strong><\/h1>\n[\/vc_column_text][vc_column_text]\n<p style=\"text-align: justify\">eCORRECTOR wsp\u00f3\u0142pracuje z wieloma profesjonalnymi t\u0142umaczami i korektorami tekst\u00f3w naukowych. Zawsze z przyjemno\u015bci\u0105 kontaktujemy si\u0119 z wykwalifikowanymi t\u0142umaczami i korektorami, kt\u00f3rzy chcieliby nawi\u0105za\u0107 z nami wsp\u00f3\u0142prac\u0119. Je\u015bli jeste\u015b zainteresowany, prze\u015blij do nas CV oraz szczeg\u00f3\u0142y do\u015bwiadczenia w obszarze t\u0142umaczenia i korekty na adres <span style=\"color: #1e90ff\"><a href=\"mailto:info@ecorrector.com\"><span style=\"color: #1e90ff\">info@ecorrector.com<\/span><\/a><\/span>.<\/p>\n[\/vc_column_text][\/vc_column][vc_column width=&#8221;1\/3&#8243;][vc_single_image image=&#8221;7019&#8243; img_size=&#8221;full&#8221; style=&#8221;vc_box_shadow_border&#8221;][\/vc_column][\/vc_row]\n","protected":false},"excerpt":{"rendered":"<p>[vc_row][vc_column width=&#8221;2\/3&#8243;][vc_column_text] Do\u0142\u0105cz do zespo\u0142u [\/vc_column_text][vc_column_text] eCORRECTOR wsp\u00f3\u0142pracuje z wieloma profesjonalnymi t\u0142umaczami i korektorami tekst\u00f3w naukowych. Zawsze z przyjemno\u015bci\u0105 kontaktujemy si\u0119 z wykwalifikowanymi t\u0142umaczami i korektorami, kt\u00f3rzy chcieliby nawi\u0105za\u0107 z nami wsp\u00f3\u0142prac\u0119. Je\u015bli jeste\u015b zainteresowany, prze\u015blij do nas CV oraz szczeg\u00f3\u0142y do\u015bwiadczenia w obszarze t\u0142umaczenia i korekty na adres info@ecorrector.com. [\/vc_column_text][\/vc_column][vc_column width=&#8221;1\/3&#8243;][vc_single_image image=&#8221;7019&#8243; img_size=&#8221;full&#8221; style=&#8221;vc_box_shadow_border&#8221;][\/vc_column][\/vc_row]<\/p>\n","protected":false},"author":13,"featured_media":0,"parent":0,"menu_order":0,"comment_status":"closed","ping_status":"closed","template":"page-FullWidth.php","meta":{"_monsterinsights_skip_tracking":false,"_monsterinsights_sitenote_active":false,"_monsterinsights_sitenote_note":"","_monsterinsights_sitenote_category":0,"footnotes":""},"class_list":["post-7922","page","type-page","status-publish","hentry"],"yoast_head":"<!-- This site is optimized with the Yoast SEO plugin v21.0 - https:\/\/yoast.com\/wordpress\/plugins\/seo\/ -->\n<title>Do\u0142\u0105cz do zespo\u0142u - eCORRECTOR<\/title>\n<meta name=\"description\" content=\"ECORRECTOR wsp\u00f3\u0142pracuje z wieloma profesjonalnymi t\u0142umaczami I korektorami tekst\u00f3w naukowych. Do\u0142\u0105cz do zespo\u0142u!\" \/>\n<meta name=\"robots\" content=\"index, follow, max-snippet:-1, max-image-preview:large, max-video-preview:-1\" \/>\n<link rel=\"canonical\" href=\"https:\/\/ecorrector.com\/pl\/dolacz-do-zespolu\/\" \/>\n<meta property=\"og:locale\" content=\"pl_PL\" \/>\n<meta property=\"og:type\" content=\"article\" \/>\n<meta property=\"og:title\" content=\"Do\u0142\u0105cz do zespo\u0142u - eCORRECTOR\" \/>\n<meta property=\"og:description\" content=\"ECORRECTOR wsp\u00f3\u0142pracuje z wieloma profesjonalnymi t\u0142umaczami I korektorami tekst\u00f3w naukowych. Do\u0142\u0105cz do zespo\u0142u!\" \/>\n<meta property=\"og:url\" content=\"https:\/\/ecorrector.com\/pl\/dolacz-do-zespolu\/\" \/>\n<meta property=\"og:site_name\" content=\"eCORRECTOR\" \/>\n<meta property=\"article:modified_time\" content=\"2020-04-28T14:45:27+00:00\" \/>\n<meta name=\"twitter:card\" content=\"summary_large_image\" \/>\n<meta name=\"twitter:label1\" content=\"Szacowany czas czytania\" \/>\n\t<meta name=\"twitter:data1\" content=\"1 minuta\" \/>\n<script type=\"application\/ld+json\" class=\"yoast-schema-graph\">{\"@context\":\"https:\/\/schema.org\",\"@graph\":[{\"@type\":\"WebPage\",\"@id\":\"https:\/\/ecorrector.com\/pl\/dolacz-do-zespolu\/\",\"url\":\"https:\/\/ecorrector.com\/pl\/dolacz-do-zespolu\/\",\"name\":\"Do\u0142\u0105cz do zespo\u0142u - eCORRECTOR\",\"isPartOf\":{\"@id\":\"https:\/\/ecorrector.com\/#website\"},\"datePublished\":\"2017-10-20T11:26:41+00:00\",\"dateModified\":\"2020-04-28T14:45:27+00:00\",\"description\":\"ECORRECTOR wsp\u00f3\u0142pracuje z wieloma profesjonalnymi t\u0142umaczami I korektorami tekst\u00f3w naukowych. Do\u0142\u0105cz do zespo\u0142u!\",\"breadcrumb\":{\"@id\":\"https:\/\/ecorrector.com\/pl\/dolacz-do-zespolu\/#breadcrumb\"},\"inLanguage\":\"pl-PL\",\"potentialAction\":[{\"@type\":\"ReadAction\",\"target\":[\"https:\/\/ecorrector.com\/pl\/dolacz-do-zespolu\/\"]}]},{\"@type\":\"BreadcrumbList\",\"@id\":\"https:\/\/ecorrector.com\/pl\/dolacz-do-zespolu\/#breadcrumb\",\"itemListElement\":[{\"@type\":\"ListItem\",\"position\":1,\"name\":\"Home\",\"item\":\"https:\/\/ecorrector.com\/pl\/glowna\/\"},{\"@type\":\"ListItem\",\"position\":2,\"name\":\"Do\u0142\u0105cz do zespo\u0142u\"}]},{\"@type\":\"WebSite\",\"@id\":\"https:\/\/ecorrector.com\/#website\",\"url\":\"https:\/\/ecorrector.com\/\",\"name\":\"eCORRECTOR\",\"description\":\"Korekty i T\u0142umaczenia Specjalistyczne\",\"potentialAction\":[{\"@type\":\"SearchAction\",\"target\":{\"@type\":\"EntryPoint\",\"urlTemplate\":\"https:\/\/ecorrector.com\/?s={search_term_string}\"},\"query-input\":\"required name=search_term_string\"}],\"inLanguage\":\"pl-PL\"}]}<\/script>\n<!-- \/ Yoast SEO plugin. -->","yoast_head_json":{"title":"Do\u0142\u0105cz do zespo\u0142u - eCORRECTOR","description":"ECORRECTOR wsp\u00f3\u0142pracuje z wieloma profesjonalnymi t\u0142umaczami I korektorami tekst\u00f3w naukowych. Do\u0142\u0105cz do zespo\u0142u!","robots":{"index":"index","follow":"follow","max-snippet":"max-snippet:-1","max-image-preview":"max-image-preview:large","max-video-preview":"max-video-preview:-1"},"canonical":"https:\/\/ecorrector.com\/pl\/dolacz-do-zespolu\/","og_locale":"pl_PL","og_type":"article","og_title":"Do\u0142\u0105cz do zespo\u0142u - eCORRECTOR","og_description":"ECORRECTOR wsp\u00f3\u0142pracuje z wieloma profesjonalnymi t\u0142umaczami I korektorami tekst\u00f3w naukowych. Do\u0142\u0105cz do zespo\u0142u!","og_url":"https:\/\/ecorrector.com\/pl\/dolacz-do-zespolu\/","og_site_name":"eCORRECTOR","article_modified_time":"2020-04-28T14:45:27+00:00","twitter_card":"summary_large_image","twitter_misc":{"Szacowany czas czytania":"1 minuta"},"schema":{"@context":"https:\/\/schema.org","@graph":[{"@type":"WebPage","@id":"https:\/\/ecorrector.com\/pl\/dolacz-do-zespolu\/","url":"https:\/\/ecorrector.com\/pl\/dolacz-do-zespolu\/","name":"Do\u0142\u0105cz do zespo\u0142u - eCORRECTOR","isPartOf":{"@id":"https:\/\/ecorrector.com\/#website"},"datePublished":"2017-10-20T11:26:41+00:00","dateModified":"2020-04-28T14:45:27+00:00","description":"ECORRECTOR wsp\u00f3\u0142pracuje z wieloma profesjonalnymi t\u0142umaczami I korektorami tekst\u00f3w naukowych. Do\u0142\u0105cz do zespo\u0142u!","breadcrumb":{"@id":"https:\/\/ecorrector.com\/pl\/dolacz-do-zespolu\/#breadcrumb"},"inLanguage":"pl-PL","potentialAction":[{"@type":"ReadAction","target":["https:\/\/ecorrector.com\/pl\/dolacz-do-zespolu\/"]}]},{"@type":"BreadcrumbList","@id":"https:\/\/ecorrector.com\/pl\/dolacz-do-zespolu\/#breadcrumb","itemListElement":[{"@type":"ListItem","position":1,"name":"Home","item":"https:\/\/ecorrector.com\/pl\/glowna\/"},{"@type":"ListItem","position":2,"name":"Do\u0142\u0105cz do zespo\u0142u"}]},{"@type":"WebSite","@id":"https:\/\/ecorrector.com\/#website","url":"https:\/\/ecorrector.com\/","name":"eCORRECTOR","description":"Korekty i T\u0142umaczenia Specjalistyczne","potentialAction":[{"@type":"SearchAction","target":{"@type":"EntryPoint","urlTemplate":"https:\/\/ecorrector.com\/?s={search_term_string}"},"query-input":"required name=search_term_string"}],"inLanguage":"pl-PL"}]}},"_links":{"self":[{"href":"https:\/\/ecorrector.com\/pl\/wp-json\/wp\/v2\/pages\/7922","targetHints":{"allow":["GET"]}}],"collection":[{"href":"https:\/\/ecorrector.com\/pl\/wp-json\/wp\/v2\/pages"}],"about":[{"href":"https:\/\/ecorrector.com\/pl\/wp-json\/wp\/v2\/types\/page"}],"author":[{"embeddable":true,"href":"https:\/\/ecorrector.com\/pl\/wp-json\/wp\/v2\/users\/13"}],"replies":[{"embeddable":true,"href":"https:\/\/ecorrector.com\/pl\/wp-json\/wp\/v2\/comments?post=7922"}],"version-history":[{"count":0,"href":"https:\/\/ecorrector.com\/pl\/wp-json\/wp\/v2\/pages\/7922\/revisions"}],"wp:attachment":[{"href":"https:\/\/ecorrector.com\/pl\/wp-json\/wp\/v2\/media?parent=7922"}],"curies":[{"name":"wp","href":"https:\/\/api.w.org\/{rel}","templated":true}]}}