{"id":15236,"date":"2019-10-09T15:39:37","date_gmt":"2019-10-09T13:39:37","guid":{"rendered":"http:\/\/ecorrector.com\/?post_type=product&#038;p=15236"},"modified":"2022-07-08T14:10:40","modified_gmt":"2022-07-08T12:10:40","slug":"pakiet-korekt-vip","status":"publish","type":"product","link":"https:\/\/ecorrector.com\/pl\/produkt\/pakiet-korekt-vip\/","title":{"rendered":"Pakiet korekt &#8211; VIP"},"content":{"rendered":"<div id=\"price-table-features-wrap-3397\" class=\"ult_price_features ult-responsive\" style=\"font-weight: normal;\" data-ultimate-target=\"#price-table-features-wrap-3397\" data-responsive-json-new=\"{&quot;font-size&quot;:&quot;&quot;,&quot;line-height&quot;:&quot;&quot;}\">\n<ul style=\"text-align: center;\">\n<li>Ilo\u015b\u0107 s\u0142\u00f3w: <strong>50000<\/strong><\/li>\n<li>Korekta doktorska<\/li>\n<li>Powt\u00f3rne sprawdzenie<\/li>\n<li>Sprawdzenie listu przewodniego<\/li>\n<li>Wa\u017cno\u015b\u0107: <strong>2 lata<\/strong><\/li>\n<\/ul>\n<\/div>\n","protected":false},"excerpt":{"rendered":"<p>Ilo\u015b\u0107 s\u0142\u00f3w: 50000 Korekta doktorska Powt\u00f3rne sprawdzenie Sprawdzenie listu przewodniego Wa\u017cno\u015b\u0107: 2 lata<\/p>\n","protected":false},"featured_media":0,"template":"","meta":{"_monsterinsights_skip_tracking":false,"_monsterinsights_sitenote_active":false,"_monsterinsights_sitenote_note":"","_monsterinsights_sitenote_category":0},"product_cat":[692],"product_tag":[],"class_list":["post-15236","product","type-product","status-publish","hentry","product_cat-korektadoktorska"],"yoast_head":"<!-- This site is optimized with the Yoast SEO plugin v21.0 - https:\/\/yoast.com\/wordpress\/plugins\/seo\/ -->\n<title>Pakiet korekt - VIP - eCORRECTOR<\/title>\n<meta name=\"robots\" content=\"index, follow, max-snippet:-1, max-image-preview:large, max-video-preview:-1\" \/>\n<link rel=\"canonical\" href=\"https:\/\/ecorrector.com\/pl\/produkt\/pakiet-korekt-vip\/\" \/>\n<meta property=\"og:locale\" content=\"pl_PL\" \/>\n<meta property=\"og:type\" content=\"article\" \/>\n<meta property=\"og:title\" content=\"Pakiet korekt - VIP - eCORRECTOR\" \/>\n<meta property=\"og:description\" content=\"Ilo\u015b\u0107 s\u0142\u00f3w: 50000 Korekta doktorska Powt\u00f3rne sprawdzenie Sprawdzenie listu przewodniego Wa\u017cno\u015b\u0107: 2 lata\" \/>\n<meta property=\"og:url\" content=\"https:\/\/ecorrector.com\/pl\/produkt\/pakiet-korekt-vip\/\" \/>\n<meta property=\"og:site_name\" content=\"eCORRECTOR\" \/>\n<meta property=\"article:modified_time\" content=\"2022-07-08T12:10:40+00:00\" \/>\n<meta name=\"twitter:card\" content=\"summary_large_image\" \/>\n<script type=\"application\/ld+json\" class=\"yoast-schema-graph\">{\"@context\":\"https:\/\/schema.org\",\"@graph\":[{\"@type\":\"WebPage\",\"@id\":\"https:\/\/ecorrector.com\/pl\/produkt\/pakiet-korekt-vip\/\",\"url\":\"https:\/\/ecorrector.com\/pl\/produkt\/pakiet-korekt-vip\/\",\"name\":\"Pakiet korekt - VIP - eCORRECTOR\",\"isPartOf\":{\"@id\":\"https:\/\/ecorrector.com\/#website\"},\"datePublished\":\"2019-10-09T13:39:37+00:00\",\"dateModified\":\"2022-07-08T12:10:40+00:00\",\"breadcrumb\":{\"@id\":\"https:\/\/ecorrector.com\/pl\/produkt\/pakiet-korekt-vip\/#breadcrumb\"},\"inLanguage\":\"pl-PL\",\"potentialAction\":[{\"@type\":\"ReadAction\",\"target\":[\"https:\/\/ecorrector.com\/pl\/produkt\/pakiet-korekt-vip\/\"]}]},{\"@type\":\"BreadcrumbList\",\"@id\":\"https:\/\/ecorrector.com\/pl\/produkt\/pakiet-korekt-vip\/#breadcrumb\",\"itemListElement\":[{\"@type\":\"ListItem\",\"position\":1,\"name\":\"Home\",\"item\":\"https:\/\/ecorrector.com\/pl\/glowna\/\"},{\"@type\":\"ListItem\",\"position\":2,\"name\":\"Pakiet korekt &#8211; VIP\"}]},{\"@type\":\"WebSite\",\"@id\":\"https:\/\/ecorrector.com\/#website\",\"url\":\"https:\/\/ecorrector.com\/\",\"name\":\"eCORRECTOR\",\"description\":\"Korekty i T\u0142umaczenia Specjalistyczne\",\"potentialAction\":[{\"@type\":\"SearchAction\",\"target\":{\"@type\":\"EntryPoint\",\"urlTemplate\":\"https:\/\/ecorrector.com\/?s={search_term_string}\"},\"query-input\":\"required name=search_term_string\"}],\"inLanguage\":\"pl-PL\"}]}<\/script>\n<!-- \/ Yoast SEO plugin. -->","yoast_head_json":{"title":"Pakiet korekt - VIP - eCORRECTOR","robots":{"index":"index","follow":"follow","max-snippet":"max-snippet:-1","max-image-preview":"max-image-preview:large","max-video-preview":"max-video-preview:-1"},"canonical":"https:\/\/ecorrector.com\/pl\/produkt\/pakiet-korekt-vip\/","og_locale":"pl_PL","og_type":"article","og_title":"Pakiet korekt - VIP - eCORRECTOR","og_description":"Ilo\u015b\u0107 s\u0142\u00f3w: 50000 Korekta doktorska Powt\u00f3rne sprawdzenie Sprawdzenie listu przewodniego Wa\u017cno\u015b\u0107: 2 lata","og_url":"https:\/\/ecorrector.com\/pl\/produkt\/pakiet-korekt-vip\/","og_site_name":"eCORRECTOR","article_modified_time":"2022-07-08T12:10:40+00:00","twitter_card":"summary_large_image","schema":{"@context":"https:\/\/schema.org","@graph":[{"@type":"WebPage","@id":"https:\/\/ecorrector.com\/pl\/produkt\/pakiet-korekt-vip\/","url":"https:\/\/ecorrector.com\/pl\/produkt\/pakiet-korekt-vip\/","name":"Pakiet korekt - VIP - eCORRECTOR","isPartOf":{"@id":"https:\/\/ecorrector.com\/#website"},"datePublished":"2019-10-09T13:39:37+00:00","dateModified":"2022-07-08T12:10:40+00:00","breadcrumb":{"@id":"https:\/\/ecorrector.com\/pl\/produkt\/pakiet-korekt-vip\/#breadcrumb"},"inLanguage":"pl-PL","potentialAction":[{"@type":"ReadAction","target":["https:\/\/ecorrector.com\/pl\/produkt\/pakiet-korekt-vip\/"]}]},{"@type":"BreadcrumbList","@id":"https:\/\/ecorrector.com\/pl\/produkt\/pakiet-korekt-vip\/#breadcrumb","itemListElement":[{"@type":"ListItem","position":1,"name":"Home","item":"https:\/\/ecorrector.com\/pl\/glowna\/"},{"@type":"ListItem","position":2,"name":"Pakiet korekt &#8211; VIP"}]},{"@type":"WebSite","@id":"https:\/\/ecorrector.com\/#website","url":"https:\/\/ecorrector.com\/","name":"eCORRECTOR","description":"Korekty i T\u0142umaczenia Specjalistyczne","potentialAction":[{"@type":"SearchAction","target":{"@type":"EntryPoint","urlTemplate":"https:\/\/ecorrector.com\/?s={search_term_string}"},"query-input":"required name=search_term_string"}],"inLanguage":"pl-PL"}]}},"_links":{"self":[{"href":"https:\/\/ecorrector.com\/pl\/wp-json\/wp\/v2\/product\/15236","targetHints":{"allow":["GET"]}}],"collection":[{"href":"https:\/\/ecorrector.com\/pl\/wp-json\/wp\/v2\/product"}],"about":[{"href":"https:\/\/ecorrector.com\/pl\/wp-json\/wp\/v2\/types\/product"}],"wp:attachment":[{"href":"https:\/\/ecorrector.com\/pl\/wp-json\/wp\/v2\/media?parent=15236"}],"wp:term":[{"taxonomy":"product_cat","embeddable":true,"href":"https:\/\/ecorrector.com\/pl\/wp-json\/wp\/v2\/product_cat?post=15236"},{"taxonomy":"product_tag","embeddable":true,"href":"https:\/\/ecorrector.com\/pl\/wp-json\/wp\/v2\/product_tag?post=15236"}],"curies":[{"name":"wp","href":"https:\/\/api.w.org\/{rel}","templated":true}]}}