{"id":15240,"date":"2019-10-09T15:46:29","date_gmt":"2019-10-09T13:46:29","guid":{"rendered":"http:\/\/ecorrector.com\/?post_type=product&#038;p=15240"},"modified":"2022-07-08T14:10:06","modified_gmt":"2022-07-08T12:10:06","slug":"pakiet-korekt-standard","status":"publish","type":"product","link":"https:\/\/ecorrector.com\/pl\/produkt\/pakiet-korekt-standard\/","title":{"rendered":"Pakiet korekt &#8211; STANDARD"},"content":{"rendered":"<div id=\"price-table-features-wrap-3397\" class=\"ult_price_features ult-responsive\" style=\"font-weight: normal;\" data-ultimate-target=\"#price-table-features-wrap-3397\" data-responsive-json-new=\"{&quot;font-size&quot;:&quot;&quot;,&quot;line-height&quot;:&quot;&quot;}\">\n<ul style=\"text-align: center;\">\n<li>Ilo\u015b\u0107 s\u0142\u00f3w: <strong>5000<\/strong><\/li>\n<li>Korekta doktorska<\/li>\n<li>Powt\u00f3rne sprawdzenie<\/li>\n<li style=\"text-decoration: line-through;\">Sprawdzenie listu przewodniego<\/li>\n<li>Wa\u017cno\u015b\u0107: <strong>6 miesi\u0119cy<\/strong><\/li>\n<\/ul>\n<\/div>\n","protected":false},"excerpt":{"rendered":"<p>Ilo\u015b\u0107 s\u0142\u00f3w: 5000 Korekta doktorska Powt\u00f3rne sprawdzenie Sprawdzenie listu przewodniego Wa\u017cno\u015b\u0107: 6 miesi\u0119cy<\/p>\n","protected":false},"featured_media":0,"template":"","meta":{"_monsterinsights_skip_tracking":false,"_monsterinsights_sitenote_active":false,"_monsterinsights_sitenote_note":"","_monsterinsights_sitenote_category":0},"product_cat":[692],"product_tag":[],"class_list":["post-15240","product","type-product","status-publish","hentry","product_cat-korektadoktorska"],"yoast_head":"<!-- This site is optimized with the Yoast SEO plugin v21.0 - https:\/\/yoast.com\/wordpress\/plugins\/seo\/ -->\n<title>Pakiet korekt - STANDARD - eCORRECTOR<\/title>\n<meta name=\"robots\" content=\"index, follow, max-snippet:-1, max-image-preview:large, max-video-preview:-1\" \/>\n<link rel=\"canonical\" href=\"https:\/\/ecorrector.com\/pl\/produkt\/pakiet-korekt-standard\/\" \/>\n<meta property=\"og:locale\" content=\"pl_PL\" \/>\n<meta property=\"og:type\" content=\"article\" \/>\n<meta property=\"og:title\" content=\"Pakiet korekt - STANDARD - eCORRECTOR\" \/>\n<meta property=\"og:description\" content=\"Ilo\u015b\u0107 s\u0142\u00f3w: 5000 Korekta doktorska Powt\u00f3rne sprawdzenie Sprawdzenie listu przewodniego Wa\u017cno\u015b\u0107: 6 miesi\u0119cy\" \/>\n<meta property=\"og:url\" content=\"https:\/\/ecorrector.com\/pl\/produkt\/pakiet-korekt-standard\/\" \/>\n<meta property=\"og:site_name\" content=\"eCORRECTOR\" \/>\n<meta property=\"article:modified_time\" content=\"2022-07-08T12:10:06+00:00\" \/>\n<meta name=\"twitter:card\" content=\"summary_large_image\" \/>\n<script type=\"application\/ld+json\" class=\"yoast-schema-graph\">{\"@context\":\"https:\/\/schema.org\",\"@graph\":[{\"@type\":\"WebPage\",\"@id\":\"https:\/\/ecorrector.com\/pl\/produkt\/pakiet-korekt-standard\/\",\"url\":\"https:\/\/ecorrector.com\/pl\/produkt\/pakiet-korekt-standard\/\",\"name\":\"Pakiet korekt - STANDARD - eCORRECTOR\",\"isPartOf\":{\"@id\":\"https:\/\/ecorrector.com\/#website\"},\"datePublished\":\"2019-10-09T13:46:29+00:00\",\"dateModified\":\"2022-07-08T12:10:06+00:00\",\"breadcrumb\":{\"@id\":\"https:\/\/ecorrector.com\/pl\/produkt\/pakiet-korekt-standard\/#breadcrumb\"},\"inLanguage\":\"pl-PL\",\"potentialAction\":[{\"@type\":\"ReadAction\",\"target\":[\"https:\/\/ecorrector.com\/pl\/produkt\/pakiet-korekt-standard\/\"]}]},{\"@type\":\"BreadcrumbList\",\"@id\":\"https:\/\/ecorrector.com\/pl\/produkt\/pakiet-korekt-standard\/#breadcrumb\",\"itemListElement\":[{\"@type\":\"ListItem\",\"position\":1,\"name\":\"Home\",\"item\":\"https:\/\/ecorrector.com\/pl\/glowna\/\"},{\"@type\":\"ListItem\",\"position\":2,\"name\":\"Pakiet korekt &#8211; STANDARD\"}]},{\"@type\":\"WebSite\",\"@id\":\"https:\/\/ecorrector.com\/#website\",\"url\":\"https:\/\/ecorrector.com\/\",\"name\":\"eCORRECTOR\",\"description\":\"Korekty i T\u0142umaczenia Specjalistyczne\",\"potentialAction\":[{\"@type\":\"SearchAction\",\"target\":{\"@type\":\"EntryPoint\",\"urlTemplate\":\"https:\/\/ecorrector.com\/?s={search_term_string}\"},\"query-input\":\"required name=search_term_string\"}],\"inLanguage\":\"pl-PL\"}]}<\/script>\n<!-- \/ Yoast SEO plugin. -->","yoast_head_json":{"title":"Pakiet korekt - STANDARD - eCORRECTOR","robots":{"index":"index","follow":"follow","max-snippet":"max-snippet:-1","max-image-preview":"max-image-preview:large","max-video-preview":"max-video-preview:-1"},"canonical":"https:\/\/ecorrector.com\/pl\/produkt\/pakiet-korekt-standard\/","og_locale":"pl_PL","og_type":"article","og_title":"Pakiet korekt - STANDARD - eCORRECTOR","og_description":"Ilo\u015b\u0107 s\u0142\u00f3w: 5000 Korekta doktorska Powt\u00f3rne sprawdzenie Sprawdzenie listu przewodniego Wa\u017cno\u015b\u0107: 6 miesi\u0119cy","og_url":"https:\/\/ecorrector.com\/pl\/produkt\/pakiet-korekt-standard\/","og_site_name":"eCORRECTOR","article_modified_time":"2022-07-08T12:10:06+00:00","twitter_card":"summary_large_image","schema":{"@context":"https:\/\/schema.org","@graph":[{"@type":"WebPage","@id":"https:\/\/ecorrector.com\/pl\/produkt\/pakiet-korekt-standard\/","url":"https:\/\/ecorrector.com\/pl\/produkt\/pakiet-korekt-standard\/","name":"Pakiet korekt - STANDARD - eCORRECTOR","isPartOf":{"@id":"https:\/\/ecorrector.com\/#website"},"datePublished":"2019-10-09T13:46:29+00:00","dateModified":"2022-07-08T12:10:06+00:00","breadcrumb":{"@id":"https:\/\/ecorrector.com\/pl\/produkt\/pakiet-korekt-standard\/#breadcrumb"},"inLanguage":"pl-PL","potentialAction":[{"@type":"ReadAction","target":["https:\/\/ecorrector.com\/pl\/produkt\/pakiet-korekt-standard\/"]}]},{"@type":"BreadcrumbList","@id":"https:\/\/ecorrector.com\/pl\/produkt\/pakiet-korekt-standard\/#breadcrumb","itemListElement":[{"@type":"ListItem","position":1,"name":"Home","item":"https:\/\/ecorrector.com\/pl\/glowna\/"},{"@type":"ListItem","position":2,"name":"Pakiet korekt &#8211; STANDARD"}]},{"@type":"WebSite","@id":"https:\/\/ecorrector.com\/#website","url":"https:\/\/ecorrector.com\/","name":"eCORRECTOR","description":"Korekty i T\u0142umaczenia Specjalistyczne","potentialAction":[{"@type":"SearchAction","target":{"@type":"EntryPoint","urlTemplate":"https:\/\/ecorrector.com\/?s={search_term_string}"},"query-input":"required name=search_term_string"}],"inLanguage":"pl-PL"}]}},"_links":{"self":[{"href":"https:\/\/ecorrector.com\/pl\/wp-json\/wp\/v2\/product\/15240","targetHints":{"allow":["GET"]}}],"collection":[{"href":"https:\/\/ecorrector.com\/pl\/wp-json\/wp\/v2\/product"}],"about":[{"href":"https:\/\/ecorrector.com\/pl\/wp-json\/wp\/v2\/types\/product"}],"wp:attachment":[{"href":"https:\/\/ecorrector.com\/pl\/wp-json\/wp\/v2\/media?parent=15240"}],"wp:term":[{"taxonomy":"product_cat","embeddable":true,"href":"https:\/\/ecorrector.com\/pl\/wp-json\/wp\/v2\/product_cat?post=15240"},{"taxonomy":"product_tag","embeddable":true,"href":"https:\/\/ecorrector.com\/pl\/wp-json\/wp\/v2\/product_tag?post=15240"}],"curies":[{"name":"wp","href":"https:\/\/api.w.org\/{rel}","templated":true}]}}